{"id":73,"date":"2020-03-24T12:47:39","date_gmt":"2020-03-24T12:47:39","guid":{"rendered":"https:\/\/webs.uab.cat\/recursosbct\/c_mapes\/"},"modified":"2020-03-24T12:47:39","modified_gmt":"2020-03-24T12:47:39","slug":"c_mapes","status":"publish","type":"page","link":"https:\/\/webs.uab.cat\/recursosbct\/c_mapes\/","title":{"rendered":"MAPES"},"content":{"rendered":"<div align=\"left\">\n<table border=\"0\" class=\"text\" width=\"800\">\n<tbody>\n<tr>\n<td>\n<p>Quan ens trobem amb un mapa el primer que s&#8217;ha de fer \u00e9s decidir si el mapa que tenim t\u00e9 entitat pr\u00f2pia o si \u00e9s Material d&#8217; acompanyament d&#8217;un llibre. Segons el que decidim el material tindr\u00e0 un tractament o un altre.<\/p>\n<table border=\"1\" cellspacing=\"0\" class=\"text\" width=\"100%\">\n<tbody>\n<tr bgcolor=\"#DBDBDB\" class=\"filalila\">\n<td background=\"..\/imatges\/b_fons_lila.gif\" bgcolor=\"#CCCCCC\" width=\"10%\">\n<div align=\"center\">&nbsp;<\/div>\n<\/td>\n<td width=\"45%\">\n<p align=\"center\">Mapa amb entitat pr\u00f2pia<\/p>\n<\/td>\n<td width=\"45%\">\n<div align=\"center\">Mapa com a material d&#8217; acompanyament<\/div>\n<\/td>\n<\/tr>\n<tr valign=\"middle\">\n<td align=\"left\" background=\"..\/imatges\/b_fons_lila.gif\" bgcolor=\"#CCCCCC\" width=\"10%\"><strong>Processament<\/strong><\/td>\n<td align=\"left\" width=\"45%\">\n<p>Segellar, magnetitzar i etiquetar<\/p>\n<\/td>\n<td align=\"left\" width=\"45%\">Segellar, magnetitzar i etiquetar totes les unitats f\u00edsiques<\/td>\n<\/tr>\n<tr valign=\"middle\">\n<td background=\"..\/imatges\/b_fons_lila.gif\" bgcolor=\"#CCCCCC\" width=\"10%\"><strong>Tipus de catalogaci\u00f3<\/strong><\/td>\n<td width=\"45%\">Catalogaci\u00f3 com a mapes<\/td>\n<td width=\"45%\">Catalogaci\u00f3 com a document + material d&#8217; acompanyament<\/td>\n<\/tr>\n<tr align=\"left\">\n<td background=\"..\/imatges\/b_fons_lila.gif\" bgcolor=\"#CCCCCC\" valign=\"middle\" width=\"10%\"><strong>N\u00famero de ITEMS<\/strong><\/td>\n<td valign=\"middle\" width=\"45%\">\n<p>\u00cdtem a cada full i\/o llibre que tingui el mapa*<br \/>\n\t\t\t\t\t\tEx: 1 mapa en 50 fulls + 2 llibres d&#8217; acompanyament = 52 items<br \/>\n\t\t\t\t\t\t1 mapa en 3 fulls = 3 items<br \/>\n\t\t\t\t\t\t*En casos excepcionals i despr\u00e9s de valorar-ho es podr\u00e0 posar un \u00edtem a cada contenidor (ex. 1500002309)<\/p>\n<\/td>\n<td valign=\"middle\" width=\"45%\">\n<p>\u00cdtem al llibre<\/p>\n<ul>\n<li>Sense \u00edtem (al mapa\/es) si nom\u00e9s tenim una unitat f\u00edsica i la podem posar en un sobre\/funda, etc. a la solapa del llibre.<\/li>\n<li>Amb \u00edtem\/s al contenidor\/s: si tenim m\u00e9s d&#8217;una unitat f\u00edsica , es a dir que el mapa\/es van en un contenidor separat del llibre<\/li>\n<\/ul>\n<\/td>\n<\/tr>\n<tr align=\"left\" valign=\"middle\">\n<td background=\"..\/imatges\/b_fons_lila.gif\" bgcolor=\"#CCCCCC\" width=\"10%\"><strong>Ubicaci\u00f3n<\/strong><\/td>\n<td width=\"45%\">act08: Ci\u00e8ncies &#8212; Mapes<\/td>\n<td width=\"45%\">Localitzaci\u00f3 que li toqui,<br \/>\n\t\t\t\t\t\tact00: Ci\u00e8ncies &#8212; 1r i 2n<br \/>\n\t\t\t\t\t\tact10: Ci\u00e8ncies &#8212; Reserva &#8230;..<\/td>\n<\/tr>\n<tr align=\"left\" bordercolor=\"#E6E6E6\" valign=\"middle\">\n<td background=\"..\/imatges\/b_fons_lila.gif\" bgcolor=\"#CCCCCC\" width=\"10%\"><strong>Camp Volumen <\/strong><\/td>\n<td width=\"45%\">\n<ul>\n<li>S\u00e8ries grans:\n<ul>\n<li>Mapa: posar el nom del full normalitzat segons l&#8217; Atlas de la GEC (si tant el nom en castell\u00e0 com el catal\u00e0 estan acceptats trieu el catal\u00e0)<br \/>\n\t\t\t\t\t\t\t\tEx: 1500809943 Volumen: AVILA<\/li>\n<li>Material d&#8217; acompanyament: Posarem \u201cmem\u00f2ria\u201d darrera el nom del mapa<br \/>\n\t\t\t\t\t\t\t\tEx: 1500809949 Volumen: AVILA MEMORIA<\/li>\n<\/ul>\n<\/li>\n<li>Mapes solts:\n<ul>\n<li>Mapa: Ex: 1500885471 Volumen: MAPA 1<\/li>\n<li>Material d&#8217; acompanyament: Ex: 1500322543 Volumen: MEMORIA<\/li>\n<\/ul>\n<\/li>\n<\/ul>\n<\/td>\n<td width=\"45%\">\n<ul>\n<li>Llibre + mapa<br \/>\n\t\t\t\t\t\t\tEx: 1500820364<br \/>\n\t\t\t\t\t\t\tEx: Volumen: LLIBRE I x MAPEs<\/li>\n<li>Llibre + mapes en contenidor\/s\n<ul>\n<li>Llibre<br \/>\n\t\t\t\t\t\t\t\tEx: 1500581372 Volumen: LLIBRE<\/li>\n<li>Contenidor: x Mapes<br \/>\n\t\t\t\t\t\t\t\tEx: 1500581378 Volumen: 13 MAPES<\/li>\n<\/ul>\n<\/li>\n<\/ul>\n<\/td>\n<\/tr>\n<tr>\n<td background=\"..\/imatges\/b_fons_lila.gif\" bgcolor=\"#CCCCCC\" width=\"10%\">&nbsp;<\/td>\n<td width=\"45%\">Teixell<\/td>\n<td width=\"45%\">Si cal, a m\u00e9s del codi de barres i el topogr\u00e0fic del llibre que van a l&#8217; etiqueta, hi posarem alguna altra informaci\u00f3 (autor, t\u00edtol) per tal d&#8217; identificar b\u00e9 el mapa i el material al que acompanya.<\/td>\n<\/tr>\n<\/tbody>\n<\/table>\n<\/td>\n<\/tr>\n<\/tbody>\n<\/table>\n<\/div>\n<p><!-- InstanceEndEditable --><\/p>\n<table align=\"left\" bgcolor=\"#ffffff\" border=\"0\" cellspacing=\"0\" width=\"800\">\n<tbody>\n<tr valign=\"TOP\">\n<td bordercolor=\"#c0c0c0\"><!-- InstanceBeginEditable name=\"aprovada\" --><\/p>\n<p class=\"rteright\"><strong><font face=\"Verdana, Arial, Helvetica, sans-serif\" size=\"1\">Concreci\u00f3 <\/font><\/strong><font face=\"Verdana, Arial, Helvetica, sans-serif\" size=\"1\"><strong>Revisada el <!-- InstanceBeginEditable name=\"data\" -->21\/06\/2012<\/strong><\/font><\/p>\n<\/td>\n<\/tr>\n<\/tbody>\n<tfoot>\n\t<\/tfoot>\n<\/table>\n","protected":false},"excerpt":{"rendered":"<p>Quan ens trobem amb un mapa el primer que s&#8217;ha de fer \u00e9s decidir si el mapa que tenim t\u00e9 entitat pr\u00f2pia o si \u00e9s Material d&#8217; acompanyament d&#8217;un llibre. Segons el que decidim el material tindr\u00e0 un tractament o un altre. &nbsp; Mapa amb entitat pr\u00f2pia Mapa com a material d&#8217; acompanyament Processament Segellar, [&hellip;]<\/p>\n","protected":false},"author":20,"featured_media":0,"parent":0,"menu_order":0,"comment_status":"closed","ping_status":"closed","template":"","meta":{"footnotes":""},"class_list":["post-73","page","type-page","status-publish","hentry"],"_links":{"self":[{"href":"https:\/\/webs.uab.cat\/recursosbct\/wp-json\/wp\/v2\/pages\/73","targetHints":{"allow":["GET"]}}],"collection":[{"href":"https:\/\/webs.uab.cat\/recursosbct\/wp-json\/wp\/v2\/pages"}],"about":[{"href":"https:\/\/webs.uab.cat\/recursosbct\/wp-json\/wp\/v2\/types\/page"}],"author":[{"embeddable":true,"href":"https:\/\/webs.uab.cat\/recursosbct\/wp-json\/wp\/v2\/users\/20"}],"replies":[{"embeddable":true,"href":"https:\/\/webs.uab.cat\/recursosbct\/wp-json\/wp\/v2\/comments?post=73"}],"version-history":[{"count":0,"href":"https:\/\/webs.uab.cat\/recursosbct\/wp-json\/wp\/v2\/pages\/73\/revisions"}],"wp:attachment":[{"href":"https:\/\/webs.uab.cat\/recursosbct\/wp-json\/wp\/v2\/media?parent=73"}],"curies":[{"name":"wp","href":"https:\/\/api.w.org\/{rel}","templated":true}]}}