{"id":76,"date":"2020-03-26T14:01:14","date_gmt":"2020-03-26T14:01:14","guid":{"rendered":"https:\/\/webs.uab.cat\/recursosbct\/c_rep\/"},"modified":"2025-02-14T17:43:28","modified_gmt":"2025-02-14T17:43:28","slug":"c_rep","status":"publish","type":"page","link":"https:\/\/webs.uab.cat\/recursosbct\/c_rep\/","title":{"rendered":"REPRODUCCIONS DE DOCUMENTS"},"content":{"rendered":"<p><b><span style=\"color: #002b00;font-family: Verdana, Arial, Helvetica, sans-serif;font-size: large\"><span style=\"color: #69349e;font-size: large\">PAUTES PER A LA SELECCI\u00d3 I PROCESSAMENT DE REPRODUCCIONS DE DOCUMENTS<\/span><\/span><\/b><\/p>\n<p align=\"left\">Atenent les consultes fetes sobre la conservaci\u00f3 al fons de la biblioteca de reproduccions de documents exhaurits.<\/p>\n<p align=\"left\">Atenent les diferents interpretacions de la Llei de la Propietat Intel\u00b7lectual per part d\u2019entitats de gesti\u00f3 dels drets d\u2019autor i de col\u00b7lectius de bibliotecaris.<\/p>\n<p align=\"left\">Atenent la dificultat d\u2019obtenir una llic\u00e8ncia espec\u00edfica per a reproducci\u00f3 \u00edntegra de documents exhaurits i emparant-nos en l\u2019article 37 de la Llei de la Propietat Intel\u00b7lectual actualment vigent:<\/p>\n<div align=\"left\">\n<ol>\n<li>S\u2019acorda incorporar al fons de la biblioteca solament les reproduccions de documents que siguin exemplars \u00fanics al CCUC -o en casos excepcionals a la UAB- que siguin exhaurits i que la seva conservaci\u00f3 hagi estat recomanada per un departament<\/li>\n<li>Procediment:\n<ul>\n<li>Comprovaci\u00f3 de l\u2019exist\u00e8ncia d\u2019altres exemplars al cat\u00e0leg UAB i al CCUC:\n<ol type=\"a\">\n<li>de la mateixa edici\u00f3 o d\u2019altres edicions<\/li>\n<li>de la mateixa llengua o d\u2019altres lleng\u00fces<\/li>\n<li>del mateix suport o d\u2019altres suports<\/li>\n<\/ol>\n<\/li>\n<li>Comprovaci\u00f3 de l\u2019\u00fas del document:\n<ol start=\"4\" type=\"a\">\n<li>data d\u2019entrada al cat\u00e0leg<\/li>\n<li>nombre de pr\u00e9stecs<\/li>\n<li>data del darrer pr\u00e9stec<\/li>\n<\/ol>\n<\/li>\n<li>Valoraci\u00f3 obsolesc\u00e8ncia (data edici\u00f3, edicions posteriors, \u00fas, etc.)<\/li>\n<li>Comprovaci\u00f3 de disponibilitat al mercat i preu de venda<\/li>\n<li>Consulta a departament m\u00e9s af\u00ed, si s\u2019escau<\/li>\n<li>Posar en una nota: Reproducci\u00f3 segons art. 37 LPI<\/li>\n<li>Posar en una nota: NOMES UAB (ja que sols es far\u00e0 pr\u00e9stec als usuaris interns a la universitat)<\/li>\n<\/ul>\n<\/li>\n<\/ol>\n<\/div>\n<table border=\"0\" width=\"800\" cellspacing=\"0\" align=\"left\" bgcolor=\"#ffffff\">\n<tbody>\n<tr valign=\"TOP\">\n<td>\n<p class=\"rteright\"><span style=\"font-family: Verdana, Arial, Helvetica, sans-serif;font-size: xx-small\"><strong>Concreci\u00f3 <\/strong><\/span><span style=\"font-family: Verdana, Arial, Helvetica, sans-serif;font-size: xx-small\"><strong>Revisada el 21\/06\/2012<\/strong><\/span><\/p>\n<\/td>\n<\/tr>\n<\/tbody>\n<tfoot><\/tfoot>\n<\/table>\n","protected":false},"excerpt":{"rendered":"<p>PAUTES PER A LA SELECCI\u00d3 I PROCESSAMENT DE REPRODUCCIONS DE DOCUMENTS Atenent les consultes fetes sobre la conservaci\u00f3 al fons de la biblioteca de reproduccions de documents exhaurits. Atenent les diferents interpretacions de la Llei de la Propietat Intel\u00b7lectual per part d\u2019entitats de gesti\u00f3 dels drets d\u2019autor i de col\u00b7lectius de bibliotecaris. Atenent la dificultat [&hellip;]<\/p>\n","protected":false},"author":20,"featured_media":0,"parent":0,"menu_order":0,"comment_status":"closed","ping_status":"closed","template":"","meta":{"footnotes":""},"class_list":["post-76","page","type-page","status-publish","hentry"],"_links":{"self":[{"href":"https:\/\/webs.uab.cat\/recursosbct\/wp-json\/wp\/v2\/pages\/76","targetHints":{"allow":["GET"]}}],"collection":[{"href":"https:\/\/webs.uab.cat\/recursosbct\/wp-json\/wp\/v2\/pages"}],"about":[{"href":"https:\/\/webs.uab.cat\/recursosbct\/wp-json\/wp\/v2\/types\/page"}],"author":[{"embeddable":true,"href":"https:\/\/webs.uab.cat\/recursosbct\/wp-json\/wp\/v2\/users\/20"}],"replies":[{"embeddable":true,"href":"https:\/\/webs.uab.cat\/recursosbct\/wp-json\/wp\/v2\/comments?post=76"}],"version-history":[{"count":1,"href":"https:\/\/webs.uab.cat\/recursosbct\/wp-json\/wp\/v2\/pages\/76\/revisions"}],"predecessor-version":[{"id":616,"href":"https:\/\/webs.uab.cat\/recursosbct\/wp-json\/wp\/v2\/pages\/76\/revisions\/616"}],"wp:attachment":[{"href":"https:\/\/webs.uab.cat\/recursosbct\/wp-json\/wp\/v2\/media?parent=76"}],"curies":[{"name":"wp","href":"https:\/\/api.w.org\/{rel}","templated":true}]}}