{"id":77,"date":"2020-03-26T14:03:36","date_gmt":"2020-03-26T14:03:36","guid":{"rendered":"https:\/\/webs.uab.cat\/recursosbct\/c_sec\/"},"modified":"2025-02-14T17:45:52","modified_gmt":"2025-02-14T17:45:52","slug":"c_sec","status":"publish","type":"page","link":"https:\/\/webs.uab.cat\/recursosbct\/c_sec\/","title":{"rendered":"SECURITZACI\u00d3 I IDENTIFICACI\u00d3 DE DOCUMENTS"},"content":{"rendered":"<p>En aquesta concreci\u00f3 es detallen la localitzaci\u00f3 de totes les dades que han d&#8217;anar escrites en els materials de la biblioteca:<\/p>\n<ul>\n<li>LLIBRES\n<ul>\n<li>A la <a href=\"http:\/\/www.enciclopedia.cat\/cgi-bin\/CercaGEC3.exe?APP=CERCAPAR&amp;PAG=0001&amp;PAR=portadella\">portadella<\/a> hi posem dades relatives a adquisicions\n<ul>\n<li>N\u00fam de registre bibliogr\u00e0fic de la comanda<\/li>\n<li>Localitzaci\u00f3\/pr\u00e9stec<\/li>\n<li>dpt i curs<\/li>\n<li>Data de segellat (Bidell)<\/li>\n<\/ul>\n<\/li>\n<li>A la <a href=\"http:\/\/ec.grec.net\/lexicx.jsp?GECART=0035128\">contraportada<\/a> hi posarem\n<ul>\n<li>el codi de barres (Catalogadors)<\/li>\n<li>el topogr\u00e0fic (Catalogadors)<\/li>\n<\/ul>\n<\/li>\n<li>A la contracoberta posterior:\n<ul>\n<li>El segell de la biblioteca<\/li>\n<li>El senyal de magnetitzat<\/li>\n<\/ul>\n<\/li>\n<\/ul>\n<\/li>\n<li>CD\/DVD\n<ul>\n<li>A la superf\u00edcie del cd\/dvd\n<ul>\n<li>Codi de barres (on hi consta que \u00e9s de la UAB)<\/li>\n<li>Topogr\u00e0fic<\/li>\n<\/ul>\n<\/li>\n<li>Al contenidor\n<ul>\n<li>el topogr\u00e0fic (Catalogadors)<\/li>\n<\/ul>\n<\/li>\n<\/ul>\n<\/li>\n<\/ul>\n<table border=\"0\" width=\"800\" align=\"left\">\n<tbody>\n<tr>\n<td class=\"text\"><strong><span class=\"text\"><a name=\"notes\"><\/a>Notes:<\/span><br \/>\n<!-- InstanceBeginEditable name=\"Notes\" -->En data 02\/06\/2009 es modifica el sistema de securitzaci\u00f3 de documents i s&#8217;elimina l&#8217;etiqueta de la contraportada posterior dels llibres.<!-- InstanceEndEditable --><\/strong><\/td>\n<\/tr>\n<\/tbody>\n<\/table>\n<hr \/>\n<table border=\"0\" width=\"800\" cellspacing=\"0\" align=\"left\" bgcolor=\"#ffffff\">\n<tbody>\n<tr valign=\"TOP\">\n<td><!-- InstanceBeginEditable name=\"aprovada\" --><\/p>\n<p class=\"rteright\"><span style=\"font-family: Verdana, Arial, Helvetica, sans-serif;font-size: xx-small\"><strong>Concreci\u00f3 <\/strong><\/span><span style=\"font-family: Verdana, Arial, Helvetica, sans-serif;font-size: xx-small\"><strong>Revisada el <!-- InstanceBeginEditable name=\"data\" -->21\/06\/2012<!-- InstanceEndEditable --><\/strong><\/span><\/p>\n<\/td>\n<\/tr>\n<\/tbody>\n<tfoot><\/tfoot>\n<\/table>\n","protected":false},"excerpt":{"rendered":"<p>En aquesta concreci\u00f3 es detallen la localitzaci\u00f3 de totes les dades que han d&#8217;anar escrites en els materials de la biblioteca: LLIBRES A la portadella hi posem dades relatives a adquisicions N\u00fam de registre bibliogr\u00e0fic de la comanda Localitzaci\u00f3\/pr\u00e9stec dpt i curs Data de segellat (Bidell) A la contraportada hi posarem el codi de barres [&hellip;]<\/p>\n","protected":false},"author":20,"featured_media":0,"parent":0,"menu_order":0,"comment_status":"closed","ping_status":"closed","template":"","meta":{"footnotes":""},"class_list":["post-77","page","type-page","status-publish","hentry"],"_links":{"self":[{"href":"https:\/\/webs.uab.cat\/recursosbct\/wp-json\/wp\/v2\/pages\/77","targetHints":{"allow":["GET"]}}],"collection":[{"href":"https:\/\/webs.uab.cat\/recursosbct\/wp-json\/wp\/v2\/pages"}],"about":[{"href":"https:\/\/webs.uab.cat\/recursosbct\/wp-json\/wp\/v2\/types\/page"}],"author":[{"embeddable":true,"href":"https:\/\/webs.uab.cat\/recursosbct\/wp-json\/wp\/v2\/users\/20"}],"replies":[{"embeddable":true,"href":"https:\/\/webs.uab.cat\/recursosbct\/wp-json\/wp\/v2\/comments?post=77"}],"version-history":[{"count":1,"href":"https:\/\/webs.uab.cat\/recursosbct\/wp-json\/wp\/v2\/pages\/77\/revisions"}],"predecessor-version":[{"id":617,"href":"https:\/\/webs.uab.cat\/recursosbct\/wp-json\/wp\/v2\/pages\/77\/revisions\/617"}],"wp:attachment":[{"href":"https:\/\/webs.uab.cat\/recursosbct\/wp-json\/wp\/v2\/media?parent=77"}],"curies":[{"name":"wp","href":"https:\/\/api.w.org\/{rel}","templated":true}]}}