{"id":79,"date":"2020-03-26T14:09:54","date_gmt":"2020-03-26T14:09:54","guid":{"rendered":"https:\/\/webs.uab.cat\/recursosbct\/c_descart\/"},"modified":"2020-03-26T14:09:54","modified_gmt":"2020-03-26T14:09:54","slug":"c_descart","status":"publish","type":"page","link":"https:\/\/webs.uab.cat\/recursosbct\/c_descart\/","title":{"rendered":"Notes als llibres Descartats"},"content":{"rendered":"<p class=\"rteleft\">S\u2019acorden a la Comissi\u00f3 d\u2019Usuaris de la Biblioteca de 2\/10\/12 els criteris per a la retirada peri\u00f2dica de documents de la seg\u00fcent tipologia que no tinguin un inter\u00e8s hist\u00f2ric o una particularitat especial.<\/p>\n<p class=\"rteleft\">PER A DESCARTAR:<\/p>\n<p class=\"rteleft rteindent1\">\u2022 Documents duplicats sense \u00fas (pr\u00e9stec i\/o consulta) els darrers 5 anys<br \/>\n\u2022 Documents obsolets (per ex. cd\u2019s d\u2019acompanyament de revistes d\u2019inform\u00e0tica que han esdevingut obsolets, obres de refer\u00e8ncia superades per altres edicions&#8230;)<br \/>\n\u2022 Documents no pertinents per als nostres \u00e0mbits tem\u00e0tics (que ja s\u00f3n en una altra biblioteca de la UAB o del CCUC)<br \/>\n\u2022 Fons de revistes duplicat amb GEPA<\/p>\n<p class=\"rteleft\">PER A EMMAGATZEMAR A GEPA:<\/p>\n<p class=\"rteleft rteindent1\">\u2022 Llibres antics (publicats fa m\u00e9s de 20 anys i arribats fa m\u00e9s de 5 anys) sense \u00fas els darrers 5 anys, que no siguin bibliografia de curs<br \/>\n\u2022 Revistes sense \u00fas o amb poques consultes: col\u2022leccions que ja no es reben per disposar actualment de subscripci\u00f3 en l\u00ednia o per haver deixar de tenir inter\u00e8s, etc<\/p>\n<p class=\"rteleft rteindent1\"><strong>Duplicat sense \u00fas: <\/strong>Documents duplicats sense \u00fas (pr\u00e9stec i\/o consulta) els darrers 5 anys<\/p>\n<p class=\"rteleft rteindent1\">Obsolet &#8211; edici\u00f3 posterior<br \/>\nObsolet &#8211; material complementari revista<br \/>\nDocument no pertinent:<br \/>\nLlibrse antics sense \u00fas<\/p>\n<table align=\"left\" bgcolor=\"#ffffff\" border=\"0\" cellspacing=\"0\" width=\"800\">\n<tbody>\n<tr valign=\"TOP\">\n<td bordercolor=\"#c0c0c0\">\n<p class=\"rteright\"><font face=\"Verdana, Arial, Helvetica, sans-serif\" size=\"1\"><strong>Concreci\u00f3 <\/strong><\/font><font face=\"Verdana, Arial, Helvetica, sans-serif\" size=\"1\"><strong>Revisada el 21\/06\/2012<\/strong><\/font><\/p>\n<\/td>\n<\/tr>\n<\/tbody>\n<tfoot>\n\t<\/tfoot>\n<\/table>\n","protected":false},"excerpt":{"rendered":"<p>S\u2019acorden a la Comissi\u00f3 d\u2019Usuaris de la Biblioteca de 2\/10\/12 els criteris per a la retirada peri\u00f2dica de documents de la seg\u00fcent tipologia que no tinguin un inter\u00e8s hist\u00f2ric o una particularitat especial. PER A DESCARTAR: \u2022 Documents duplicats sense \u00fas (pr\u00e9stec i\/o consulta) els darrers 5 anys \u2022 Documents obsolets (per ex. cd\u2019s d\u2019acompanyament [&hellip;]<\/p>\n","protected":false},"author":20,"featured_media":0,"parent":0,"menu_order":0,"comment_status":"closed","ping_status":"closed","template":"","meta":{"footnotes":""},"class_list":["post-79","page","type-page","status-publish","hentry"],"_links":{"self":[{"href":"https:\/\/webs.uab.cat\/recursosbct\/wp-json\/wp\/v2\/pages\/79","targetHints":{"allow":["GET"]}}],"collection":[{"href":"https:\/\/webs.uab.cat\/recursosbct\/wp-json\/wp\/v2\/pages"}],"about":[{"href":"https:\/\/webs.uab.cat\/recursosbct\/wp-json\/wp\/v2\/types\/page"}],"author":[{"embeddable":true,"href":"https:\/\/webs.uab.cat\/recursosbct\/wp-json\/wp\/v2\/users\/20"}],"replies":[{"embeddable":true,"href":"https:\/\/webs.uab.cat\/recursosbct\/wp-json\/wp\/v2\/comments?post=79"}],"version-history":[{"count":0,"href":"https:\/\/webs.uab.cat\/recursosbct\/wp-json\/wp\/v2\/pages\/79\/revisions"}],"wp:attachment":[{"href":"https:\/\/webs.uab.cat\/recursosbct\/wp-json\/wp\/v2\/media?parent=79"}],"curies":[{"name":"wp","href":"https:\/\/api.w.org\/{rel}","templated":true}]}}