{"id":87,"date":"2020-10-08T12:20:28","date_gmt":"2020-10-08T12:20:28","guid":{"rendered":"https:\/\/webs.uab.cat\/recursosbct\/fp\/"},"modified":"2025-02-14T16:53:19","modified_gmt":"2025-02-14T16:53:19","slug":"fp","status":"publish","type":"page","link":"https:\/\/webs.uab.cat\/recursosbct\/fp\/","title":{"rendered":"Fons personals"},"content":{"rendered":"\n<p>El topogr\u00e0fic dels Fons personals est\u00e0 format per:<\/p>\n\n\n\n<ul class=\"wp-block-list\">\n<li>La lletra <strong>F, <\/strong>per indicar que es tracta d&#8217;un Fons Personal<\/li>\n\n\n\n<li>La inicial\/s de la persona<\/li>\n\n\n\n<li>CDU<\/li>\n<\/ul>\n\n\n\n<p>Els Fons Personals que tenim s\u00f3n:<\/p>\n\n\n\n<ul class=\"wp-block-list\">\n<li><strong>Fons Mill\u00e0s<\/strong>. Els llibres d&#8217;aquest fons tenen l&#8217;estructura: HFM + CDU + 3 lletres autor. Aquests topogr\u00e0fics s\u00f3n diferents de les pautes anteriorment descrites ja que origin\u00e0riament estava incl\u00f2s dins del fons d&#8217;Hist\u00f2ria de les Ci\u00e8ncies.<\/li>\n\n\n\n<li><strong>Fons Reguant<\/strong>. Els llibres d&#8217;aquest fons tenen l&#8217;estructura: FR + CDU de 3 n\u00fameros m\u00e0xim + 3 Lletres. (Vegeu la concreci\u00f3 del <a href=\"https:\/\/webs.uab.cat\/recursosbct\/c_fr\/\">Fons Reguant per al registre d&#8217;exemplar<\/a>)<\/li>\n\n\n\n<li><strong>Fons de Briologia.<\/strong> Els llibres d&#8217;aquest fons tenen l&#8217;estructura: FB + CDU + geogr\u00e0fic (si en t\u00e9) + 3 Lletres autor\n<ul class=\"wp-block-list\">\n<li>Indico aqu\u00ed alguns casos especials que m&#8217;he trobat:<\/li>\n\n\n\n<li>FB 016&nbsp;&#8211;&gt; Bibliografies<\/li>\n\n\n\n<li>FB 017 &#8211;&gt; Cat\u00e0legs<\/li>\n\n\n\n<li>FB 635 &#8211;&gt;Jardineria, jardins bot\u00e0nics&#8230;<\/li>\n<\/ul>\n<\/li>\n\n\n\n<li><a data-wplink-edit=\"true\" href=\"https:\/\/pagines.uab.cat\/recursosbct\/ca\/node\/186\"><strong>Fons Lynx. <\/strong><\/a>Aquest fons no segueix les pautes d&#8217;aquesta concreci\u00f3 sin\u00f3 que te la seva pr\u00f2pia classificaci\u00f3<a data-wplink-edit=\"true\" href=\"https:\/\/pagines.uab.cat\/recursosbct\/ca\/node\/186\">.<\/a><\/li>\n<\/ul>\n","protected":false},"excerpt":{"rendered":"<p>El topogr\u00e0fic dels Fons personals est\u00e0 format per: Els Fons Personals que tenim s\u00f3n:<\/p>\n","protected":false},"author":20,"featured_media":0,"parent":0,"menu_order":0,"comment_status":"closed","ping_status":"closed","template":"","meta":{"footnotes":""},"class_list":["post-87","page","type-page","status-publish","hentry"],"_links":{"self":[{"href":"https:\/\/webs.uab.cat\/recursosbct\/wp-json\/wp\/v2\/pages\/87","targetHints":{"allow":["GET"]}}],"collection":[{"href":"https:\/\/webs.uab.cat\/recursosbct\/wp-json\/wp\/v2\/pages"}],"about":[{"href":"https:\/\/webs.uab.cat\/recursosbct\/wp-json\/wp\/v2\/types\/page"}],"author":[{"embeddable":true,"href":"https:\/\/webs.uab.cat\/recursosbct\/wp-json\/wp\/v2\/users\/20"}],"replies":[{"embeddable":true,"href":"https:\/\/webs.uab.cat\/recursosbct\/wp-json\/wp\/v2\/comments?post=87"}],"version-history":[{"count":4,"href":"https:\/\/webs.uab.cat\/recursosbct\/wp-json\/wp\/v2\/pages\/87\/revisions"}],"predecessor-version":[{"id":588,"href":"https:\/\/webs.uab.cat\/recursosbct\/wp-json\/wp\/v2\/pages\/87\/revisions\/588"}],"wp:attachment":[{"href":"https:\/\/webs.uab.cat\/recursosbct\/wp-json\/wp\/v2\/media?parent=87"}],"curies":[{"name":"wp","href":"https:\/\/api.w.org\/{rel}","templated":true}]}}