{"id":88,"date":"2020-11-24T18:43:05","date_gmt":"2020-11-24T18:43:05","guid":{"rendered":"https:\/\/webs.uab.cat\/recursosbct\/localitzacions\/"},"modified":"2020-11-24T18:43:05","modified_gmt":"2020-11-24T18:43:05","slug":"localitzacions","status":"publish","type":"page","link":"https:\/\/webs.uab.cat\/recursosbct\/localitzacions\/","title":{"rendered":"Localitzacions"},"content":{"rendered":"<p><strong>act&nbsp;&nbsp;Ci\u00e8ncia i Tecnologia<\/strong>: Provisionalment hi hem ubicat les revistes que estan als departaments per separar-les de les que es troben a la Sala General<\/p>\n<p><strong>act00&nbsp; Ci\u00e8ncia i Tecnologia<\/strong>. Fons de la Sala General<\/p>\n<p><strong>act02&nbsp; Ci\u00e8ncia i Tecnol.-Refer\u00e8ncia<\/strong>. Obres de refer\u00e8ncia de la Sala General<\/p>\n<p><strong>act04&nbsp;&nbsp;Ci\u00e8ncia i Tecnol.-Revistes<\/strong>. Revistes&nbsp; de la Sala General<\/p>\n<p><strong>act07&nbsp;&nbsp;Ci\u00e8ncia i Tecnol.-Pr\u00e9stec<\/strong>. Material prestable d&#8217;acc\u00e9s restringit que es troba al taulell de pr\u00e9stec<\/p>\n<p><strong>act08&nbsp;&nbsp;Ci\u00e8ncia i Tecnol.-Mapes<\/strong>. Materials cartogr\u00e0fics de la Sala General<\/p>\n<p><strong>act10&nbsp;&nbsp;Ci\u00e8ncia i Tecnol.-Fons personals<\/strong>. Fons Antoni Reguant i Fons Mill\u00e0s de la Sala de Silenci<\/p>\n<p><strong>act12&nbsp; Ci\u00e8ncia i Tecnol.-Dip\u00f2sit llibres<\/strong>. Actualment no hi ha fons<\/p>\n<p><strong>act14&nbsp;&nbsp;Ci\u00e8ncia i Tecnol.-Dip\u00f2sit revistes.<\/strong> Actualment no hi ha fons<\/p>\n<p><strong>act16&nbsp;&nbsp;Ci\u00e8ncia i Tecnol.-Sala 26.&nbsp;<\/strong><\/p>\n<p><strong>act20&nbsp;&nbsp;Ci\u00e8ncia i Tecnol.-Dip extern 2<\/strong><\/p>\n<p><strong>act22&nbsp;&nbsp;Ci\u00e8ncia i Tecnol.-H Inform\u00e0tica<\/strong><\/p>\n<p><strong>act24&nbsp;&nbsp;Ci\u00e8ncia i Tecnol.-H Ci\u00e8ncies<\/strong><\/p>\n<p><strong>act26&nbsp;&nbsp;Ci\u00e8ncia i Tecnol.-Matem\u00e0tiques<\/strong><\/p>\n<p><strong>act34&nbsp;&nbsp;Ci\u00e8ncia i Tecnol.-Serv t\u00e8cnics<\/strong><\/p>\n<p><strong>act36&nbsp;&nbsp;Ci\u00e8ncia i Tecnol.-Sala 28<\/strong><\/p>\n","protected":false},"excerpt":{"rendered":"<p>act&nbsp;&nbsp;Ci\u00e8ncia i Tecnologia: Provisionalment hi hem ubicat les revistes que estan als departaments per separar-les de les que es troben a la Sala General act00&nbsp; Ci\u00e8ncia i Tecnologia. Fons de la Sala General act02&nbsp; Ci\u00e8ncia i Tecnol.-Refer\u00e8ncia. Obres de refer\u00e8ncia de la Sala General act04&nbsp;&nbsp;Ci\u00e8ncia i Tecnol.-Revistes. Revistes&nbsp; de la Sala General act07&nbsp;&nbsp;Ci\u00e8ncia i Tecnol.-Pr\u00e9stec. [&hellip;]<\/p>\n","protected":false},"author":20,"featured_media":0,"parent":0,"menu_order":0,"comment_status":"closed","ping_status":"closed","template":"","meta":{"footnotes":""},"class_list":["post-88","page","type-page","status-publish","hentry"],"_links":{"self":[{"href":"https:\/\/webs.uab.cat\/recursosbct\/wp-json\/wp\/v2\/pages\/88","targetHints":{"allow":["GET"]}}],"collection":[{"href":"https:\/\/webs.uab.cat\/recursosbct\/wp-json\/wp\/v2\/pages"}],"about":[{"href":"https:\/\/webs.uab.cat\/recursosbct\/wp-json\/wp\/v2\/types\/page"}],"author":[{"embeddable":true,"href":"https:\/\/webs.uab.cat\/recursosbct\/wp-json\/wp\/v2\/users\/20"}],"replies":[{"embeddable":true,"href":"https:\/\/webs.uab.cat\/recursosbct\/wp-json\/wp\/v2\/comments?post=88"}],"version-history":[{"count":0,"href":"https:\/\/webs.uab.cat\/recursosbct\/wp-json\/wp\/v2\/pages\/88\/revisions"}],"wp:attachment":[{"href":"https:\/\/webs.uab.cat\/recursosbct\/wp-json\/wp\/v2\/media?parent=88"}],"curies":[{"name":"wp","href":"https:\/\/api.w.org\/{rel}","templated":true}]}}