{"id":1063,"date":"2022-10-26T12:59:19","date_gmt":"2022-10-26T10:59:19","guid":{"rendered":"https:\/\/webs.uab.cat\/redec\/equip\/"},"modified":"2025-05-20T19:15:10","modified_gmt":"2025-05-20T17:15:10","slug":"equip","status":"publish","type":"page","link":"https:\/\/webs.uab.cat\/redec\/en\/equip\/","title":{"rendered":"Team"},"content":{"rendered":"\n<p><strong>Personal investigador<\/strong><\/p>\n\n\n\n<div class=\"wp-block-group\"><div class=\"wp-block-group__inner-container is-layout-constrained wp-block-group-is-layout-constrained\">\n<pre class=\"wp-block-preformatted\"><strong>Montserrat Nafr\u00eda Maqueda<\/strong><br>Full Professor<br>(montse.nafria@uab.cat)<\/pre>\n\n\n\n<figure class=\"wp-block-image size-full is-resized\"><img loading=\"lazy\" decoding=\"async\" width=\"347\" height=\"465\" src=\"https:\/\/webs.uab.cat\/redec\/wp-content\/uploads\/sites\/260\/2025\/03\/montse.png\" alt=\"\" class=\"wp-image-1135\" style=\"width:207px;height:auto\" srcset=\"https:\/\/webs.uab.cat\/redec\/wp-content\/uploads\/sites\/260\/2025\/03\/montse.png 347w, https:\/\/webs.uab.cat\/redec\/wp-content\/uploads\/sites\/260\/2025\/03\/montse-224x300.png 224w\" sizes=\"auto, (max-width: 347px) 100vw, 347px\" \/><\/figure>\n<\/div><\/div>\n\n\n\n<pre class=\"wp-block-preformatted\"><br><br><strong>Rosana Rodr\u00edguez Mart\u00ednez<\/strong><br>Full Professort<br>(rosana.rodr\u00edguez@uab.cat)<\/pre>\n\n\n\n<figure class=\"wp-block-image size-large is-resized\"><img loading=\"lazy\" decoding=\"async\" width=\"791\" height=\"1024\" src=\"https:\/\/webs.uab.cat\/redec\/wp-content\/uploads\/sites\/260\/2025\/03\/Rosana-791x1024.jpg\" alt=\"\" class=\"wp-image-1126\" style=\"width:206px;height:auto\" srcset=\"https:\/\/webs.uab.cat\/redec\/wp-content\/uploads\/sites\/260\/2025\/03\/Rosana-791x1024.jpg 791w, https:\/\/webs.uab.cat\/redec\/wp-content\/uploads\/sites\/260\/2025\/03\/Rosana-232x300.jpg 232w, https:\/\/webs.uab.cat\/redec\/wp-content\/uploads\/sites\/260\/2025\/03\/Rosana-768x995.jpg 768w, https:\/\/webs.uab.cat\/redec\/wp-content\/uploads\/sites\/260\/2025\/03\/Rosana.jpg 800w\" sizes=\"auto, (max-width: 791px) 100vw, 791px\" \/><\/figure>\n\n\n\n<pre class=\"wp-block-preformatted\"><br><br><strong>Marc Porti Pujal<\/strong><br>Full Professor<br>(marc.porti@uab.cat)<\/pre>\n\n\n\n<figure class=\"wp-block-image size-full is-resized\"><img loading=\"lazy\" decoding=\"async\" width=\"151\" height=\"203\" src=\"https:\/\/webs.uab.cat\/redec\/wp-content\/uploads\/sites\/260\/2025\/03\/marc.jpg\" alt=\"\" class=\"wp-image-1138\" style=\"width:199px;height:auto\" \/><\/figure>\n\n\n\n<pre class=\"wp-block-preformatted\"><br><br><strong>Javier Mart\u00edn Mart\u00ednez<\/strong><br>Professor <br>(javier.martin.martinez@uab.cat)<\/pre>\n\n\n\n<figure class=\"wp-block-image size-full is-resized\"><img loading=\"lazy\" decoding=\"async\" width=\"151\" height=\"170\" src=\"https:\/\/webs.uab.cat\/redec\/wp-content\/uploads\/sites\/260\/2025\/03\/Javi.jpg\" alt=\"\" class=\"wp-image-1141\" style=\"width:194px;height:auto\" \/><\/figure>\n\n\n\n<pre class=\"wp-block-preformatted\"><br><br><strong>Albert Crespo Yepes<\/strong><br>Professor <br>(albert.crespo@uab.cat)<\/pre>\n\n\n\n<figure class=\"wp-block-image size-large is-resized\"><img loading=\"lazy\" decoding=\"async\" width=\"710\" height=\"1024\" src=\"https:\/\/webs.uab.cat\/redec\/wp-content\/uploads\/sites\/260\/2025\/03\/Albert-710x1024.jpg\" alt=\"\" class=\"wp-image-1148\" style=\"width:185px;height:auto\" srcset=\"https:\/\/webs.uab.cat\/redec\/wp-content\/uploads\/sites\/260\/2025\/03\/Albert-710x1024.jpg 710w, https:\/\/webs.uab.cat\/redec\/wp-content\/uploads\/sites\/260\/2025\/03\/Albert-208x300.jpg 208w, https:\/\/webs.uab.cat\/redec\/wp-content\/uploads\/sites\/260\/2025\/03\/Albert-768x1108.jpg 768w, https:\/\/webs.uab.cat\/redec\/wp-content\/uploads\/sites\/260\/2025\/03\/Albert-1065x1536.jpg 1065w, https:\/\/webs.uab.cat\/redec\/wp-content\/uploads\/sites\/260\/2025\/03\/Albert-1200x1731.jpg 1200w, https:\/\/webs.uab.cat\/redec\/wp-content\/uploads\/sites\/260\/2025\/03\/Albert.jpg 1320w\" sizes=\"auto, (max-width: 710px) 100vw, 710px\" \/><\/figure>\n\n\n\n<pre class=\"wp-block-preformatted\"><\/pre>\n","protected":false},"excerpt":{"rendered":"<p>Personal investigador Montserrat Nafr\u00eda MaquedaFull Professor(montse.nafria@uab.cat) Rosana Rodr\u00edguez Mart\u00ednezFull Professort(rosana.rodr\u00edguez@uab.cat) Marc Porti PujalFull Professor(marc.porti@uab.cat) Javier Mart\u00edn Mart\u00ednezProfessor (javier.martin.martinez@uab.cat) Albert Crespo YepesProfessor (albert.crespo@uab.cat)<\/p>\n","protected":false},"author":20,"featured_media":0,"parent":0,"menu_order":0,"comment_status":"closed","ping_status":"closed","template":"","meta":{"footnotes":""},"class_list":["post-1063","page","type-page","status-publish","hentry"],"_links":{"self":[{"href":"https:\/\/webs.uab.cat\/redec\/en\/wp-json\/wp\/v2\/pages\/1063","targetHints":{"allow":["GET"]}}],"collection":[{"href":"https:\/\/webs.uab.cat\/redec\/en\/wp-json\/wp\/v2\/pages"}],"about":[{"href":"https:\/\/webs.uab.cat\/redec\/en\/wp-json\/wp\/v2\/types\/page"}],"author":[{"embeddable":true,"href":"https:\/\/webs.uab.cat\/redec\/en\/wp-json\/wp\/v2\/users\/20"}],"replies":[{"embeddable":true,"href":"https:\/\/webs.uab.cat\/redec\/en\/wp-json\/wp\/v2\/comments?post=1063"}],"version-history":[{"count":8,"href":"https:\/\/webs.uab.cat\/redec\/en\/wp-json\/wp\/v2\/pages\/1063\/revisions"}],"predecessor-version":[{"id":1222,"href":"https:\/\/webs.uab.cat\/redec\/en\/wp-json\/wp\/v2\/pages\/1063\/revisions\/1222"}],"wp:attachment":[{"href":"https:\/\/webs.uab.cat\/redec\/en\/wp-json\/wp\/v2\/media?parent=1063"}],"curies":[{"name":"wp","href":"https:\/\/api.w.org\/{rel}","templated":true}]}}