{"id":177,"date":"2009-05-25T13:07:54","date_gmt":"2009-05-25T11:07:54","guid":{"rendered":"https:\/\/webs.uab.cat\/redec\/inici\/"},"modified":"2025-05-20T19:02:00","modified_gmt":"2025-05-20T17:02:00","slug":"inici","status":"publish","type":"page","link":"https:\/\/webs.uab.cat\/redec\/es\/","title":{"rendered":"Inicio"},"content":{"rendered":"\n<figure class=\"wp-block-video\"><video height=\"480\" style=\"aspect-ratio: 852 \/ 480;\" width=\"852\" controls src=\"https:\/\/webs.uab.cat\/redec\/wp-content\/uploads\/sites\/260\/2025\/05\/REDEC_short14-2.mp4\"><\/video><\/figure>\n\n\n\n<p>El Grupo de Fiabilidad de Dispositivos y Circuitos Electr\u00f3nicos (REDEC) forma parte del Departamento de Ingenier\u00eda Electr\u00f3nica&nbsp;(<a href=\"http:\/\/www.uab.es\/departament\/enginyeria-electronica\/\">DEE<\/a>) de la Universidad Aut\u00f3noma de Barcelona&nbsp;(<a href=\"http:\/\/www.uab.es\/\">UAB<\/a>). Su investigaci\u00f3n se centra en los dispositivos y circuitos propios de tecnolog\u00edas CMOS micro y nanoelectr\u00f3nicas.<\/p>\n\n\n\n<p>&nbsp;&#8211; Sinano Institute<\/p>\n\n\n\n<p>&nbsp;&#8211; Nanovar<\/p>\n\n\n\n<p><strong>REDEC<\/strong> est\u00e1 ubicado en la Escuela Ingenier\u00eda&nbsp;(<a href=\"http:\/\/www.uab.es\/escola-enginyeria\/\">EE<\/a>), situada en el&nbsp;<a href=\"http:\/\/www.uab.es\/servlet\/Satellite\/coneix-la-uab\/planols-i-transports\/planols\/campus-de-bellaterra\/planol-del-campus-de-bellaterra-1096476529693.html\">Campus de Bellaterra de la UAB<\/a> y es responsable de impartir docencia del \u00e1rea de Electr\u00f3nica en diferentes titulaciones (Ingenier\u00eda Electr\u00f3nica, Ingenier\u00eda Inform\u00e1tica, Ingenier\u00eda T\u00e9cnica de Telecomunicaci\u00f3n,&#8230;), as\u00ed como en el M\u00e1ster en Ingenier\u00eda Micro y Nanoelectr\u00f3nica.<\/p>\n\n\n\n<figure class=\"wp-block-image size-large is-resized\"><img loading=\"lazy\" decoding=\"async\" width=\"1024\" height=\"682\" src=\"https:\/\/webs.uab.cat\/redec\/wp-content\/uploads\/sites\/260\/2025\/05\/Imagen1-1-1024x682.png\" alt=\"\" class=\"wp-image-1204\" style=\"width:568px;height:auto\" srcset=\"https:\/\/webs.uab.cat\/redec\/wp-content\/uploads\/sites\/260\/2025\/05\/Imagen1-1-1024x682.png 1024w, https:\/\/webs.uab.cat\/redec\/wp-content\/uploads\/sites\/260\/2025\/05\/Imagen1-1-300x200.png 300w, https:\/\/webs.uab.cat\/redec\/wp-content\/uploads\/sites\/260\/2025\/05\/Imagen1-1-768x512.png 768w, https:\/\/webs.uab.cat\/redec\/wp-content\/uploads\/sites\/260\/2025\/05\/Imagen1-1-1536x1024.png 1536w, https:\/\/webs.uab.cat\/redec\/wp-content\/uploads\/sites\/260\/2025\/05\/Imagen1-1-1200x800.png 1200w, https:\/\/webs.uab.cat\/redec\/wp-content\/uploads\/sites\/260\/2025\/05\/Imagen1-1.png 1562w\" sizes=\"auto, (max-width: 1024px) 100vw, 1024px\" \/><\/figure>\n\n\n\n<figure class=\"wp-block-image size-large is-resized\"><img loading=\"lazy\" decoding=\"async\" width=\"1024\" height=\"682\" src=\"https:\/\/webs.uab.cat\/redec\/wp-content\/uploads\/sites\/260\/2025\/05\/Imagen2-1-1024x682.png\" alt=\"\" class=\"wp-image-1207\" style=\"width:573px;height:auto\" srcset=\"https:\/\/webs.uab.cat\/redec\/wp-content\/uploads\/sites\/260\/2025\/05\/Imagen2-1-1024x682.png 1024w, https:\/\/webs.uab.cat\/redec\/wp-content\/uploads\/sites\/260\/2025\/05\/Imagen2-1-300x200.png 300w, https:\/\/webs.uab.cat\/redec\/wp-content\/uploads\/sites\/260\/2025\/05\/Imagen2-1-768x512.png 768w, https:\/\/webs.uab.cat\/redec\/wp-content\/uploads\/sites\/260\/2025\/05\/Imagen2-1-1536x1024.png 1536w, https:\/\/webs.uab.cat\/redec\/wp-content\/uploads\/sites\/260\/2025\/05\/Imagen2-1-1200x800.png 1200w, https:\/\/webs.uab.cat\/redec\/wp-content\/uploads\/sites\/260\/2025\/05\/Imagen2-1.png 1562w\" sizes=\"auto, (max-width: 1024px) 100vw, 1024px\" \/><\/figure>\n\n\n\n<figure class=\"wp-block-image size-large is-resized\"><img loading=\"lazy\" decoding=\"async\" width=\"1024\" height=\"682\" src=\"https:\/\/webs.uab.cat\/redec\/wp-content\/uploads\/sites\/260\/2025\/05\/Imagen3-1-1024x682.png\" alt=\"\" class=\"wp-image-1210\" style=\"width:579px;height:auto\" srcset=\"https:\/\/webs.uab.cat\/redec\/wp-content\/uploads\/sites\/260\/2025\/05\/Imagen3-1-1024x682.png 1024w, https:\/\/webs.uab.cat\/redec\/wp-content\/uploads\/sites\/260\/2025\/05\/Imagen3-1-300x200.png 300w, https:\/\/webs.uab.cat\/redec\/wp-content\/uploads\/sites\/260\/2025\/05\/Imagen3-1-768x512.png 768w, https:\/\/webs.uab.cat\/redec\/wp-content\/uploads\/sites\/260\/2025\/05\/Imagen3-1-1536x1024.png 1536w, https:\/\/webs.uab.cat\/redec\/wp-content\/uploads\/sites\/260\/2025\/05\/Imagen3-1-1200x800.png 1200w, https:\/\/webs.uab.cat\/redec\/wp-content\/uploads\/sites\/260\/2025\/05\/Imagen3-1.png 1562w\" sizes=\"auto, (max-width: 1024px) 100vw, 1024px\" \/><\/figure>\n","protected":false},"excerpt":{"rendered":"<p>El Grupo de Fiabilidad de Dispositivos y Circuitos Electr\u00f3nicos (REDEC) forma parte del Departamento de Ingenier\u00eda Electr\u00f3nica&nbsp;(DEE) de la Universidad Aut\u00f3noma de Barcelona&nbsp;(UAB). Su investigaci\u00f3n se centra en los dispositivos y circuitos propios de tecnolog\u00edas CMOS micro y nanoelectr\u00f3nicas. &nbsp;&#8211; Sinano Institute &nbsp;&#8211; Nanovar REDEC est\u00e1 ubicado en la Escuela Ingenier\u00eda&nbsp;(EE), situada en el&nbsp;Campus de [&hellip;]<\/p>\n","protected":false},"author":20,"featured_media":0,"parent":0,"menu_order":0,"comment_status":"closed","ping_status":"closed","template":"","meta":{"footnotes":""},"class_list":["post-177","page","type-page","status-publish","hentry"],"_links":{"self":[{"href":"https:\/\/webs.uab.cat\/redec\/es\/wp-json\/wp\/v2\/pages\/177","targetHints":{"allow":["GET"]}}],"collection":[{"href":"https:\/\/webs.uab.cat\/redec\/es\/wp-json\/wp\/v2\/pages"}],"about":[{"href":"https:\/\/webs.uab.cat\/redec\/es\/wp-json\/wp\/v2\/types\/page"}],"author":[{"embeddable":true,"href":"https:\/\/webs.uab.cat\/redec\/es\/wp-json\/wp\/v2\/users\/20"}],"replies":[{"embeddable":true,"href":"https:\/\/webs.uab.cat\/redec\/es\/wp-json\/wp\/v2\/comments?post=177"}],"version-history":[{"count":2,"href":"https:\/\/webs.uab.cat\/redec\/es\/wp-json\/wp\/v2\/pages\/177\/revisions"}],"predecessor-version":[{"id":1214,"href":"https:\/\/webs.uab.cat\/redec\/es\/wp-json\/wp\/v2\/pages\/177\/revisions\/1214"}],"wp:attachment":[{"href":"https:\/\/webs.uab.cat\/redec\/es\/wp-json\/wp\/v2\/media?parent=177"}],"curies":[{"name":"wp","href":"https:\/\/api.w.org\/{rel}","templated":true}]}}