{"id":205,"date":"2011-05-17T15:59:45","date_gmt":"2011-05-17T13:59:45","guid":{"rendered":"https:\/\/webs.uab.cat\/redec\/caracteritzacion-escala-nanometrica-de-las-propiedades-electricas-y-la-fiabilidad-de-disposi\/"},"modified":"2011-05-17T15:59:45","modified_gmt":"2011-05-17T13:59:45","slug":"caracteritzacion-escala-nanometrica-de-las-propiedades-electricas-y-la-fiabilidad-de-disposi","status":"publish","type":"page","link":"https:\/\/webs.uab.cat\/redec\/es\/caracteritzacion-escala-nanometrica-de-las-propiedades-electricas-y-la-fiabilidad-de-disposi\/","title":{"rendered":"Caracteritzaci\u00f3n a escala nanom\u00e9trica de las propiedades el\u00e9ctricas y la fiabilidad de dispositivos electr\u00f3nicos"},"content":{"rendered":"<p>A medida que las dimensiones de los dispositivos MOS han ido reduci\u00e9ndose, aumenta la importancia de las variaciones locales de las propiedades el\u00e9ctricas del dispositivo en su comportamiento global, variaciones que son indetectables mediante las t\u00e9cnicas de caracterizaci\u00f3n convencionales. As\u00ed, se hace necesaria la utilizaci\u00f3n de t\u00e9cnicas capaces de llevar a cabo una caracterizaci\u00f3n a escala nanom\u00e9trica, como, por ejemplo, las microscop\u00edas de barrido con sonda local (SPM, Scanning Probe Microscopy). Entre estas t\u00e9cnicas, aquellas relacionadas con la Microscop\u00eda de Fuerzas At\u00f3micas (AFM) se est\u00e1n utilizando cada vez con m\u00e1s frecuencia para el estudio de los dispositivos nanoelectr\u00f3nicos.<\/p>\n<p>&nbsp;<\/p>\n<p><strong>REDEC <\/strong>ha utilizado la Microscop\u00eda de Fuerzas At\u00f3micas con Punta Conductora (CAFM, Conductive Atomic Force Microscope) y otras t\u00e9cnicas afines al AFM para el estudio de las propiedades el\u00e9ctricas de memorias basadas en nanocristales de Si en una matriz de SiO2 y de la fiabilidad de capas ultra-delgadas de SiO2 sometidas a estreses el\u00e9ctricos o a procesos de irradiaci\u00f3n e implantaci\u00f3n i\u00f3nica, a escala nanom\u00e9trica. M\u00e1s recientemente, el uso de estas t\u00e9cnicas se ha extendido a dispositivos basados en diel\u00e9ctricos high-k, analizando tanto el efecto en sus propiedades el\u00e9ctricas a escala local de diferentes alternativas tecnol\u00f3gicas como su fiabilidad.<\/p>\n<p>&nbsp;<\/p>\n<p style=\"text-align: center;\"><span style=\"font-size: large;\"><strong><em>ALGUNOS RESULTADOS<\/em><\/strong><\/span><\/p>\n<p style=\"text-align: center; \"><span style=\"font-size: large;\"><strong><em><br \/><\/em><\/strong><\/span><\/p>\n<p><span style=\"font-size: medium;\"><span style=\"line-height: 25px;\"><span style=\"text-decoration: underline;\">Mejoras del set-up y de las medidas CAFM<\/span><\/span><\/span><\/p>\n<p><strong>Desarrollo del ECAFM y log-CAFM. <\/strong>Se han desarrollado dos nuevos prototipos de CAFM con prestaciones el\u00e9ctricas mejoradas que permiten superar las limitaciones del CAFM est\u00e1ndar cuando debe ser utilizado para estudios de fiabilidad. Los prototipos son el ECAFM (Enhanced CAFM), que consisten en conectar un analizador de par\u00e1metros de semiconductores con sus SMUs correspondientes a un AFM est\u00e1ndar y el log-CAFM, que consiste en un CAFM convencional en el cual se ha implementado un convertidor I-V logar\u00edtmico de bajo ruido. Ambas t\u00e9cnicas se han aplicado al estudio de la fiabilidad del SiO2 y dispositivos basados en high-k.<\/p>\n<p style=\"text-align: center; \"><span class=\"inline inline-center\"><img loading=\"lazy\" decoding=\"async\" class=\"image image-_original \" title=\"Corbes I-V mesurades amb l\u2019ECAFM en el mateix punt d\u2019un stack basat en una bicapa de HfO2\/SiO2. La segona corba, en taronja, indica la ruptura de l\u2019stack.\" src=\"http:\/\/grupsderecerca.uab.cat\/redec\/sites\/grupsderecerca.uab.cat.redec\/files\/images\/CAFM.gif\" alt=\"Corbes I-V mesurades amb l\u2019ECAFM en el mateix punt d\u2019un stack basat en una bicapa de HfO2\/SiO2. La segona corba, en taronja, indica la ruptura de l\u2019stack.\" width=\"640\" height=\"329\"><\/span><\/p>\n<p style=\"text-align: center;\"><span style=\"font-size: x-small;\">Curvas I-V medidas con el ECAFM en el mismo punto de un stack basado en una bicapa de HfO2\/SiO2. La segunda curva, en naranja, indica la ruptura del stack.<\/span><\/p>\n<p>&nbsp;<\/p>\n<p><strong>Medidas CAFM en ambiente controlado<\/strong>. Se ha demostrado que la calidad y reproducibilidad de las medidas CAFM de diel\u00e9ctricos de puerta se ve claramente aumentada cuando se realizan en un ambiente controlado (vac\u00edo o N2).<\/p>\n<p>&nbsp;<\/p>\n<p><span style=\"font-size: medium;\"><span style=\"line-height: 25px;\"><span style=\"text-decoration: underline;\">Dispositivos basados en SiO2<\/span><\/span><\/span><\/p>\n<p><strong>La ruptura del SiO2 a la nanoescala. <\/strong>Se ha evaluado el impacto del l\u00edmite de corriente en la conducci\u00f3n de post-ruptura, el da\u00f1ado estructural y la propagaci\u00f3n del spot de ruptura. Se ha observado que cuando se impone un l\u00edmite de corriente durante el estr\u00e9s, la ruptura es menos severa. No obstante, la zona de \u00f3xido no afectada se encuentra en un estado metaestable que acaba sufriendo la ruptura en el momento en que las condiciones de estr\u00e9s cambian.<\/p>\n<p><strong>Caracterizaci\u00f3n el\u00e9ctrica de capas de SiO2 irradiadas. <\/strong>Se han utilizado diferentes t\u00e9cnicas AFM para analizar las propiedades el\u00e9ctricas de \u00f3xidos de puerta irradiados con iones pesados. Se ha demostrado que s\u00f3lo ~ 1-2% de los iones generan un camino percolativo, asociado a un evento de ruptura suave (soft-Breakdown, SBD). El resto de iones debilitan el \u00f3xido dando lugar a spots localmente d\u00e9biles que se han asociado a la RILC.<\/p>\n<p><strong>Caracterizaci\u00f3n el\u00e9ctrica de capas de SiO2 implantadas.<\/strong> Se ha utilizado un CAFM, SCM y KPFM para estudiar cualitativamente y comparar el impacto de la implantaci\u00f3n e irradiaci\u00f3n en capas de SiO2 a diferentes energ\u00edas.  Los resultados demuestran que con el CAFM es posible detectar diferencias en el caso de los iones implandos a distintas energ\u00edas. Cuanto m\u00e1s alta es la energ\u00eda, m\u00e1s grande es el n\u00famero de spots d\u00e9biles generados. No obstante, s\u00f3lo iones muy energ\u00e9ticos (radiaci\u00f3n) son capaces de generar spots de ruptura.<\/p>\n<p><strong>Memorias basadas en Si-nc.<\/strong> El C-AFM ha demostrado ser una herramienta muy potente para investigar dispositivos de memoria basados en nanocristales de Silicio (Si-nc) a escala nanom\u00e9trica. Se ha observado que a campos bajos aparece un exceso de corriente asociada a corriente t\u00fanel asistida por los nanocristales. Tambi\u00e9n se ha determinado la cantidad de carga atrapada en los nanocristales y su tiempo de retenci\u00f3n, obteniendo unos resultados compatibles con los obtenidos mediante t\u00e9cnicas de caracterizaci\u00f3n est\u00e1ndar.<\/p>\n<p>&nbsp;<\/p>\n<p style=\"text-align: center; \"><span class=\"inline inline-center\"><img loading=\"lazy\" decoding=\"async\" class=\"image image-_original \" title=\"Imatge de corrent d\u2019un spot de ruptura pr\u00e8viament trencat amb la punta del CAFM en una capa de SiO2. \" src=\"http:\/\/grupsderecerca.uab.cat\/redec\/sites\/grupsderecerca.uab.cat.redec\/files\/images\/AFMSiO2.gif\" alt=\"Imatge de corrent d\u2019un spot de ruptura pr\u00e8viament trencat amb la punta del CAFM en una capa de SiO2. \" width=\"385\" height=\"204\"><\/span><\/p>\n<p style=\"text-align: center;\"><span style=\"font-size: x-small;\">Imagen de corriente de un spot de ruptura pr\u00e9viamente roto con la punta del CAFM en una capa de SiO2.<\/span><\/p>\n<p>&nbsp;<\/p>\n<p style=\"text-align: center; \">&nbsp;<\/p>\n<p><span style=\"font-size: medium;\"><span style=\"line-height: 25px;\"><span style=\"text-decoration: underline;\">Dispositivos basados en diel\u00e9ctricos high-k<\/span><\/span><\/span><\/p>\n<p><strong>Efectos del recocido y composici\u00f3n en las propiedades el\u00e9ctricas de diel\u00e9ctricos high-k.<\/strong> Se ha estudiado como la cristalizaci\u00f3n y la difusi\u00f3n de Si desdel substrato (que depende de la temperatura de recocido) afectan a la conducci\u00f3n el\u00e9ctrica de diel\u00e9ctricos basados en Hf y a su homogeneidad. Tambi\u00e9n se ha analizado el impacto de distintas composiciones. Se ha observado que un aumento de la temperatura de recocido y de la concentraci\u00f3n de Hf reduce la conductividad del diel\u00e9ctrico.<\/p>\n<p><strong>Fiabilidad de diel\u00e9ctricos high-k. <\/strong>Se ha observado que, a campos bajos, el estr\u00e9s el\u00e9ctrico provoca la captura\/emission de cargas en las trampas (nativas o generadas por el estr\u00e9s) de la capa de HfO2, mientras que a campos altos se degrada tanto la capa de HfO2 como la capa interficial de SiO2. Si el campo el\u00e9ctrico aplicado es suficientemente alto, se induce la ruptura diel\u00e9ctrica, la cual est\u00e1 controlada  b\u00e1sicamente por la capa de SiO2.<\/p>\n<p>&nbsp;<\/p>\n<p style=\"text-align: center;\"><span style=\"font-size: large;\"><strong><em>PUBLICACIONES RELEVANTES<\/em><\/strong><\/span><\/p>\n<p>&nbsp;<\/p>\n<ul>\n<li>M. Lanza, M. Porti, M. Nafr\u00eda, X. Aymerich, E. Wittaker and B. Hamilton,\u00bbElectrical resolution during Conductive AFM measurements under different environmental conditions and contact forces\u00bb, Review of Scientific Instruments, accepted for the publication on July 2010.<\/li>\n<li>M.Lanza, M.Port, M.Nafria, X.Aymerich,G.Benstetter, E.Lodermeier, H.Ranzinger, G.Jaschke, S.Teichert, L.Wilde and P.Michalowski, \u00abConductivity and charge trapping after electrical stress in amorphous and polycristaline Al2O3 based devices studied with AFM related techniques\u00bb, IEEE Trans. on Nanotechnology, accepted for the publication.<\/li>\n<li>M. Porti, M. Avidano, M. Nafr\u00eda, X. Aymerich, J. Carreras, O. Jambois, B. Garrido,  \u201cNanoscale electrical characterization of Si-nc based memory MOS devices\u201d, Journal of Applied Physics, 101, art. 064509, 2007.<\/li>\n<li>L. Aguilera, M. Porti, M. Nafr\u00eda y X. Aymerich, \u00abCharge trapping and degradation of HfO2\/SiO2 MOS gate stacks observed with Enhanced CAFM\u00bb, IEEE Electron Device Letters, Vol. 27, No. 3, pp. 157-159, 2006.<\/li>\n<li>M. Porti, M. Nafr\u00eda, X. Aymerich, A. Cester, A. Paccagnella y S. Cimino, \u00abElectrical characterization at a nanometer scale of weak spots in irradiated SiO2 gate oxides\u00bb, IEEE Transactions on Nuclear Science, Vol. 52 (5), Part 2, pp. 1457\u20131461, 2005.<\/li>\n<li>X. Blasco, M. Nafr\u00eda, X. Aymerich, J. P\u00e9try y W. Vandervorst, \u00abNanoscale post-breakdown conduction of HfO2\/SiO2 MOS gate stacks studied by Enhanced-CAFM\u00bb, IEEE Transactions on Electron Devices, Vol.52 (12), pp. 2817-2819, 2005.<\/li>\n<li>X. Blasco, M. Nafr\u00eda and X. Aymerich, \u00abEnhanced electrical performance for conductive atomic force microscopy\u00bb, Review of Scientific Instruments, Vol. 76 (1), No. 016105, 2005.<\/li>\n<li>X. Blasco, J.P\u00e9try, M. Nafr\u00eda, X. Aymerich, O. Richard and W. Vandervorst, \u201cC-AFM Characterization of the Dependence of HfAlOx Electrical Behavior on Post Deposition Annealing Temperature\u201d, Microelectronic Engineering, Vol. 72 (1-4), pp.191-196, 2004.<\/li>\n<li>M. Porti, M. Nafr\u00eda and X. Aymerich, \u201cCurrent limited stresses of SiO2 gate oxides with Conductive Atomic Force Microscope\u201d, IEEE Transactions on Electron Devices, Vol. 50 (4), pp. 933-940, 2003.<\/li>\n<li>M. Porti, M. Nafr\u00eda, X. Aymerich, A. Olbrich and B. Ebersberger, \u201cNanometer-scale electrical characterization of stressed ultrathin SiO2 films using Conducting Atomic Force Microscopy\u201d, Applied Physics Letters, Vol. 78 (26), pp. 4181-4183, 2001.<\/li>\n<\/ul>\n","protected":false},"excerpt":{"rendered":"<p>A medida que las dimensiones de los dispositivos MOS han ido reduci\u00e9ndose, aumenta la importancia de las variaciones locales de las propiedades el\u00e9ctricas del dispositivo en su comportamiento global, variaciones que son indetectables mediante las t\u00e9cnicas de caracterizaci\u00f3n convencionales. As\u00ed, se hace necesaria la utilizaci\u00f3n de t\u00e9cnicas capaces de llevar a cabo una caracterizaci\u00f3n a [&hellip;]<\/p>\n","protected":false},"author":20,"featured_media":0,"parent":0,"menu_order":0,"comment_status":"closed","ping_status":"closed","template":"","meta":{"footnotes":""},"class_list":["post-205","page","type-page","status-publish","hentry"],"_links":{"self":[{"href":"https:\/\/webs.uab.cat\/redec\/es\/wp-json\/wp\/v2\/pages\/205","targetHints":{"allow":["GET"]}}],"collection":[{"href":"https:\/\/webs.uab.cat\/redec\/es\/wp-json\/wp\/v2\/pages"}],"about":[{"href":"https:\/\/webs.uab.cat\/redec\/es\/wp-json\/wp\/v2\/types\/page"}],"author":[{"embeddable":true,"href":"https:\/\/webs.uab.cat\/redec\/es\/wp-json\/wp\/v2\/users\/20"}],"replies":[{"embeddable":true,"href":"https:\/\/webs.uab.cat\/redec\/es\/wp-json\/wp\/v2\/comments?post=205"}],"version-history":[{"count":0,"href":"https:\/\/webs.uab.cat\/redec\/es\/wp-json\/wp\/v2\/pages\/205\/revisions"}],"wp:attachment":[{"href":"https:\/\/webs.uab.cat\/redec\/es\/wp-json\/wp\/v2\/media?parent=205"}],"curies":[{"name":"wp","href":"https:\/\/api.w.org\/{rel}","templated":true}]}}