{"id":112,"date":"2015-07-23T10:34:44","date_gmt":"2015-07-23T10:34:44","guid":{"rendered":"http:\/\/blogs.uab.cat\/redes\/?page_id=112"},"modified":"2015-07-23T10:34:44","modified_gmt":"2015-07-23T10:34:44","slug":"web-redes-sociales","status":"publish","type":"page","link":"https:\/\/webs.uab.cat\/redes\/archive\/web-redes-sociales\/","title":{"rendered":"Web REDES"},"content":{"rendered":"<p style=\"text-align: left\"><span style=\"color: #000000;font-size: medium\">Aqu\u00ed puedes acceder a parte de los contenidos disponibles en el\u00a0<a href=\"http:\/\/revista-redes.rediris.es\/webredes\" target=\"_blank\" rel=\"noopener\">Web Redes<\/a>. <\/span><\/p>\n<hr \/>\n<p><b><span style=\"color: #000000;font-size: large\">Textos:<\/span><\/b><\/p>\n<ul>\n<li><span style=\"font-family: Arial;font-size: small\"><strong>Maya Jariego, I., Cachia, R., Holgado, D. &amp; Ramos, I.\u00a0(2014).\u00a0<a href=\"http:\/\/cemca.org.mx\/pdf\/05_RedEspanoles.pdf\">Visualizaci\u00f3n del Apoyo Social en las Redes Personales de los Inmigrantes<\/a>. M\u00e9xico D.F.: CEMCA.<br \/>\n<\/strong><\/span><\/li>\n<li><strong><span style=\"color: #8080ff;font-family: Arial;font-size: small\">Nu\u00f1ez Espinoza, Juan Felipe y Nolver Atanacio Arias Arias\u00a0<\/span><span style=\"font-family: Arial;font-size: small\">(2012).\u00a0<\/span><\/strong><span style=\"font-family: Arial;font-size: small\"><a href=\"http:\/\/revista-redes.rediris.es\/webredes\/novedades\/srural.pdf\" target=\"_blank\" rel=\"noopener\"><span style=\"color: #000000\"><b>Mapa de una red conceptual de investigaci\u00f3n sobre temas de desarrollo rural en Am\u00e9rica Latina (una noci\u00f3n sobre la unificaci\u00f3n y fragmentaci\u00f3n de la sociolog\u00eda rural). Caso de estudio: Asociaci\u00f3n Latinoamericana de Sociolog\u00eda Rural (ALASRU)<\/b><\/span><\/a><a href=\"http:\/\/revista-redes.rediris.es\/webredes\/novedades\/srural.pdf\" target=\"_blank\" rel=\"noopener\">.<\/a><\/span><\/li>\n<li><span style=\"color: #8080ff;font-family: Arial;font-size: small\"><strong>Mach\u00edn, Juan\u00a0<\/strong><\/span><span style=\"font-family: Arial;font-size: small\">(2011).\u00a0<b><a href=\"http:\/\/revista-redes.rediris.es\/webredes\/novedades\/Redes_sociales_IPP.pdf\" target=\"_blank\" rel=\"noopener\">Redes sociales e incidencias en pol\u00edticas p\u00fablicas. Estudio comparativo M\u00e9xico-Colombia.<\/a>\u00a0<\/b><b>M\u00e9xico D.F. : Centro C\u00e1ritas de Formaci\u00f3n para la Atenci\u00f3n de las Farmacodependencias y Situaciones Cr\u00edticas Asociadas A.C.<\/b><\/span><\/li>\n<li><span style=\"font-family: Arial;font-size: small\"><strong><span style=\"color: #8080ff\">Hanneman, Robert A<\/span>., Introducci\u00f3n a los m\u00e9todos de an\u00e1lisis de redes sociales:\u00a0<\/strong><\/span><\/li>\n<\/ul>\n<p><span style=\"font-family: Arial;font-size: small\"><a href=\"http:\/\/revista-redes.rediris.es\/webredes\/textos\/Introduc.pdf\" target=\"_blank\" rel=\"noopener\">Cap\u00edtulo primero. Los datos de las redes sociales.<\/a>\u00a0(Acrobat)<\/span><\/p>\n<p><span style=\"font-family: Arial;font-size: small\"><a href=\"http:\/\/revista-redes.rediris.es\/webredes\/textos\/cap2.pdf\" target=\"_blank\" rel=\"noopener\">Cap\u00edtulo segundo. \u00bfPor qu\u00e9 utilizar m\u00e9todos formales para representar redes sociales?<\/a>\u00a0(Acrobat)<\/span><\/p>\n<p><span style=\"font-family: Arial;font-size: small\"><a href=\"http:\/\/revista-redes.rediris.es\/webredes\/textos\/cap3.pdf\" target=\"_blank\" rel=\"noopener\">Cap\u00edtulo tercero. Representaci\u00f3n de redes sociales mediante grafos.<\/a>\u00a0(Acrobat)<\/span><\/p>\n<p><span style=\"font-family: Arial;font-size: small\"><a href=\"http:\/\/revista-redes.rediris.es\/webredes\/textos\/cap4.pdf\" target=\"_blank\" rel=\"noopener\">Cap\u00edtulo cuarto. Representaci\u00f3n de redes sociales mediante matrices.<\/a>\u00a0(Acrobat)<\/span><\/p>\n<p><span style=\"font-family: Arial;font-size: small\"><a href=\"http:\/\/revista-redes.rediris.es\/webredes\/textos\/Cap5.pdf\" target=\"_blank\" rel=\"noopener\">Cap\u00edtulo quinto. Propiedades b\u00e1sicas de actores y redes.<\/a>\u00a0(Acrobat)<\/span><\/p>\n<p><span style=\"font-family: Arial;font-size: small\"><a href=\"http:\/\/revista-redes.rediris.es\/webredes\/textos\/cap6.pdf\" target=\"_blank\" rel=\"noopener\">Cap\u00edtulo sexto. Centralidad y poder.<\/a>\u00a0(Acrobat)<\/span><\/p>\n<p><span style=\"font-family: Arial;font-size: small\"><a href=\"http:\/\/revista-redes.rediris.es\/webredes\/textos\/cap7.pdf\" target=\"_blank\" rel=\"noopener\">Cap\u00edtulo s\u00e9ptimo. Grupos y subestructuras.<\/a>\u00a0(Acrobat)<\/span><\/p>\n<p><span style=\"font-family: Arial;font-size: small\"><a href=\"http:\/\/revista-redes.rediris.es\/webredes\/textos\/cap8.pdf\" target=\"_blank\" rel=\"noopener\">Cap\u00edtulo octavo. Posiciones sociales y roles sociales: la idea de equivalencia.\u00a0<\/a>(Acrobat)<\/span><\/p>\n<p><span style=\"font-family: Arial;font-size: small\"><a href=\"http:\/\/revista-redes.rediris.es\/webredes\/textos\/cap9.pdf\" target=\"_blank\" rel=\"noopener\">Cap\u00edtulo noveno. Mediciones de similaridad y equivalencia estructural.\u00a0<\/a>(Acrobat)<\/span><\/p>\n<p><span style=\"font-family: Arial;font-size: small\"><a href=\"http:\/\/revista-redes.rediris.es\/webredes\/textos\/cap1011.pdf\" target=\"_blank\" rel=\"noopener\">Cap\u00edtulos diez y once. Equivalencia automorfica y Equivalencia regular.\u00a0<\/a>(Acrobat)<\/span><\/p>\n<ul>\n<li><strong>Velez Cuartas, Gabriel<\/strong><span style=\"font-family: Arial;font-size: small\">\u00a0(2006).<strong>\u00a0Sistema Organizacional de Atenci\u00f3n a la Ni\u00f1ez de Medell\u00edn<\/strong><span style=\"font-size: small\">: Estructura relacional de 128 organizaciones gubernamentales y de la sociedad civil<\/span>. [<a href=\"http:\/\/revista-redes.rediris.es\/webredes\/textos\/sistema.pdf\" target=\"_blank\" rel=\"noopener\">pdf<\/a>]<br \/>\nTabla Comparativa [<a href=\"http:\/\/revista-redes.rediris.es\/webredes\/textos\/Tabla_comparativa.pdf\" target=\"_blank\" rel=\"noopener\">pdf<\/a>]<\/span><\/li>\n<li><strong>Porras, Jos\u00e9 Ignacio (2003). Individualidad, Racionalidad y Redes<\/strong>. [<a href=\"http:\/\/revista-redes.rediris.es\/webredes\/textos\/Individualidad.htm\" target=\"_blank\" rel=\"noopener\">html<\/a>] [<a href=\"http:\/\/revista-redes.rediris.es\/webredes\/textos\/Individualidad.pdf\" target=\"_blank\" rel=\"noopener\">pdf<\/a>]<\/li>\n<li><span style=\"font-family: Arial;font-size: small\"><strong><a href=\"http:\/\/revista-redes.rediris.es\/webredes\/textos\/mesa.htm\">Contribuciones<\/a>\u00a0iberoamericanas a la Conferencia Internacional de ARS (Canc\u00fan, Febrero 2003)<\/strong>.<\/span><\/li>\n<li><span style=\"font-family: Arial;font-size: small\"><strong>SANZ MEN\u00c9NDEZ, Luis (2003).\u00a0<\/strong><a href=\"http:\/\/usuarios.lycos.es\/aacte\/AACTE\/revista.pdf\">&#8220;An\u00e1lisis de Redes Sociales: o como representar las estructuras sociales subyacentes<\/a>&#8220;. AACTE, 17(Junio), 21-29.<\/span><\/li>\n<li><strong>LEMBO, Claudio.\u00a0<\/strong><a href=\"http:\/\/revista-redes.rediris.es\/webredes\/textos\/claudiolemboarticulo.pdf\" target=\"_blank\" rel=\"noopener\">Talleres de capacitaci\u00f3n en din\u00e1mica para el desarrollo.\u00a0<\/a><\/li>\n<li><span style=\"font-family: Arial;font-size: small\"><b>TULER, Susana N.\u00a0<\/b><a href=\"http:\/\/revista-redes.rediris.es\/webredes\/textos\/urbana.htm\" target=\"_blank\" rel=\"noopener\">Redes urbanas. Del proyecto a la realizaci\u00f3n de una ciudad ideal.\u00a0<\/a><\/span><\/li>\n<li><span style=\"font-family: Arial;font-size: small\"><b>KLIJN, E.J.<\/b>\u00a0<a href=\"http:\/\/revista-redes.rediris.es\/webredes\/textos\/Complex.pdf\" target=\"_blank\" rel=\"noopener\">Redes de pol\u00edticas p\u00fablicas: una visi\u00f3n general.\u00a0<\/a>(Acrobat) en Kickert, W. J. M. &amp; Koppenjan, J.F.;. (eds) (1998) Managing Complex Networks. Sage, London<\/span><\/li>\n<li><strong>SIERRA GARC\u00cdA, Omar, Camilo MADARIAGA OROZCO y Raimundo ABELLO LLANOS (2000).\u00a0<\/strong><a href=\"http:\/\/revista-redes.rediris.es\/webredes\/textos\/redfamyp.pdf\" target=\"_blank\" rel=\"noopener\">Relaci\u00f3n entre la pertenencia a redes sociales y la din\u00e1mica familiar de mujeres en condiciones de pobreza.<\/a>&#8220;.(Acrobat)<\/li>\n<li><strong>PORRAS MART\u00cdNEZ, Jos\u00e9 Ignacio (2000).\u00a0<\/strong>&#8220;<a href=\"http:\/\/revista-redes.rediris.es\/webredes\/textos\/Empregr.pdf\" target=\"_blank\" rel=\"noopener\">Empresarios, Acci\u00f3n Colectiva y Pol\u00edtica Agr\u00edcola en Bolivia y Per\u00fa. Una aproximaci\u00f3n desde el an\u00e1lisis de los policy networks<\/a>&#8220;. (Acrobat). Las opiniones vertidas en el art\u00edculo son de responsabilidad exclusiva del autor.<\/li>\n<li><strong>B\u00d6RZEL, T.A.<\/strong>\u00a0(1997):<a href=\"http:\/\/revista-redes.rediris.es\/webredes\/textos\/policynet.pdf\" target=\"_blank\" rel=\"noopener\">\u00a0&#8220;\u00bfQu\u00e9 tienen de especial los policy networks? Explorando el concepto y su utilidad para el estudio de la gobernaci\u00f3n europea&#8221;<\/a>, en European Integration Online Papers (EIOP) vol 1: http:\/\/eiop.or.at\/eiop\/texte\/1997-016\u00aa.htm (trad. Mar\u00eda Angela Petrizzo) (Acrobat).\u00a0<a href=\"http:\/\/revista-redes.rediris.es\/webredes\/textos%5Cpolicynet.zip\" target=\"_blank\" rel=\"noopener\">Versi\u00f3n comprimida<\/a><\/li>\n<li><a href=\"http:\/\/revista-redes.rediris.es\/webredes\/textos%5CBORZEL.rtf\" target=\"_blank\" rel=\"noopener\">Informaci\u00f3n sobre el autor.<\/a><b>MOLINA, Jos\u00e9 Luis<\/b><span style=\"font-family: Arial\">\u00a0(2001).\u00a0<a href=\"http:\/\/revista-redes.rediris.es\/webredes\/textos\/reciphoy.doc\" target=\"_blank\" rel=\"noopener\">Reciprocidad hoy: la red de las unidades dom\u00e9sticas y servicios p\u00fablicos en dos colectivos en Vic (Barcelona)<\/a>. ESF- Exploratory workshop on Reciprocity as a Human Resource. Barcelona, September. [con Alba Alayo i Gil]\u00a0<a href=\"http:\/\/revista-redes.rediris.es\/webredes\/textos\/Reciphoy.zip\" target=\"_blank\" rel=\"noopener\">Versi\u00f3n comprimida<\/a><\/span><\/li>\n<li><b>MOLINA, Jos\u00e9 Luis\u00a0<\/b>(1999).<a href=\"http:\/\/revista-redes.rediris.es\/webredes\/textos\/organizaciones.doc\" target=\"_blank\" rel=\"noopener\">\u00a0&#8220;El organigrama informal en las organizaciones. Una aproximaci\u00f3n desde el an\u00e1lisis de redes sociales&#8221;<\/a>, Divisi\u00f3 d&#8217;Antropologia Social Universitat Aut\u00f2noma de Barcelona.\u00a0<a href=\"http:\/\/revista-redes.rediris.es\/webredes\/textos%5CMolina.zip\" target=\"_blank\" rel=\"noopener\">Versi\u00f3n comprimida\u00a0<\/a><\/li>\n<li><b>MORRIS, Pablo y MONTERO, Cecilia<\/b>, &#8221;\u00a0<a href=\"http:\/\/revista-redes.rediris.es\/webredes\/textos\/artsexta.doc\" target=\"_blank\" rel=\"noopener\">Territorio, competitividad sist\u00e9mica y desarrollo end\u00f3geno Metodolog\u00eda para el estudio de los Sistemas Regionales de Innovaci\u00f3n&#8221;<\/a>, ponencia presentada en el Seminario Internacional &#8220;Instituciones y actores del desarrollo territorial en el marco de la globalizaci\u00f3n&#8221; (Concepci\u00f3n, 14 y 15 de Enero de 1999), organizado por el Centro de Estudios Urbano Regionales de la Universidad del B\u00edo-B\u00edo (CEUR) y el Instituto para Latinoam\u00e9rica y el Caribe de Planificaci\u00f3n Social (ILPES).<span style=\"font-family: Arial\">\u00a0<\/span><a href=\"http:\/\/revista-redes.rediris.es\/webredes\/textos%5CMyM.zip\" target=\"_blank\" rel=\"noopener\">Versi\u00f3n comprimida<\/a><\/li>\n<\/ul>\n<p><span style=\"color: #000000;font-family: Arial;font-size: large\"><b>Bibliograf\u00eda<\/b><\/span><\/p>\n<ul>\n<li><span style=\"font-family: Arial;font-size: small\"><a href=\"http:\/\/revista-redes.rediris.es\/webredes\/textos\/biblio.htm\" target=\"_self\" rel=\"noopener\">Bibliograf\u00eda<\/a>\u00a0general sobre ARS.\u00a0<\/span><\/li>\n<li><span style=\"font-family: Arial;font-size: small\"><a href=\"http:\/\/revista-redes.rediris.es\/webredes\/biblio2.htm\" target=\"_self\" rel=\"noopener\">Bibliograf\u00eda\u00a0<\/a>sobre redes sociales compilada por\u00a0<a href=\"mailto:jz31416@yahoo.kom\">Juan Zuluaga\u00a0<\/a>a partir de\u00a0<em>Hispanic American Periodical Index<\/em>\u00a0y el\u00a0<em>Handbook of Latin American Studies<\/em>.<\/span><\/li>\n<li><span style=\"font-family: Arial;font-size: small\"><a href=\"http:\/\/revista-redes.rediris.es\/webredes\/biblio2.htm\" target=\"_self\" rel=\"noopener\">Bibliograf\u00eda\u00a0<\/a>sobre\u00a0<a href=\"http:\/\/revista-redes.rediris.es\/webredes\/textos\/policynet.pdf\" target=\"_blank\" rel=\"noopener\">Policy Networks<\/a>\u00a0compilada por\u00a0<a href=\"mailto:petrizzo@gmail.com\">Mar\u00eda Angela Petrizzo<\/a>.<\/span><\/li>\n<\/ul>\n","protected":false},"excerpt":{"rendered":"<p>Aqu\u00ed puedes acceder a parte de los contenidos disponibles en el\u00a0Web Redes. Textos: Maya Jariego, I., Cachia, R., Holgado, D. &amp; Ramos, I.\u00a0(2014).\u00a0Visualizaci\u00f3n del Apoyo Social en las Redes Personales de los Inmigrantes. M\u00e9xico D.F.: CEMCA. Nu\u00f1ez Espinoza, Juan Felipe y Nolver Atanacio Arias Arias\u00a0(2012).\u00a0Mapa de una red conceptual de investigaci\u00f3n sobre temas de desarrollo [&hellip;]<\/p>\n","protected":false},"author":134,"featured_media":0,"parent":58,"menu_order":10,"comment_status":"open","ping_status":"closed","template":"showcase.php","meta":{"footnotes":""},"class_list":["post-112","page","type-page","status-publish","hentry"],"_links":{"self":[{"href":"https:\/\/webs.uab.cat\/redes\/wp-json\/wp\/v2\/pages\/112","targetHints":{"allow":["GET"]}}],"collection":[{"href":"https:\/\/webs.uab.cat\/redes\/wp-json\/wp\/v2\/pages"}],"about":[{"href":"https:\/\/webs.uab.cat\/redes\/wp-json\/wp\/v2\/types\/page"}],"author":[{"embeddable":true,"href":"https:\/\/webs.uab.cat\/redes\/wp-json\/wp\/v2\/users\/134"}],"replies":[{"embeddable":true,"href":"https:\/\/webs.uab.cat\/redes\/wp-json\/wp\/v2\/comments?post=112"}],"version-history":[{"count":0,"href":"https:\/\/webs.uab.cat\/redes\/wp-json\/wp\/v2\/pages\/112\/revisions"}],"up":[{"embeddable":true,"href":"https:\/\/webs.uab.cat\/redes\/wp-json\/wp\/v2\/pages\/58"}],"wp:attachment":[{"href":"https:\/\/webs.uab.cat\/redes\/wp-json\/wp\/v2\/media?parent=112"}],"curies":[{"name":"wp","href":"https:\/\/api.w.org\/{rel}","templated":true}]}}