{"id":125,"date":"2015-07-23T11:20:25","date_gmt":"2015-07-23T11:20:25","guid":{"rendered":"http:\/\/blogs.uab.cat\/redes\/?page_id=125"},"modified":"2015-07-23T11:20:25","modified_gmt":"2015-07-23T11:20:25","slug":"learn-about-social-networks","status":"publish","type":"page","link":"https:\/\/webs.uab.cat\/redes\/archive\/videos\/learn-about-social-networks\/","title":{"rendered":"Aprende: ARS\/ARP"},"content":{"rendered":"<p>Aqu\u00ed encontrar\u00e1s algunos recursos de inter\u00e9s:<\/p>\n<hr \/>\n<ul>\n<li>Sesiones impartidas por <strong>Isidro Maya Jariego<\/strong>:\n<ul>\n<li><a href=\"https:\/\/es.slideshare.net\/isidromj\/el-estudio-de-las-redes-personales\">El estudio de las redes personales<\/a><\/li>\n<li><a href=\"https:\/\/es.slideshare.net\/isidromj\/introduccin-al-anlisis-de-redes-sociales-230291138\">Breve introducci\u00f3n al an\u00e1lisis de redes sociales<\/a><\/li>\n<\/ul>\n<\/li>\n<\/ul>\n<hr \/>\n<ul>\n<li>Video curso de <strong>Juli\u00e1n C\u00e1rdenas<\/strong>, <a href=\"https:\/\/www.youtube.com\/playlist?list=PLW3IHy-wwYDYHpXgnSHOzP6UlHeowkpub\">Introducci\u00f3n al an\u00e1lisis de redes sociales<\/a>.\n<div id=\"description\" class=\"style-scope ytd-playlist-sidebar-primary-info-renderer\"><span class=\"style-scope yt-formatted-string\" dir=\"auto\">1. Introducci\u00f3n <\/span><\/div>\n<div class=\"style-scope ytd-playlist-sidebar-primary-info-renderer\"><span class=\"style-scope yt-formatted-string\" dir=\"auto\">2. Conceptos b\u00e1sicos <\/span><\/div>\n<div class=\"style-scope ytd-playlist-sidebar-primary-info-renderer\"><span class=\"style-scope yt-formatted-string\" dir=\"auto\">3. C\u00f3mo hacer una investigaci\u00f3n de an\u00e1lisis de redes <\/span><\/div>\n<div class=\"style-scope ytd-playlist-sidebar-primary-info-renderer\"><span class=\"style-scope yt-formatted-string\" dir=\"auto\">4. Preparaci\u00f3n de los datos <\/span><\/div>\n<div class=\"style-scope ytd-playlist-sidebar-primary-info-renderer\"><span class=\"style-scope yt-formatted-string\" dir=\"auto\">5. M\u00e9tricas (indicadores) de an\u00e1lisis de redes (34 v\u00eddeos) <\/span><\/div>\n<\/li>\n<\/ul>\n<hr \/>\n<ul>\n<li>Comparaci\u00f3n de <strong>redes personales<\/strong> recogidas con <a href=\"https:\/\/sourceforge.net\/projects\/egonet\/\">EgoNet <\/a>y <a href=\"http:\/\/visone.info\/wiki\/index.php\/Personal_networks_(tutorial)\">clustered graphs<\/a>:\n<ul>\n<li>Pr\u00e1ctica de comparaci\u00f3n de dos redes personales.\n<ol>\n<li><span style=\"font-style: normal\"><a href=\"http:\/\/pagines.uab.cat\/joseluismolina\/sites\/pagines.uab.cat.joseluismolina\/files\/pr\u00e1ctica_grafos_agrupados_casos_individuales.pdf\">Pr\u00e1ctica I<\/a>. <\/span><\/li>\n<li><span style=\"font-style: normal\"><a href=\"http:\/\/pagines.uab.cat\/joseluismolina\/sites\/pagines.uab.cat.joseluismolina\/files\/comparacio_individual.7z\">Fichero zip con los datos<\/a>. <\/span><\/li>\n<li><span style=\"font-style: normal\"><a href=\"https:\/\/vimeo.com\/215394108\">Videotutorial<\/a>.<\/span><\/li>\n<\/ol>\n<\/li>\n<li>Pr\u00e1ctica de comparaci\u00f3n de dos comunidades (a trav\u00e9s de la media).\n<ol>\n<li><span style=\"font-family: Arial;font-size: normal\"><a href=\"http:\/\/pagines.uab.cat\/joseluismolina\/sites\/pagines.uab.cat.joseluismolina\/files\/pr\u00e1ctica_grafos_agrupados_comunidades.pdf\">Pr\u00e1ctica II<\/a>.<\/span><\/li>\n<li><span style=\"font-family: Arial;font-size: normal\"><a href=\"http:\/\/pagines.uab.cat\/joseluismolina\/sites\/pagines.uab.cat.joseluismolina\/files\/comparacio_comunitats.7z\">Fichero zip con los datos<\/a>. <\/span><\/li>\n<li><a href=\"https:\/\/vimeo.com\/215533211\">Videotutorial<\/a>.<\/li>\n<\/ol>\n<\/li>\n<\/ul>\n<\/li>\n<\/ul>\n<hr \/>\n<ul>\n<li><a href=\"http:\/\/Lada%20Adamic\">Lada Adamic\u00a0<\/a>(<a class=\"c-coursePage-sidebar-instructor-university\" href=\"https:\/\/www.coursera.org\/umich\">University of Michigan<\/a>) imparte un curso de Social Network Analysis gratis en <a href=\"https:\/\/www.coursera.org\/course\/sna\" target=\"_blank\" rel=\"noopener noreferrer\">Coursera<\/a>:\u00a0[youtube]https:\/\/www.youtube.com\/watch?v=AJGGiAb47S4[\/youtube]<\/li>\n<li><a class=\"c-coursePage-sidebar-instructor-name\" href=\"https:\/\/www.coursera.org\/instructor\/rdpeng\">Roger D. Peng, PhD<\/a>\u00a0(<a class=\"c-coursePage-sidebar-instructor-university\" href=\"https:\/\/www.coursera.org\/jhu\">Johns Hopkins University<\/a>) imparte un curso sobre R gratis en\u00a0 <a href=\"https:\/\/www.coursera.org\/course\/rprog\" target=\"_blank\" rel=\"noopener noreferrer\">Coursera<\/a>.<\/li>\n<li>\u00a0egolab-GRAFO (UAB) organiza cada a\u00f1o un <em>Summer Course on Personal Network Analysis<\/em>. Visita la <a href=\"http:\/\/grupsderecerca.uab.cat\/egolab\/content\/summer-course-2015\" target=\"_blank\" rel=\"noopener noreferrer\">web <\/a>para m\u00e1s informaci\u00f3n y materiales. Puede visitar tambi\u00e9n la p\u00e1gina de<a href=\"https:\/\/www.facebook.com\/pages\/Personal-Networks-Summer-Course-2015-UAB\/941548232535001?fref=ts\" target=\"_blank\" rel=\"noopener noreferrer\"> Facebook<\/a> de la edici\u00f3n de 2015.<\/li>\n<\/ul>\n<p>&nbsp;<\/p>\n","protected":false},"excerpt":{"rendered":"<p>Aqu\u00ed encontrar\u00e1s algunos recursos de inter\u00e9s: Sesiones impartidas por Isidro Maya Jariego: El estudio de las redes personales Breve introducci\u00f3n al an\u00e1lisis de redes sociales Video curso de Juli\u00e1n C\u00e1rdenas, Introducci\u00f3n al an\u00e1lisis de redes sociales. 1. Introducci\u00f3n 2. Conceptos b\u00e1sicos 3. C\u00f3mo hacer una investigaci\u00f3n de an\u00e1lisis de redes 4. Preparaci\u00f3n de los datos [&hellip;]<\/p>\n","protected":false},"author":134,"featured_media":0,"parent":63,"menu_order":7,"comment_status":"open","ping_status":"closed","template":"","meta":{"footnotes":""},"class_list":["post-125","page","type-page","status-publish","hentry"],"_links":{"self":[{"href":"https:\/\/webs.uab.cat\/redes\/wp-json\/wp\/v2\/pages\/125","targetHints":{"allow":["GET"]}}],"collection":[{"href":"https:\/\/webs.uab.cat\/redes\/wp-json\/wp\/v2\/pages"}],"about":[{"href":"https:\/\/webs.uab.cat\/redes\/wp-json\/wp\/v2\/types\/page"}],"author":[{"embeddable":true,"href":"https:\/\/webs.uab.cat\/redes\/wp-json\/wp\/v2\/users\/134"}],"replies":[{"embeddable":true,"href":"https:\/\/webs.uab.cat\/redes\/wp-json\/wp\/v2\/comments?post=125"}],"version-history":[{"count":0,"href":"https:\/\/webs.uab.cat\/redes\/wp-json\/wp\/v2\/pages\/125\/revisions"}],"up":[{"embeddable":true,"href":"https:\/\/webs.uab.cat\/redes\/wp-json\/wp\/v2\/pages\/63"}],"wp:attachment":[{"href":"https:\/\/webs.uab.cat\/redes\/wp-json\/wp\/v2\/media?parent=125"}],"curies":[{"name":"wp","href":"https:\/\/api.w.org\/{rel}","templated":true}]}}