{"id":136,"date":"2015-07-23T11:44:37","date_gmt":"2015-07-23T11:44:37","guid":{"rendered":"http:\/\/blogs.uab.cat\/redes\/?page_id=136"},"modified":"2026-04-30T17:05:23","modified_gmt":"2026-04-30T15:05:23","slug":"cursos-de-redes-sociales","status":"publish","type":"page","link":"https:\/\/webs.uab.cat\/redes\/cursos-de-redes-sociales\/","title":{"rendered":"Cursos"},"content":{"rendered":"<hr \/>\n<p><a href=\"https:\/\/www.enredando2019.org\/\"><img loading=\"lazy\" decoding=\"async\" class=\"size-medium wp-image-542 alignleft\" src=\"https:\/\/webs.uab.cat\/redes\/wp-content\/uploads\/sites\/187\/2017\/04\/uleon-300x168.png\" alt=\"\" width=\"300\" height=\"168\" srcset=\"https:\/\/webs.uab.cat\/redes\/wp-content\/uploads\/sites\/187\/2017\/04\/uleon-300x168.png 300w, https:\/\/webs.uab.cat\/redes\/wp-content\/uploads\/sites\/187\/2017\/04\/uleon-1024x574.png 1024w, https:\/\/webs.uab.cat\/redes\/wp-content\/uploads\/sites\/187\/2017\/04\/uleon-768x431.png 768w, https:\/\/webs.uab.cat\/redes\/wp-content\/uploads\/sites\/187\/2017\/04\/uleon-1536x861.png 1536w, https:\/\/webs.uab.cat\/redes\/wp-content\/uploads\/sites\/187\/2017\/04\/uleon-1200x673.png 1200w, https:\/\/webs.uab.cat\/redes\/wp-content\/uploads\/sites\/187\/2017\/04\/uleon.png 1776w\" sizes=\"auto, (max-width: 300px) 100vw, 300px\" \/>V Workshop de investigaci\u00f3n en An\u00e1lisis de Redes Sociales (ARS) <\/a><\/p>\n<p class=\"margin-5-5 no-margin-bottom no-margin-rl text-large text-gray-dark-2\">El pr\u00f3ximo 8, 9 y 10 de julio, 2019, tendr\u00e1 lugar el V Summer Course y V Workshop de Investigaci\u00f3n en ARS y Salud <b>\u201cEn-REDando en el Camino de Santiago\u201d<\/b>. La esencia del summer est\u00e1 consolidada: sumar masa investigadora en ARS, cohesionar las relaciones de los asistentes y mantener viva la curiosidad por explicar la realidad social desde una perspectiva de estructura y de conectividad.<\/p>\n<p>Incluimos ponencias, workshop y presentaci\u00f3n y discusi\u00f3n de investigaciones finalizadas o en curso. A este contexto sumamos la magia del Camino. Los \u201ccaminos\u201d son unos de los constructos a estudio en el ARS, y por ello forman parte de nuestro programa, dado que caminando conectamos y compartimos, creando una nueva red. Para esta convocatoria contamos con Jose Luis Molina y Mari Luz Congosto para hablarnos de lo micro y lo macro, Estrella Gualda que desgranar\u00e1 la pregunta de investigaci\u00f3n y la met\u00e1fora del ARS, Gloria \u00c1lvarez para abordar el ARS en las redes digitales, y Hanna K\u00f3nya para entrenarnos en aquellos an\u00e1lisis estad\u00edsticos m\u00e1s adecuados para la investigaci\u00f3n con ARS.\u00a0<\/p>\n<hr \/>\n<p><img decoding=\"async\" src=\"https:\/\/webs.uab.cat\/redes\/wp-content\/uploads\/sites\/187\/2017\/01\/LogoRedes21a.gif\" alt=\"https:\/\/webs.uab.cat\/redes\/wp-content\/uploads\/sites\/187\/2017\/01\/LogoRedes21a.gif\" \/><\/p>\n<h1><span style=\"color: #000000\"><a style=\"color: #000000\" href=\"http:\/\/blogs.uab.cat\/redes\/2017\/01\/10\/1a-escola-luso-brasileira-de-analise-de-redes-sociais-3-a-8-de-julho-em-lisboa-e-de-10-a-15-de-julho-em-brasilia\/\" rel=\"bookmark\">1\u00aa Escola Luso-brasileira de An\u00e1lise de Redes Sociais. 3 a 8 de Julho em Lisboa e de 10 a 15 de Julho em Brasilia<\/a><\/span><\/h1>\n<p>A Escola funcionar\u00e1 em formato de m\u00f3dulos:<\/p>\n<ul>\n<li>Introdu\u00e7\u00e3o \u00e0 ARS;<\/li>\n<li>Estat\u00edstica de redes sociais: P models;<\/li>\n<li>ARS aplicado aos media sociais;<\/li>\n<li>Ego-redes;<\/li>\n<li>Introdu\u00e7\u00e3o \u00e0 programa\u00e7\u00e3o em R;<\/li>\n<li>An\u00e1lise bibliom\u00e9trica.<\/li>\n<\/ul>\n<p>A equipa portuguesa: Marta Varanda, In\u00eas Amaral, Ant\u00f3nio Santos, Jo\u00e3o Daniel e Isidro Maya Jariego. A equipa brasileira: Ricardo Sampaio, Charles Kirschbaum, Jorge Fernandes, Bruna Fonseca e Silvio Higgins. <a href=\"http:\/\/grupsderecerca.uab.cat\/egolab\/content\/9th-summer-course-theory-methods-and-applications-personal-networks-2-ects\"><img loading=\"lazy\" decoding=\"async\" class=\"alignnone size-medium wp-image-482\" src=\"https:\/\/webs.uab.cat\/redes\/wp-content\/uploads\/sites\/187\/2016\/11\/image018-300x173.png\" alt=\"image018\" width=\"300\" height=\"173\" srcset=\"https:\/\/webs.uab.cat\/redes\/wp-content\/uploads\/sites\/187\/2016\/11\/image018-300x173.png 300w, https:\/\/webs.uab.cat\/redes\/wp-content\/uploads\/sites\/187\/2016\/11\/image018.png 427w\" sizes=\"auto, (max-width: 300px) 100vw, 300px\" \/><\/a><\/p>\n<div class=\"region region-content\">\n<div id=\"block-system-main\" class=\"block block-system clearfix\">\n<div class=\"content\">\n<article id=\"node-204\" class=\"node node-page node-promoted node-sticky und clearfix\">\n<div class=\"node-main-content full-width\">\n<div class=\"content\">\n<div class=\"field field-name-body field-type-text-with-summary field-label-hidden\">\n<div class=\"field-items\">\n<div class=\"field-item even\"><strong>International summer course &#8220;<a href=\"http:\/\/grupsderecerca.uab.cat\/egolab\/content\/9th-summer-course-theory-methods-and-applications-personal-networks-2-ects\">Theory, Methods and Applications of Personal Networks<\/a>&#8221; in Barcelona (2 ECTS*), July 3-7, 2017 <\/strong> The aim of this summer course is to enable graduate students and researchers in the social sciences to create, compare and critique personal network research designs. The course is a mix of lectures and\u00a0computer sessions. On the first morning, we will discuss the basic definitions and central concepts in personal network research and we will briefly relate personal networks (sometimes called <a href=\"http:\/\/dx.doi.org\/10.4135\/9781412994170.n98\">egocentric networks<\/a>) with various theoretical streams in the social sciences. This will give students an understanding of the different requirements that researchers may pose to their designs or instruments. We will then introduce the basic steps of measurement of personal networks. The second morning is focused on delineating the networks. Students will be introduced to the variety of name generators and alternative approaches used in the social sciences, which will be compared with respect to contents, the characteristics of the measured networks and ties, the reliability and validity of the measures, and respondent burden. On the third morning, we will discuss the measurement of basic name interpreters, such as tie strength, roles, and geographical locations, and the measurement of network structure. On the fourth day, we will discuss the statistical analysis of personal networks\u00a0with R, and the fifth day is dedicated to qualitative analysis. The\u00a0participants will have ample opportunity to discuss their own research projects using personal networks.<a href=\"http:\/\/grupsderecerca.uab.cat\/egolab\/content\/9th-summer-course-theory-methods-and-applications-personal-networks-2-ects\"> +<\/a><\/div>\n<\/div>\n<\/div>\n<\/div>\n<\/div>\n<\/article>\n<\/div>\n<\/div>\n<\/div>\n<p>The preliminary program can be found <a href=\"http:\/\/grupsderecerca.uab.cat\/egolab\/content\/9th-summer-course-theory-methods-and-applications-personal-networks-2-ects\">here<\/a>.<\/p>\n<hr \/>\n<p><strong><a href=\"https:\/\/webs.uab.cat\/redes\/wp-content\/uploads\/sites\/187\/2015\/07\/uc3m-1.png\" rel=\"attachment wp-att-392\"><img loading=\"lazy\" decoding=\"async\" class=\"alignnone size-medium wp-image-392\" src=\"https:\/\/webs.uab.cat\/redes\/wp-content\/uploads\/sites\/187\/2015\/07\/uc3m-1-300x174.png\" alt=\"uc3m\" width=\"300\" height=\"174\" srcset=\"https:\/\/webs.uab.cat\/redes\/wp-content\/uploads\/sites\/187\/2015\/07\/uc3m-1-300x174.png 300w, https:\/\/webs.uab.cat\/redes\/wp-content\/uploads\/sites\/187\/2015\/07\/uc3m-1.png 601w\" sizes=\"auto, (max-width: 300px) 100vw, 300px\" \/><\/a><\/strong><\/p>\n<p><strong><span style=\"font-size: small\">Curso de<a href=\"http:\/\/indem.es\/portfolio-posts\/introduccion-analisis-redes-sociales\/\" target=\"_blank\" rel=\"noopener noreferrer\"> Introducci\u00f3n al An\u00e1lisis de Redes Sociales<\/a> organizado por el INDEM, instituci\u00f3n adscrita a la Universidad Carlos III de Madrid (UC3M).<\/span><\/strong> El curso se desarrollar\u00e1 en el\u00a0 Campus de Getafe de la UC3M del d\u00eda 4 a 7 de julio de 2016 de 9:30 a 14:30 Est\u00e1 dirigido a estudiantes, investigadores y profesionales de distintos campos que tengan experiencia en an\u00e1lisis de datos y est\u00e9n interesados en introducirse de forma pr\u00e1ctica en la metodolog\u00eda de ARS para aplicarla en sus investigaciones (TFGs, TFMs, Tesis doctorales&#8230;) y proyectos profesionales <span style=\"font-size: small\">M\u00e1s detalles sobre el programa del curso y los profesores del curso (Mar\u00eda Antonia Ovalle, Miguel del Fresno,\u00a0 Esteban Moro y Gloria \u00c1lvarez)\u00a0 en <a href=\"http:\/\/www.indem.es\/folleto\/folleto_intro_analisis_rrss.pdf\" target=\"_blank\" rel=\"noopener noreferrer\">http:\/\/www.indem.es\/folleto\/folleto_intro_analisis_rrss.pdf<\/a><\/span> \u00a0<\/p>\n<hr \/>\n<p><a href=\"https:\/\/webs.uab.cat\/redes\/wp-content\/uploads\/sites\/187\/2015\/12\/diplomatura_redes_sociales.png\"><img loading=\"lazy\" decoding=\"async\" class=\"alignnone size-medium wp-image-342\" src=\"https:\/\/webs.uab.cat\/redes\/wp-content\/uploads\/sites\/187\/2015\/12\/diplomatura_redes_sociales-300x180.png\" alt=\"diplomatura_redes_sociales\" width=\"300\" height=\"180\" srcset=\"https:\/\/webs.uab.cat\/redes\/wp-content\/uploads\/sites\/187\/2015\/12\/diplomatura_redes_sociales-300x180.png 300w, https:\/\/webs.uab.cat\/redes\/wp-content\/uploads\/sites\/187\/2015\/12\/diplomatura_redes_sociales-768x461.png 768w, https:\/\/webs.uab.cat\/redes\/wp-content\/uploads\/sites\/187\/2015\/12\/diplomatura_redes_sociales.png 921w\" sizes=\"auto, (max-width: 300px) 100vw, 300px\" \/><\/a><\/p>\n<p>La Universidad de Cuyo ofrece una <a href=\"http:\/\/www.unidiversidad.com.ar\/novedades\/index\/inscriben-para-diplomatura-en-analisis-de-redes-sociales?utm_source=noticiasuncuyo&amp;utm_medium=mail&amp;utm_campaign=prensa\">Diplomatura en an\u00e1lisis de redes sociales<\/a>, impulsada por Alejandro Paredes. El cuerpo docente est\u00e1 formado por Dr. Alejandro Paredes (Uncuyo &#8211; CONICET), Dra. Laura Teves (UNLP), Dr. Juan Pablo Ferreiro (UNJujuy &#8211; CONICET), Dr. Federico Fern\u00e1ndez (UNJujuy CONICET), Dr. Jos\u00e9 Manuel Gaete (U. de Los Lagos &#8211; CONICYT), Mg. Lorena Pasarin (UNLP &#8211; CONICET) y Lic. Jos\u00e9 Mar\u00eda Vitaliti (UNCuyo &#8211; UDA). Las clases comienzan en abril de 2016 en modalidad semipresencial. Estar\u00e1 compuesta por 4 m\u00f3dulos. Cada uno se dictar\u00e1 en dos encuentros (uno por mes) cuyo cursado ser\u00e1 viernes de 18 a 22 horas y s\u00e1bados de 8 a 13 horas. La carga horaria total es de 144 hs. Para m\u00e1s informaci\u00f3n escribir a: <a href=\"mailto:diplomaturas@feeye.uncu.edu.ar\">diplomaturas@feeye.uncu.edu.ar<\/a> Tel. 54-0261 4135000 &#8211; Interno 1451.<\/p>\n<ul>\n<li><b><\/b><strong><span lang=\"ES-AR\">An\u00e1lisis de Redes Sociales (ARS) para el abordaje de problem\u00e1ticas actuales<\/span><\/strong><\/li>\n<\/ul>\n<blockquote>\n<p style=\"text-align: left\">La Secretar\u00eda de Posgrado de la Facultad de Ciencias Naturales y Museo informa que se encuentra abierta la inscripci\u00f3n para el siguiente curso de Posgrado: An\u00e1lisis de Redes Sociales (ARS) para el abordaje de problem\u00e1ticas actuales.<\/p>\n<p style=\"text-align: left\">\u00a0<\/p>\n<\/blockquote>\n<ul>\n<li class=\"x_moz-forward-container\"><b><span lang=\"ES-AR\"> <small>Dictado por: Dra. Laura Teves<\/small><\/span><\/b><\/li>\n<li class=\"x_moz-forward-container\"><span lang=\"ES-AR\"><small><b>Fecha<\/b>: 19 al 23 de octubre<\/small><\/span><\/li>\n<li class=\"x_moz-forward-container\"><span lang=\"ES-AR\"><small><b>Horario<\/b>: 9 a 17hs<\/small><\/span><\/li>\n<li class=\"x_moz-forward-container\"><span lang=\"ES-AR\"><small><b>Duraci\u00f3n<\/b>: 60 horas<\/small><\/span><\/li>\n<li class=\"x_moz-forward-container\"><span lang=\"ES-AR\"><small><b>Modalidad<\/b>: Presencial con evaluaci\u00f3n final<\/small><\/span><\/li>\n<li style=\"text-align: left\"><span lang=\"ES-AR\"><small><b>Lugar<\/b>: FCNyM <b>Mas informaci\u00f3n en<\/b>: <\/small><\/span><b><span style=\"color: #000000;font-size: large\"><small><a href=\"http:\/\/www.fcnym.unlp.edu.ar\/postgrado\/verCurso.php?id=2957\" target=\"_blank\" rel=\"noopener noreferrer\">http:\/\/www.fcnym.unlp.edu.ar\/postgrado\/verCurso.php?id=2957<\/a><\/small><\/span><\/b><\/li>\n<\/ul>\n<p>\u00a0<\/p>\n<hr \/>\n<p><a href=\"https:\/\/drive.google.com\/file\/d\/0B1NfrSlHz9uJUlhTd2FEdnFwRU0\/view?usp=sharing\" target=\"_blank\" rel=\"noopener noreferrer\"><img loading=\"lazy\" decoding=\"async\" class=\"aligncenter wp-image-319\" src=\"https:\/\/webs.uab.cat\/redes\/wp-content\/uploads\/sites\/187\/2015\/07\/Screen-Shot-2015-09-05-at-15.11.12-300x138.png\" alt=\"Screen Shot 2015-09-05 at 15.11.12\" width=\"324\" height=\"156\" \/><\/a><\/p>\n<ul>\n<li><b><span style=\"color: #000000;font-size: large\">2\u00b0\u00a0Seminario Internacional de An\u00e1lisis de Redes Sociales (ARS) <b>&#8211;<\/b> 22-23 de abril de 2016, en Lima, Per\u00fa.\u00a0<\/span><\/b><\/li>\n<\/ul>\n<blockquote>\n<p>El objetivo de este II Seminario Internacional de An\u00e1lisis de Redes es convocar a investigadores iberoamericanos para compartir los resultados de sus investigaciones y difundir sus principals temas, conceptos y m\u00e9todos de estudio en el marco del fortalecimiento de la comunidad de investigadores de an\u00e1lisis de redes sociales en iberoam\u00e9rica. En esta l\u00ednea, las ponencias que se presenten servir\u00e1n de base para la publicacion de un volumen acad\u00e9mico sobre el an\u00e1lisis de redes sociales en Am\u00e9rica Latina. \u00a0<\/p>\n<p>\u00a0<\/p>\n<hr \/>\n<\/blockquote>\n<p style=\"text-align: center\"><b><span style=\"color: #000000;font-size: large\"><a href=\"https:\/\/drive.google.com\/file\/d\/0B40CZugY7YbCcFIzM1hnaEZaeHY0RVpPWW5aVnh4WW44UjBB\/view?usp=sharing\" target=\"_blank\" rel=\"noopener noreferrer\"><img loading=\"lazy\" decoding=\"async\" class=\"aligncenter wp-image-269 size-medium\" src=\"https:\/\/webs.uab.cat\/redes\/wp-content\/uploads\/sites\/187\/2015\/07\/Cartaz_EscolaVeraoARS_Setembro2015-300x209.jpg\" alt=\"Cartaz_EscolaVeraoARS_Setembro2015\" width=\"300\" height=\"209\" srcset=\"https:\/\/webs.uab.cat\/redes\/wp-content\/uploads\/sites\/187\/2015\/07\/Cartaz_EscolaVeraoARS_Setembro2015-300x209.jpg 300w, https:\/\/webs.uab.cat\/redes\/wp-content\/uploads\/sites\/187\/2015\/07\/Cartaz_EscolaVeraoARS_Setembro2015.jpg 704w\" sizes=\"auto, (max-width: 300px) 100vw, 300px\" \/><\/a><\/span><\/b><b><span style=\"color: #000000;font-size: large\">\u00a0<\/span><\/b><\/p>\n<ul>\n<li style=\"text-align: left\"><b><span style=\"color: #000000;font-size: large\">La <a href=\"http:\/\/pascal.iseg.ulisboa.pt\/~socius\/formacao\/Escola.Verao.2015.shtml\" target=\"_blank\" rel=\"noopener noreferrer\">VII Escola de Ver\u00e3o em An\u00e1lise de Redes Sociais<\/a>, coordinado por <strong>Marta Pedro Varanda<\/strong>\u00a0(ISEG-ULisboa), se celebrar\u00e1 del 14 al 24 de<b> <\/b>septiembre de 2015 en el\u00a0<\/span><\/b><b><span style=\"color: #000000;font-size: large\"><a href=\"http:\/\/pascal.iseg.ulisboa.pt\/~socius\/formacao\/Escola.Verao.2015.shtml\" target=\"_blank\" rel=\"noopener noreferrer\">ISEG, Lisboa<\/a>\u00a0:\u00a0<\/span><\/b><\/li>\n<\/ul>\n<blockquote>\n<p>A <strong><a href=\"http:\/\/pascal.iseg.ulisboa.pt\/~socius\/formacao\/Escola.Verao.2015.shtml\" target=\"_blank\" rel=\"noopener noreferrer\">Escola de Ver\u00e3o de An\u00e1lise de Redes Sociais<\/a><\/strong> \u00e9 um curso intensivo dedicado a aspectos te\u00f3ricos e aplica\u00e7\u00f5es de an\u00e1lise de redes sociais. Todos os fen\u00f3menos sociais t\u00eam como unidade base a rela\u00e7\u00e3o, logo o enfoque no ator sem enfoque direto na rela\u00e7\u00e3o \u00e9 uma vis\u00e3o limitada dos fen\u00f3menos sociais. Sabe-se que o padr\u00e3o de intera\u00e7\u00f5es sociais em que estamos inseridos t\u00eam consequ\u00eancias importantes para n\u00f3s, por exemplo no que respeita a nossa capacidade de inovar, de obter apoio social ou informa\u00e7\u00e3o. Sabe-se tamb\u00e9m que o padr\u00e3o de intera\u00e7\u00f5es de um coletivo tem efeito sobre a din\u00e2mica desse coletivo, por exemplo na difus\u00e3o de inova\u00e7\u00f5es, na mobiliza\u00e7\u00e3o de pessoas, no surgimento de conflitos, etc. A an\u00e1lise das redes de um sistema social permite detetar de forma rigorosa e sistem\u00e1tica regularidades sociais (ou padr\u00f5es de intera\u00e7\u00e3o): porque ocorrem? Quais as suas consequ\u00eancias? Este curso destina-se a estudantes de 2\u00ba e 3\u00ba ciclo, investigadores, docentes universit\u00e1rios e quadros de empresas e da administra\u00e7\u00e3o p\u00fablica.<\/p>\n<hr \/>\n<\/blockquote>\n<p style=\"text-align: center\"><b><span style=\"color: #000000;font-size: large\"><a href=\"https:\/\/evoluntas.files.wordpress.com\/2015\/07\/2nd-summer-seminar.jpg\" target=\"_blank\" rel=\"noopener noreferrer\"><img loading=\"lazy\" decoding=\"async\" class=\" wp-image-198 aligncenter\" src=\"https:\/\/webs.uab.cat\/redes\/wp-content\/uploads\/sites\/187\/2015\/07\/Screen-Shot-2015-07-24-at-16.04.14-300x119.png\" alt=\"Screen Shot 2015-07-24 at 16.04.14\" width=\"322\" height=\"135\" \/><\/a><\/span><\/b><\/p>\n<ul>\n<li style=\"text-align: left\"><b><span style=\"color: #000000;font-size: large\">The <a href=\"https:\/\/evoluntas.wordpress.com\/2015\/07\/10\/2nd-summer-seminar-on-social-network-analysis\/\" target=\"_blank\" rel=\"noopener noreferrer\">2\u00b0 Summer Seminar on Social Network Analysis<\/a> will be held from\u00a0<\/span><\/b><b><span style=\"color: #000000;font-size: large\">10-14 Agosto 2015, at the\u00a0<\/span><\/b><b><span style=\"color: #000000;font-size: large\">Laboratorio de Redes Sociales y Personales,\u00a0<\/span><\/b><b><span style=\"color: #000000;font-size: large\"><a href=\"http:\/\/www.uaa.mx\" target=\"_blank\" rel=\"noopener noreferrer\">Universidad Autonoma de Aguascalientes, M\u00e9xico<\/a>:\u00a0<\/span><\/b><\/li>\n<\/ul>\n<blockquote>\n<p>Del 10 al 14 de agosto, tendr\u00e1 lugar en la\u00a0<a href=\"http:\/\/www.uaa.mx\/\" target=\"_blank\" rel=\"noopener noreferrer\">Universidad Aut\u00f3noma de Aguascalientes<\/a>\u00a0(M\u00e9xico) el\u00a0<strong>2nd Summer Seminar on Social Network Analysis<\/strong>. Este seminario, organizado por el Laboratorio de Redes Sociales y\u00a0Personales del\u00a0<a href=\"http:\/\/www.uaa.mx\/centros\/ccsh\/\" target=\"_blank\" rel=\"noopener noreferrer\">Centro de Ciencias Sociales y Humanidades<\/a>, con el impulso de\u00a0<strong>Alejandro Garc\u00eda Mac\u00edas<\/strong>, contar\u00e1 con la participaci\u00f3n de investigadores mexicanos e internacionales como Alejandro A. Ru\u00edz y Nina Jung (<a href=\"http:\/\/www.iimas.unam.mx\/\" target=\"_blank\" rel=\"noopener noreferrer\">IMAAS-UNAM<\/a>), Carlos Contreras (<a href=\"http:\/\/www.csh-iztapalapa.uam.mx\/\" target=\"_blank\" rel=\"noopener noreferrer\">UAM-I<\/a>), Juan Mach\u00edn (<a href=\"http:\/\/caritas.laneta.apc.org\/\" target=\"_blank\" rel=\"noopener noreferrer\">CAFAC<\/a>) o Markus Gamper (<a href=\"http:\/\/www.hf.uni-koeln.de\/index.php?id=30484\" target=\"_blank\" rel=\"noopener noreferrer\">Universidad de Colonia<\/a>).<\/p>\n<\/blockquote>\n<hr \/>\n","protected":false},"excerpt":{"rendered":"<p>V Workshop de investigaci\u00f3n en An\u00e1lisis de Redes Sociales (ARS) El pr\u00f3ximo 8, 9 y 10 de julio, 2019, tendr\u00e1 lugar el V Summer Course y V Workshop de Investigaci\u00f3n en ARS y Salud \u201cEn-REDando en el Camino de Santiago\u201d. La esencia del summer est\u00e1 consolidada: sumar masa investigadora en ARS, cohesionar las relaciones de [&hellip;]<\/p>\n","protected":false},"author":134,"featured_media":0,"parent":0,"menu_order":4,"comment_status":"open","ping_status":"closed","template":"","meta":{"footnotes":""},"class_list":["post-136","page","type-page","status-publish","hentry"],"_links":{"self":[{"href":"https:\/\/webs.uab.cat\/redes\/wp-json\/wp\/v2\/pages\/136","targetHints":{"allow":["GET"]}}],"collection":[{"href":"https:\/\/webs.uab.cat\/redes\/wp-json\/wp\/v2\/pages"}],"about":[{"href":"https:\/\/webs.uab.cat\/redes\/wp-json\/wp\/v2\/types\/page"}],"author":[{"embeddable":true,"href":"https:\/\/webs.uab.cat\/redes\/wp-json\/wp\/v2\/users\/134"}],"replies":[{"embeddable":true,"href":"https:\/\/webs.uab.cat\/redes\/wp-json\/wp\/v2\/comments?post=136"}],"version-history":[{"count":4,"href":"https:\/\/webs.uab.cat\/redes\/wp-json\/wp\/v2\/pages\/136\/revisions"}],"predecessor-version":[{"id":1174,"href":"https:\/\/webs.uab.cat\/redes\/wp-json\/wp\/v2\/pages\/136\/revisions\/1174"}],"wp:attachment":[{"href":"https:\/\/webs.uab.cat\/redes\/wp-json\/wp\/v2\/media?parent=136"}],"curies":[{"name":"wp","href":"https:\/\/api.w.org\/{rel}","templated":true}]}}