{"id":487,"date":"2016-11-09T12:09:16","date_gmt":"2016-11-09T12:09:16","guid":{"rendered":"http:\/\/blogs.uab.cat\/redes\/?page_id=487"},"modified":"2016-11-09T12:09:16","modified_gmt":"2016-11-09T12:09:16","slug":"textos-publicaciones","status":"publish","type":"page","link":"https:\/\/webs.uab.cat\/redes\/archive\/textos-publicaciones\/","title":{"rendered":"Textos &amp; publicaciones"},"content":{"rendered":"<ul>\n<li>N. Aguilar Gallegos, E. G. Mart\u00ednez Gonz\u00e1lez, J. Aguilar \u00c1vila (2017). <em><a href=\"http:\/\/revista-redes.rediris.es\/webredes\/Conceptos_clave_ARS.pdf\">An\u00e1lisis de redes sociales: Conceptos clave y c\u00e1lculo de indicadores<\/a>. <\/em>Universidad Aut\u00f3noma Chapingo.<\/li>\n<li>Ilana M\u00e9ndez Castrej\u00f3n, Ulises Hern\u00e1ndez Ramos, H\u00e9ctor Mart\u00ednez Guerrero y Gilberto Parra Huerta (2016). <a href=\"https:\/\/webs.uab.cat\/redes\/wp-content\/uploads\/sites\/187\/2016\/11\/Articulo-Econ-Inf-Final-CG.pdf\">Litigios por infracci\u00f3n de patentes en la industria automotriz: un an\u00e1lisis en el marco de la complejidad tecnol\u00f3gica internacional<\/a>, 2005-2015.<\/li>\n<\/ul>\n","protected":false},"excerpt":{"rendered":"<p>N. Aguilar Gallegos, E. G. Mart\u00ednez Gonz\u00e1lez, J. Aguilar \u00c1vila (2017). An\u00e1lisis de redes sociales: Conceptos clave y c\u00e1lculo de indicadores. Universidad Aut\u00f3noma Chapingo. Ilana M\u00e9ndez Castrej\u00f3n, Ulises Hern\u00e1ndez Ramos, H\u00e9ctor Mart\u00ednez Guerrero y Gilberto Parra Huerta (2016). Litigios por infracci\u00f3n de patentes en la industria automotriz: un an\u00e1lisis en el marco de la complejidad [&hellip;]<\/p>\n","protected":false},"author":134,"featured_media":0,"parent":58,"menu_order":8,"comment_status":"closed","ping_status":"closed","template":"","meta":{"footnotes":""},"class_list":["post-487","page","type-page","status-publish","hentry"],"_links":{"self":[{"href":"https:\/\/webs.uab.cat\/redes\/wp-json\/wp\/v2\/pages\/487","targetHints":{"allow":["GET"]}}],"collection":[{"href":"https:\/\/webs.uab.cat\/redes\/wp-json\/wp\/v2\/pages"}],"about":[{"href":"https:\/\/webs.uab.cat\/redes\/wp-json\/wp\/v2\/types\/page"}],"author":[{"embeddable":true,"href":"https:\/\/webs.uab.cat\/redes\/wp-json\/wp\/v2\/users\/134"}],"replies":[{"embeddable":true,"href":"https:\/\/webs.uab.cat\/redes\/wp-json\/wp\/v2\/comments?post=487"}],"version-history":[{"count":0,"href":"https:\/\/webs.uab.cat\/redes\/wp-json\/wp\/v2\/pages\/487\/revisions"}],"up":[{"embeddable":true,"href":"https:\/\/webs.uab.cat\/redes\/wp-json\/wp\/v2\/pages\/58"}],"wp:attachment":[{"href":"https:\/\/webs.uab.cat\/redes\/wp-json\/wp\/v2\/media?parent=487"}],"curies":[{"name":"wp","href":"https:\/\/api.w.org\/{rel}","templated":true}]}}