{"id":65,"date":"2015-07-21T12:42:00","date_gmt":"2015-07-21T12:42:00","guid":{"rendered":"http:\/\/blogs.uab.cat\/redes\/?page_id=65"},"modified":"2015-07-21T12:42:00","modified_gmt":"2015-07-21T12:42:00","slug":"forum","status":"publish","type":"page","link":"https:\/\/webs.uab.cat\/redes\/forum\/","title":{"rendered":"Forum"},"content":{"rendered":"<p><strong><a href=\"http:\/\/www.redes-sociales.net\">Redes<\/a><\/strong><strong>, la lista de distribuci\u00f3n en lengua hispana sobre el an\u00e1lisis de redes sociales.<\/strong><\/p>\n<blockquote><p>&#8220;La misi\u00f3n de esta lista de distribuci\u00f3n es\u00a0<em>facilitar la difusi\u00f3n de los m\u00e9todos y t\u00e9cnicas del an\u00e1lisis de redes sociales en el mundo de habla hispana<\/em>.&#8221;<\/p><\/blockquote>\n<p><strong>\u00bfC\u00f3mo puedo darme de alta?<\/strong><\/p>\n<p>Enviando un mensaje a\u00a0<a href=\"mailto:listserv@listserv.rediris.es\">listserv@listserv.rediris.es<\/a>\u00a0 con la siguiente sentencia en el cuerpo de tu correo electr\u00f3nico:<\/p>\n<ul>\n<li>subscribe redes <a href=\"mailto:correo@electroni.co\">correo@electroni.co<\/a>\u00a0Nombre Apellido<\/li>\n<\/ul>\n<p>\u00a1Eso es todo! En cuanto recibas el mensaje de confirmaci\u00f3n podr\u00e1s participar.<\/p>\n<h4>\u00bfC\u00f3mo puedo participar en las discusiones?<\/h4>\n<ul>\n<li>Enviando un mensaje a\u00a0<a href=\"mailto:redes@listserv.rediris.es\">redes@listserv.rediris.es<\/a>\u00a0\u00a0 \u00a1Int\u00e9ntalo!<\/li>\n<\/ul>\n<h4>\u00bfC\u00f3mo puedo darme de baja de esta lista?<\/h4>\n<ul>\n<li>Enviando un mensaje a\u00a0<a href=\"mailto:listserv@listserv.rediris.es\">listserv@listserv.rediris.es<\/a>\u00a0 con la siguiente sentencia en el cuerpo de tu correo electr\u00f3nico: unsubscribe redes<\/li>\n<\/ul>\n<h4>\u00bfC\u00f3mo puedo consultar las discusiones anteriores de la lista?<\/h4>\n<ul>\n<li>En el sitio web\u00a0\u00a0<a href=\"http:\/\/listserv.rediris.es\/archives\/redes.html\">http:\/\/listserv.rediris.es\/archives\/redes.html<\/a><\/li>\n<\/ul>\n<p><strong>Por favor informa de la existencia de este f\u00f3rum a las personas que creas que est\u00e1n interesadas en el an\u00e1lisis de redes sociales.<\/strong><\/p>\n","protected":false},"excerpt":{"rendered":"<p>Redes, la lista de distribuci\u00f3n en lengua hispana sobre el an\u00e1lisis de redes sociales. &#8220;La misi\u00f3n de esta lista de distribuci\u00f3n es\u00a0facilitar la difusi\u00f3n de los m\u00e9todos y t\u00e9cnicas del an\u00e1lisis de redes sociales en el mundo de habla hispana.&#8221; \u00bfC\u00f3mo puedo darme de alta? Enviando un mensaje a\u00a0listserv@listserv.rediris.es\u00a0 con la siguiente sentencia en el [&hellip;]<\/p>\n","protected":false},"author":134,"featured_media":0,"parent":0,"menu_order":5,"comment_status":"open","ping_status":"closed","template":"","meta":{"footnotes":""},"class_list":["post-65","page","type-page","status-publish","hentry"],"_links":{"self":[{"href":"https:\/\/webs.uab.cat\/redes\/wp-json\/wp\/v2\/pages\/65","targetHints":{"allow":["GET"]}}],"collection":[{"href":"https:\/\/webs.uab.cat\/redes\/wp-json\/wp\/v2\/pages"}],"about":[{"href":"https:\/\/webs.uab.cat\/redes\/wp-json\/wp\/v2\/types\/page"}],"author":[{"embeddable":true,"href":"https:\/\/webs.uab.cat\/redes\/wp-json\/wp\/v2\/users\/134"}],"replies":[{"embeddable":true,"href":"https:\/\/webs.uab.cat\/redes\/wp-json\/wp\/v2\/comments?post=65"}],"version-history":[{"count":0,"href":"https:\/\/webs.uab.cat\/redes\/wp-json\/wp\/v2\/pages\/65\/revisions"}],"wp:attachment":[{"href":"https:\/\/webs.uab.cat\/redes\/wp-json\/wp\/v2\/media?parent=65"}],"curies":[{"name":"wp","href":"https:\/\/api.w.org\/{rel}","templated":true}]}}