{"id":783,"date":"2019-05-07T06:29:41","date_gmt":"2019-05-07T06:29:41","guid":{"rendered":"http:\/\/blogs.uab.cat\/redes\/?page_id=783"},"modified":"2019-05-07T06:29:41","modified_gmt":"2019-05-07T06:29:41","slug":"archive-videos-comunidad-redes","status":"publish","type":"page","link":"https:\/\/webs.uab.cat\/redes\/archive-videos-comunidad-redes\/","title":{"rendered":"Canal YOUTUBE REDES"},"content":{"rendered":"<p>En este espacio encontrar\u00e9is las videoconferencias impartidas por miembros de la Comunidad REDES en cursos universitarios Latinoamericanos que incoporan el an\u00e1lisis de redes sociales y\/o personales.<\/p>\n<p><strong><a href=\"https:\/\/www.youtube.com\/channel\/UCofGv2fk2HnVXW45d1K4ujw\">CANAL YOUTUBE REDES<\/a><\/strong><\/p>\n<p>&nbsp;<\/p>\n<hr \/>\n<p><strong>Redes de colaboraci\u00f3n acad\u00e9mica<\/strong>. Conferencia de Gabriel V\u00e9lez Cuartas, facultad de Ciencias Sociales y Humanas, Universidad de Antioquia en el bloque &#8220;An\u00e1lisis de redes sociales&#8221; del M\u00e1ster de Antropolog\u00eda de la UAB.<\/p>\n<p><a href=\"https:\/\/drive.google.com\/file\/d\/13YGba16u27kFVGslsk6zgynlJ9OgrOW5\/view?ts=5dcb1614\" target=\"_blank\" rel=\"noopener noreferrer\"><img loading=\"lazy\" decoding=\"async\" class=\"alignnone wp-image-813 size-medium\" src=\"https:\/\/webs.uab.cat\/redes\/wp-content\/uploads\/sites\/187\/2019\/11\/velez-c-300x148.png\" alt=\"\" width=\"300\" height=\"148\" srcset=\"https:\/\/webs.uab.cat\/redes\/wp-content\/uploads\/sites\/187\/2019\/11\/velez-c-300x148.png 300w, https:\/\/webs.uab.cat\/redes\/wp-content\/uploads\/sites\/187\/2019\/11\/velez-c-1024x505.png 1024w, https:\/\/webs.uab.cat\/redes\/wp-content\/uploads\/sites\/187\/2019\/11\/velez-c-768x379.png 768w, https:\/\/webs.uab.cat\/redes\/wp-content\/uploads\/sites\/187\/2019\/11\/velez-c-1200x592.png 1200w, https:\/\/webs.uab.cat\/redes\/wp-content\/uploads\/sites\/187\/2019\/11\/velez-c.png 1422w\" sizes=\"auto, (max-width: 300px) 100vw, 300px\" \/><\/a><\/p>\n<hr \/>\n<p><strong>\u00bfQu\u00e9 sabemos sobre las redes personales? <\/strong>Conferencia de Jos\u00e9 Luis Molina en el curso de Ciencias Sociales Computacionales y Redes de la Maestr\u00eda de Sociolog\u00eda, Universidad de Antioquia, Colombia.<\/p>\n<p><iframe loading=\"lazy\" title=\"\u00bfQue\u0301 sabemos sobre las redes personales?\" width=\"580\" height=\"326\" src=\"https:\/\/www.youtube.com\/embed\/1CmK5IZD4y8?start=2109&#038;feature=oembed\" frameborder=\"0\" allow=\"accelerometer; autoplay; clipboard-write; encrypted-media; gyroscope; picture-in-picture; web-share\" referrerpolicy=\"strict-origin-when-cross-origin\" allowfullscreen><\/iframe><\/p>\n<hr \/>\n<p>&nbsp;<\/p>\n","protected":false},"excerpt":{"rendered":"<p>En este espacio encontrar\u00e9is las videoconferencias impartidas por miembros de la Comunidad REDES en cursos universitarios Latinoamericanos que incoporan el an\u00e1lisis de redes sociales y\/o personales. CANAL YOUTUBE REDES &nbsp; Redes de colaboraci\u00f3n acad\u00e9mica. Conferencia de Gabriel V\u00e9lez Cuartas, facultad de Ciencias Sociales y Humanas, Universidad de Antioquia en el bloque &#8220;An\u00e1lisis de redes sociales&#8221; [&hellip;]<\/p>\n","protected":false},"author":134,"featured_media":0,"parent":0,"menu_order":0,"comment_status":"closed","ping_status":"closed","template":"","meta":{"footnotes":""},"class_list":["post-783","page","type-page","status-publish","hentry"],"_links":{"self":[{"href":"https:\/\/webs.uab.cat\/redes\/wp-json\/wp\/v2\/pages\/783","targetHints":{"allow":["GET"]}}],"collection":[{"href":"https:\/\/webs.uab.cat\/redes\/wp-json\/wp\/v2\/pages"}],"about":[{"href":"https:\/\/webs.uab.cat\/redes\/wp-json\/wp\/v2\/types\/page"}],"author":[{"embeddable":true,"href":"https:\/\/webs.uab.cat\/redes\/wp-json\/wp\/v2\/users\/134"}],"replies":[{"embeddable":true,"href":"https:\/\/webs.uab.cat\/redes\/wp-json\/wp\/v2\/comments?post=783"}],"version-history":[{"count":0,"href":"https:\/\/webs.uab.cat\/redes\/wp-json\/wp\/v2\/pages\/783\/revisions"}],"wp:attachment":[{"href":"https:\/\/webs.uab.cat\/redes\/wp-json\/wp\/v2\/media?parent=783"}],"curies":[{"name":"wp","href":"https:\/\/api.w.org\/{rel}","templated":true}]}}