{"id":154,"date":"2021-06-03T14:08:02","date_gmt":"2021-06-03T12:08:02","guid":{"rendered":"https:\/\/webs.uab.cat\/redo\/que-es-redo-2\/"},"modified":"2022-12-14T18:52:42","modified_gmt":"2022-12-14T16:52:42","slug":"que-es-redo-2","status":"publish","type":"page","link":"https:\/\/webs.uab.cat\/redo\/es\/","title":{"rendered":"\u00bfQu\u00e9 es REDO?"},"content":{"rendered":"\n\n\n<h2 class=\"wp-block-heading\">Bienvenidos a la Red de Estudios de Desarrollo Organizativo.<\/h2>\n\n\n\n<p>La Red de Estudios de Desarrollo Organizativo se crea en 2020 como estructura vinculada al Centro de Investigaci\u00f3n y Estudios para el Desarrollo Organizativo de la Universidad Aut\u00f3noma de Barcelona, \u200b\u200bcentro que trabaja en el an\u00e1lisis y desarrollo de las organizaciones en general, y aquellas vinculadas la formaci\u00f3n y la educaci\u00f3n en todos los niveles y \u00e1mbitos en particular. Las finalidades del CRiEDO son estudiar, investigar, hacer docencia y cualquier otra actuaci\u00f3n y actividad relacionada con el desarrollo organizativo de organizaciones de formaci\u00f3n. M\u00e1s concretamente, el objetivo general del CRiEDO&nbsp;es prestar un servicio de la m\u00e1xima calidad y compromiso social orientado a la mejora, la innovaci\u00f3n y el desarrollo de organizaciones dedicadas a la formaci\u00f3n, a partir de procesos de reflexi\u00f3n y an\u00e1lisis cient\u00edfico, el dise\u00f1o y la implementaci\u00f3n de actuaciones orientadas a la mejora y los procesos de evaluaci\u00f3n y diagn\u00f3stico institucional.<\/p>\n\n\n\n<div class=\"wp-block-columns is-layout-flex wp-container-core-columns-is-layout-9d6595d7 wp-block-columns-is-layout-flex\">\n<div class=\"wp-block-column is-layout-flow wp-block-column-is-layout-flow\">\n<figure class=\"wp-block-image\"><a href=\"http:\/\/edo.uab.cat\/es\" target=\"_blank\" rel=\"noopener\"><img loading=\"lazy\" decoding=\"async\" width=\"158\" height=\"63\" src=\"https:\/\/webs.uab.cat\/redo\/wp-content\/uploads\/sites\/305\/2021\/06\/0-criedo.jpg\" alt=\"0-criedo.jpg\" class=\"wp-image-144\"\/><\/a><\/figure>\n<\/div>\n\n\n\n<div class=\"wp-block-column is-layout-flow wp-block-column-is-layout-flow\">\n<figure class=\"wp-block-image\"><a href=\"https:\/\/grupsderecerca.uab.cat\/gedo\/es\" target=\"_blank\" rel=\"noopener\"><img loading=\"lazy\" decoding=\"async\" width=\"157\" height=\"39\" src=\"https:\/\/webs.uab.cat\/redo\/wp-content\/uploads\/sites\/305\/2021\/06\/0-edo.jpg\" alt=\"0-edo.jpg\" class=\"wp-image-147\"\/><\/a><\/figure>\n<\/div>\n<\/div>\n","protected":false},"excerpt":{"rendered":"<p>Bienvenidos a la Red de Estudios de Desarrollo Organizativo. La Red de Estudios de Desarrollo Organizativo se crea en 2020 como estructura vinculada al Centro de Investigaci\u00f3n y Estudios para el Desarrollo Organizativo de la Universidad Aut\u00f3noma de Barcelona, \u200b\u200bcentro que trabaja en el an\u00e1lisis y desarrollo de las organizaciones en general, y aquellas vinculadas [&hellip;]<\/p>\n","protected":false},"author":20,"featured_media":0,"parent":0,"menu_order":0,"comment_status":"closed","ping_status":"closed","template":"","meta":{"footnotes":""},"class_list":["post-154","page","type-page","status-publish","hentry"],"_links":{"self":[{"href":"https:\/\/webs.uab.cat\/redo\/es\/wp-json\/wp\/v2\/pages\/154","targetHints":{"allow":["GET"]}}],"collection":[{"href":"https:\/\/webs.uab.cat\/redo\/es\/wp-json\/wp\/v2\/pages"}],"about":[{"href":"https:\/\/webs.uab.cat\/redo\/es\/wp-json\/wp\/v2\/types\/page"}],"author":[{"embeddable":true,"href":"https:\/\/webs.uab.cat\/redo\/es\/wp-json\/wp\/v2\/users\/20"}],"replies":[{"embeddable":true,"href":"https:\/\/webs.uab.cat\/redo\/es\/wp-json\/wp\/v2\/comments?post=154"}],"version-history":[{"count":2,"href":"https:\/\/webs.uab.cat\/redo\/es\/wp-json\/wp\/v2\/pages\/154\/revisions"}],"predecessor-version":[{"id":343,"href":"https:\/\/webs.uab.cat\/redo\/es\/wp-json\/wp\/v2\/pages\/154\/revisions\/343"}],"wp:attachment":[{"href":"https:\/\/webs.uab.cat\/redo\/es\/wp-json\/wp\/v2\/media?parent=154"}],"curies":[{"name":"wp","href":"https:\/\/api.w.org\/{rel}","templated":true}]}}