{"id":156,"date":"2021-06-02T13:41:23","date_gmt":"2021-06-02T11:41:23","guid":{"rendered":"https:\/\/webs.uab.cat\/redo\/newsletter-2\/"},"modified":"2022-12-14T18:22:00","modified_gmt":"2022-12-14T16:22:00","slug":"newsletter-2","status":"publish","type":"page","link":"https:\/\/webs.uab.cat\/redo\/es\/newsletter-2\/","title":{"rendered":"Newsletter"},"content":{"rendered":"\n<p>La Red de Estudios de Desarrollo Organizativo est\u00e1 vinculada org\u00e1nicamente al Centro de Investigaci\u00f3n y Estudios para el Desarrollo Organizativo de la Universidad Aut\u00f3noma de Barcelona.<\/p>\n\n\n\n<p>Con voluntad de aproximar y facilitar informaci\u00f3n vinculada a las actividades de investigaci\u00f3n, publicaciones, actividades divulgativas, programas formativos y otras informaciones vinculadas a la actividad de los miembros del Cried y las redes de las que forma parte, desde el mes de abril de el a\u00f1o 2015 se ha editado menusalment una Newsletter que llega actualmente a m\u00e1s de 32.000 personas del \u00e1mbito iberoamericano, en versi\u00f3n catalana y castellana.<\/p>\n\n\n\n<p>Se puede acceder a las \u00faltimas newsletters haciendo clic en la siguiente imagen.<\/p>\n\n\n\n<figure class=\"wp-block-image\"><a href=\"https:\/\/accelera.uab.cat\/newsletter\/\" target=\"_blank\" rel=\"noopener\"><img loading=\"lazy\" decoding=\"async\" width=\"800\" height=\"218\" src=\"https:\/\/webs.uab.cat\/redo\/wp-content\/uploads\/sites\/305\/2021\/06\/newsletter-criedo.png\" alt=\"newsletter-criedo.png\" class=\"wp-image-129\" srcset=\"https:\/\/webs.uab.cat\/redo\/wp-content\/uploads\/sites\/305\/2021\/06\/newsletter-criedo.png 800w, https:\/\/webs.uab.cat\/redo\/wp-content\/uploads\/sites\/305\/2021\/06\/newsletter-criedo-300x82.png 300w, https:\/\/webs.uab.cat\/redo\/wp-content\/uploads\/sites\/305\/2021\/06\/newsletter-criedo-768x209.png 768w\" sizes=\"auto, (max-width: 800px) 100vw, 800px\" \/><\/a><\/figure>\n\n\n\n<p>Aquellas personas interesadas en recibir la Newsletter pueden solicitar el alta en la lista de distribuci\u00f3n enviando un correo a <a href=\"mailto:edo@uab.cat\">edo@uab.cat <\/a>indicando su Nombre, Apellidos, Correo Electr\u00f3nico, Organizaci\u00f3n de Procedencia y Pa\u00eds.<\/p>\n","protected":false},"excerpt":{"rendered":"<p>La Red de Estudios de Desarrollo Organizativo est\u00e1 vinculada org\u00e1nicamente al Centro de Investigaci\u00f3n y Estudios para el Desarrollo Organizativo de la Universidad Aut\u00f3noma de Barcelona. Con voluntad de aproximar y facilitar informaci\u00f3n vinculada a las actividades de investigaci\u00f3n, publicaciones, actividades divulgativas, programas formativos y otras informaciones vinculadas a la actividad de los miembros del [&hellip;]<\/p>\n","protected":false},"author":20,"featured_media":0,"parent":0,"menu_order":0,"comment_status":"closed","ping_status":"closed","template":"","meta":{"footnotes":""},"class_list":["post-156","page","type-page","status-publish","hentry"],"_links":{"self":[{"href":"https:\/\/webs.uab.cat\/redo\/es\/wp-json\/wp\/v2\/pages\/156","targetHints":{"allow":["GET"]}}],"collection":[{"href":"https:\/\/webs.uab.cat\/redo\/es\/wp-json\/wp\/v2\/pages"}],"about":[{"href":"https:\/\/webs.uab.cat\/redo\/es\/wp-json\/wp\/v2\/types\/page"}],"author":[{"embeddable":true,"href":"https:\/\/webs.uab.cat\/redo\/es\/wp-json\/wp\/v2\/users\/20"}],"replies":[{"embeddable":true,"href":"https:\/\/webs.uab.cat\/redo\/es\/wp-json\/wp\/v2\/comments?post=156"}],"version-history":[{"count":1,"href":"https:\/\/webs.uab.cat\/redo\/es\/wp-json\/wp\/v2\/pages\/156\/revisions"}],"predecessor-version":[{"id":309,"href":"https:\/\/webs.uab.cat\/redo\/es\/wp-json\/wp\/v2\/pages\/156\/revisions\/309"}],"wp:attachment":[{"href":"https:\/\/webs.uab.cat\/redo\/es\/wp-json\/wp\/v2\/media?parent=156"}],"curies":[{"name":"wp","href":"https:\/\/api.w.org\/{rel}","templated":true}]}}