{"id":158,"date":"2021-06-02T13:41:48","date_gmt":"2021-06-02T11:41:48","guid":{"rendered":"https:\/\/webs.uab.cat\/redo\/congresos\/"},"modified":"2022-12-14T18:20:24","modified_gmt":"2022-12-14T16:20:24","slug":"congresos","status":"publish","type":"page","link":"https:\/\/webs.uab.cat\/redo\/es\/congresos\/","title":{"rendered":"Congresos"},"content":{"rendered":"\n<p>Entre las prioridades de la Red EDO, est\u00e1 la difusi\u00f3n de los resultados de las investigaciones que desarrollan sus miembros, as\u00ed como fomentar la el intercambio de experiencias que ayuden a crecer el \u00e1mbito del Desarrollo Organizativo a nivel internacional.<\/p>\n\n\n\n<p>Desde el a\u00f1o 2010 se ha organizado el Congreso Internacional EDO, del cual hay m\u00e1s informaci\u00f3n en la secci\u00f3n \u00abCIEDO\u00bb de este apartado. Asimismo, REDO nace con voluntad de colaborar en la difusi\u00f3n de encuentros de diferente tipolog\u00eda (congresos, jornadas, simposios) que organizar\u00e9 las instituciones con las que se vincula, as\u00ed como aquellas acciones que pueden organizar a t\u00edtulo individual o grupal los miembros que forman parte.<\/p>\n\n\n\n<p>Los miembros de REDO tienen acceso preferente a las actividades organizadas por otros miembros de la red. Asimismo, REDO trabaja para establecer contactos y v\u00edas de colaboraci\u00f3n con otras redes y intituciones para conseguir descuentos y precios preferentes en Congresos vinculados al \u00e1mbito educativo y de desarrollo de las organizaciones.<\/p>\n\n\n\n<figure class=\"wp-block-image\"><img loading=\"lazy\" decoding=\"async\" width=\"796\" height=\"600\" src=\"https:\/\/webs.uab.cat\/redo\/wp-content\/uploads\/sites\/305\/2021\/06\/captura_de_pantalla_2021-06-07_a_las_2.38.21.png\" alt=\"captura_de_pantalla_2021-06-07_a_las_2.38.21.png\" class=\"wp-image-133\" srcset=\"https:\/\/webs.uab.cat\/redo\/wp-content\/uploads\/sites\/305\/2021\/06\/captura_de_pantalla_2021-06-07_a_las_2.38.21.png 796w, https:\/\/webs.uab.cat\/redo\/wp-content\/uploads\/sites\/305\/2021\/06\/captura_de_pantalla_2021-06-07_a_las_2.38.21-300x226.png 300w, https:\/\/webs.uab.cat\/redo\/wp-content\/uploads\/sites\/305\/2021\/06\/captura_de_pantalla_2021-06-07_a_las_2.38.21-768x579.png 768w\" sizes=\"auto, (max-width: 796px) 100vw, 796px\" \/><\/figure>\n","protected":false},"excerpt":{"rendered":"<p>Entre las prioridades de la Red EDO, est\u00e1 la difusi\u00f3n de los resultados de las investigaciones que desarrollan sus miembros, as\u00ed como fomentar la el intercambio de experiencias que ayuden a crecer el \u00e1mbito del Desarrollo Organizativo a nivel internacional. Desde el a\u00f1o 2010 se ha organizado el Congreso Internacional EDO, del cual hay m\u00e1s [&hellip;]<\/p>\n","protected":false},"author":20,"featured_media":0,"parent":0,"menu_order":0,"comment_status":"closed","ping_status":"closed","template":"","meta":{"footnotes":""},"class_list":["post-158","page","type-page","status-publish","hentry"],"_links":{"self":[{"href":"https:\/\/webs.uab.cat\/redo\/es\/wp-json\/wp\/v2\/pages\/158","targetHints":{"allow":["GET"]}}],"collection":[{"href":"https:\/\/webs.uab.cat\/redo\/es\/wp-json\/wp\/v2\/pages"}],"about":[{"href":"https:\/\/webs.uab.cat\/redo\/es\/wp-json\/wp\/v2\/types\/page"}],"author":[{"embeddable":true,"href":"https:\/\/webs.uab.cat\/redo\/es\/wp-json\/wp\/v2\/users\/20"}],"replies":[{"embeddable":true,"href":"https:\/\/webs.uab.cat\/redo\/es\/wp-json\/wp\/v2\/comments?post=158"}],"version-history":[{"count":1,"href":"https:\/\/webs.uab.cat\/redo\/es\/wp-json\/wp\/v2\/pages\/158\/revisions"}],"predecessor-version":[{"id":305,"href":"https:\/\/webs.uab.cat\/redo\/es\/wp-json\/wp\/v2\/pages\/158\/revisions\/305"}],"wp:attachment":[{"href":"https:\/\/webs.uab.cat\/redo\/es\/wp-json\/wp\/v2\/media?parent=158"}],"curies":[{"name":"wp","href":"https:\/\/api.w.org\/{rel}","templated":true}]}}