{"id":160,"date":"2021-06-02T13:42:35","date_gmt":"2021-06-02T11:42:35","guid":{"rendered":"https:\/\/webs.uab.cat\/redo\/ciedo-2\/"},"modified":"2022-12-14T18:20:49","modified_gmt":"2022-12-14T16:20:49","slug":"ciedo-2","status":"publish","type":"page","link":"https:\/\/webs.uab.cat\/redo\/es\/ciedo-2\/","title":{"rendered":"CIEDO"},"content":{"rendered":"\n<p>Como parte de las actividades de promoci\u00f3n y visibilizaci\u00f3n de la investigaci\u00f3n desarrollada en los \u00e1mbitos de desarrollo organizativo, y concrectamente en los procesos de gesti\u00f3n del conocimiento y aprendizaje en las organizaciones de formaci\u00f3n y educatici\u00f3, desde el a\u00f1o 2.010 se ha promovido la celebraci\u00f3n bianual del Congreso Internacional EDO. Este congreso se ha celebrado siempre en colaboraci\u00f3n con el Centro de Estudios Jur\u00eddicos y Formaci\u00f3n Especializada de la Generalitat de Catalu\u00f1a y, desde 2014, tambi\u00e9n la Escuela de Administraci\u00f3n P\u00fablica de Catalu\u00f1a.<\/p>\n\n\n\n<p>Los congresos y tem\u00e1ticas que se han desarrollado hasta la fecha de hoy han sido los siguientes.<\/p>\n\n\n\n<figure class=\"wp-block-table\"><table><tbody><tr><td><strong>A\u00f1o<\/strong><\/td><td><strong>Lema del Congreso<\/strong><\/td><td><strong>M\u00e1s informaci\u00f3n<\/strong><\/td><\/tr><tr><td>2020<\/td><td>La nueva gesti\u00f3n del conocimiento<\/td><td>\n<p><strong>Acceso al libro&nbsp;de actas <a href=\"https:\/\/edo.uab.cat\/node\/6039\" target=\"_blank\" rel=\"noopener\">aqui<\/a>.&nbsp;<br>M\u00e1s informaci\u00f3n en&nbsp;la <a href=\"https:\/\/edoserveis-uab.cat\/congreso2020\" target=\"_blank\" rel=\"noopener\">Web<\/a>.<\/strong><\/p>\n<\/td><\/tr><tr><td>2018<\/td><td>Liderazgo y gesti\u00f3n del talento en las organizaciones<\/td><td><strong>Acceso al libro de actas <a href=\"http:\/\/edo.uab.cat\/en\/node\/4377&nbsp;\" target=\"_blank\" rel=\"noopener\">aqui<\/a>.&nbsp;<br>M\u00e1s informaci\u00f3n en&nbsp;la <a href=\"https:\/\/edoserveis-uab.cat\/congreso2018\" target=\"_blank\" rel=\"noopener\">Web<\/a>.<\/strong><\/td><\/tr><tr><td>2016<\/td><td>Aprendizaje situado y aprendizaje conectado: implicaciones en el trabajo<\/td><td><strong>Acceso al libro de actas&nbsp;<a href=\"https:\/\/edo.uab.cat\/content\/aprendizaje-situado-y-aprendizaje-conectado-implicaciones-para-el-trabajo\" target=\"_blank\" rel=\"noopener\">aqui<\/a>.<br>M\u00e1s informaci\u00f3n en&nbsp;la <a href=\"http:\/\/edoserveis-uab.cat\/congreso2016\" target=\"_blank\" rel=\"noopener\">Web<\/a>.<\/strong><\/td><\/tr><tr><td>2014<\/td><td>Organizaciones que aprenden y generan conocimiento<\/td><td><strong>Acceso al libro de actas&nbsp;<a href=\"https:\/\/edo.uab.cat\/content\/organizaciones-que-aprenden-y-generan-conocimiento\" target=\"_blank\" rel=\"noopener\">aqui<\/a>.<br>M\u00e1s informaci\u00f3n en&nbsp;la <a href=\"http:\/\/accelera.uab.cat\/CONGRESSUS\/CONGRESO2014\/\" target=\"_blank\" rel=\"noopener\">Web<\/a>.<\/strong><\/td><\/tr><tr><td>2012<\/td><td>Gesti\u00f3n del conocimiento y desarrollo organizativo: formaci\u00f3n y formaci\u00f3n corporativa<\/td><td><strong>Acceso al libro de actas&nbsp;<a href=\"https:\/\/edo.uab.cat\/content\/gesti%C3%B3n-del-conocimiento-y-desarrollo-organizativo-formaci%C3%B3n-y-formaci%C3%B3n-corporativa\" target=\"_blank\" rel=\"noopener\">aqui<\/a>.<br>M\u00e1s informaci\u00f3n en&nbsp;la <a href=\"http:\/\/accelera.uab.cat\/CONGRESSUS\/CONGRESO2012\" target=\"_blank\" rel=\"noopener\">Web<\/a>.<\/strong><\/td><\/tr><tr><td>2010<\/td><td>Nuevas estrategias formativas a las organizaciones<\/td><td><strong>Acceso al libro de actas&nbsp;<a href=\"https:\/\/edo.uab.cat\/content\/nuevas-estrategias-formativas-para-las-organizaciones\" target=\"_blank\" rel=\"noopener\">aqu\u00ed<\/a>.<br>M\u00e1s informaci\u00f3n en&nbsp;la <a href=\"http:\/\/&nbsp;http:\/\/accelera.uab.cat\/CONGRESSUS\/CONGRESO2010\" target=\"_blank\" rel=\"noopener\">Web<\/a>.<\/strong><\/td><\/tr><\/tbody><\/table><\/figure>\n","protected":false},"excerpt":{"rendered":"<p>Como parte de las actividades de promoci\u00f3n y visibilizaci\u00f3n de la investigaci\u00f3n desarrollada en los \u00e1mbitos de desarrollo organizativo, y concrectamente en los procesos de gesti\u00f3n del conocimiento y aprendizaje en las organizaciones de formaci\u00f3n y educatici\u00f3, desde el a\u00f1o 2.010 se ha promovido la celebraci\u00f3n bianual del Congreso Internacional EDO. Este congreso se ha [&hellip;]<\/p>\n","protected":false},"author":20,"featured_media":0,"parent":0,"menu_order":0,"comment_status":"closed","ping_status":"closed","template":"","meta":{"footnotes":""},"class_list":["post-160","page","type-page","status-publish","hentry"],"_links":{"self":[{"href":"https:\/\/webs.uab.cat\/redo\/es\/wp-json\/wp\/v2\/pages\/160","targetHints":{"allow":["GET"]}}],"collection":[{"href":"https:\/\/webs.uab.cat\/redo\/es\/wp-json\/wp\/v2\/pages"}],"about":[{"href":"https:\/\/webs.uab.cat\/redo\/es\/wp-json\/wp\/v2\/types\/page"}],"author":[{"embeddable":true,"href":"https:\/\/webs.uab.cat\/redo\/es\/wp-json\/wp\/v2\/users\/20"}],"replies":[{"embeddable":true,"href":"https:\/\/webs.uab.cat\/redo\/es\/wp-json\/wp\/v2\/comments?post=160"}],"version-history":[{"count":1,"href":"https:\/\/webs.uab.cat\/redo\/es\/wp-json\/wp\/v2\/pages\/160\/revisions"}],"predecessor-version":[{"id":306,"href":"https:\/\/webs.uab.cat\/redo\/es\/wp-json\/wp\/v2\/pages\/160\/revisions\/306"}],"wp:attachment":[{"href":"https:\/\/webs.uab.cat\/redo\/es\/wp-json\/wp\/v2\/media?parent=160"}],"curies":[{"name":"wp","href":"https:\/\/api.w.org\/{rel}","templated":true}]}}