{"id":113,"date":"2021-06-02T13:40:20","date_gmt":"2021-06-02T11:40:20","guid":{"rendered":"https:\/\/webs.uab.cat\/redo\/antecedents\/"},"modified":"2023-07-21T09:30:21","modified_gmt":"2023-07-21T07:30:21","slug":"antecedents","status":"publish","type":"page","link":"https:\/\/webs.uab.cat\/redo\/antecedents\/","title":{"rendered":"Antecedents"},"content":{"rendered":"<p class=\"rtejustify\">La Xarxa d&#8217;Estudis pel Desenvolupament Organitzatiu es crea el 2020&nbsp;com a estructura vinculada al Centre de Recerca i Estudis pel Desenvolupament Organitzatiu de la Universitat Aut\u00f2noma de Barcelona, centre que treballa en l\u2019an\u00e0lisis i desenvolupament de les organitzacions en general, i aquelles vinculades a la formaci\u00f3 i l\u2019educaci\u00f3 en tots els nivells i \u00e0mbits en particular.&nbsp;&nbsp;Les finalitats del CRiEDO s\u00f3n&nbsp;estudiar, recercar, fer doc\u00e8ncia i qualsevol altra actuaci\u00f3 i activitat relacionada amb el desenvolupament organitzatiu d\u2019organitzacions de formaci\u00f3. M\u00e9s concretament, l&#8217;objectiu general del CRiEDO \u00e9s prestar un servei de la m\u00e0xima qualitat i comprom\u00eds social orientat a la millora, la innovaci\u00f3 i el desenvolupament d\u2019organitzacions dedicades a la formaci\u00f3, a partir de processos de reflexi\u00f3 i an\u00e0lisi cient\u00edfica, el disseny i la implementaci\u00f3 d\u2019actuacions orientades a la millora i els processos d\u2019avaluaci\u00f3 i diagn\u00f2stic institucional.<\/p>\n<p class=\"rtejustify\">Entre els principis constitutius del&nbsp;CRiEDO es menciona la voluntat de generar activitats de recerca i transfer\u00e8ncia no \u00fanicament de forma individual, si no en col\u00b7laboraci\u00f3 amb altres entitats tant de dins com de fora de la UAB, tant nacionals com internacional. \u00c9s amb sota aquesta premisa que es constitueix REDO, amb la voluntat d&#8217;aglutinar i visibilitzar les diferentes organitzacions, institucions i persones que d&#8217;alguna manera o altre es vinculen amb les activitats de recerca i transfer\u00e8ncia del centre de recerca.<\/p>\n<p class=\"rtejustify\">CRiEDO va ser creat el mateix any 2020 com a culminaci\u00f3 del creixement en els darrera anys del grup de recerca &#8220;Equip de Desenvolupament Organitzacional (EDO)&#8221;. Aquest grup t\u00e9 m\u00e9s de dues d\u00e8cades d&#8217;hist\u00f2ria, hi ha organitzat des de la seva constituci\u00f3 com a grup ANE de la UAB l&#8217;any 1999 diferents&nbsp;grups de treball al voltant de les demandes formatives existents i temes de recerca que apareixen com a prioritat. L\u2019Equip EDO es constitueix com a espai de trobada, intercanvi i promoci\u00f3 d\u2019idees i recerques en el camp de les organitzacions. El grup EDO ha estat tamb\u00e9 reconegut com a grup de recerca consolidat (Resoluci\u00f3 del Departament d\u2019Universitats, Recerca i Societat de la Informaci\u00f3) el 18 d\u2019octubre de 2005, reconeixement que va renovar-se en la convocatoria de l&#8217;any 2009&nbsp;(SGR2009-397),&nbsp;2014 (2014SGR-176)&nbsp;i que actualment mant\u00e9 a partir de la resoluci\u00f3 setembre de 2018 (2017SGR-00318), el seu tema central ha estat des de la seva constituci\u00f3&nbsp;la recerca sobre la naturalesa i desenvolupament de les organitzacions dedicades a la formaci\u00f3.<\/p>\n\n\n<figure class=\"wp-block-image size-large\"><img loading=\"lazy\" decoding=\"async\" width=\"1024\" height=\"683\" src=\"https:\/\/webs.uab.cat\/redo\/wp-content\/uploads\/sites\/305\/2023\/07\/concepto-redes-arreglo-naturaleza-muerta-1024x683.jpg\" alt=\"\" class=\"wp-image-397\" srcset=\"https:\/\/webs.uab.cat\/redo\/wp-content\/uploads\/sites\/305\/2023\/07\/concepto-redes-arreglo-naturaleza-muerta-1024x683.jpg 1024w, https:\/\/webs.uab.cat\/redo\/wp-content\/uploads\/sites\/305\/2023\/07\/concepto-redes-arreglo-naturaleza-muerta-300x200.jpg 300w, https:\/\/webs.uab.cat\/redo\/wp-content\/uploads\/sites\/305\/2023\/07\/concepto-redes-arreglo-naturaleza-muerta-768x512.jpg 768w, https:\/\/webs.uab.cat\/redo\/wp-content\/uploads\/sites\/305\/2023\/07\/concepto-redes-arreglo-naturaleza-muerta-1536x1024.jpg 1536w, https:\/\/webs.uab.cat\/redo\/wp-content\/uploads\/sites\/305\/2023\/07\/concepto-redes-arreglo-naturaleza-muerta-2048x1365.jpg 2048w, https:\/\/webs.uab.cat\/redo\/wp-content\/uploads\/sites\/305\/2023\/07\/concepto-redes-arreglo-naturaleza-muerta-1200x800.jpg 1200w, https:\/\/webs.uab.cat\/redo\/wp-content\/uploads\/sites\/305\/2023\/07\/concepto-redes-arreglo-naturaleza-muerta-1980x1320.jpg 1980w\" sizes=\"auto, (max-width: 1024px) 100vw, 1024px\" \/><\/figure>\n","protected":false},"excerpt":{"rendered":"<p>La Xarxa d&#8217;Estudis pel Desenvolupament Organitzatiu es crea el 2020&nbsp;com a estructura vinculada al Centre de Recerca i Estudis pel Desenvolupament Organitzatiu de la Universitat Aut\u00f2noma de Barcelona, centre que treballa en l\u2019an\u00e0lisis i desenvolupament de les organitzacions en general, i aquelles vinculades a la formaci\u00f3 i l\u2019educaci\u00f3 en tots els nivells i \u00e0mbits en [&hellip;]<\/p>\n","protected":false},"author":20,"featured_media":0,"parent":0,"menu_order":0,"comment_status":"closed","ping_status":"closed","template":"","meta":{"footnotes":""},"class_list":["post-113","page","type-page","status-publish","hentry"],"_links":{"self":[{"href":"https:\/\/webs.uab.cat\/redo\/wp-json\/wp\/v2\/pages\/113","targetHints":{"allow":["GET"]}}],"collection":[{"href":"https:\/\/webs.uab.cat\/redo\/wp-json\/wp\/v2\/pages"}],"about":[{"href":"https:\/\/webs.uab.cat\/redo\/wp-json\/wp\/v2\/types\/page"}],"author":[{"embeddable":true,"href":"https:\/\/webs.uab.cat\/redo\/wp-json\/wp\/v2\/users\/20"}],"replies":[{"embeddable":true,"href":"https:\/\/webs.uab.cat\/redo\/wp-json\/wp\/v2\/comments?post=113"}],"version-history":[{"count":2,"href":"https:\/\/webs.uab.cat\/redo\/wp-json\/wp\/v2\/pages\/113\/revisions"}],"predecessor-version":[{"id":401,"href":"https:\/\/webs.uab.cat\/redo\/wp-json\/wp\/v2\/pages\/113\/revisions\/401"}],"wp:attachment":[{"href":"https:\/\/webs.uab.cat\/redo\/wp-json\/wp\/v2\/media?parent=113"}],"curies":[{"name":"wp","href":"https:\/\/api.w.org\/{rel}","templated":true}]}}