{"id":134,"date":"2021-06-02T13:41:48","date_gmt":"2021-06-02T11:41:48","guid":{"rendered":"https:\/\/webs.uab.cat\/redo\/congressos\/"},"modified":"2022-12-14T17:51:18","modified_gmt":"2022-12-14T15:51:18","slug":"congressos","status":"publish","type":"page","link":"https:\/\/webs.uab.cat\/redo\/congressos\/","title":{"rendered":"Congressos"},"content":{"rendered":"\n<p>Entre les prioritats de la Xarxa EDO,&nbsp;hi ha la difusi\u00f3 dels resultats de les recerques que desenvolupen els seus membres, aix\u00ed com fomentar la l&#8217;intercanvi d&#8217;experi\u00e8ncies que ajudin a cr\u00e8ixer l&#8217;\u00e0mbit del Desenvolupament Organitzatiu a nivel internacional.<\/p>\n\n\n\n<p>Des de l&#8217;any 2010 s&#8217;ha organitzat el Congr\u00e9s Internacional EDO, del qual hi ha m\u00e9s informaci\u00f3 en la secci\u00f3 &#8220;CIEDO&#8221; d&#8217;aquest apartat. Aix\u00ed mateix,&nbsp;REDO neix amb voluntat de col\u00b7laborar en la difusi\u00f3 de trobades de diferent tipologia (congressos, jornades, simposis) que organitzaen les institucions amb qui es vincula, aix\u00ed com aquelles accions&nbsp;que poden organitzar a t\u00edtol individual o grupal els membres que en formen part.<\/p>\n\n\n\n<p>Els membres de REDO tenen acc\u00e8s preferent a les activitats organitzades per altres membres de la xarxa. Aix\u00ed mateix, REDO treballa per a establir contactes i vies de col\u00b7laboraci\u00f3 amb altres xarxes i intituciones per tal d&#8217;aconseguir descomptes i preus preferents en Congressos vinculats a l&#8217;\u00e0mbit educatiu i de desenvolupament de les organitzacions.<\/p>\n\n\n\n<figure class=\"wp-block-image\"><img loading=\"lazy\" decoding=\"async\" width=\"796\" height=\"600\" src=\"https:\/\/webs.uab.cat\/redo\/wp-content\/uploads\/sites\/305\/2021\/06\/captura_de_pantalla_2021-06-07_a_las_2.38.21.png\" alt=\"captura_de_pantalla_2021-06-07_a_las_2.38.21.png\" class=\"wp-image-131\" srcset=\"https:\/\/webs.uab.cat\/redo\/wp-content\/uploads\/sites\/305\/2021\/06\/captura_de_pantalla_2021-06-07_a_las_2.38.21.png 796w, https:\/\/webs.uab.cat\/redo\/wp-content\/uploads\/sites\/305\/2021\/06\/captura_de_pantalla_2021-06-07_a_las_2.38.21-300x226.png 300w, https:\/\/webs.uab.cat\/redo\/wp-content\/uploads\/sites\/305\/2021\/06\/captura_de_pantalla_2021-06-07_a_las_2.38.21-768x579.png 768w\" sizes=\"auto, (max-width: 796px) 100vw, 796px\" \/><\/figure>\n","protected":false},"excerpt":{"rendered":"<p>Entre les prioritats de la Xarxa EDO,&nbsp;hi ha la difusi\u00f3 dels resultats de les recerques que desenvolupen els seus membres, aix\u00ed com fomentar la l&#8217;intercanvi d&#8217;experi\u00e8ncies que ajudin a cr\u00e8ixer l&#8217;\u00e0mbit del Desenvolupament Organitzatiu a nivel internacional. Des de l&#8217;any 2010 s&#8217;ha organitzat el Congr\u00e9s Internacional EDO, del qual hi ha m\u00e9s informaci\u00f3 en la [&hellip;]<\/p>\n","protected":false},"author":20,"featured_media":0,"parent":0,"menu_order":0,"comment_status":"closed","ping_status":"closed","template":"","meta":{"footnotes":""},"class_list":["post-134","page","type-page","status-publish","hentry"],"_links":{"self":[{"href":"https:\/\/webs.uab.cat\/redo\/wp-json\/wp\/v2\/pages\/134","targetHints":{"allow":["GET"]}}],"collection":[{"href":"https:\/\/webs.uab.cat\/redo\/wp-json\/wp\/v2\/pages"}],"about":[{"href":"https:\/\/webs.uab.cat\/redo\/wp-json\/wp\/v2\/types\/page"}],"author":[{"embeddable":true,"href":"https:\/\/webs.uab.cat\/redo\/wp-json\/wp\/v2\/users\/20"}],"replies":[{"embeddable":true,"href":"https:\/\/webs.uab.cat\/redo\/wp-json\/wp\/v2\/comments?post=134"}],"version-history":[{"count":1,"href":"https:\/\/webs.uab.cat\/redo\/wp-json\/wp\/v2\/pages\/134\/revisions"}],"predecessor-version":[{"id":257,"href":"https:\/\/webs.uab.cat\/redo\/wp-json\/wp\/v2\/pages\/134\/revisions\/257"}],"wp:attachment":[{"href":"https:\/\/webs.uab.cat\/redo\/wp-json\/wp\/v2\/media?parent=134"}],"curies":[{"name":"wp","href":"https:\/\/api.w.org\/{rel}","templated":true}]}}