{"id":148,"date":"2021-06-03T14:08:02","date_gmt":"2021-06-03T12:08:02","guid":{"rendered":"https:\/\/webs.uab.cat\/redo\/que-es-redo\/"},"modified":"2023-07-18T14:41:59","modified_gmt":"2023-07-18T12:41:59","slug":"que-es-redo","status":"publish","type":"page","link":"https:\/\/webs.uab.cat\/redo\/","title":{"rendered":"Qu\u00e8 \u00e9s REDO?"},"content":{"rendered":"\n<h2 class=\"wp-block-heading\">Benvinguts a la Xarxa d&#8217;Estudis de Desenvolupament Organitzatiu.<\/h2>\n\n\n\n<p>La Xarxa d&#8217;Estudis de Desenvolupament Organitzatiu es crea el 2020&nbsp;com a estructura vinculada al Centre de Recerca i Estudis pel Desenvolupament Organitzatiu de la Universitat Aut\u00f2noma de Barcelona, centre que treballa en l\u2019an\u00e0lisis i desenvolupament de les organitzacions en general, i aquelles vinculades a la formaci\u00f3 i l\u2019educaci\u00f3 en tots els nivells i \u00e0mbits en particular.&nbsp;&nbsp;Les finalitats del CRiEDO s\u00f3n&nbsp;estudiar, recercar, fer doc\u00e8ncia i qualsevol altra actuaci\u00f3 i activitat relacionada amb el desenvolupament organitzatiu d\u2019organitzacions de formaci\u00f3. M\u00e9s concretament, l&#8217;objectiu general del CRiEDO \u00e9s prestar un servei de la m\u00e0xima qualitat i comprom\u00eds social orientat a la millora, la innovaci\u00f3 i el desenvolupament d\u2019organitzacions dedicades a la formaci\u00f3, a partir de processos de reflexi\u00f3 i an\u00e0lisi cient\u00edfica, el disseny i la implementaci\u00f3 d\u2019actuacions orientades a la millora i els processos d\u2019avaluaci\u00f3 i diagn\u00f2stic institucional.<\/p>\n\n\n<div class=\"wp-block-image\">\n<figure class=\"aligncenter size-full\"><img loading=\"lazy\" decoding=\"async\" width=\"510\" height=\"232\" src=\"https:\/\/webs.uab.cat\/redo\/wp-content\/uploads\/sites\/305\/2023\/07\/kup1SuKm-2.jpeg\" alt=\"\" class=\"wp-image-385\" srcset=\"https:\/\/webs.uab.cat\/redo\/wp-content\/uploads\/sites\/305\/2023\/07\/kup1SuKm-2.jpeg 510w, https:\/\/webs.uab.cat\/redo\/wp-content\/uploads\/sites\/305\/2023\/07\/kup1SuKm-2-300x136.jpeg 300w\" sizes=\"auto, (max-width: 510px) 100vw, 510px\" \/><\/figure>\n<\/div>\n\n\n<div style=\"height:100px\" aria-hidden=\"true\" class=\"wp-block-spacer\"><\/div>\n\n\n\n<h2 class=\"wp-block-heading\">Actualitat<\/h2>\n\n\n","protected":false},"excerpt":{"rendered":"<p>Benvinguts a la Xarxa d&#8217;Estudis de Desenvolupament Organitzatiu. La Xarxa d&#8217;Estudis de Desenvolupament Organitzatiu es crea el 2020&nbsp;com a estructura vinculada al Centre de Recerca i Estudis pel Desenvolupament Organitzatiu de la Universitat Aut\u00f2noma de Barcelona, centre que treballa en l\u2019an\u00e0lisis i desenvolupament de les organitzacions en general, i aquelles vinculades a la formaci\u00f3 i [&hellip;]<\/p>\n","protected":false},"author":2654,"featured_media":0,"parent":0,"menu_order":0,"comment_status":"closed","ping_status":"closed","template":"","meta":{"footnotes":""},"class_list":["post-148","page","type-page","status-publish","hentry"],"_links":{"self":[{"href":"https:\/\/webs.uab.cat\/redo\/wp-json\/wp\/v2\/pages\/148","targetHints":{"allow":["GET"]}}],"collection":[{"href":"https:\/\/webs.uab.cat\/redo\/wp-json\/wp\/v2\/pages"}],"about":[{"href":"https:\/\/webs.uab.cat\/redo\/wp-json\/wp\/v2\/types\/page"}],"author":[{"embeddable":true,"href":"https:\/\/webs.uab.cat\/redo\/wp-json\/wp\/v2\/users\/2654"}],"replies":[{"embeddable":true,"href":"https:\/\/webs.uab.cat\/redo\/wp-json\/wp\/v2\/comments?post=148"}],"version-history":[{"count":13,"href":"https:\/\/webs.uab.cat\/redo\/wp-json\/wp\/v2\/pages\/148\/revisions"}],"predecessor-version":[{"id":481,"href":"https:\/\/webs.uab.cat\/redo\/wp-json\/wp\/v2\/pages\/148\/revisions\/481"}],"wp:attachment":[{"href":"https:\/\/webs.uab.cat\/redo\/wp-json\/wp\/v2\/media?parent=148"}],"curies":[{"name":"wp","href":"https:\/\/api.w.org\/{rel}","templated":true}]}}