{"id":87,"date":"2023-04-25T12:19:11","date_gmt":"2023-04-25T10:19:11","guid":{"rendered":"https:\/\/webs.uab.cat\/redsea11\/?page_id=87"},"modified":"2023-05-02T14:45:34","modified_gmt":"2023-05-02T12:45:34","slug":"organizing-committee","status":"publish","type":"page","link":"https:\/\/webs.uab.cat\/redsea11\/organizing-committee\/","title":{"rendered":"Organizing Committee"},"content":{"rendered":"\n<p><\/p>\n\n\n\n<p><\/p>\n\n\n\n<p class=\"has-text-align-center\">Dr. <strong>Joan Oller Guzm\u00e1n<\/strong>, Universitat Aut\u00f2noma de Barcelona.<\/p>\n\n\n\n<p class=\"has-text-align-center\">Dr. <strong>Jorge De Torres Rodr\u00edguez<\/strong>,&nbsp;Centro Superior de Investigaciones Cient\u00edficas.<\/p>\n\n\n\n<p class=\"has-text-align-center\">Dr. <strong>Ariadna Guimer\u00e0 Mart\u00ednez<\/strong>,\u00a0Universitat Aut\u00f2noma de Barcelona.<\/p>\n\n\n\n<p class=\"has-text-align-center\">Ms. <strong>Carolina Cornax G\u00f3mez<\/strong>, Incipit-Centro Superior de Investigaciones Cient\u00edficas.<\/p>\n","protected":false},"excerpt":{"rendered":"<p>Dr. Joan Oller Guzm\u00e1n, Universitat Aut\u00f2noma de Barcelona. Dr. Jorge De Torres Rodr\u00edguez,&nbsp;Centro Superior de Investigaciones Cient\u00edficas. Dr. Ariadna Guimer\u00e0 Mart\u00ednez,\u00a0Universitat Aut\u00f2noma de Barcelona. Ms. Carolina Cornax G\u00f3mez, Incipit-Centro Superior de Investigaciones Cient\u00edficas.<\/p>\n","protected":false},"author":1677,"featured_media":0,"parent":0,"menu_order":0,"comment_status":"closed","ping_status":"closed","template":"","meta":{"footnotes":""},"class_list":["post-87","page","type-page","status-publish","hentry"],"_links":{"self":[{"href":"https:\/\/webs.uab.cat\/redsea11\/wp-json\/wp\/v2\/pages\/87","targetHints":{"allow":["GET"]}}],"collection":[{"href":"https:\/\/webs.uab.cat\/redsea11\/wp-json\/wp\/v2\/pages"}],"about":[{"href":"https:\/\/webs.uab.cat\/redsea11\/wp-json\/wp\/v2\/types\/page"}],"author":[{"embeddable":true,"href":"https:\/\/webs.uab.cat\/redsea11\/wp-json\/wp\/v2\/users\/1677"}],"replies":[{"embeddable":true,"href":"https:\/\/webs.uab.cat\/redsea11\/wp-json\/wp\/v2\/comments?post=87"}],"version-history":[{"count":8,"href":"https:\/\/webs.uab.cat\/redsea11\/wp-json\/wp\/v2\/pages\/87\/revisions"}],"predecessor-version":[{"id":172,"href":"https:\/\/webs.uab.cat\/redsea11\/wp-json\/wp\/v2\/pages\/87\/revisions\/172"}],"wp:attachment":[{"href":"https:\/\/webs.uab.cat\/redsea11\/wp-json\/wp\/v2\/media?parent=87"}],"curies":[{"name":"wp","href":"https:\/\/api.w.org\/{rel}","templated":true}]}}