{"id":91,"date":"2023-04-25T12:20:23","date_gmt":"2023-04-25T10:20:23","guid":{"rendered":"https:\/\/webs.uab.cat\/redsea11\/?page_id=91"},"modified":"2023-05-02T14:47:33","modified_gmt":"2023-05-02T12:47:33","slug":"scientific-committee","status":"publish","type":"page","link":"https:\/\/webs.uab.cat\/redsea11\/scientific-committee\/","title":{"rendered":"Scientific Committee"},"content":{"rendered":"\n<p class=\"has-text-align-center\">Dr. <strong>Dionisius Agius<\/strong>, University of Exeter.<\/p>\n\n\n\n<p class=\"has-text-align-center\">Dr.<strong> Steven E. Sidebotham<\/strong>, University of Delaware.<\/p>\n\n\n\n<p class=\"has-text-align-center\">Dr. <strong>Chiara Zazzaro<\/strong>, Universit\u00e0 di Napoli l\u2019Orientale.<\/p>\n\n\n\n<p class=\"has-text-align-center\">Dr. <strong>Dario Nappo<\/strong>, Universit\u00e0 degli Studi di Napoli Federico II.<\/p>\n\n\n\n<p class=\"has-text-align-center\">Dr. <strong>Alfredo Gonz\u00e1lez-Ruibal<\/strong>, Centro Superior de Investigaciones Cient\u00edficas.<\/p>\n\n\n\n<p class=\"has-text-align-center\">Dr. <strong>Borja Antela Bern\u00e1rdez<\/strong>, Universitat Aut\u00f2noma de Barcelona.<\/p>\n\n\n\n<p class=\"has-text-align-center\">Dr. <strong>Jos\u00e9 Lull Garc\u00eda<\/strong>, Universitat Aut\u00f2noma de Barcelona.<\/p>\n\n\n\n<p class=\"has-text-align-center\"><\/p>\n","protected":false},"excerpt":{"rendered":"<p>Dr. Dionisius Agius, University of Exeter. Dr. Steven E. Sidebotham, University of Delaware. Dr. Chiara Zazzaro, Universit\u00e0 di Napoli l\u2019Orientale. Dr. Dario Nappo, Universit\u00e0 degli Studi di Napoli Federico II. Dr. Alfredo Gonz\u00e1lez-Ruibal, Centro Superior de Investigaciones Cient\u00edficas. Dr. Borja Antela Bern\u00e1rdez, Universitat Aut\u00f2noma de Barcelona. Dr. Jos\u00e9 Lull Garc\u00eda, Universitat Aut\u00f2noma de Barcelona.<\/p>\n","protected":false},"author":1677,"featured_media":0,"parent":0,"menu_order":0,"comment_status":"closed","ping_status":"closed","template":"","meta":{"footnotes":""},"class_list":["post-91","page","type-page","status-publish","hentry"],"_links":{"self":[{"href":"https:\/\/webs.uab.cat\/redsea11\/wp-json\/wp\/v2\/pages\/91","targetHints":{"allow":["GET"]}}],"collection":[{"href":"https:\/\/webs.uab.cat\/redsea11\/wp-json\/wp\/v2\/pages"}],"about":[{"href":"https:\/\/webs.uab.cat\/redsea11\/wp-json\/wp\/v2\/types\/page"}],"author":[{"embeddable":true,"href":"https:\/\/webs.uab.cat\/redsea11\/wp-json\/wp\/v2\/users\/1677"}],"replies":[{"embeddable":true,"href":"https:\/\/webs.uab.cat\/redsea11\/wp-json\/wp\/v2\/comments?post=91"}],"version-history":[{"count":5,"href":"https:\/\/webs.uab.cat\/redsea11\/wp-json\/wp\/v2\/pages\/91\/revisions"}],"predecessor-version":[{"id":173,"href":"https:\/\/webs.uab.cat\/redsea11\/wp-json\/wp\/v2\/pages\/91\/revisions\/173"}],"wp:attachment":[{"href":"https:\/\/webs.uab.cat\/redsea11\/wp-json\/wp\/v2\/media?parent=91"}],"curies":[{"name":"wp","href":"https:\/\/api.w.org\/{rel}","templated":true}]}}