{"id":119,"date":"2015-12-11T22:03:49","date_gmt":"2015-12-11T20:03:49","guid":{"rendered":"https:\/\/webs.uab.cat\/reicit\/team\/"},"modified":"2016-11-17T15:36:16","modified_gmt":"2016-11-17T13:36:16","slug":"team","status":"publish","type":"page","link":"https:\/\/webs.uab.cat\/reicit\/en\/team\/","title":{"rendered":"Team"},"content":{"rendered":"<table align=\"left\" border=\"1\" cellpadding=\"10\" cellspacing=\"0\" style=\"width:600px;\">\n<tbody>\n<tr>\n<td valign=\"top\" width=\"150\"><strong><img loading=\"lazy\" decoding=\"async\" class=\" size-full wp-image-96\" alt=\"LSantamaria\" height=\"159\" src=\"https:\/\/webs.uab.cat\/reicit\/wp-content\/uploads\/sites\/390\/2015\/12\/LSantamariaMarceloAurelio.png\" style=\"float:left\" width=\"158\" srcset=\"https:\/\/webs.uab.cat\/reicit\/wp-content\/uploads\/sites\/390\/2015\/12\/LSantamariaMarceloAurelio.png 600w, https:\/\/webs.uab.cat\/reicit\/wp-content\/uploads\/sites\/390\/2015\/12\/LSantamariaMarceloAurelio-300x300.png 300w, https:\/\/webs.uab.cat\/reicit\/wp-content\/uploads\/sites\/390\/2015\/12\/LSantamariaMarceloAurelio-150x150.png 150w\" sizes=\"auto, (max-width: 158px) 100vw, 158px\" \/><\/strong><\/td>\n<td valign=\"top\" width=\"400\">\n<p><strong><a href=\"https:\/\/gent.uab.cat\/laurasantamariaguinot\/\">Laura Santamaria<\/a>&nbsp;(Principal researcher)<\/strong><br \/>\n\t\t\t<a href=\"mailto:Laura.Santamaria@uab.cat\">Laura.Santamaria@uab.cat<\/a><br \/>\n\t\t\t<a href=\"https:\/\/orcid.org\/0000-0002-3528-1936\">https:\/\/orcid.org\/0000-0002-3528-1936<\/a><\/p>\n<p class=\"rtejustify\"><span class=\"rtejustify\">Laura Santamaria has taught translation at the Faculty of Translation and Interpreting in the Universitat Aut\u00f2noma de Barcelona since 1985, where she held different management positions and where she is the dean since 2012. Her research is based on issues related to mass media, intertextuality and cultural studies. She has taught specialised translation, specifically subjects on screen and multimedia translation and legal translation. She was as well teacher of translation and developer of materials for on-line masters at the Universitat Aut\u00f2noma de Barcelona and the New York University. She worked as a professional translator for different Catalan publishing houses and for Televisi\u00f3 de Catalunya as a screen translator. She is now member of the Board of \u00d2mnium in Sabadell and was member of the Board of the Associaci\u00f3 d&#8217;Escriptors en Llengua Catalana and the European Association for Studies in Screen Translation.<\/span><\/p>\n<\/td>\n<\/tr>\n<tr>\n<td valign=\"top\" width=\"150\"><u><strong><img loading=\"lazy\" decoding=\"async\" class=\" size-full wp-image-99\" alt=\"Fiona\" height=\"163\" src=\"https:\/\/webs.uab.cat\/reicit\/wp-content\/uploads\/sites\/390\/2015\/12\/FIONA.jpg\" style=\"float:left\" width=\"151\" srcset=\"https:\/\/webs.uab.cat\/reicit\/wp-content\/uploads\/sites\/390\/2015\/12\/FIONA.jpg 327w, https:\/\/webs.uab.cat\/reicit\/wp-content\/uploads\/sites\/390\/2015\/12\/FIONA-276x300.jpg 276w\" sizes=\"auto, (max-width: 151px) 100vw, 151px\" \/><\/strong><\/u><\/td>\n<td valign=\"top\" width=\"400\">\n<p><u><strong>Fiona Kelso<\/strong><\/u><br \/>\n\t\t\t<a href=\"mailto:FionaMegan.Kelso@uab.cat\">FionaMegan.Kelso@uab.cat<\/a><\/p>\n<p class=\"rtejustify\"><span class=\"rtejustify\">Adjunct lecturer in translation (English) at the Department of Translation and Interpreting of the Universitat Aut\u00f2noma de Barcelona. Official Master\u2019s Degree in Translation, Interpreting and Intercultural Studies (UAB) and Honours degree in Geography (University of Leeds, UK). Her research is centred on areas of cultural transfer in translation with a special emphasis on geographical references. She currently combines her teaching and research at the UAB with translation work. Active member of Mediterranean Editors and Translators, based in Barcelona and member of the Society of Authors (London).<\/span><\/p>\n<\/td>\n<\/tr>\n<tr>\n<td valign=\"top\" width=\"150\"><img loading=\"lazy\" decoding=\"async\" class=\" size-full wp-image-102\" alt=\"Luc\u00eda Molina\" height=\"210\" src=\"https:\/\/webs.uab.cat\/reicit\/wp-content\/uploads\/sites\/390\/2015\/12\/foto_web_MIM.jpg\" style=\"float:left\" width=\"150\" \/><\/td>\n<td valign=\"top\" width=\"400\">\n<p class=\"rtejustify\"><strong><a href=\"https:\/\/pagines.uab.cat\/lucia_molina\/\" title=\"web personal\">Luc\u00eda Molina<\/a><\/strong><br \/>\n\t\t\t<a href=\"Mailto:Lucia.Molina@uab.cat\">Lucia.Molina@uab.cat<br \/>\n\t\t\thttps:\/\/orcid.org\/0000-0003-4180-6644<\/a><\/p>\n<p class=\"rtejustify\">Senior lecturer in Arabic in the Department of Translation and Interpreting of the Universitat Aut\u00f2noma de Barcelona. PhD in Translation Theory (UAB) and Degree in Arabic Philology (University of Barcelona). She teaches on the Bachelor\u2019s Degree in Translation and Interpreting at the UAB and in the Official Master\u2019s Degree in Translation, Interpreting and Intercultural Studies. She also teaches on the Master\u2019s Degree MIM: <em>Crossing the Mediterranean toward Investiment and Integration<\/em>&nbsp;(UAB, Universit\u00e9 de Montpellier III, Paul Val\u00e9ry Universit\u00e0 degli Studi di Venezia, Ca&#8217;Foscari). Her research is centred on cultural transfer in translation from Arabic.<\/p>\n<\/td>\n<\/tr>\n<tr>\n<td valign=\"top\" width=\"150\"><strong><img loading=\"lazy\" decoding=\"async\" class=\" size-full wp-image-105\" alt=\"Tomoko Umemoto\" height=\"115\" src=\"https:\/\/webs.uab.cat\/reicit\/wp-content\/uploads\/sites\/390\/2015\/12\/tomoko_umemoto_foto_0.jpg\" style=\"float:left\" width=\"153\" srcset=\"https:\/\/webs.uab.cat\/reicit\/wp-content\/uploads\/sites\/390\/2015\/12\/tomoko_umemoto_foto_0.jpg 800w, https:\/\/webs.uab.cat\/reicit\/wp-content\/uploads\/sites\/390\/2015\/12\/tomoko_umemoto_foto_0-300x225.jpg 300w, https:\/\/webs.uab.cat\/reicit\/wp-content\/uploads\/sites\/390\/2015\/12\/tomoko_umemoto_foto_0-768x576.jpg 768w\" sizes=\"auto, (max-width: 153px) 100vw, 153px\" \/><\/strong><\/td>\n<td valign=\"top\" width=\"400\">\n<p><strong>Tomoko Umemoto<\/strong><br \/>\n\t\t\t<a href=\"mailto:Tomoko.Umemoto@uab.cat\" target=\"_blank\" rel=\"noopener\">Tomoko.Umemoto@uab.cat<\/a><\/p>\n<p class=\"rtejustify\"><span class=\"rtejustify\">Associate professor of the Japanese language at the Department of Translation and Interpreting and East Asian Studies, Autonomous University of Barcelona. PhD student in Translation and Intercultural Studies (UAB). Official Master&#8217;s degree in Translation, Interpretation and Intercultural Studies (UAB). Bachelor degree in English Language and Literature, specialized in Culture, Doshisha Joshi University, Japan. She teaches to the degree in Translation and Interpreting and the degree in East Asian Studies (UAB). Her research is developed in the field of cultural transfer in translation, intercultural studies and Japanese didactics.<\/span><\/p>\n<\/td>\n<\/tr>\n<tr>\n<td valign=\"top\" width=\"150\"><strong><img loading=\"lazy\" decoding=\"async\" class=\" size-full wp-image-108\" alt=\"Sian\" height=\"238\" src=\"https:\/\/webs.uab.cat\/reicit\/wp-content\/uploads\/sites\/390\/2015\/12\/Sian.jpg\" style=\"float:left\" width=\"133\" \/><\/strong><\/td>\n<td valign=\"top\" width=\"400\">\n<p><strong>Sian-HuangWu<\/strong><br \/>\n\t\t\t<a href=\"mailto:wusianhuang@gmail.com\">wusianhuang@gmail.com<\/a><\/p>\n<p class=\"rtejustify\"><span class=\"rtejustify\">Assistant professor in the Department of Spanish (Wenzao Ursuline University of Languages). PhD in Translation and Intercultural Studies (UAB) and Bachelor of Philology in Spanish ((Wenzao Ursuline University of Languages). Teaching Philology, Translation and Intercultural Studies in undergraduate in Wenzao Ursuline University of Languages. Her research consists of the field of audiovisual translation (Chinese-Spanish) and that of teaching Spanish.<\/span><\/p>\n<\/td>\n<\/tr>\n<tr>\n<td valign=\"top\" width=\"150\"><img loading=\"lazy\" decoding=\"async\" class=\" size-full wp-image-111\" alt=\"Gonzalo Iturregui Gallardo\" height=\"213\" src=\"https:\/\/webs.uab.cat\/reicit\/wp-content\/uploads\/sites\/390\/2015\/12\/foto_gonzalo.jpg\" style=\"float:left\" width=\"170\" srcset=\"https:\/\/webs.uab.cat\/reicit\/wp-content\/uploads\/sites\/390\/2015\/12\/foto_gonzalo.jpg 300w, https:\/\/webs.uab.cat\/reicit\/wp-content\/uploads\/sites\/390\/2015\/12\/foto_gonzalo-239x300.jpg 239w\" sizes=\"auto, (max-width: 170px) 100vw, 170px\" \/><\/td>\n<td valign=\"top\" width=\"400\">\n<p><strong>Gonzalo Iturregui Gallardo<\/strong><br \/>\n\t\t\t<a href=\"mailto:Gonzalo.Iturregui@uab.cat\">Gonzalo.Iturregui@uab.cat<\/a><br \/>\n\t\t\t<a href=\"https:\/\/orcid.org\/0000-0003-3664-0045\">https:\/\/orcid.org\/0000-0003-3664-0045<\/a><\/p>\n<p class=\"rtejustify\">Serra Hunter Lecturer in English and translation at the Department of Translation &amp; Interpreting of the UAB. PhD in Translation and Intercultural Studies (UAB) on audiovisual translation and accessibility. MA in Translation Studies (University of Leicester). BA in English and French Studies (UAB). He has worked as a Catalan Lecturer at the University of Leeds and as an associate lecturer in the English department of the UAB and the University of Barcelona. He combines his teaching and research activity with freelance work as a translator and audio describer, mostly in the field of the scenic arts. He is part of the SIFT (Seminar of Intersectionality, Feminism and Translation) and a member of the InCom-UAB (UAB). He also collaborates with ACPA (Catalan Association for the Promotion of Accessibility). His research focuses mainly on the meeting point of gender, queer and feminist studies and media accessibility and translation.<\/p>\n<\/td>\n<\/tr>\n<tr>\n<td valign=\"top\" width=\"150\"><img loading=\"lazy\" decoding=\"async\" class=\" size-full wp-image-114\" alt=\"Nazir Ahmed Can\" height=\"230\" src=\"https:\/\/webs.uab.cat\/reicit\/wp-content\/uploads\/sites\/390\/2015\/12\/foto_nazir_can.jpg\" style=\"float:left\" width=\"174\" srcset=\"https:\/\/webs.uab.cat\/reicit\/wp-content\/uploads\/sites\/390\/2015\/12\/foto_nazir_can.jpg 300w, https:\/\/webs.uab.cat\/reicit\/wp-content\/uploads\/sites\/390\/2015\/12\/foto_nazir_can-227x300.jpg 227w\" sizes=\"auto, (max-width: 174px) 100vw, 174px\" \/><\/td>\n<td valign=\"top\" width=\"400\">\n<p><strong>Nazir Ahmed Can<\/strong><br \/>\n\t\t\t<a href=\"mailto:Nazir.Ahmed.Can@uab.cat\u00a0\">Nazir.Ahmed.Can@uab.cat&nbsp;<br \/>\n\t\t\thttps:\/\/orcid.org\/0000-0002-7509-9688<\/a><\/p>\n<p class=\"rtejustify\">Lecturer Professor in Portuguese language and translation at the Autonomous University of Barcelona (UAB), Nazir Can is also, in this institution, vice-dean of the Faculty of Translation and Interpretating. PhD in Theory of Literature and Comparative Literature from UAB, he was a postdoctoral researcher at the University of S\u00e3o Paulo, an associate professor of African Literatures at the Federal University of Rio de Janeiro, and a visiting professor at the University of Salamanca. His current research interests focus on the relationships between translation, geography, and literary institutionalization in African Lusophone contexts.<\/p>\n<\/td>\n<\/tr>\n<\/tbody>\n<\/table>\n","protected":false},"excerpt":{"rendered":"<p>Laura Santamaria&nbsp;(Principal researcher) Laura.Santamaria@uab.cat https:\/\/orcid.org\/0000-0002-3528-1936 Laura Santamaria has taught translation at the Faculty of Translation and Interpreting in the Universitat Aut\u00f2noma de Barcelona since 1985, where she held different management positions and where she is the dean since 2012. Her research is based on issues related to mass media, intertextuality and cultural studies. She has [&hellip;]<\/p>\n","protected":false},"author":20,"featured_media":0,"parent":0,"menu_order":0,"comment_status":"closed","ping_status":"closed","template":"","meta":{"footnotes":""},"class_list":["post-119","page","type-page","status-publish","hentry"],"_links":{"self":[{"href":"https:\/\/webs.uab.cat\/reicit\/en\/wp-json\/wp\/v2\/pages\/119","targetHints":{"allow":["GET"]}}],"collection":[{"href":"https:\/\/webs.uab.cat\/reicit\/en\/wp-json\/wp\/v2\/pages"}],"about":[{"href":"https:\/\/webs.uab.cat\/reicit\/en\/wp-json\/wp\/v2\/types\/page"}],"author":[{"embeddable":true,"href":"https:\/\/webs.uab.cat\/reicit\/en\/wp-json\/wp\/v2\/users\/20"}],"replies":[{"embeddable":true,"href":"https:\/\/webs.uab.cat\/reicit\/en\/wp-json\/wp\/v2\/comments?post=119"}],"version-history":[{"count":0,"href":"https:\/\/webs.uab.cat\/reicit\/en\/wp-json\/wp\/v2\/pages\/119\/revisions"}],"wp:attachment":[{"href":"https:\/\/webs.uab.cat\/reicit\/en\/wp-json\/wp\/v2\/media?parent=119"}],"curies":[{"name":"wp","href":"https:\/\/api.w.org\/{rel}","templated":true}]}}