{"id":120,"date":"2015-12-09T13:55:00","date_gmt":"2015-12-09T11:55:00","guid":{"rendered":"https:\/\/webs.uab.cat\/reicit\/book-chapters-and-conference-proceedings\/"},"modified":"2023-11-17T17:26:50","modified_gmt":"2023-11-17T15:26:50","slug":"book-chapters-and-conference-proceedings","status":"publish","type":"page","link":"https:\/\/webs.uab.cat\/reicit\/en\/book-chapters-and-conference-proceedings\/","title":{"rendered":"Book chapters and conference proceedings"},"content":{"rendered":"<p>(2023) Can, Nazir Ahmed. \u201cRadical otherness in \u2018As Duas Sombras do Rio\u2019\u201d, by Jo\u00e3o Paulo Borges Coelho\u201d.\u00a0<em>Communicating Otherness.\u00a0<\/em>Jos\u00e9 C\u00e2ndido Oliveira Martins; Carmen M. Ramos Villar; Michela Graziani (eds.). New York: Palgrave \/ Springer [ongoing].<\/p>\n<p>(2023). Can, Nazir Ahmed. \u201cRuy Duarte de Carvalho e o problema da tradu\u00e7\u00e3o\u201d. Pi\u00e7arra, Maria do Carmo; Chaves, Rita (orgs.).\u00a0<em>Ruy Guerra e Ruy Duarte de Carvalho \u2013 entre escritas e imagin\u00e1rios<\/em>. Lisboa: ICNOVA (Universidade Nova de Lisboa) [ongoing].<\/p>\n<p>(2023) Can, Nazir Ahmed. \u201cThe Idea of Translation in \u2018Ancient Tillage\u2019, by Raduan Nassar\u201d.\u00a0<em>Twenty-First Century Arab and African Diasporas in Spain, Portugal and Latin America<\/em>. Cristi\u00e1n H. Ricci (ed.). New York: Routledge, 237-250. ISBN: 978-1-032-15644-6.\u00a0<a href=\"https:\/\/doi.org\/10.4324\/9781003245117\">https:\/\/doi.org\/10.4324\/9781003245117<\/a><\/p>\n<p>(2022) Khan, Sheila; Can, Nazir Ahmed; Machado, Helena. \u201cIntroduction\u201d.\u00a0<em>Racism and Racial Surveillance. Modernity Matters<\/em>. Sheila Khan; Nazir Ahmed Can; Helena Machado (eds.). London\/New York: Routledge (Taylor &amp; Francis Group), 3-15. ISBN: 978-0-367-85679-3.\u00a0<a href=\"https:\/\/doi.org\/10.4324\/9781003014300-2\">https:\/\/doi.org\/10.4324\/9781003014300-2<\/a><\/p>\n<p>(2022) Can, Nazir; Chaves, Rita. \u201cEmpire and literature: from the schism of race to the seism of the \u2018other\u2019\u201d.\u00a0<em>Racism and Racial Surveillance. Modernity Matters<\/em>. Sheila Khan; Nazir Ahmed Can; Helena Machado (eds.). London\/New York: Routledge (Taylor &amp; Francis Group), 16-40. ISBN: 978-0-367-85679-3.\u00a0<a href=\"https:\/\/doi.org\/10.4324\/9781003014300-3\">https:\/\/doi.org\/10.4324\/9781003014300-3<\/a><\/p>\n<p>(2022) Can, Nazir Ahmed. \u201cAs visitas do Dr. Valdez: o criado(r), o limite, a tradu\u00e7\u00e3o\u201d.\u00a0<em>A obra liter\u00e1ria de Jo\u00e3o Paulo Borges Coelho. Panorama cr\u00edtico<\/em>. Elena Brugioni\u00a0<em>et alt<\/em>. (eds.). Campinas: Editora da UNICAMP.<\/p>\n<p>(2021). Can, Nazir Ahmed. \u201cLu\u00eds Carlos Patraquim: 40 ans d\u2019\u00e9criture\u201d.\u00a0<em>Litt\u00e9ratures africaines d\u2019expression portugaise. Michel Laban, orpailleur d\u2019ombres<\/em>. Agn\u00e8s Lev\u00e9cot et Ilda Mendes dos Santos (eds). Paris: Presses de la Sorbonne Nouvelle.<\/p>\n<p>(2020) Can, Nazir Ahmed. \u201cPoetics and Politics of Memory: Notes on Jo\u00e3o Paulo Borges Coelho\u2019 Novels\u201d. In:\u00a0<em>A Companion to Jo\u00e3o Paulo Borges Coelho. Rewriting the (Post) Colonial Remains.\u00a0<\/em>Elena Brugioni; Orlando Grossegesse; Paulo de Medeiros (eds.). Oxford: Peter Lang, 69-90. ISBN: 9781787079861.\u00a0<a href=\"https:\/\/doi.org\/10.3726\/b11790\">https:\/\/doi.org\/10.3726\/b11790<\/a><\/p>\n<p>(2019) L. Santamaria \u201cResearching the Presence of Third Languages (L3) in AV Fiction with the Trafilm Tool\u201d. <i>Translating Audiovisuals in a Kaleidoscope of Languages<\/i>.\u00a0 Eva Espasa, Montse Corrius, Patrick Zabalbeascoa (ed.).Peter Lang.<\/p>\n<p>(2019) L. Santamaria \u201cProfessional Perspectives on Multilingual Films: In Conversation with Isona Passola, Alex Brendem\u00fchl and Llu\u00eds Comes\u201d. Eva Espasa, Montse Corrius, Patrick Zabalbeascoa (ed.)<i>Translating Audiovisuals in a Kaleidoscope of Languages<\/i>.\u00a0 Peter Lang.<\/p>\n<p>(2019) L. Santamaria \u201cL3=L2\u00a0\u00bfQu\u00e9 hacemos con el int\u00e9rprete no profesional?\u201d.\u00a0Int\u00e9rpretes de Cine. An\u00e1lisis del papel mediador en la ficci\u00f3n audiovisual,\u00a0Xo\u00e1n Montero Dom\u00ednguez (ed.). <a href=\"https:\/\/www.peterlang.com\/view\/serial\/SRSIK\">Studien zur romanischen Sprachwissenschaft und interkulturellen Kommunikation<\/a>, Frankfurt am Main: Peter Lang, 55-80. ISBN: 978-3-631-79446-3(2016).<\/p>\n<p>(2019)\u00a0L. Molina \u201cInt\u00e9rprete o terrorista: el \u00e1rabe en el cine de contraterrorismo. El caso de <i>En tierra hostil<\/i> y <i>La noche m\u00e1s oscura.<\/i> \u00a0Int\u00e9rpretes de Cine. An\u00e1lisis del papel mediador en la ficci\u00f3n audiovisual,\u00a0Xo\u00e1n Montero Dom\u00ednguez (ed.). <a href=\"https:\/\/www.peterlang.com\/view\/serial\/SRSIK\">Studien zur romanischen Sprachwissenschaft und interkulturellen Kommunikation<\/a>, Frankfurt am Main: Peter Lang, 114-128. ISBN: 978-3-631-79446-3.<\/p>\n<p>(2019). Can, Nazir Ahmed. \u201cColonialismo portugu\u00eas e castigo p\u00fablico: pacto com o eufemismo\u201d. Margarida Calafate Ribeiro; Phillip Rothwell. (Orgs.).\u00a0<em>Heran\u00e7as p\u00f3s-coloniais nas literaturas de l\u00edngua portuguesa<\/em>. Porto: Edi\u00e7\u00f5es Afrontamento, 2019, 211-226.<\/p>\n<p>(2018)\u00a0\u00a0L. Santamaria, M. Pujol \u201cMapping L3 in audiovisual productions\u201d. <em>Focusing on Audiovisual Translation Research<\/em>. English in the World Series. Valencia: Editorial Comares. 39-48.<\/p>\n<p>(2018)\u00a0\u00a0L. Santamaria \u201c<a href=\"http:\/\/Las fenzhangpian de animaci\u00f3n en China continental (1995-2012). Normas preliminares, operacionales y censura\">Las fenzhangpian de animaci\u00f3n en China continental (1995-2012). Normas preliminares, operacionales y censura<\/a>\u201d. <i>Sendebar<\/i>, 29, 109-128.\u00a0ISSN: 2340-2415.<\/p>\n<p>(2017)\u00a0\u201c<a href=\"https:\/\/www.researchgate.net\/publication\/323603560_Multimodalidad_dialogos_y_doblaje\">Multimodalidad, di\u00e1logos y doblaje<\/a>\u201d. <i>El doblaje. Nuevas v\u00edas de Investigaci\u00f3n<\/i>. Interlingua, 163. Granada: Editorial Comares. 39-48.<\/p>\n<p>(2016)\u00a0L. Molina \u201c<a href=\"https:\/\/ddd.uab.cat\/record\/197077?ln=ca\">The\u00a0<em>mahjar<\/em>\u00a0comes home: Arab references in Arabic translations of One Hundred Years of Solitude<\/a>\u201d en L. Molina y L. Santamaria (Eds.)\u00a0<em>Traducci\u00f3n, Interpretaci\u00f3n y Estudios interculturales<\/em>, Granada: Editorial Comares, Colecci\u00f3n Interlingua 109-125. ISBN 978-84-9045-432-9<\/p>\n<p>(2016) L. Santamaria <a href=\"https:\/\/ddd.uab.cat\/pub\/caplli\/2016\/197223\/Filmmaking_LS.pdf\">&#8220;Filmmaking: Cultural Referents, Terminology and Identity<\/a>&#8220;<em>\u00a0en L. Molina y L. Santamaria (Eds.)\u00a0<em>Traducci\u00f3n, Interpretaci\u00f3n y Estudios interculturales<\/em>, Granada: Editorial Comares, Colecci\u00f3n Interlingua 109-125. ISBN 978-84-9045-432-9.<\/em><\/p>\n<p>(2016). Can, Nazir Ahmed. \u201cCorrida pela distin\u00e7\u00e3o: considera\u00e7\u00f5es sobre os pr\u00eamios e os textos liter\u00e1rios menores de Mo\u00e7ambique\u201d. Ana Gabriela Macedo, Elena Brugioni, Joana Passos (orgs.).\u00a0<em>Pr\u00e9mios liter\u00e1rios. O poder das narrativas \/ As narrativas do poder<\/em>. Porto: Afrontamento, 75-94.<\/p>\n<p>(2014) L. Santamaria. \u00abThe Identity of Fictional Television Characters as a Translation Competence\u00ab. Dins: Bausteine translatorischer Kompetenz oder Was macht \u00dcbersetzer und Dolmetscher zu Profis?. 1 ed. Innsbruck: Peter Lang; 2014. p. 167-180<\/p>\n<p>(2014) Can, Nazir Ahmed. \u201cA House of Marked Cards: The Public Discourse of the Political Elite in the Novels of Jo\u00e3o Paulo Borges Coelho\u201d.\u00a0<em>Narrating the Postcolonial Nation: Mapping Angola and Mozambique<\/em>. Ana Mafalda Leite; Hilary Owen; Rita Chaves; Livia Apa (eds.). Bern: Peter Lang, p. 213-233. ISBN: 978-303-430-891-5. https:\/\/doi.org\/10.3726\/978-3-0353-0631-6<\/p>\n<p>(2013) L. Santamaria. \u00abInterculturalitat i ficci\u00f3 en la traducci\u00f3 audiovisual\u00bb. Investigaci\u00f3 en Ci\u00e8ncies Humanes i Socials. 1 ed. Castell\u00f3 de la Plana: Publicacions de la Universitat Jaume I; 2013. p. 149-160.<\/p>\n<p>(2013) L. Santamaria. \u00abPr\u00f3logo\u00bb. Traducci\u00f3n para la comunicaci\u00f3n internacional. 1 ed. Granada: Editorial Comares; 2013. p. VII-VIII (2003) L. Molina \u00abLocalizaci\u00f3n de los focos culturales entre las culturas \u00e1rabe e hisp\u00e1nica en la traducci\u00f3n de textos\u00bb en Interaction entre culture et traduction.\u2019Ecole Sup\u00e9rieure Roi Fahd de Traduction. Universit\u00e9 Abdelmalek Essaadi. T\u00e1nger (Marruecos). ISBN: 9954-0-1181-1.<\/p>\n<p>(2003) L. Molina \u00abLocalizaci\u00f3n de los focos culturales entre las culturas \u00e1rabe e hisp\u00e1nica en la traducci\u00f3n de textos\u00bb en Interaction entre culture et traduction.\u2019Ecole Sup\u00e9rieure Roi Fahd de Traduction. Universit\u00e9 Abdelmalek Essaadi. T\u00e1nger (Marruecos). ISBN: 9954-0-1181-1.<\/p>\n<p>(2001) L. Molina \u00abInterferencias culturales: el tratamiento de los elementos arabo-isl\u00e1mico en las traducciones al \u00e1rabe de \u2018Cien a\u00f1os de soledad\u2019\u00bb en \u00daltimas corrientes te\u00f3ricas en los estudios de traducci\u00f3n y sus aplicaciones 466-477. ISBN- 84-7800-868-3.<\/p>\n","protected":false},"excerpt":{"rendered":"<p>(2023) Can, Nazir Ahmed. \u201cRadical otherness in \u2018As Duas Sombras do Rio\u2019\u201d, by Jo\u00e3o Paulo Borges Coelho\u201d.\u00a0Communicating Otherness.\u00a0Jos\u00e9 C\u00e2ndido Oliveira Martins; Carmen M. Ramos Villar; Michela Graziani (eds.). New York: Palgrave \/ Springer [ongoing]. (2023). Can, Nazir Ahmed. \u201cRuy Duarte de Carvalho e o problema da tradu\u00e7\u00e3o\u201d. Pi\u00e7arra, Maria do Carmo; Chaves, Rita (orgs.).\u00a0Ruy Guerra [&hellip;]<\/p>\n","protected":false},"author":20,"featured_media":0,"parent":0,"menu_order":0,"comment_status":"closed","ping_status":"closed","template":"","meta":{"footnotes":""},"class_list":["post-120","page","type-page","status-publish","hentry"],"_links":{"self":[{"href":"https:\/\/webs.uab.cat\/reicit\/en\/wp-json\/wp\/v2\/pages\/120","targetHints":{"allow":["GET"]}}],"collection":[{"href":"https:\/\/webs.uab.cat\/reicit\/en\/wp-json\/wp\/v2\/pages"}],"about":[{"href":"https:\/\/webs.uab.cat\/reicit\/en\/wp-json\/wp\/v2\/types\/page"}],"author":[{"embeddable":true,"href":"https:\/\/webs.uab.cat\/reicit\/en\/wp-json\/wp\/v2\/users\/20"}],"replies":[{"embeddable":true,"href":"https:\/\/webs.uab.cat\/reicit\/en\/wp-json\/wp\/v2\/comments?post=120"}],"version-history":[{"count":1,"href":"https:\/\/webs.uab.cat\/reicit\/en\/wp-json\/wp\/v2\/pages\/120\/revisions"}],"predecessor-version":[{"id":416,"href":"https:\/\/webs.uab.cat\/reicit\/en\/wp-json\/wp\/v2\/pages\/120\/revisions\/416"}],"wp:attachment":[{"href":"https:\/\/webs.uab.cat\/reicit\/en\/wp-json\/wp\/v2\/media?parent=120"}],"curies":[{"name":"wp","href":"https:\/\/api.w.org\/{rel}","templated":true}]}}