{"id":84,"date":"2015-12-09T11:34:32","date_gmt":"2015-12-09T09:34:32","guid":{"rendered":"https:\/\/webs.uab.cat\/reicit\/contact\/"},"modified":"2015-12-09T11:34:57","modified_gmt":"2015-12-09T09:34:57","slug":"contact","status":"publish","type":"page","link":"https:\/\/webs.uab.cat\/reicit\/en\/contact\/","title":{"rendered":"Contact"},"content":{"rendered":"<p>Departamento de Traducci\u00f3n, Interpretaci\u00f3n y de Estudios de \u00c1sia Oriental<br \/>Universitat Aut\u00f2noma de Barcelona<br \/>Edifici K, Campus de la UAB<br \/>08193 Bellaterra (Cerdanyola del Vall\u00e8s)<\/p>\n<p>Tel:&nbsp;+34 935811374<br \/>Fax:+34 935812762<br \/>E-mail: <a href=\"mailto:Laura.Santamaria@uab.cat\">Laura.Santamaria@uab.cat<\/a><\/p>\n","protected":false},"excerpt":{"rendered":"<p>Departamento de Traducci\u00f3n, Interpretaci\u00f3n y de Estudios de \u00c1sia OrientalUniversitat Aut\u00f2noma de BarcelonaEdifici K, Campus de la UAB08193 Bellaterra (Cerdanyola del Vall\u00e8s) Tel:&nbsp;+34 935811374Fax:+34 935812762E-mail: Laura.Santamaria@uab.cat<\/p>\n","protected":false},"author":20,"featured_media":0,"parent":0,"menu_order":0,"comment_status":"closed","ping_status":"closed","template":"","meta":{"footnotes":""},"class_list":["post-84","page","type-page","status-publish","hentry"],"_links":{"self":[{"href":"https:\/\/webs.uab.cat\/reicit\/en\/wp-json\/wp\/v2\/pages\/84","targetHints":{"allow":["GET"]}}],"collection":[{"href":"https:\/\/webs.uab.cat\/reicit\/en\/wp-json\/wp\/v2\/pages"}],"about":[{"href":"https:\/\/webs.uab.cat\/reicit\/en\/wp-json\/wp\/v2\/types\/page"}],"author":[{"embeddable":true,"href":"https:\/\/webs.uab.cat\/reicit\/en\/wp-json\/wp\/v2\/users\/20"}],"replies":[{"embeddable":true,"href":"https:\/\/webs.uab.cat\/reicit\/en\/wp-json\/wp\/v2\/comments?post=84"}],"version-history":[{"count":0,"href":"https:\/\/webs.uab.cat\/reicit\/en\/wp-json\/wp\/v2\/pages\/84\/revisions"}],"wp:attachment":[{"href":"https:\/\/webs.uab.cat\/reicit\/en\/wp-json\/wp\/v2\/media?parent=84"}],"curies":[{"name":"wp","href":"https:\/\/api.w.org\/{rel}","templated":true}]}}