{"id":86,"date":"2015-12-09T11:38:10","date_gmt":"2015-12-09T09:38:10","guid":{"rendered":"https:\/\/webs.uab.cat\/reicit\/books\/"},"modified":"2023-11-17T17:31:54","modified_gmt":"2023-11-17T15:31:54","slug":"books","status":"publish","type":"page","link":"https:\/\/webs.uab.cat\/reicit\/en\/books\/","title":{"rendered":"Books"},"content":{"rendered":"\n<p>(2022) Sousa, Sandra; Can, Nazir Ahmed (eds.).&nbsp;<em>The Africas in the World and the World in the Africas: African Literatures and Comparativism<\/em>. Quod Manet (Holden, Massachusetts). 335 p. ISBN: 979-8-83-387293-2.&nbsp;<a href=\"https:\/\/quodmanet.com\/05.africas.html\">https:\/\/quodmanet.com\/05.africas.html<\/a><\/p>\n\n\n\n<p>(2022) Fontes Maria A.; Can, Nazir Ahmed; Chaves, Rita (eds.).&nbsp;<em>Geografias liter\u00e1rias de l\u00edngua portuguesa no s\u00e9culo XXI.&nbsp;<\/em>Roma: Tab Edizioni (Colecci\u00f3n Rud\u00e1 \u2013 Letteratura, arte e cultura dei paesi di lingua portoghese). 424 p. ISBN: 978-88-9295-318-5.<\/p>\n\n\n\n<p>(2022) Khan, Sheila; Can, Nazir Ahmed; Machado, Helena (eds.).&nbsp;&nbsp;<em>Racism and Racial Surveillance. Modernity Matters<\/em>. Sheila Khan; Nazir Ahmed Can; Helena Machado (eds.). London\/New York: Routledge (Taylor &amp; Francis Group). 240 p. ISBN: 978-0-367-85679-3.&nbsp;<a href=\"https:\/\/doi.org\/10.4324\/9781003014300\">https:\/\/doi.org\/10.4324\/9781003014300<\/a><\/p>\n\n\n\n<p>(2021). Can, Nazir Ahmed.&nbsp;<em>Jo\u00e3o Paulo Borges Coelho: fic\u00e7\u00e3o, mem\u00f3ria, cesura<\/em>. Rio de Janeiro: Edi\u00e7\u00f5es Folha Seca. 184 p. ISBN: 978-65-9902-751-2<\/p>\n\n\n\n<p>(2020). Can, Nazir Ahmed.&nbsp;<em>O campo liter\u00e1rio mo\u00e7ambicano: tradu\u00e7\u00e3o do espa\u00e7o e formas de ins\u00edlio.&nbsp;<\/em>S\u00e3o Paulo: Kapulana. 176 p. ISBN: 9786587231037.<\/p>\n\n\n\n<p>(2017). Khan, Sheila; Sousa, Sandra; Simas-Almeida, Leonor; Gould, Isabel; Can, Nazir Ahmed (eds.).&nbsp;<em>Visitas a Jo\u00e3o Paulo Borges Coelho. Leituras, di\u00e1logos e futuros<\/em>. Lisboa: Edi\u00e7\u00f5es Colibri. 255 p. ISBN: 978-989-689-663-8.<\/p>\n\n\n\n<p>(2014). Can, Nazir Ahmed.&nbsp;<em>Discurso e poder nos romances de Jo\u00e3o Paulo Borges Coelho<\/em>. Maputo: Alcance Editores. 253 p. ISBN: 978-992-879-209-9.<\/p>\n\n\n\n<p><\/p>\n\n\n\n<p><\/p>\n","protected":false},"excerpt":{"rendered":"<p>(2022) Sousa, Sandra; Can, Nazir Ahmed (eds.).&nbsp;The Africas in the World and the World in the Africas: African Literatures and Comparativism. Quod Manet (Holden, Massachusetts). 335 p. ISBN: 979-8-83-387293-2.&nbsp;https:\/\/quodmanet.com\/05.africas.html (2022) Fontes Maria A.; Can, Nazir Ahmed; Chaves, Rita (eds.).&nbsp;Geografias liter\u00e1rias de l\u00edngua portuguesa no s\u00e9culo XXI.&nbsp;Roma: Tab Edizioni (Colecci\u00f3n Rud\u00e1 \u2013 Letteratura, arte e cultura [&hellip;]<\/p>\n","protected":false},"author":20,"featured_media":0,"parent":0,"menu_order":0,"comment_status":"closed","ping_status":"closed","template":"","meta":{"footnotes":""},"class_list":["post-86","page","type-page","status-publish","hentry"],"_links":{"self":[{"href":"https:\/\/webs.uab.cat\/reicit\/en\/wp-json\/wp\/v2\/pages\/86","targetHints":{"allow":["GET"]}}],"collection":[{"href":"https:\/\/webs.uab.cat\/reicit\/en\/wp-json\/wp\/v2\/pages"}],"about":[{"href":"https:\/\/webs.uab.cat\/reicit\/en\/wp-json\/wp\/v2\/types\/page"}],"author":[{"embeddable":true,"href":"https:\/\/webs.uab.cat\/reicit\/en\/wp-json\/wp\/v2\/users\/20"}],"replies":[{"embeddable":true,"href":"https:\/\/webs.uab.cat\/reicit\/en\/wp-json\/wp\/v2\/comments?post=86"}],"version-history":[{"count":3,"href":"https:\/\/webs.uab.cat\/reicit\/en\/wp-json\/wp\/v2\/pages\/86\/revisions"}],"predecessor-version":[{"id":422,"href":"https:\/\/webs.uab.cat\/reicit\/en\/wp-json\/wp\/v2\/pages\/86\/revisions\/422"}],"wp:attachment":[{"href":"https:\/\/webs.uab.cat\/reicit\/en\/wp-json\/wp\/v2\/media?parent=86"}],"curies":[{"name":"wp","href":"https:\/\/api.w.org\/{rel}","templated":true}]}}