{"id":124,"date":"2016-11-17T15:46:35","date_gmt":"2016-11-17T13:46:35","guid":{"rendered":"https:\/\/webs.uab.cat\/reicit\/otros\/"},"modified":"2016-11-17T15:48:35","modified_gmt":"2016-11-17T13:48:35","slug":"otros","status":"publish","type":"page","link":"https:\/\/webs.uab.cat\/reicit\/es\/otros\/","title":{"rendered":"Otros"},"content":{"rendered":"<p>(2014) L. Molina y L. Santamaria (Grupo Reicit) Food as an example of translation dinamism. Comunicaci\u00f3n en 1st International Congress of Food and Cultural, 21-24 de mayo 2014 , Bertinoro (Italia).<\/p>\n<p>(2010) Fiona Kelso An Exploratory Study of the Cultural References in Pedra de Tartera by Maria Barbal, TFM, M\u00e0ster en Traduccci\u00f3, Interpetaci\u00f3 i Estudis Interculturals, UAB.<\/p>\n","protected":false},"excerpt":{"rendered":"<p>(2014) L. Molina y L. Santamaria (Grupo Reicit) Food as an example of translation dinamism. Comunicaci\u00f3n en 1st International Congress of Food and Cultural, 21-24 de mayo 2014 , Bertinoro (Italia). (2010) Fiona Kelso An Exploratory Study of the Cultural References in Pedra de Tartera by Maria Barbal, TFM, M\u00e0ster en Traduccci\u00f3, Interpetaci\u00f3 i Estudis [&hellip;]<\/p>\n","protected":false},"author":20,"featured_media":0,"parent":0,"menu_order":0,"comment_status":"closed","ping_status":"closed","template":"","meta":{"footnotes":""},"class_list":["post-124","page","type-page","status-publish","hentry"],"_links":{"self":[{"href":"https:\/\/webs.uab.cat\/reicit\/es\/wp-json\/wp\/v2\/pages\/124","targetHints":{"allow":["GET"]}}],"collection":[{"href":"https:\/\/webs.uab.cat\/reicit\/es\/wp-json\/wp\/v2\/pages"}],"about":[{"href":"https:\/\/webs.uab.cat\/reicit\/es\/wp-json\/wp\/v2\/types\/page"}],"author":[{"embeddable":true,"href":"https:\/\/webs.uab.cat\/reicit\/es\/wp-json\/wp\/v2\/users\/20"}],"replies":[{"embeddable":true,"href":"https:\/\/webs.uab.cat\/reicit\/es\/wp-json\/wp\/v2\/comments?post=124"}],"version-history":[{"count":0,"href":"https:\/\/webs.uab.cat\/reicit\/es\/wp-json\/wp\/v2\/pages\/124\/revisions"}],"wp:attachment":[{"href":"https:\/\/webs.uab.cat\/reicit\/es\/wp-json\/wp\/v2\/media?parent=124"}],"curies":[{"name":"wp","href":"https:\/\/api.w.org\/{rel}","templated":true}]}}