{"id":183,"date":"2019-09-09T11:39:06","date_gmt":"2019-09-09T09:39:06","guid":{"rendered":"https:\/\/webs.uab.cat\/reicit\/actividades-2\/"},"modified":"2023-05-29T15:17:45","modified_gmt":"2023-05-29T13:17:45","slug":"actividades-2","status":"publish","type":"page","link":"https:\/\/webs.uab.cat\/reicit\/es\/actividades-2\/","title":{"rendered":"Actividades"},"content":{"rendered":"<strong><\/strong>\n\n31\/05\/2023\u00a0a les 13h (Sala Jos\u00e9 Agust\u00edn Goytisolo. Biblioteca d&#8217;Humanitats)\n\n<strong> <\/strong>\n<p class=\"has-larger-font-size\"><strong>Literatures i cinemes en llengua portuguesa<\/strong><\/p>\n<strong> <\/strong>\n<figure class=\"wp-block-image size-large is-resized\"><img loading=\"lazy\" decoding=\"async\" class=\"wp-image-327\" src=\"https:\/\/webs.uab.cat\/reicit\/wp-content\/uploads\/sites\/390\/2023\/05\/Literatures-i-cinemes-en-llengua-portuguesa-1-724x1024.jpg\" alt=\"\" width=\"543\" height=\"768\" srcset=\"https:\/\/webs.uab.cat\/reicit\/wp-content\/uploads\/sites\/390\/2023\/05\/Literatures-i-cinemes-en-llengua-portuguesa-1-724x1024.jpg 724w, https:\/\/webs.uab.cat\/reicit\/wp-content\/uploads\/sites\/390\/2023\/05\/Literatures-i-cinemes-en-llengua-portuguesa-1-212x300.jpg 212w, https:\/\/webs.uab.cat\/reicit\/wp-content\/uploads\/sites\/390\/2023\/05\/Literatures-i-cinemes-en-llengua-portuguesa-1-768x1086.jpg 768w, https:\/\/webs.uab.cat\/reicit\/wp-content\/uploads\/sites\/390\/2023\/05\/Literatures-i-cinemes-en-llengua-portuguesa-1-1086x1536.jpg 1086w, https:\/\/webs.uab.cat\/reicit\/wp-content\/uploads\/sites\/390\/2023\/05\/Literatures-i-cinemes-en-llengua-portuguesa-1.jpg 1131w\" sizes=\"auto, (max-width: 543px) 100vw, 543px\" \/><\/figure>\n<strong>21\/10\/2022 \u00a0a les 11h (aula 83 FTI)<\/strong>\n<h3><b><i>Brasil e \u00c1frica: palavras em tr\u00e2nsito<\/i><\/b><\/h3>\nConferencia a cargo Rita Chaves (Universidade de S\u00e3o Paulo)\n\n<img loading=\"lazy\" decoding=\"async\" class=\" size-full wp-image-153\" style=\"width: 424px;height: 600px\" src=\"https:\/\/webs.uab.cat\/reicit\/wp-content\/uploads\/sites\/390\/2019\/09\/rita-chaves-ftiajpg.jpg\" alt=\"rita-chaves-ftiajpg.jpg\" width=\"424\" height=\"600\" srcset=\"https:\/\/webs.uab.cat\/reicit\/wp-content\/uploads\/sites\/390\/2019\/09\/rita-chaves-ftiajpg.jpg 424w, https:\/\/webs.uab.cat\/reicit\/wp-content\/uploads\/sites\/390\/2019\/09\/rita-chaves-ftiajpg-212x300.jpg 212w\" sizes=\"auto, (max-width: 424px) 100vw, 424px\" \/>\n\n<hr \/>\n\n<strong>3\/12\/2020 15 h (CET)<\/strong>\n<h3><em><strong>Cosmpolitismo y Traducci\u00f3n<\/strong><\/em><\/h3>\n<strong>Conferencia virtual a cargo de Esperan\u00e7a Bielsa (Dpt. Sociologia, UAB, y Shanghai International Studies University)<\/strong>\n\n<strong><a href=\"https:\/\/tinyurl.com\/\">Enlla\u00e7<\/a><\/strong>\n\n<img loading=\"lazy\" decoding=\"async\" class=\" size-full wp-image-156\" src=\"https:\/\/webs.uab.cat\/reicit\/wp-content\/uploads\/sites\/390\/2019\/09\/conferencia_bielsa_reicit-min_0.jpg\" alt=\"\" width=\"400\" height=\"225\" srcset=\"https:\/\/webs.uab.cat\/reicit\/wp-content\/uploads\/sites\/390\/2019\/09\/conferencia_bielsa_reicit-min_0.jpg 800w, https:\/\/webs.uab.cat\/reicit\/wp-content\/uploads\/sites\/390\/2019\/09\/conferencia_bielsa_reicit-min_0-300x169.jpg 300w, https:\/\/webs.uab.cat\/reicit\/wp-content\/uploads\/sites\/390\/2019\/09\/conferencia_bielsa_reicit-min_0-768x432.jpg 768w\" sizes=\"auto, (max-width: 400px) 100vw, 400px\" \/>\n\n<hr \/>\n\n<strong>15\/08\/2019<\/strong>\n\n<strong>PANORAMA DE LA COCINA FUSI\u00d3N JAPONESA EN CATALU\u00d1A<\/strong>\n\nEntrevista a\u00a0Sergi Ortiz (L\u2019Antic Forn Cervera)\n\n<img loading=\"lazy\" decoding=\"async\" class=\" size-full wp-image-159\" src=\"https:\/\/webs.uab.cat\/reicit\/wp-content\/uploads\/sites\/390\/2019\/09\/001-sergi-ortiz.jpg\" alt=\"\" width=\"200\" height=\"266\" srcset=\"https:\/\/webs.uab.cat\/reicit\/wp-content\/uploads\/sites\/390\/2019\/09\/001-sergi-ortiz.jpg 451w, https:\/\/webs.uab.cat\/reicit\/wp-content\/uploads\/sites\/390\/2019\/09\/001-sergi-ortiz-226x300.jpg 226w\" sizes=\"auto, (max-width: 200px) 100vw, 200px\" \/>\n\nContribuci\u00f3n Reicit:\u00a0Tomoko Umemoto\n\nM\u00e1s informaci\u00f3n\n\n<hr \/>\n\n<strong>14\/08\/2019<\/strong>\n\n<strong>PANORAMA DE LA COCINA FUSI\u00d3N JAPONESA EN CATALU\u00d1A<\/strong>\n\nEntrevista a\u00a0Seiki Nakashima (Restaurant Gaig)\n\n<img loading=\"lazy\" decoding=\"async\" class=\" size-full wp-image-162\" src=\"https:\/\/webs.uab.cat\/reicit\/wp-content\/uploads\/sites\/390\/2019\/09\/01-seiki-nakashima-min.jpg\" alt=\"\" width=\"200\" height=\"271\" srcset=\"https:\/\/webs.uab.cat\/reicit\/wp-content\/uploads\/sites\/390\/2019\/09\/01-seiki-nakashima-min.jpg 442w, https:\/\/webs.uab.cat\/reicit\/wp-content\/uploads\/sites\/390\/2019\/09\/01-seiki-nakashima-min-221x300.jpg 221w\" sizes=\"auto, (max-width: 200px) 100vw, 200px\" \/>\n\nContribuci\u00f3n Reicit:\u00a0Tomoko Umemoto\n\nM\u00e1s informaci\u00f3n\n\n<hr \/>\n\n<strong>07\/09\/2020<\/strong>\n<strong>PANORAMA DE LA COCINA FUSI\u00d3N JAPONESA EN CATALU\u00d1A<\/strong>\n\nRyuji Murakami (<em>BOUZU<\/em>)\n\n<img loading=\"lazy\" decoding=\"async\" class=\" size-full wp-image-165\" src=\"https:\/\/webs.uab.cat\/reicit\/wp-content\/uploads\/sites\/390\/2019\/09\/ryuji_murakami_jpeg.jpg\" alt=\"\" width=\"150\" height=\"267\" srcset=\"https:\/\/webs.uab.cat\/reicit\/wp-content\/uploads\/sites\/390\/2019\/09\/ryuji_murakami_jpeg.jpg 337w, https:\/\/webs.uab.cat\/reicit\/wp-content\/uploads\/sites\/390\/2019\/09\/ryuji_murakami_jpeg-169x300.jpg 169w\" sizes=\"auto, (max-width: 150px) 100vw, 150px\" \/>\n\nContribuci\u00f3n Reicit:\u00a0Tomoko Umemoto\n\nM\u00e1s informaci\u00f3n\n\n<hr \/>\n\n<strong>20\/12\/2019<\/strong>\n\n<strong>PANORAMA DE LA COCINA FUSI\u00d3N JAPONESA EN CATALU\u00d1A<\/strong>\n\nEntrevista a\u00a0Kenji Ueno (\u00a0<em>Can Kenji<\/em>, <em>Aiueno <\/em>y <em>Sato i Tanaka<\/em>)\n\n<img loading=\"lazy\" decoding=\"async\" class=\" size-full wp-image-168\" src=\"https:\/\/webs.uab.cat\/reicit\/wp-content\/uploads\/sites\/390\/2019\/09\/001-kenji-ueno.jpg\" alt=\"\" width=\"250\" height=\"185\" srcset=\"https:\/\/webs.uab.cat\/reicit\/wp-content\/uploads\/sites\/390\/2019\/09\/001-kenji-ueno.jpg 800w, https:\/\/webs.uab.cat\/reicit\/wp-content\/uploads\/sites\/390\/2019\/09\/001-kenji-ueno-300x222.jpg 300w, https:\/\/webs.uab.cat\/reicit\/wp-content\/uploads\/sites\/390\/2019\/09\/001-kenji-ueno-768x569.jpg 768w\" sizes=\"auto, (max-width: 250px) 100vw, 250px\" \/>\n\nContribuci\u00f3n Reicit:\u00a0Tomoko Umemoto\n\nM\u00e1s informaci\u00f3n\n\n<hr \/>\n\n<strong>18\/07\/2019<\/strong>\n\n<strong>PANORAMA DE LA COCINA FUSI\u00d3N JAPONESA EN CATALU\u00d1A<\/strong>\n\nEntrevista a\u00a0Albert Raurich, Tamae Imachi, Takeshi Somekawa (Dos Palillos)\n\n<img loading=\"lazy\" decoding=\"async\" class=\" size-full wp-image-171\" src=\"https:\/\/webs.uab.cat\/reicit\/wp-content\/uploads\/sites\/390\/2019\/09\/01-rusca.jpg\" alt=\"01-rusca.jpg\" width=\"291\" height=\"165\" srcset=\"https:\/\/webs.uab.cat\/reicit\/wp-content\/uploads\/sites\/390\/2019\/09\/01-rusca.jpg 694w, https:\/\/webs.uab.cat\/reicit\/wp-content\/uploads\/sites\/390\/2019\/09\/01-rusca-300x170.jpg 300w\" sizes=\"auto, (max-width: 291px) 100vw, 291px\" \/>\n\nContribuci\u00f3n Reicit:\u00a0Tomoko Umemoto\n\nM\u00e1s informaci\u00f3n\n\n<hr \/>\n\n<strong>10\/05\/2019<\/strong>\n\n<strong>PANORAMA DE LA COCINA FUSI\u00d3N JAPONESA EN CATALU\u00d1A<\/strong>\n\nEntrevista a\u00a0Carme Ruscalleda (Restaurant Sant Pau, Restaurant Sant Pau Tokio)\n\n<img loading=\"lazy\" decoding=\"async\" class=\" size-full wp-image-174\" src=\"https:\/\/webs.uab.cat\/reicit\/wp-content\/uploads\/sites\/390\/2019\/09\/00-rusca.jpg\" alt=\"00-rusca.jpg\" width=\"181\" height=\"332\" srcset=\"https:\/\/webs.uab.cat\/reicit\/wp-content\/uploads\/sites\/390\/2019\/09\/00-rusca.jpg 327w, https:\/\/webs.uab.cat\/reicit\/wp-content\/uploads\/sites\/390\/2019\/09\/00-rusca-164x300.jpg 164w\" sizes=\"auto, (max-width: 181px) 100vw, 181px\" \/>\n\nContribuci\u00f3n Reicit:\u00a0Tomoko Umemoto\n\nM\u00e1s informaci\u00f3n\n\n<hr \/>\n\n<strong>04\/10\/2019<\/strong>\n\n<strong>Jornada: \u00abLos medios audio-visuales y las lenguas no hegem\u00f3nicas retos de futuro\u00bb<\/strong>\n\n<img loading=\"lazy\" decoding=\"async\" class=\" size-full wp-image-177\" src=\"https:\/\/webs.uab.cat\/reicit\/wp-content\/uploads\/sites\/390\/2019\/09\/jardunaldiak.jpg\" alt=\"jardunaldiak.jpg\" width=\"353\" height=\"235\" srcset=\"https:\/\/webs.uab.cat\/reicit\/wp-content\/uploads\/sites\/390\/2019\/09\/jardunaldiak.jpg 540w, https:\/\/webs.uab.cat\/reicit\/wp-content\/uploads\/sites\/390\/2019\/09\/jardunaldiak-300x200.jpg 300w\" sizes=\"auto, (max-width: 353px) 100vw, 353px\" \/>\n\nContribuci\u00f3n Reicit:\u00a0Laura Santamaria\n<a href=\"https:\/\/www.kulturklik.euskadi.eus\/evento\/2019091111531632\/jornada-los-medios-audio-visuales-y-las-lenguas-no-hegemonicas-retos-de-futuro-\/kulturklik\/es\/z12-detnewpr\/es\/\">M\u00e1s\u00a0informaci\u00f3<\/a>n\n\n<hr \/>\n\n<strong>05\/10\/2019 al 04\/11\/2019<\/strong>\n\n<strong>Estancia de investigaci\u00f3n<\/strong>\n\nDra. Katia Aily Franco de Camargo\n\nDepartamento de L\u00ednguas e Literaturas Estrangeiras Modernas &#8211; UFRN (Brasil)\n\n<a href=\"https:\/\/www.cchla.ufrn.br\/dllem\/professores\/katia.html\">M\u00e1s informaci\u00f3<\/a>n\n\n<hr \/>\n\n<strong>28\/10\/2019 al 04\/11\/2019<\/strong>\n\n<strong>Charla en el marco del M\u00e1ster en Traducci\u00f3n y Estudios Interculturales (MUTEI)<\/strong>\n\n<strong><img loading=\"lazy\" decoding=\"async\" class=\" size-full wp-image-180\" src=\"https:\/\/webs.uab.cat\/reicit\/wp-content\/uploads\/sites\/390\/2019\/09\/cartel-charla_k._camargo-reicit_page-0001.jpg\" alt=\"\" width=\"372\" height=\"209\" srcset=\"https:\/\/webs.uab.cat\/reicit\/wp-content\/uploads\/sites\/390\/2019\/09\/cartel-charla_k._camargo-reicit_page-0001.jpg 800w, https:\/\/webs.uab.cat\/reicit\/wp-content\/uploads\/sites\/390\/2019\/09\/cartel-charla_k._camargo-reicit_page-0001-300x169.jpg 300w, https:\/\/webs.uab.cat\/reicit\/wp-content\/uploads\/sites\/390\/2019\/09\/cartel-charla_k._camargo-reicit_page-0001-768x432.jpg 768w\" sizes=\"auto, (max-width: 372px) 100vw, 372px\" \/><\/strong>\n\n<hr \/>","protected":false},"excerpt":{"rendered":"<p>31\/05\/2023\u00a0a les 13h (Sala Jos\u00e9 Agust\u00edn Goytisolo. Biblioteca d&#8217;Humanitats) Literatures i cinemes en llengua portuguesa 21\/10\/2022 \u00a0a les 11h (aula 83 FTI) Brasil e \u00c1frica: palavras em tr\u00e2nsito Conferencia a cargo Rita Chaves (Universidade de S\u00e3o Paulo) 3\/12\/2020 15 h (CET) Cosmpolitismo y Traducci\u00f3n Conferencia virtual a cargo de Esperan\u00e7a Bielsa (Dpt. Sociologia, UAB, y [&hellip;]<\/p>\n","protected":false},"author":20,"featured_media":0,"parent":0,"menu_order":0,"comment_status":"closed","ping_status":"closed","template":"","meta":{"footnotes":""},"class_list":["post-183","page","type-page","status-publish","hentry"],"_links":{"self":[{"href":"https:\/\/webs.uab.cat\/reicit\/es\/wp-json\/wp\/v2\/pages\/183","targetHints":{"allow":["GET"]}}],"collection":[{"href":"https:\/\/webs.uab.cat\/reicit\/es\/wp-json\/wp\/v2\/pages"}],"about":[{"href":"https:\/\/webs.uab.cat\/reicit\/es\/wp-json\/wp\/v2\/types\/page"}],"author":[{"embeddable":true,"href":"https:\/\/webs.uab.cat\/reicit\/es\/wp-json\/wp\/v2\/users\/20"}],"replies":[{"embeddable":true,"href":"https:\/\/webs.uab.cat\/reicit\/es\/wp-json\/wp\/v2\/comments?post=183"}],"version-history":[{"count":2,"href":"https:\/\/webs.uab.cat\/reicit\/es\/wp-json\/wp\/v2\/pages\/183\/revisions"}],"predecessor-version":[{"id":336,"href":"https:\/\/webs.uab.cat\/reicit\/es\/wp-json\/wp\/v2\/pages\/183\/revisions\/336"}],"wp:attachment":[{"href":"https:\/\/webs.uab.cat\/reicit\/es\/wp-json\/wp\/v2\/media?parent=183"}],"curies":[{"name":"wp","href":"https:\/\/api.w.org\/{rel}","templated":true}]}}