{"id":78,"date":"2015-12-09T11:31:58","date_gmt":"2015-12-09T09:31:58","guid":{"rendered":"https:\/\/webs.uab.cat\/reicit\/publicaciones\/"},"modified":"2023-03-14T12:07:56","modified_gmt":"2023-03-14T10:07:56","slug":"publicaciones","status":"publish","type":"page","link":"https:\/\/webs.uab.cat\/reicit\/es\/publicaciones\/","title":{"rendered":"Publicaciones"},"content":{"rendered":"\n<p><strong><a href=\"https:\/\/webs.uab.cat\/reicit\/es\/articulos\/\" data-type=\"page\" data-id=\"93\">Art\u00edculos<\/a><\/strong><\/p>\n\n\n\n<p><strong><a href=\"https:\/\/webs.uab.cat\/reicit\/es\/capitulos-de-libro-y-actas-de-congreso\/\" data-type=\"page\" data-id=\"92\">Cap\u00edtulos de libro y actas de congreso<\/a><\/strong><\/p>\n\n\n\n<p><strong><a href=\"https:\/\/webs.uab.cat\/reicit\/es\/libros-manuales-y-monografias\/\" data-type=\"page\" data-id=\"87\">Libros (manuales y monograf\u00edas)<\/a><\/strong><\/p>\n\n\n\n<p><strong><a href=\"https:\/\/webs.uab.cat\/reicit\/es\/otros\/\" data-type=\"page\" data-id=\"124\">Otros<\/a><\/strong><\/p>\n","protected":false},"excerpt":{"rendered":"<p>Art\u00edculos Cap\u00edtulos de libro y actas de congreso Libros (manuales y monograf\u00edas) Otros<\/p>\n","protected":false},"author":20,"featured_media":0,"parent":0,"menu_order":0,"comment_status":"closed","ping_status":"closed","template":"","meta":{"footnotes":""},"class_list":["post-78","page","type-page","status-publish","hentry"],"_links":{"self":[{"href":"https:\/\/webs.uab.cat\/reicit\/es\/wp-json\/wp\/v2\/pages\/78","targetHints":{"allow":["GET"]}}],"collection":[{"href":"https:\/\/webs.uab.cat\/reicit\/es\/wp-json\/wp\/v2\/pages"}],"about":[{"href":"https:\/\/webs.uab.cat\/reicit\/es\/wp-json\/wp\/v2\/types\/page"}],"author":[{"embeddable":true,"href":"https:\/\/webs.uab.cat\/reicit\/es\/wp-json\/wp\/v2\/users\/20"}],"replies":[{"embeddable":true,"href":"https:\/\/webs.uab.cat\/reicit\/es\/wp-json\/wp\/v2\/comments?post=78"}],"version-history":[{"count":1,"href":"https:\/\/webs.uab.cat\/reicit\/es\/wp-json\/wp\/v2\/pages\/78\/revisions"}],"predecessor-version":[{"id":276,"href":"https:\/\/webs.uab.cat\/reicit\/es\/wp-json\/wp\/v2\/pages\/78\/revisions\/276"}],"wp:attachment":[{"href":"https:\/\/webs.uab.cat\/reicit\/es\/wp-json\/wp\/v2\/media?parent=78"}],"curies":[{"name":"wp","href":"https:\/\/api.w.org\/{rel}","templated":true}]}}