{"id":181,"date":"2019-09-09T11:39:06","date_gmt":"2019-09-09T09:39:06","guid":{"rendered":"https:\/\/webs.uab.cat\/reicit\/activitats\/"},"modified":"2023-05-29T15:16:39","modified_gmt":"2023-05-29T13:16:39","slug":"activitats","status":"publish","type":"page","link":"https:\/\/webs.uab.cat\/reicit\/activitats\/","title":{"rendered":"Activitats"},"content":{"rendered":"\n<p>31\/05\/2023\u00a0a les 13h (Sala Jos\u00e9 Agust\u00edn Goytisolo. Biblioteca d&#8217;Humanitats)<\/p>\n\n\n\n<p class=\"has-larger-font-size\"><strong>Literatures i cinemes en llengua portuguesa<\/strong><\/p>\n\n\n\n<figure class=\"wp-block-image size-large is-resized\"><img loading=\"lazy\" decoding=\"async\" src=\"https:\/\/webs.uab.cat\/reicit\/wp-content\/uploads\/sites\/390\/2023\/05\/Literatures-i-cinemes-en-llengua-portuguesa-1-724x1024.jpg\" alt=\"\" class=\"wp-image-325\" width=\"543\" height=\"768\" srcset=\"https:\/\/webs.uab.cat\/reicit\/wp-content\/uploads\/sites\/390\/2023\/05\/Literatures-i-cinemes-en-llengua-portuguesa-1-724x1024.jpg 724w, https:\/\/webs.uab.cat\/reicit\/wp-content\/uploads\/sites\/390\/2023\/05\/Literatures-i-cinemes-en-llengua-portuguesa-1-212x300.jpg 212w, https:\/\/webs.uab.cat\/reicit\/wp-content\/uploads\/sites\/390\/2023\/05\/Literatures-i-cinemes-en-llengua-portuguesa-1-768x1086.jpg 768w, https:\/\/webs.uab.cat\/reicit\/wp-content\/uploads\/sites\/390\/2023\/05\/Literatures-i-cinemes-en-llengua-portuguesa-1-1086x1536.jpg 1086w, https:\/\/webs.uab.cat\/reicit\/wp-content\/uploads\/sites\/390\/2023\/05\/Literatures-i-cinemes-en-llengua-portuguesa-1.jpg 1131w\" sizes=\"auto, (max-width: 543px) 100vw, 543px\" \/><\/figure>\n\n\n\n<h3 class=\"wp-block-heading\"><strong>21\/10\/2022 \u00a0a les 11h (aula 83 FTI)<\/strong><\/h3>\n\n\n\n<h3 class=\"wp-block-heading\"><b><i>Brasil e \u00c1frica: palavras em tr\u00e2nsito<\/i><\/b><\/h3>\n\n\n\n<p>Confer\u00e8ncia a c\u00e0rrec de Rita Chaves (Universidade de S\u00e3o Paulo)<\/p>\n\n\n\n<figure class=\"wp-block-image\"><img loading=\"lazy\" decoding=\"async\" width=\"424\" height=\"600\" src=\"https:\/\/webs.uab.cat\/reicit\/wp-content\/uploads\/sites\/390\/2019\/09\/rita-chaves-ftiajpg.jpg\" alt=\"rita-chaves-ftiajpg.jpg\" class=\"wp-image-151\" srcset=\"https:\/\/webs.uab.cat\/reicit\/wp-content\/uploads\/sites\/390\/2019\/09\/rita-chaves-ftiajpg.jpg 424w, https:\/\/webs.uab.cat\/reicit\/wp-content\/uploads\/sites\/390\/2019\/09\/rita-chaves-ftiajpg-212x300.jpg 212w\" sizes=\"auto, (max-width: 424px) 100vw, 424px\" \/><\/figure>\n\n\n\n<hr class=\"wp-block-separator has-alpha-channel-opacity\" \/>\n\n\n\n<p><strong>3\/12\/2020 15 h (CET)<\/strong><\/p>\n\n\n\n<p><em><strong>Cosmpolitismo y Traducci\u00f3n<\/strong><\/em><\/p>\n\n\n\n<p><strong>Confer\u00e8ncia virtual a c\u00e0rrec de Esperan\u00e7a Bielsa (Dpt. Sociologia, UAB, i Shanghai International Studies University)<\/strong><\/p>\n\n\n\n<p><strong><a href=\"https:\/\/tinyurl.com\/\">Enlla\u00e7<\/a><\/strong><\/p>\n\n\n\n<figure class=\"wp-block-image\"><img loading=\"lazy\" decoding=\"async\" width=\"800\" height=\"450\" src=\"https:\/\/webs.uab.cat\/reicit\/wp-content\/uploads\/sites\/390\/2019\/09\/conferencia_bielsa_reicit-min_0.jpg\" alt=\"\" class=\"wp-image-154\" srcset=\"https:\/\/webs.uab.cat\/reicit\/wp-content\/uploads\/sites\/390\/2019\/09\/conferencia_bielsa_reicit-min_0.jpg 800w, https:\/\/webs.uab.cat\/reicit\/wp-content\/uploads\/sites\/390\/2019\/09\/conferencia_bielsa_reicit-min_0-300x169.jpg 300w, https:\/\/webs.uab.cat\/reicit\/wp-content\/uploads\/sites\/390\/2019\/09\/conferencia_bielsa_reicit-min_0-768x432.jpg 768w\" sizes=\"auto, (max-width: 800px) 100vw, 800px\" \/><\/figure>\n\n\n\n<hr class=\"wp-block-separator has-alpha-channel-opacity\" \/>\n\n\n\n<p>&nbsp;<strong>15\/08\/2019<\/strong><\/p>\n\n\n\n<p><strong>PANORAMA DE LA COCINA FUSI\u00d3N JAPONESA EN CATALU\u00d1A<\/strong><\/p>\n\n\n\n<p>Entrevista a&nbsp;Sergi Ortiz (L\u2019Antic Forn Cervera)<\/p>\n\n\n\n<figure class=\"wp-block-image\"><img loading=\"lazy\" decoding=\"async\" width=\"451\" height=\"600\" src=\"https:\/\/webs.uab.cat\/reicit\/wp-content\/uploads\/sites\/390\/2019\/09\/001-sergi-ortiz.jpg\" alt=\"\" class=\"wp-image-157\" srcset=\"https:\/\/webs.uab.cat\/reicit\/wp-content\/uploads\/sites\/390\/2019\/09\/001-sergi-ortiz.jpg 451w, https:\/\/webs.uab.cat\/reicit\/wp-content\/uploads\/sites\/390\/2019\/09\/001-sergi-ortiz-226x300.jpg 226w\" sizes=\"auto, (max-width: 451px) 100vw, 451px\" \/><\/figure>\n\n\n\n<p>Contribuci\u00f3&nbsp;Reicit:&nbsp;Tomoko Umemoto<\/p>\n\n\n\n<p><a href=\"https:\/\/www.kulturklik.euskadi.eus\/evento\/2019091111531632\/jornada-los-medios-audio-visuales-y-las-lenguas-no-hegemonicas-retos-de-futuro-\/kulturklik\/es\/z12-detnewpr\/es\/\">M\u00e9s&nbsp;informaci\u00f3<\/a><\/p>\n\n\n\n<hr class=\"wp-block-separator has-alpha-channel-opacity\" \/>\n\n\n\n<p>&nbsp;<strong>14\/08\/2019<\/strong><\/p>\n\n\n\n<p><strong>PANORAMA DE LA COCINA FUSI\u00d3N JAPONESA EN CATALU\u00d1A<\/strong><\/p>\n\n\n\n<p>Entrevista a&nbsp;Seiki Nakashima (Restaurant Gaig)<\/p>\n\n\n\n<figure class=\"wp-block-image\"><img loading=\"lazy\" decoding=\"async\" width=\"442\" height=\"600\" src=\"https:\/\/webs.uab.cat\/reicit\/wp-content\/uploads\/sites\/390\/2019\/09\/01-seiki-nakashima-min.jpg\" alt=\"\" class=\"wp-image-160\" srcset=\"https:\/\/webs.uab.cat\/reicit\/wp-content\/uploads\/sites\/390\/2019\/09\/01-seiki-nakashima-min.jpg 442w, https:\/\/webs.uab.cat\/reicit\/wp-content\/uploads\/sites\/390\/2019\/09\/01-seiki-nakashima-min-221x300.jpg 221w\" sizes=\"auto, (max-width: 442px) 100vw, 442px\" \/><\/figure>\n\n\n\n<p>Contribuci\u00f3&nbsp;Reicit:&nbsp;Tomoko Umemoto<\/p>\n\n\n\n<p><a href=\"https:\/\/www.kulturklik.euskadi.eus\/evento\/2019091111531632\/jornada-los-medios-audio-visuales-y-las-lenguas-no-hegemonicas-retos-de-futuro-\/kulturklik\/es\/z12-detnewpr\/es\/\">M\u00e9s&nbsp;informaci\u00f3<\/a><\/p>\n\n\n\n<hr class=\"wp-block-separator has-alpha-channel-opacity\" \/>\n\n\n\n<p><strong>07\/09\/2020<\/strong><br><strong>PANORAMA DE LA COCINA FUSI\u00d3N JAPONESA EN CATALU\u00d1A<\/strong><\/p>\n\n\n\n<p>Ryuji Murakami (<em>BOUZU<\/em>)<\/p>\n\n\n\n<figure class=\"wp-block-image\"><img loading=\"lazy\" decoding=\"async\" width=\"337\" height=\"600\" src=\"https:\/\/webs.uab.cat\/reicit\/wp-content\/uploads\/sites\/390\/2019\/09\/ryuji_murakami_jpeg.jpg\" alt=\"\" class=\"wp-image-163\" srcset=\"https:\/\/webs.uab.cat\/reicit\/wp-content\/uploads\/sites\/390\/2019\/09\/ryuji_murakami_jpeg.jpg 337w, https:\/\/webs.uab.cat\/reicit\/wp-content\/uploads\/sites\/390\/2019\/09\/ryuji_murakami_jpeg-169x300.jpg 169w\" sizes=\"auto, (max-width: 337px) 100vw, 337px\" \/><\/figure>\n\n\n\n<p>Contribuci\u00f3&nbsp;Reicit:&nbsp;Tomoko Umemoto<\/p>\n\n\n\n<p><a href=\"https:\/\/www.kulturklik.euskadi.eus\/evento\/2019091111531632\/jornada-los-medios-audio-visuales-y-las-lenguas-no-hegemonicas-retos-de-futuro-\/kulturklik\/es\/z12-detnewpr\/es\/\">M\u00e9s&nbsp;informaci\u00f3<\/a><\/p>\n\n\n\n<hr class=\"wp-block-separator has-alpha-channel-opacity\" \/>\n\n\n\n<p><strong>20\/12\/2019<\/strong><\/p>\n\n\n\n<p><strong>PANORAMA DE LA COCINA FUSI\u00d3N JAPONESA EN CATALU\u00d1A<\/strong><\/p>\n\n\n\n<p>Entrevista a&nbsp;Kenji Ueno (&nbsp;<em>Can Kenji<\/em>, <em>Aiueno <\/em>y <em>Sato i Tanaka<\/em>)<\/p>\n\n\n\n<figure class=\"wp-block-image\"><img loading=\"lazy\" decoding=\"async\" width=\"800\" height=\"593\" src=\"https:\/\/webs.uab.cat\/reicit\/wp-content\/uploads\/sites\/390\/2019\/09\/001-kenji-ueno.jpg\" alt=\"\" class=\"wp-image-166\" srcset=\"https:\/\/webs.uab.cat\/reicit\/wp-content\/uploads\/sites\/390\/2019\/09\/001-kenji-ueno.jpg 800w, https:\/\/webs.uab.cat\/reicit\/wp-content\/uploads\/sites\/390\/2019\/09\/001-kenji-ueno-300x222.jpg 300w, https:\/\/webs.uab.cat\/reicit\/wp-content\/uploads\/sites\/390\/2019\/09\/001-kenji-ueno-768x569.jpg 768w\" sizes=\"auto, (max-width: 800px) 100vw, 800px\" \/><\/figure>\n\n\n\n<p>Contribuci\u00f3&nbsp;Reicit:&nbsp;Tomoko Umemoto<\/p>\n\n\n\n<p><a href=\"https:\/\/www.kulturklik.euskadi.eus\/evento\/2019091111531632\/jornada-los-medios-audio-visuales-y-las-lenguas-no-hegemonicas-retos-de-futuro-\/kulturklik\/es\/z12-detnewpr\/es\/\">M\u00e9s&nbsp;informaci\u00f3<\/a><\/p>\n\n\n\n<hr class=\"wp-block-separator has-alpha-channel-opacity\" \/>\n\n\n\n<p><strong>&nbsp;18\/07\/2019<\/strong><\/p>\n\n\n\n<p><strong>PANORAMA DE LA COCINA FUSI\u00d3N JAPONESA EN CATALU\u00d1A<\/strong><\/p>\n\n\n\n<p>Entrevista a&nbsp;Albert Raurich, Tamae Imachi, Takeshi Somekawa (Dos Palillos)<\/p>\n\n\n\n<figure class=\"wp-block-image\"><img loading=\"lazy\" decoding=\"async\" width=\"694\" height=\"394\" src=\"https:\/\/webs.uab.cat\/reicit\/wp-content\/uploads\/sites\/390\/2019\/09\/01-rusca.jpg\" alt=\"01-rusca.jpg\" class=\"wp-image-169\" srcset=\"https:\/\/webs.uab.cat\/reicit\/wp-content\/uploads\/sites\/390\/2019\/09\/01-rusca.jpg 694w, https:\/\/webs.uab.cat\/reicit\/wp-content\/uploads\/sites\/390\/2019\/09\/01-rusca-300x170.jpg 300w\" sizes=\"auto, (max-width: 694px) 100vw, 694px\" \/><\/figure>\n\n\n\n<p>Contribuci\u00f3&nbsp;Reicit:&nbsp;Tomoko Umemoto&nbsp;<br><a href=\"https:\/\/www.kulturklik.euskadi.eus\/evento\/2019091111531632\/jornada-los-medios-audio-visuales-y-las-lenguas-no-hegemonicas-retos-de-futuro-\/kulturklik\/es\/z12-detnewpr\/es\/\">M\u00e9s&nbsp;informaci\u00f3<\/a><\/p>\n\n\n\n<hr class=\"wp-block-separator has-alpha-channel-opacity\" \/>\n\n\n\n<p><strong>10\/05\/2019<\/strong><\/p>\n\n\n\n<p><strong>PANORAMA DE LA COCINA FUSI\u00d3N JAPONESA EN CATALU\u00d1A<\/strong><\/p>\n\n\n\n<p>Entrevista a&nbsp;Carme Ruscalleda (Restaurant Sant Pau, Restaurant Sant Pau Tokio)<\/p>\n\n\n\n<figure class=\"wp-block-image\"><img loading=\"lazy\" decoding=\"async\" width=\"327\" height=\"600\" src=\"https:\/\/webs.uab.cat\/reicit\/wp-content\/uploads\/sites\/390\/2019\/09\/00-rusca.jpg\" alt=\"00-rusca.jpg\" class=\"wp-image-172\" srcset=\"https:\/\/webs.uab.cat\/reicit\/wp-content\/uploads\/sites\/390\/2019\/09\/00-rusca.jpg 327w, https:\/\/webs.uab.cat\/reicit\/wp-content\/uploads\/sites\/390\/2019\/09\/00-rusca-164x300.jpg 164w\" sizes=\"auto, (max-width: 327px) 100vw, 327px\" \/><\/figure>\n\n\n\n<p>Contribuci\u00f3&nbsp;Reicit:&nbsp;Tomoko Umemoto&nbsp;<br><a href=\"https:\/\/www.kulturklik.euskadi.eus\/evento\/2019091111531632\/jornada-los-medios-audio-visuales-y-las-lenguas-no-hegemonicas-retos-de-futuro-\/kulturklik\/es\/z12-detnewpr\/es\/\">M\u00e9s&nbsp;informaci\u00f3<\/a><\/p>\n\n\n\n<hr class=\"wp-block-separator has-alpha-channel-opacity\" \/>\n\n\n\n<p><strong>04\/10\/2019<\/strong><\/p>\n\n\n\n<p><strong>Jornada: &#8220;Los medios audio-visuales y las lenguas no hegem\u00f3nicas retos de futuro&#8221;<\/strong><\/p>\n\n\n\n<figure class=\"wp-block-image\"><img loading=\"lazy\" decoding=\"async\" width=\"540\" height=\"360\" src=\"https:\/\/webs.uab.cat\/reicit\/wp-content\/uploads\/sites\/390\/2019\/09\/jardunaldiak.jpg\" alt=\"jardunaldiak.jpg\" class=\"wp-image-175\" srcset=\"https:\/\/webs.uab.cat\/reicit\/wp-content\/uploads\/sites\/390\/2019\/09\/jardunaldiak.jpg 540w, https:\/\/webs.uab.cat\/reicit\/wp-content\/uploads\/sites\/390\/2019\/09\/jardunaldiak-300x200.jpg 300w\" sizes=\"auto, (max-width: 540px) 100vw, 540px\" \/><\/figure>\n\n\n\n<p>Contribuci\u00f3&nbsp;Reicit:&nbsp;Laura Santamaria<br><a href=\"https:\/\/www.kulturklik.euskadi.eus\/evento\/2019091111531632\/jornada-los-medios-audio-visuales-y-las-lenguas-no-hegemonicas-retos-de-futuro-\/kulturklik\/es\/z12-detnewpr\/es\/\">M\u00e9s&nbsp;informaci\u00f3<\/a><\/p>\n\n\n\n<hr class=\"wp-block-separator has-alpha-channel-opacity\" \/>\n\n\n\n<p><strong>05\/10\/2019 al 04\/11\/2019<\/strong><\/p>\n\n\n\n<p><strong>Estada&nbsp;de recerca<\/strong>&nbsp;<\/p>\n\n\n\n<p>Dra. Katia Aily Franco de Camargo<\/p>\n\n\n\n<p>Departamento de L\u00ednguas e Literaturas Estrangeiras Modernas &#8211; UFRN (Brasil)&nbsp;<\/p>\n\n\n\n<p><a href=\"https:\/\/www.cchla.ufrn.br\/dllem\/professores\/katia.html\">M\u00e9s informaci\u00f3<\/a><\/p>\n\n\n\n<hr class=\"wp-block-separator has-alpha-channel-opacity\" \/>\n\n\n\n<p><strong>28\/10\/2019 al 04\/11\/2019<\/strong><\/p>\n\n\n\n<p><strong>Xerrada en el marc del M\u00e0ster en Traducci\u00f3 i Estudis Interculturals (MUTEI)<\/strong><\/p>\n\n\n\n<figure class=\"wp-block-image\"><img loading=\"lazy\" decoding=\"async\" width=\"800\" height=\"450\" src=\"https:\/\/webs.uab.cat\/reicit\/wp-content\/uploads\/sites\/390\/2019\/09\/cartel-charla_k._camargo-reicit_page-0001.jpg\" alt=\"\" class=\"wp-image-178\" srcset=\"https:\/\/webs.uab.cat\/reicit\/wp-content\/uploads\/sites\/390\/2019\/09\/cartel-charla_k._camargo-reicit_page-0001.jpg 800w, https:\/\/webs.uab.cat\/reicit\/wp-content\/uploads\/sites\/390\/2019\/09\/cartel-charla_k._camargo-reicit_page-0001-300x169.jpg 300w, https:\/\/webs.uab.cat\/reicit\/wp-content\/uploads\/sites\/390\/2019\/09\/cartel-charla_k._camargo-reicit_page-0001-768x432.jpg 768w\" sizes=\"auto, (max-width: 800px) 100vw, 800px\" \/><\/figure>\n\n\n\n<hr class=\"wp-block-separator has-alpha-channel-opacity\" \/>\n","protected":false},"excerpt":{"rendered":"<p>31\/05\/2023\u00a0a les 13h (Sala Jos\u00e9 Agust\u00edn Goytisolo. Biblioteca d&#8217;Humanitats) Literatures i cinemes en llengua portuguesa 21\/10\/2022 \u00a0a les 11h (aula 83 FTI) Brasil e \u00c1frica: palavras em tr\u00e2nsito Confer\u00e8ncia a c\u00e0rrec de Rita Chaves (Universidade de S\u00e3o Paulo) 3\/12\/2020 15 h (CET) Cosmpolitismo y Traducci\u00f3n Confer\u00e8ncia virtual a c\u00e0rrec de Esperan\u00e7a Bielsa (Dpt. Sociologia, UAB, [&hellip;]<\/p>\n","protected":false},"author":20,"featured_media":0,"parent":0,"menu_order":0,"comment_status":"closed","ping_status":"closed","template":"","meta":{"footnotes":""},"class_list":["post-181","page","type-page","status-publish","hentry"],"_links":{"self":[{"href":"https:\/\/webs.uab.cat\/reicit\/wp-json\/wp\/v2\/pages\/181","targetHints":{"allow":["GET"]}}],"collection":[{"href":"https:\/\/webs.uab.cat\/reicit\/wp-json\/wp\/v2\/pages"}],"about":[{"href":"https:\/\/webs.uab.cat\/reicit\/wp-json\/wp\/v2\/types\/page"}],"author":[{"embeddable":true,"href":"https:\/\/webs.uab.cat\/reicit\/wp-json\/wp\/v2\/users\/20"}],"replies":[{"embeddable":true,"href":"https:\/\/webs.uab.cat\/reicit\/wp-json\/wp\/v2\/comments?post=181"}],"version-history":[{"count":5,"href":"https:\/\/webs.uab.cat\/reicit\/wp-json\/wp\/v2\/pages\/181\/revisions"}],"predecessor-version":[{"id":332,"href":"https:\/\/webs.uab.cat\/reicit\/wp-json\/wp\/v2\/pages\/181\/revisions\/332"}],"wp:attachment":[{"href":"https:\/\/webs.uab.cat\/reicit\/wp-json\/wp\/v2\/media?parent=181"}],"curies":[{"name":"wp","href":"https:\/\/api.w.org\/{rel}","templated":true}]}}