{"id":82,"date":"2015-12-09T11:34:32","date_gmt":"2015-12-09T09:34:32","guid":{"rendered":"https:\/\/webs.uab.cat\/reicit\/contacte\/"},"modified":"2023-03-14T12:03:07","modified_gmt":"2023-03-14T10:03:07","slug":"contacte","status":"publish","type":"page","link":"https:\/\/webs.uab.cat\/reicit\/contacte\/","title":{"rendered":"Contacte"},"content":{"rendered":"\n<p>Departament de Traducci\u00f3, Interpretaci\u00f3 i d\u2019Estudis de l\u2019\u00c0sia Oriental<br>Universitat Aut\u00f2noma de Barcelona<br>Edifici K, Campus de la UAB<br>08193 Bellaterra (Cerdanyola del Vall\u00e8s)<\/p>\n\n\n\n<p>Tel: +34 935811374<br>Fax:+34 935812762<br>E-mail: <a href=\"mailto:Laura.Santamaria@uab.cat\">Laura.Santamaria@uab.cat<\/a><\/p>\n","protected":false},"excerpt":{"rendered":"<p>Departament de Traducci\u00f3, Interpretaci\u00f3 i d\u2019Estudis de l\u2019\u00c0sia OrientalUniversitat Aut\u00f2noma de BarcelonaEdifici K, Campus de la UAB08193 Bellaterra (Cerdanyola del Vall\u00e8s) Tel: +34 935811374Fax:+34 935812762E-mail: Laura.Santamaria@uab.cat<\/p>\n","protected":false},"author":20,"featured_media":0,"parent":0,"menu_order":0,"comment_status":"closed","ping_status":"closed","template":"","meta":{"footnotes":""},"class_list":["post-82","page","type-page","status-publish","hentry"],"_links":{"self":[{"href":"https:\/\/webs.uab.cat\/reicit\/wp-json\/wp\/v2\/pages\/82","targetHints":{"allow":["GET"]}}],"collection":[{"href":"https:\/\/webs.uab.cat\/reicit\/wp-json\/wp\/v2\/pages"}],"about":[{"href":"https:\/\/webs.uab.cat\/reicit\/wp-json\/wp\/v2\/types\/page"}],"author":[{"embeddable":true,"href":"https:\/\/webs.uab.cat\/reicit\/wp-json\/wp\/v2\/users\/20"}],"replies":[{"embeddable":true,"href":"https:\/\/webs.uab.cat\/reicit\/wp-json\/wp\/v2\/comments?post=82"}],"version-history":[{"count":1,"href":"https:\/\/webs.uab.cat\/reicit\/wp-json\/wp\/v2\/pages\/82\/revisions"}],"predecessor-version":[{"id":272,"href":"https:\/\/webs.uab.cat\/reicit\/wp-json\/wp\/v2\/pages\/82\/revisions\/272"}],"wp:attachment":[{"href":"https:\/\/webs.uab.cat\/reicit\/wp-json\/wp\/v2\/media?parent=82"}],"curies":[{"name":"wp","href":"https:\/\/api.w.org\/{rel}","templated":true}]}}