{"id":26,"date":"2025-08-06T21:00:08","date_gmt":"2025-08-06T19:00:08","guid":{"rendered":"https:\/\/webs.uab.cat\/rfx\/?page_id=26"},"modified":"2025-09-11T21:50:35","modified_gmt":"2025-09-11T19:50:35","slug":"papers","status":"publish","type":"page","link":"https:\/\/webs.uab.cat\/rfx\/papers\/","title":{"rendered":"Papers"},"content":{"rendered":"\n<div class=\"wp-block-group alignwide is-vertical is-layout-flex wp-container-core-group-is-layout-8cf370e7 wp-block-group-is-layout-flex\">\n<p class=\"has-small-font-size\"><strong>Journals&nbsp;<\/strong><\/p>\n\n\n\n<p>[20] Sergio L\u00f3pez-Soriano, &#8220;An Analytical Model for Monitoring Liquid Volume in Absorbent Media Using Capacitive Sensors,&#8221; in IEEE Sensors Journal, doi: 10.1109\/JSEN.2025.3608006.<\/p>\n\n\n\n<p>[19] P. Brunet-Gil and S. L\u00f3pez-Soriano, &#8220;Passive Monitoring of Water Evaporation in Textile Fabrics for Industrial Applications Using a Battery-Free UHF RFID Tag,&#8221; in\u00a0<em>IEEE Journal of Radio Frequency Identification<\/em>, vol. 9, pp. 682-691, 2025, doi: 10.1109\/JRFID.2025.3600837.<\/p>\n\n\n\n<p class=\"has-small-font-size\">[18] J. Meli\u00e0-Segu\u00ed, R. Bhattacharyya, S. L\u00f3pez-Soriano, X. Vilajosana and S. E. Sarma, &#8220;Low-cost RFID-based Sensor Integrated in Textile for Non-Invasive Pervasive Hydration Monitoring,&#8221; in IEEE Sensors Journal, Volume: 25, Issue: 15, 01 August 2025. Page(s)<strong>: <\/strong>27823 &#8211; 27833 doi: 10.1109\/JSEN.2023.3339117.<\/p>\n\n\n\n<p class=\"has-small-font-size\">[17] M. A. Alsultan, J. Meli\u00e0-Segu\u00ed, J. Parr\u00f3n-Granados and S. L\u00f3pez-Soriano, &#8220;A Battery-Less UHF RFID Sensor for Soil Moisture Monitoring,&#8221; in IEEE Journal of Radio Frequency Identification, vol. 9, pp. 286-294, 2025, doi: 10.1109\/JRFID.2025.3572843.<\/p>\n\n\n\n<p class=\"has-small-font-size\">[16] M. A. Alsultan, S. L\u00f3pez-Soriano and J. Meli\u00e0-Segu\u00ed, &#8220;Multi-Textile and Multi-Band UHF RFID Antenna-Based Sensor for Noninvasive eHealth Hydration Monitoring,&#8221; in <em>IEEE Sensors Journal<\/em>, doi: 10.1109\/JSEN.2025.3546431.<\/p>\n\n\n\n<p class=\"has-small-font-size\">[15] S. L\u00f3pez-Soriano, P. Brunet, M. Alsultan and J. Meli\u00e1-Segu\u00ed, &#8220;Remote Identification of Liquids Using Absorbent Materials: a Passive UHF RFID-Based Method,&#8221; in IEEE Sensors Journal, doi: 10.1109\/JSEN.2024.3524909.<\/p>\n\n\n\n<p class=\"has-small-font-size\">[14] S. L\u00f3pez-Soriano, J. Parr\u00f3n-Granados and J. Meli\u00e0-Segu\u00ed, &#8220;Passive Sensing for the Internet of Medical Things: A Low-Cost Battery-Less Wearable Sweat Rate Sensor,&#8221; in IEEE Internet of Things Journal, doi: 10.1109\/JIOT.2024.3514298.&nbsp;<\/p>\n\n\n\n<p class=\"has-small-font-size\">[13] S. L\u00f3pez-Soriano, X. Vilajosana and J. Meli\u00e0-Segu\u00ed, &#8220;A Battery-Less and Low-Cost RFID Sensor for Unassisted Multilevel Detection of Sweat Loss,&#8221; in IEEE Sensors Journal, vol. 24, no. 24, pp. 42028-42037, 15 Dec.15, 2024, doi: 10.1109\/JSEN.2024.3485592.<\/p>\n\n\n\n<p class=\"has-small-font-size\">[12] S. L\u00f3pez-Soriano, J. Meli\u00e0-Segu\u00ed and J. P. Granados, &#8220;UHF RFID Wristbands: A Long-Range, Durable, Flexible, and Low-Cost Tag Antenna Design,&#8221; in IEEE Journal of Radio Frequency Identification, vol. 8, pp. 125-133, 2024, doi: 10.1109\/JRFID.2024.3365796.&nbsp;<\/p>\n\n\n\n<p class=\"has-small-font-size\">[11] S. Lopez-Soriano, &#8220;\u201cPlug-and-Play\u201d Inventory Robots: Autonomous Itinerary Planning Through Autonomous Waypoint Generation,&#8221; in&nbsp;<em>IEEE Internet of Things Journal<\/em>, vol. 11, no. 1, pp. 1711-1718, 1 Jan.1, 2024, doi: 10.1109\/JIOT.2023.3290395.<\/p>\n\n\n\n<p class=\"has-small-font-size\">[10] S. L\u00f3pez-Soriano and R. Pous, &#8220;Inventory Robots: Performance Evaluation of an RFID-Based Navigation Strategy,&#8221; in&nbsp;<em>IEEE Sensors Journal<\/em>, vol. 23, no. 14, pp. 16210-16218, 15 July15, 2023, doi: 10.1109\/JSEN.2023.3278743.<\/p>\n\n\n\n<p class=\"has-small-font-size\">[9] B. Gast\u00f3n, V. Casamayor-Pujol, S. L\u00f3pez-Soriano and R. Pous, &#8220;A Metric for Assessing, Comparing, and Predicting the Performance of Autonomous RFID-Based Inventory Robots for Retail,&#8221; in IEEE Transactions on Industrial Electronics, vol. 69, no. 10, pp. 10354-10362, Oct. 2022, doi: 10.1109\/TIE.2021.3128917.<\/p>\n\n\n\n<p class=\"has-small-font-size\">[8] Alajami, A.A., Palau, N., Lopez-Soriano, S. <em>et al.<\/em> A ROS-based distributed multi-robot localization and orientation strategy for heterogeneous robots. <em>Intel Serv Robotics<\/em> 16, 177\u2013193 (2023). https:\/\/doi.org\/10.1007\/s11370-023-00457-7.<\/p>\n\n\n\n<p class=\"has-small-font-size\">[7] V. Casamayor-Pujol, B. Gast\u00f3n, S. L\u00f3pez-Soriano, A. A. Alajami and R. Pous, &#8220;A Simple Solution to Locate Groups of Items in Large Retail Stores Using an RFID Robot,&#8221; in IEEE Transactions on Industrial Informatics, vol. 18, no. 2, pp. 767-775, Feb. 2022, doi: 10.1109\/TII.2021.3080670.<\/p>\n\n\n\n<p class=\"has-small-font-size\">[6] S. L\u00f3pez-Soriano; J. Methapettyparambu Purushothama; A. Vena; E. Perret.&nbsp;2022.&nbsp;CBRAM technology: transition from a memory cell to a programmable and non-volatile&nbsp;impedance for new radiofrequency applications.&nbsp;<em>Sci Rep<\/em>&nbsp;<strong>12<\/strong>, 4105 (2022). https:\/\/doi.org\/10.1038\/s41598-022-08127-x.<\/p>\n\n\n\n<p class=\"has-small-font-size\">[5] J. M. Purushothama, S. Lopez-Soriano, A. Vena, B. Sorli, I. Susanti and E. Perret, &#8220;Electronically Rewritable Chipless RFID Tags Fabricated Through Thermal Transfer Printing on Flexible PET Substrates,&#8221; in IEEE Transactions on Antennas and Propagation, vol. 69, no. 4, pp. 1908-1921, April 2021, doi: 10.1109\/TAP.2020.3030965.<\/p>\n\n\n\n<p class=\"has-small-font-size\">[4] S. Lopez-Soriano, I. Spassovsky, J. Parr\u00f3n and G. Marrocco, &#8220;A Passive Wireless Sensor Network for Temperature Mapping Inside a Shielded Coaxial Enclosure,&#8221; in&nbsp;<em>IEEE Journal of Radio Frequency Identification<\/em>, vol. 2, no. 3, pp. 144-151, Sept. 2018, doi: 10.1109\/JRFID.2018.2860049.<\/p>\n\n\n\n<p class=\"has-small-font-size\">[3] S. Lopez-Soriano and J. Parr\u00f3n, &#8220;Performance Assessment of a Novel Miniaturized RFID Tag for Inventorying and Tracking Metallic Tools,&#8221; in&nbsp;<em>IEEE Journal of Radio Frequency Identification<\/em>, vol. 2, no. 3, pp. 127-133, Sept. 2018, doi: 10.1109\/JRFID.2018.2868780.&nbsp;<\/p>\n\n\n\n<p class=\"has-small-font-size\">[2] S. Lopez-Soriano and J. Parron, &#8220;Design of a Small-Size, Low-Profile, and Low-Cost Normal-Mode Helical Antenna for UHF RFID Wristbands,&#8221; in&nbsp;<em>IEEE Antennas and Wireless Propagation Letters<\/em>, vol. 16, pp. 2074-2077, 2017, doi: 10.1109\/LAWP.2017.2696300.&nbsp;<\/p>\n\n\n\n<p class=\"has-small-font-size\">[1] S. L\u00f3pez-Soriano and J. Parr\u00f3n. (2015). Small size and low cost UHF RFID tag antenna mountable on metallic objects. <em>International Journal of Antennas and Propagation<\/em>, <em>2015<\/em>, 1\u20136. doi:10.1155\/2015\/870478.<\/p>\n\n\n\n<p class=\"has-small-font-size\"><strong>Conferences<\/strong><\/p>\n\n\n\n<p class=\"has-small-font-size\">[12] S. L\u00f3pez-Soriano, P. Brunet, M. Alsultan and J. Meli\u00e0-Segu\u00ed, &#8220;A Method for the Dielectric Characterization of Liquids Combining Power Laws of Absorbent-Liquid Mixtures,&#8221; 2025 19th European Conference on Antennas and Propagation (EuCAP), Stockholm, Sweden, 2025, pp. 01-03, doi: 10.23919\/EuCAP63536.2025.10999864.<\/p>\n\n\n\n<p class=\"has-small-font-size\">[11] P. Brunet, M. Alsultan, J. Meli\u00e0-Segu\u00ed and S. L\u00f3pez-Soriano, &#8220;Experimental Analysis of UHF RFID Tags Mounted on PET Liquid Containers Subjected to External Forces,&#8221; 2025 19th European Conference on Antennas and Propagation (EuCAP), Stockholm, Sweden, 2025, pp. 1-5, doi: 10.23919\/EuCAP63536.2025.10999483.<\/p>\n\n\n\n<p class=\"has-small-font-size\">[10] M. A. Alsultan, S. L\u00f3pez-Soriano and J. Meli\u00e0-Segu\u00ed, &#8220;Dielectric Characterization of Fabric-Sweat Mixtures Using Microstrip Transmission Lines for Antenna-Based Sensing Applications,&#8221; 2025 19th European Conference on Antennas and Propagation (EuCAP), Stockholm, Sweden, 2025, pp. 1-5, doi: 10.23919\/EuCAP63536.2025.11000019.<\/p>\n\n\n\n<p class=\"has-small-font-size\">[9] S. L\u00f3pez-Soriano, A. Alcocer-Berenguer, M. A. Alsultan and J. Meli\u00e0-Segu\u00ed, &#8220;Meandered Patch Antenna Design for Low-Cost Compact UHF RFID Tags,&#8221;&nbsp;<em>2024 IEEE International Symposium on Antennas and Propagation and INC\/USNC\u2010URSI Radio Science Meeting (AP-S\/INC-USNC-URSI)<\/em>, Firenze, Italy, 2024, pp. 2695-2696, doi: 10.1109\/AP-S\/INC-USNC-URSI52054.2024.10685972.<\/p>\n\n\n\n<p class=\"has-small-font-size\">[8] S. L\u00f3pez-Soriano, J. Meli\u00e0-Segu\u00ed and J. Parr\u00f3n, &#8220;A durable and flexible, low-cost tag antenna design for UHF RFID wearable applications,&#8221;&nbsp;<em>2023 IEEE 13th International Conference on RFID Technology and Applications (RFID-TA)<\/em>, Aveiro, Portugal, 2023, pp. 9-12, doi: 10.1109\/RFID-TA58140.2023.10290440.<\/p>\n\n\n\n<p class=\"has-small-font-size\">[7] J. M. Purushothama, S. Lopez-Soriano, A. Vena, B. Sorli and E. Perret, &#8220;Application of Additive Manufacturing Based Thermal rinting Techniques for Realization of Electronically Rewritable Chipless RFID Tags on Flexible Substrates,&#8221;&nbsp;<em>2021 XXXIVth General Assembly and Scientific Symposium of the International Union of Radio Science (URSI GASS)<\/em>, Rome, Italy, 2021, pp. 1-4, doi: 10.23919\/URSIGASS51995.2021.9560362.&nbsp;<\/p>\n\n\n\n<p class=\"has-small-font-size\">[6] S. Lopez-Soriano and J. Parr\u00f3n, &#8220;Performance Assessment of a Small UHF RFID Tag on Metallic Objects of Different Sizes,&#8221; The 12th European Conference on Antennas and Propagation (EuCAP), London, 2018.&nbsp;<\/p>\n\n\n\n<p class=\"has-small-font-size\">[5] S. Lopez-Soriano, I. P. Spassovsky, J. Parron and G. Marrocco, &#8220;Electromagnetic feasibility of a passive wireless sensor network for temperature mapping inside a shielded enclosure,&#8221;&nbsp;<em>2017 11th European Conference on Antennas and Propagation (EUCAP)<\/em>, Paris, France, 2017, pp. 1995-1998, doi: 10.23919\/EuCAP.2017.7928123.<\/p>\n\n\n\n<p class=\"has-small-font-size\">[4] S. L\u00f3pez-Soriano and J. Parr\u00f3n, &#8220;Parallel plate antenna for UHF RFID tags operating over metallic objects,&#8221;&nbsp;<em>2016 10th European Conference on Antennas and Propagation (EuCAP)<\/em>, Davos, Switzerland, 2016, pp. 1-3, doi: 10.1109\/EuCAP.2016.7481959.<\/p>\n\n\n\n<p class=\"has-small-font-size\">[3] S. L\u00f3pez-Soriano and J. Parr\u00f3n, &#8220;Wearable RFID tag antenna for healthcare applications,&#8221;&nbsp;<em>2015 IEEE-APS Topical Conference on Antennas and Propagation in Wireless Communications (APWC)<\/em>, Turin, Italy, 2015, pp. 287-290, doi: 10.1109\/APWC.2015.7300156.&nbsp;<\/p>\n\n\n\n<p class=\"has-small-font-size\">[2] S. L\u00f3pez-Soriano and J. Parr\u00f3n, &#8220;Small UHF RFID tag antenna for metallic objects,&#8221;&nbsp;<em>2015 9th European Conference on Antennas and Propagation (EuCAP)<\/em>, Lisbon, Portugal, 2015, pp. 1-5.<\/p>\n\n\n\n<p class=\"has-small-font-size\">[1] S. L\u00f3pez-Soriano and J. Parr\u00f3n, &#8220;Low profile UHF RFID tag for wristbands in healthcare applications,&#8221;&nbsp;<em>The 8th European Conference on Antennas and Propagation (EuCAP 2014)<\/em>, The Hague, Netherlands, 2014, pp. 874-877, doi: 10.1109\/EuCAP.2014.6901901.&nbsp;<\/p>\n\n\n\n<p class=\"has-small-font-size\"><\/p>\n\n\n\n<p class=\"has-small-font-size\"><\/p>\n\n\n\n<p class=\"has-small-font-size\"><\/p>\n\n\n\n<p class=\"has-small-font-size\"><\/p>\n<\/div>\n","protected":false},"excerpt":{"rendered":"<p>Journals&nbsp; [20] Sergio L\u00f3pez-Soriano, &#8220;An Analytical Model for Monitoring Liquid Volume in Absorbent Media Using Capacitive Sensors,&#8221; in IEEE Sensors Journal, doi: 10.1109\/JSEN.2025.3608006. [19] P. Brunet-Gil and S. L\u00f3pez-Soriano, &#8220;Passive Monitoring of Water Evaporation in Textile Fabrics for Industrial Applications Using a Battery-Free UHF RFID Tag,&#8221; in\u00a0IEEE Journal of Radio Frequency Identification, vol. 9, pp. [&hellip;]<\/p>\n","protected":false},"author":3083,"featured_media":0,"parent":0,"menu_order":0,"comment_status":"closed","ping_status":"closed","template":"","meta":{"footnotes":""},"class_list":["post-26","page","type-page","status-publish","hentry"],"_links":{"self":[{"href":"https:\/\/webs.uab.cat\/rfx\/wp-json\/wp\/v2\/pages\/26","targetHints":{"allow":["GET"]}}],"collection":[{"href":"https:\/\/webs.uab.cat\/rfx\/wp-json\/wp\/v2\/pages"}],"about":[{"href":"https:\/\/webs.uab.cat\/rfx\/wp-json\/wp\/v2\/types\/page"}],"author":[{"embeddable":true,"href":"https:\/\/webs.uab.cat\/rfx\/wp-json\/wp\/v2\/users\/3083"}],"replies":[{"embeddable":true,"href":"https:\/\/webs.uab.cat\/rfx\/wp-json\/wp\/v2\/comments?post=26"}],"version-history":[{"count":9,"href":"https:\/\/webs.uab.cat\/rfx\/wp-json\/wp\/v2\/pages\/26\/revisions"}],"predecessor-version":[{"id":92,"href":"https:\/\/webs.uab.cat\/rfx\/wp-json\/wp\/v2\/pages\/26\/revisions\/92"}],"wp:attachment":[{"href":"https:\/\/webs.uab.cat\/rfx\/wp-json\/wp\/v2\/media?parent=26"}],"curies":[{"name":"wp","href":"https:\/\/api.w.org\/{rel}","templated":true}]}}