{"id":841,"date":"2023-02-22T13:47:25","date_gmt":"2023-02-22T11:47:25","guid":{"rendered":"https:\/\/webs.uab.cat\/xipe\/?page_id=841"},"modified":"2026-04-02T17:28:49","modified_gmt":"2026-04-02T15:28:49","slug":"presentacio","status":"publish","type":"page","link":"https:\/\/webs.uab.cat\/rituals\/","title":{"rendered":""},"content":{"rendered":"\n<div class=\"wp-block-group alignfull has-background-background-color has-background is-vertical is-layout-flex wp-container-core-group-is-layout-8cf370e7 wp-block-group-is-layout-flex\">\n<div class=\"wp-block-columns alignwide has-small-font-size is-layout-flex wp-container-core-columns-is-layout-9d6595d7 wp-block-columns-is-layout-flex\">\n<div class=\"wp-block-column is-layout-flow wp-block-column-is-layout-flow\">\n<p class=\"has-text-align-center has-text-color\" style=\"color:#000000;font-size:5vw;line-height:1.1\"><strong>L&#8217;Inventari de Rituals<\/strong><\/p>\n\n\n\n<p class=\"has-text-align-center\"><strong>Dirigit per <strong>Virginia Fons<\/strong><\/strong> &amp; <strong>Montserrat Ventura <\/strong><\/p>\n<\/div>\n<\/div>\n\n\n\n<p><sub><bdo lang=\"cat\" dir=\"ltr\">Aquest&nbsp;<em>Inventari de Rituals,<\/em>&nbsp;vinculat al Grup de Recerca AHCISP (Antropologia i Hist\u00f2ria de la Construcci\u00f3 d&#8217;Identitats Socials i Pol\u00edtiques<\/bdo>) i<bdo lang=\"cat\" dir=\"ltr\"> a la XIPE (Xarxa d\u2019Inter\u00e8s en el Patrimoni Etnol\u00f2gic) del Departament d\u2019Antropologia Social i Cultural de la Universitat Aut\u00f2noma de Barcelona, \u00e9s una eina digital que documenta rituals arreu del m\u00f3n. Tot i que una gran part fa refer\u00e8ncia a Catalunya, fruit de la compilaci\u00f3 de rituals realitzada des del 2000 pels estudiants de l\u2019assignatura&nbsp;<em>Antropologia de la Religi\u00f3, el Simbolisme i el Ritual<\/em>&nbsp;del Grau en Antropologia Social i Cultural de la UAB, que han descrit la seva pr\u00f2pia experi\u00e8ncia ritual o han utilitzat fonts orals (relats).<\/bdo> Tamb\u00e9, investigadors antrop\u00f2legs han aportat exemples rituals, incrementant el ventall de possibilitats que ofereix aquest <em>Inventari<\/em>.<\/sub><\/p>\n\n\n\n<p><\/p>\n\n\n\n<p><sub>Una d&#8217;aquestes possibilitats \u00e9s que el propi <em>Inventari<\/em> pugui convertir-se, en un futur, en<bdo lang=\"Catal\u00e0\" dir=\"ltr\"> un centre d\u2019estudi que aprofundeixi en l\u2019activitat ritual, oferint sistemes de classificaci\u00f3, categoritzaci\u00f3 i definici\u00f3 ritual, m\u00e8todes d\u2019estudi, d\u2019an\u00e0lisi i de comparaci\u00f3 te\u00f2rica transcultural.&nbsp;Ara per ara, l\u2019<em>Inventari<\/em>&nbsp;presenta <bdo lang=\"Catal\u00e0\" dir=\"ltr\">un m\u00e8tode d&#8217;an\u00e0lisi processual de l\u2019activitat ritual (veure bibliografia Fons, 2024 &amp; 2025). <\/bdo><\/bdo>Aquesta iniciativa va m\u00e9s enll\u00e0 del que s&#8217;ha proposat fins ara, afegint m\u00e9s complexitat a les manifestacions rituals, oferint un enfocament estructuralista, din\u00e0mic i simb\u00f2lic (en el sentit de Turner, <em>The forest of symbols<\/em>, 1967 &amp; de L\u00e9vi-Strauss, <em>Anthropologie structurale<\/em>, 1958). Pret\u00e9n entendre com el ritual transcorre internament en una seq\u00fc\u00e8ncia de temps, variables i nombrosos, que va m\u00e9s enll\u00e0 de l&#8217;estructura tripartida de Van Gennep (<em>The rites of passage<\/em>, 1909), o del concepte de liminalitat proposat per Turner (<em>The ritual<\/em> <em>process<\/em>, 1969) \u2013que hauria d&#8217;incloure m\u00e9s discontinu\u00eftats temporals. \u00c9s precisament aquesta concatenaci\u00f3 en moltes unitats temporals la que revela la l\u00f2gica real del ritual, juntament amb les combinacions simb\u00f2liques. En resum, aquesta metodologia permet una an\u00e0lisi profunda del ritual i el seu contingut, visibilitzant all\u00f2 que no es percep a primera vista, i ajuda a comprendre la pr\u00f2pia experi\u00e8ncia ritual i la seva efic\u00e0cia.<\/sub><\/p>\n<\/div>\n\n\n\n<div class=\"wp-block-group alignfull has-background-background-color has-background\"><div class=\"wp-block-group__inner-container is-layout-constrained wp-block-group-is-layout-constrained\">\n<div class=\"wp-block-group alignfull\"><div class=\"wp-block-group__inner-container is-layout-constrained wp-block-group-is-layout-constrained\">\n<div class=\"wp-block-columns alignwide are-vertically-aligned-top is-layout-flex wp-container-core-columns-is-layout-9d6595d7 wp-block-columns-is-layout-flex\">\n<div class=\"wp-block-column is-layout-flow wp-block-column-is-layout-flow\" style=\"flex-basis:40%\">\n<figure class=\"wp-block-gallery aligncenter has-nested-images columns-default is-cropped wp-block-gallery-1 is-layout-flex wp-block-gallery-is-layout-flex\">\n<figure class=\"wp-block-image size-full\"><img loading=\"lazy\" decoding=\"async\" width=\"1280\" height=\"924\" data-id=\"893\" src=\"https:\/\/webs.uab.cat\/rituals\/wp-content\/uploads\/sites\/234\/2023\/02\/Correfoc-Merce-2012_1.jpeg\" alt=\"Correfoc, Festes de la Merc\u00e8, Barcelona, 2012\" class=\"wp-image-893\" srcset=\"https:\/\/webs.uab.cat\/rituals\/wp-content\/uploads\/sites\/234\/2023\/02\/Correfoc-Merce-2012_1.jpeg 1280w, https:\/\/webs.uab.cat\/rituals\/wp-content\/uploads\/sites\/234\/2023\/02\/Correfoc-Merce-2012_1-300x217.jpeg 300w, https:\/\/webs.uab.cat\/rituals\/wp-content\/uploads\/sites\/234\/2023\/02\/Correfoc-Merce-2012_1-1024x739.jpeg 1024w, https:\/\/webs.uab.cat\/rituals\/wp-content\/uploads\/sites\/234\/2023\/02\/Correfoc-Merce-2012_1-768x554.jpeg 768w, https:\/\/webs.uab.cat\/rituals\/wp-content\/uploads\/sites\/234\/2023\/02\/Correfoc-Merce-2012_1-1200x866.jpeg 1200w\" sizes=\"auto, (max-width: 1280px) 100vw, 1280px\" \/><figcaption class=\"wp-element-caption\"><sub>[Fotografia del correfoc, festes de la Merc\u00e8]. (2012). Barcelona.<\/sub><\/figcaption><\/figure>\n<\/figure>\n<\/div>\n\n\n\n<div class=\"wp-block-column is-layout-flow wp-block-column-is-layout-flow\" style=\"flex-basis:60%\">\n<p><sub><bdo lang=\"catal\u00e0\" dir=\"ltr\">Per tant, aquesta web dedicada a&nbsp;Inventariar la ritualitat&nbsp;ofereix un munt de possibilitats i ens aproxima en aquest camp de l\u2019estudi dels rituals<\/bdo>, oferint el seg\u00fcent:<\/sub><\/p>\n\n\n\n<div class=\"wp-block-group\"><div class=\"wp-block-group__inner-container is-layout-constrained wp-block-group-is-layout-constrained\">\n<blockquote class=\"wp-block-quote is-layout-flow wp-block-quote-is-layout-flow\">\n<p><sub>Cada ritual es classifica segons unes categories descriptives, ajudant a la recerca comparativa.<\/sub><\/p>\n<\/blockquote>\n\n\n\n<blockquote class=\"wp-block-quote is-layout-flow wp-block-quote-is-layout-flow\">\n<p><sub>Una primera lectura ofereix una descripci\u00f3 densa, detallada de totes les accions rituals, <bdo lang=\"Catal\u00e0\" dir=\"ltr\">tal i com es van succeint en el proc\u00e9s ritual, de forma lineal i continua.<\/bdo><\/sub><\/p>\n<\/blockquote>\n\n\n\n<blockquote class=\"wp-block-quote is-layout-flow wp-block-quote-is-layout-flow\">\n<p><sub><bdo lang=\"Catal\u00e0\" dir=\"ltr\">Una segona lectura mostra com, en realitat, el ritual est\u00e0 estructurat per tota una s\u00e8rie de temps rituals i, per tant, no \u00e9s tant lineal com sembla. Amb l\u2019ajuda d\u2019un gr\u00e0fic s\u2019exemplifiquen les discontinu\u00eftats, il\u00b7lustrant perfectament la combinaci\u00f3 d&#8217;unitats temporals que, en el seu conjunt, il\u00b7luminen la seva estructura profunda i tot el seu univers de sentits i significats<\/bdo>.<\/sub><\/p>\n<\/blockquote>\n\n\n\n<blockquote class=\"wp-block-quote is-layout-flow wp-block-quote-is-layout-flow\">\n<p><sub>Una an\u00e0lisi final de la seq\u00fc\u00e8ncia ritual m\u00e9s centrada en els propis elements representats ajuda a comprendre com es troben combinats processalment i com el ritual significa&nbsp;algu&nbsp;que a simple vista no es percep.<\/sub><\/p>\n<\/blockquote>\n<\/div><\/div>\n<\/div>\n<\/div>\n<\/div><\/div>\n\n\n\n<p><strong><sub>M\u00e8tode d&#8217;an\u00e0lisi ritual publicat a:  <\/sub><\/strong><\/p>\n\n\n\n<p><sub>Sirvent, E. &amp; Fons, V. (2023). Exploraci\u00f3n de lo humano en la sala de disecci\u00f3n. <em>AIBR<\/em>, <em>Revista de Antropolog\u00eda Iberoamericana<\/em>, <em>17<\/em>(1): 89-115. <a href=\"https:\/\/ddd.uab.cat\/pub\/artpub\/2022\/283750\/aibr_a2023v17n1p89.pdf\">https:\/\/ddd.uab.cat\/pub\/artpub\/2022\/283750\/aibr_a2023v17n1p89.pdf<\/a><\/sub><\/p>\n\n\n\n<p><sub>Fons, V., &amp; Alvarez Litben, S. G. (2024). \u2018Los llamamos a todos\u2019, ritual de difuntos en la costa de Ecuador. Una propuesta metodol\u00f3gica para su an\u00e1lisis. <em>AIBR<\/em>, <em>Revista de Antropolog\u00eda Iberoamericana<\/em>, <em>19<\/em>(3): 531-558. <a href=\"https:\/\/aries.aibr.org\/storage\/5e143339547e18df562f5ef060145559.pdf\">https:\/\/aries.aibr.org\/storage\/5e143339547e18df562f5ef060145559.pdf<\/a><\/sub><\/p>\n\n\n\n<p><sub>Fons, V. (2024). The current rituality of Catholic death in Catalonia, a world of meanings. <em>Death Studies Journal<\/em>, 1\u20138.   <a href=\"https:\/\/ddd.uab.cat\/pub\/artpub\/2024\/322658\/deathstudies_a2024v49n10p1335.pdf\">https:\/\/ddd.uab.cat\/pub\/artpub\/2024\/322658\/deathstudies_a2024v49n10p1335.pdf<\/a> <\/sub><\/p>\n\n\n\n<hr class=\"wp-block-separator has-alpha-channel-opacity is-style-dots\" \/>\n\n\n\n<p class=\"has-text-align-center\" style=\"font-size:14px\"><strong>Equip<\/strong><\/p>\n\n\n\n<p class=\"has-text-align-center\" style=\"font-size:14px\"><strong>Professorat del Departament d\u2019Antropologia Social i Cultural<\/strong><\/p>\n\n\n\n<p class=\"has-text-align-center\" style=\"font-size:14px\">Virginia Fons Renaudon <\/p>\n\n\n\n<p class=\"has-text-align-center\" style=\"font-size:14px\">Montserrat Ventura i Oller<\/p>\n\n\n\n<p class=\"has-text-align-center\" style=\"font-size:14px\">Jordi Castellv\u00ed i Girbau<\/p>\n\n\n\n<p class=\"has-text-align-center\" style=\"font-size:14px\"><strong>Col\u00b7laborador@ Estudiants en Pr\u00e0ctiques del Grau en Antropologia Social i Cultural<\/strong><\/p>\n\n\n\n<p class=\"has-text-align-center\" style=\"font-size:14px\">Helena Cordeiro Piella <\/p>\n\n\n\n<p class=\"has-text-align-center\" style=\"font-size:14px\">Judit Garcia Parellada<\/p>\n\n\n\n<p class=\"has-text-align-center\" style=\"font-size:14px\">X\u00e8nia Gisbert Abellan<\/p>\n\n\n\n<p class=\"has-text-align-center\" style=\"font-size:14px\">No\u00e9 Gras Aura<\/p>\n\n\n\n<p class=\"has-text-align-center\" style=\"font-size:14px\">Duart Jurgen van Sintemaartensdijk Troncho<\/p>\n\n\n\n<p class=\"has-text-align-center\" style=\"font-size:14px\">Josep Llorens Perarnau<\/p>\n\n\n\n<p class=\"has-text-align-center\" style=\"font-size:14px\">Rebeca P\u00e9rez Caride<\/p>\n\n\n\n<p class=\"has-text-align-center\" style=\"font-size:14px\">Paula Rodr\u00edguez Llorca<\/p>\n\n\n\n<p class=\"has-text-align-center\" style=\"font-size:14px\">Andrea S\u00e1nchez Baca<\/p>\n\n\n\n<div class=\"wp-block-media-text is-stacked-on-mobile\" style=\"grid-template-columns:20% auto\"><figure class=\"wp-block-media-text__media\"><img loading=\"lazy\" decoding=\"async\" width=\"467\" height=\"282\" src=\"https:\/\/webs.uab.cat\/rituals\/wp-content\/uploads\/sites\/234\/2025\/10\/Imatge_CreativeCommons-3.png\" alt=\"\" class=\"wp-image-4899 size-full\" srcset=\"https:\/\/webs.uab.cat\/rituals\/wp-content\/uploads\/sites\/234\/2025\/10\/Imatge_CreativeCommons-3.png 467w, https:\/\/webs.uab.cat\/rituals\/wp-content\/uploads\/sites\/234\/2025\/10\/Imatge_CreativeCommons-3-300x181.png 300w\" sizes=\"auto, (max-width: 467px) 100vw, 467px\" \/><\/figure><div class=\"wp-block-media-text__content\">\n<p><sub><sup>CC BY-NC 4.0 Reconeixement &#8211; No Comercial<\/sup><\/sub><\/p>\n<\/div><\/div>\n<\/div><\/div>\n","protected":false},"excerpt":{"rendered":"<p>L&#8217;Inventari de Rituals Dirigit per Virginia Fons &amp; Montserrat Ventura Aquest&nbsp;Inventari de Rituals,&nbsp;vinculat al Grup de Recerca AHCISP (Antropologia i Hist\u00f2ria de la Construcci\u00f3 d&#8217;Identitats Socials i Pol\u00edtiques) i a la XIPE (Xarxa d\u2019Inter\u00e8s en el Patrimoni Etnol\u00f2gic) del Departament d\u2019Antropologia Social i Cultural de la Universitat Aut\u00f2noma de Barcelona, \u00e9s una eina digital que [&hellip;]<\/p>\n","protected":false},"author":2572,"featured_media":0,"parent":0,"menu_order":0,"comment_status":"closed","ping_status":"closed","template":"","meta":{"footnotes":""},"class_list":["post-841","page","type-page","status-publish","hentry"],"_links":{"self":[{"href":"https:\/\/webs.uab.cat\/rituals\/wp-json\/wp\/v2\/pages\/841","targetHints":{"allow":["GET"]}}],"collection":[{"href":"https:\/\/webs.uab.cat\/rituals\/wp-json\/wp\/v2\/pages"}],"about":[{"href":"https:\/\/webs.uab.cat\/rituals\/wp-json\/wp\/v2\/types\/page"}],"author":[{"embeddable":true,"href":"https:\/\/webs.uab.cat\/rituals\/wp-json\/wp\/v2\/users\/2572"}],"replies":[{"embeddable":true,"href":"https:\/\/webs.uab.cat\/rituals\/wp-json\/wp\/v2\/comments?post=841"}],"version-history":[{"count":99,"href":"https:\/\/webs.uab.cat\/rituals\/wp-json\/wp\/v2\/pages\/841\/revisions"}],"predecessor-version":[{"id":5064,"href":"https:\/\/webs.uab.cat\/rituals\/wp-json\/wp\/v2\/pages\/841\/revisions\/5064"}],"wp:attachment":[{"href":"https:\/\/webs.uab.cat\/rituals\/wp-json\/wp\/v2\/media?parent=841"}],"curies":[{"name":"wp","href":"https:\/\/api.w.org\/{rel}","templated":true}]}}