{"id":400,"date":"2026-04-21T15:46:53","date_gmt":"2026-04-21T13:46:53","guid":{"rendered":"https:\/\/webs.uab.cat\/rna-rnase\/?page_id=400"},"modified":"2026-05-06T13:28:22","modified_gmt":"2026-05-06T11:28:22","slug":"rna-rnase-day","status":"publish","type":"page","link":"https:\/\/webs.uab.cat\/rna-rnase\/rna-rnase-day\/","title":{"rendered":"RNA &amp; RNase Day 2026"},"content":{"rendered":"\n<div class=\"wp-block-group alignwide\"><div class=\"wp-block-group__inner-container is-layout-constrained wp-block-group-is-layout-constrained\">\n<h1 class=\"wp-block-heading has-text-align-right has-verd-tropic-color has-text-color has-link-color has-larger-font-size wp-elements-f11a3efcafb3811f81ad22ee7fcaaf5e\"><strong>19th May 2026<\/strong><\/h1>\n\n\n\n<figure class=\"wp-block-table alignwide is-style-regular has-large-font-size\"><table class=\"has-negre-eben-color has-blanc-coco-background-color has-text-color has-background has-link-color has-fixed-layout\"><thead><tr><th class=\"has-text-align-center\" data-align=\"center\"><\/th><th class=\"has-text-align-center\" data-align=\"center\">Speaker<\/th><th class=\"has-text-align-center\" data-align=\"center\">Topic<\/th><\/tr><\/thead><tbody><tr><td class=\"has-text-align-center\" data-align=\"center\"><strong>10:00-10:10<\/strong><\/td><td class=\"has-text-align-center\" data-align=\"center\"><strong><a href=\"https:\/\/webs.uab.cat\/hrnases\/en\/\">Ester Boix<\/a><\/strong><br>Universitat Aut\u00f2noma de Barcelona (<a href=\"https:\/\/www.uab.cat\/\">UAB<\/a>)<\/td><td class=\"has-text-align-center\" data-align=\"center\">Welcome introduction<\/td><\/tr><tr><td class=\"has-text-align-center\" data-align=\"center\"><strong>10:10-10:50<\/strong><\/td><td class=\"has-text-align-center\" data-align=\"center\"><strong><a href=\"https:\/\/www.crg.eu\/ca\/programmes-groups\/novoa-lab\">Eva M Novoa <\/a><\/strong><br>Centre de Regulaci\u00f3 Gen\u00f2mica (<a href=\"https:\/\/www.crg.eu\/\">CRG<\/a>)<\/td><td class=\"has-text-align-center\" data-align=\"center\"><strong>Opening Lecture<\/strong><br>Decoding the tRNA epitranscriptome and its dynamics at single molecule resolution using nanopore sequencing<\/td><\/tr><tr><td class=\"has-text-align-center\" data-align=\"center\"><strong>10:50-11:20<\/strong><\/td><td class=\"has-text-align-center\" data-align=\"center\"><strong>Jiarui Li<\/strong><br>(UAB)<\/td><td class=\"has-text-align-center\" data-align=\"center\">Generation of functional tRNA fragments by human RNase2<\/td><\/tr><tr><td class=\"has-text-align-center\" data-align=\"center\"><strong>11:20-11:50<\/strong><\/td><td class=\"has-text-align-center\" data-align=\"center\"><strong>Coffee Break <\/strong><\/td><td class=\"has-text-align-center\" data-align=\"center\">Hall C1, floor  -1<\/td><\/tr><tr><td class=\"has-text-align-center\" data-align=\"center\"><strong>11:50-12:20<\/strong><\/td><td class=\"has-text-align-center\" data-align=\"center\"><a href=\"https:\/\/www.cragenomica.es\/research-groups\/rna-biology\"><strong>Nicolas Bologna<\/strong><\/a> <br>Centre de Recerca Agrigen\u00f2mica (<a href=\"https:\/\/www.cragenomica.es\/\">CRAG<\/a>)<\/td><td class=\"has-text-align-center\" data-align=\"center\">One Protein, Two Compartments: AGO1 and the Subcellular Logic of RNA Silencing<\/td><\/tr><tr><td class=\"has-text-align-center\" data-align=\"center\"><strong>12:20-12:50<\/strong><\/td><td class=\"has-text-align-center\" data-align=\"center\"><a href=\"https:\/\/www.cragenomica.es\/es\/research-groups\/reprogramacion-molecular-y-evolucion\"><strong>Ignacio Rubio Somoza<\/strong><\/a><br>(CRAG)<\/td><td class=\"has-text-align-center\" data-align=\"center\">Role of small RNAs in plant-microbe interactions<\/td><\/tr><tr><td class=\"has-text-align-center\" data-align=\"center\"><strong>12:50-13:10<\/strong><\/td><td class=\"has-text-align-center\" data-align=\"center\"><strong>Mireia Alegre &amp; Nuria Matas<\/strong> (<a href=\"https:\/\/isogen-lifescience.com\/\">Isogen Life Science<\/a>)<\/td><td class=\"has-text-align-center\" data-align=\"center\">Isolate high-quality small RNA suitable for NGS applications<\/td><\/tr><tr><td class=\"has-text-align-center\" data-align=\"center\"><strong>13:10-13:40<\/strong><\/td><td class=\"has-text-align-center\" data-align=\"center\"><strong>Adri\u00e1n Torres<\/strong> <br>(<a href=\"https:\/\/aptadeltx.com\/en\/\">Aptadel Therapeutics<\/a>)<\/td><td class=\"has-text-align-center\" data-align=\"center\">Development of RNA aptamers with anti-metastatic activity<\/td><\/tr><\/tbody><\/table><\/figure>\n<\/div><\/div>\n\n\n\n<h1 class=\"wp-block-heading alignfull has-text-align-center has-blanc-coco-color has-verd-tropic-background-color has-text-color has-background has-link-color has-larger-font-size wp-elements-464a05e83a0e6ead7e40366597bdd185\" id=\"Venue\" style=\"font-style:normal;font-weight:800\">The Venue<\/h1>\n\n\n\n<div class=\"wp-block-columns alignwide is-layout-flex wp-container-core-columns-is-layout-9d6595d7 wp-block-columns-is-layout-flex\">\n<div class=\"wp-block-column is-vertically-aligned-center is-layout-flow wp-block-column-is-layout-flow\" style=\"flex-basis:33.33%\">\n<div class=\"wp-block-group is-vertical is-content-justification-right is-layout-flex wp-container-core-group-is-layout-b6c475e2 wp-block-group-is-layout-flex\">\n<p class=\"has-negre-eben-color has-text-color has-link-color has-larger-font-size wp-elements-b6bcd79b3d3e43c3137f081779d81cca\"><strong><a href=\"https:\/\/www.uab.cat\/biociencies\/\">Facultat de Bioci\u00e8ncies<\/a><\/strong><\/p>\n\n\n\n<p>Conference sessions at: <\/p>\n\n\n\n<p class=\"has-groc-caputxina-color has-text-color has-link-color wp-elements-4cef98091acdd381ac8479de2a724fec\"><strong>Sala <em>Josep Vendrell i Roca<\/em> (Aula C0\/-140.1)<\/strong><\/p>\n\n\n\n<p>Campus Universitari de la UAB<\/p>\n\n\n\n<p>08193 Bellaterra (Cerdanyola del Vall\u00e8s)<\/p>\n\n\n\n<p>Barcelona<\/p>\n<\/div>\n<\/div>\n\n\n\n<div class=\"wp-block-column is-vertically-aligned-center is-layout-flow wp-block-column-is-layout-flow\" style=\"flex-basis:66.66%\">\n<figure class=\"wp-block-image size-large\"><img decoding=\"async\" src=\"https:\/\/webs.uab.cat\/rna-rnase-meeting\/wp-content\/uploads\/sites\/619\/2024\/12\/Screenshot-2024-12-12-at-20.20.34-edited-1024x575.png\" alt=\"\" class=\"wp-image-724\" \/><figcaption class=\"wp-element-caption\"><a href=\"https:\/\/www.google.com\/maps\/place\/UAB+Facultat+de+Bioci%C3%A8ncies\/@41.5000718,2.1054809,17z\/data=!3m2!4b1!5s0x12a4967f0b955863:0xa75832fcf2b7a27c!4m6!3m5!1s0x12a4967fb18fe6d1:0xb177473b214ac167!8m2!3d41.5000718!4d2.1080558!16s%2Fg%2F11bwym6n5k?entry=ttu&amp;g_ep=EgoyMDI0MTIwOS4wIKXMDSoASAFQAw%3D%3D\">View larger map<\/a><\/figcaption><\/figure>\n<\/div>\n<\/div>\n\n\n\n<div class=\"wp-block-columns alignwide are-vertically-aligned-center is-layout-flex wp-container-core-columns-is-layout-9d6595d7 wp-block-columns-is-layout-flex\">\n<div class=\"wp-block-column is-vertically-aligned-center is-layout-flow wp-block-column-is-layout-flow\" style=\"flex-basis:24%\"><div class=\"wp-block-image is-style-default\">\n<figure class=\"aligncenter size-full\"><img decoding=\"async\" src=\"https:\/\/webs.uab.cat\/rna-rnase-meeting\/wp-content\/uploads\/sites\/619\/2024\/12\/Joint-logo_RNA-Society_Lexogen_horizontal.jpg\" alt=\"\" class=\"wp-image-40\" style=\"aspect-ratio:1.7777777777777777;object-fit:contain\" \/><\/figure>\n<\/div><\/div>\n\n\n\n<div class=\"wp-block-column is-vertically-aligned-center is-layout-flow wp-block-column-is-layout-flow\" style=\"flex-basis:18%\"><div class=\"wp-block-image\">\n<figure class=\"aligncenter size-full\"><img loading=\"lazy\" decoding=\"async\" width=\"259\" height=\"98\" src=\"https:\/\/webs.uab.cat\/rna-rnase\/wp-content\/uploads\/sites\/602\/2026\/04\/Picture-1.jpg\" alt=\"\" class=\"wp-image-427\" style=\"aspect-ratio:3\/2;object-fit:contain\" \/><\/figure>\n<\/div><\/div>\n\n\n\n<div class=\"wp-block-column is-vertically-aligned-center is-layout-flow wp-block-column-is-layout-flow\" style=\"flex-basis:18%\"><div class=\"wp-block-image\">\n<figure class=\"alignleft size-full\"><img loading=\"lazy\" decoding=\"async\" width=\"182\" height=\"76\" src=\"https:\/\/webs.uab.cat\/rna-rnase\/wp-content\/uploads\/sites\/602\/2026\/04\/Picture-2.jpg\" alt=\"\" class=\"wp-image-428\" style=\"aspect-ratio:1;object-fit:contain\" \/><\/figure>\n<\/div><\/div>\n<\/div>\n","protected":false},"excerpt":{"rendered":"<p>19th May 2026 Speaker Topic 10:00-10:10 Ester BoixUniversitat Aut\u00f2noma de Barcelona (UAB) Welcome introduction 10:10-10:50 Eva M Novoa Centre de Regulaci\u00f3 Gen\u00f2mica (CRG) Opening LectureDecoding the tRNA epitranscriptome and its dynamics at single molecule resolution using nanopore sequencing 10:50-11:20 Jiarui Li(UAB) Generation of functional tRNA fragments by human RNase2 11:20-11:50 Coffee Break Hall C1, floor [&hellip;]<\/p>\n","protected":false},"author":2988,"featured_media":0,"parent":0,"menu_order":0,"comment_status":"closed","ping_status":"closed","template":"","meta":{"footnotes":""},"class_list":["post-400","page","type-page","status-publish","hentry"],"_links":{"self":[{"href":"https:\/\/webs.uab.cat\/rna-rnase\/wp-json\/wp\/v2\/pages\/400","targetHints":{"allow":["GET"]}}],"collection":[{"href":"https:\/\/webs.uab.cat\/rna-rnase\/wp-json\/wp\/v2\/pages"}],"about":[{"href":"https:\/\/webs.uab.cat\/rna-rnase\/wp-json\/wp\/v2\/types\/page"}],"author":[{"embeddable":true,"href":"https:\/\/webs.uab.cat\/rna-rnase\/wp-json\/wp\/v2\/users\/2988"}],"replies":[{"embeddable":true,"href":"https:\/\/webs.uab.cat\/rna-rnase\/wp-json\/wp\/v2\/comments?post=400"}],"version-history":[{"count":39,"href":"https:\/\/webs.uab.cat\/rna-rnase\/wp-json\/wp\/v2\/pages\/400\/revisions"}],"predecessor-version":[{"id":475,"href":"https:\/\/webs.uab.cat\/rna-rnase\/wp-json\/wp\/v2\/pages\/400\/revisions\/475"}],"wp:attachment":[{"href":"https:\/\/webs.uab.cat\/rna-rnase\/wp-json\/wp\/v2\/media?parent=400"}],"curies":[{"name":"wp","href":"https:\/\/api.w.org\/{rel}","templated":true}]}}