{"id":56,"date":"2016-04-13T13:12:11","date_gmt":"2016-04-13T13:12:11","guid":{"rendered":"https:\/\/webs.uab.cat\/rogerbacon\/inici-0\/"},"modified":"2022-08-09T12:47:46","modified_gmt":"2022-08-09T12:47:46","slug":"inici-0","status":"publish","type":"page","link":"https:\/\/webs.uab.cat\/rogerbacon\/","title":{"rendered":"Inici"},"content":{"rendered":"\n<div class=\"wp-block-columns is-layout-flex wp-container-core-columns-is-layout-9d6595d7 wp-block-columns-is-layout-flex\">\n<div class=\"wp-block-column is-layout-flow wp-block-column-is-layout-flow\">\n<figure class=\"wp-block-image is-resized\"><a href=\"inicio\"><img loading=\"lazy\" decoding=\"async\" src=\"http:\/\/grupsderecerca.uab.cat\/rogerbacon\/sites\/grupsderecerca.uab.cat.rogerbacon\/files\/images\/espanya_0.png\" alt=\"\" width=\"39\" height=\"24\" title=\"\"\/><\/a><\/figure>\n<\/div>\n\n\n\n<div class=\"wp-block-column is-layout-flow wp-block-column-is-layout-flow\">\n<figure class=\"wp-block-image is-resized\"><a href=\"https:\/\/webs.uab.cat\/rogerbacon\/inizio\/\"><img loading=\"lazy\" decoding=\"async\" src=\"http:\/\/grupsderecerca.uab.cat\/rogerbacon\/sites\/grupsderecerca.uab.cat.rogerbacon\/files\/images\/italy.png\" alt=\"\" width=\"41\" height=\"27\" title=\"\"\/><\/a><\/figure>\n<\/div>\n\n\n\n<div class=\"wp-block-column is-layout-flow wp-block-column-is-layout-flow\">\n<figure class=\"wp-block-image is-resized\"><a href=\"https:\/\/webs.uab.cat\/rogerbacon\/vorstellung\/\"><img loading=\"lazy\" decoding=\"async\" src=\"http:\/\/grupsderecerca.uab.cat\/rogerbacon\/sites\/grupsderecerca.uab.cat.rogerbacon\/files\/images\/alemanya_0.png\" alt=\"\" width=\"45\" height=\"27\" title=\"\"\/><\/a><\/figure>\n<\/div>\n\n\n\n<div class=\"wp-block-column is-layout-flow wp-block-column-is-layout-flow\">\n<figure class=\"wp-block-image is-resized\"><a href=\"https:\/\/webs.uab.cat\/rogerbacon\/introduction\"><img loading=\"lazy\" decoding=\"async\" src=\"http:\/\/grupsderecerca.uab.cat\/rogerbacon\/sites\/grupsderecerca.uab.cat.rogerbacon\/files\/images\/english_1.gif\" alt=\"\" width=\"40\" height=\"28\" title=\"\"\/><\/a><\/figure>\n<\/div>\n\n\n\n<div class=\"wp-block-column is-layout-flow wp-block-column-is-layout-flow\">\n<figure class=\"wp-block-image is-resized\"><a href=\"https:\/\/webs.uab.cat\/rogerbacon\/introduction\/\"><img loading=\"lazy\" decoding=\"async\" src=\"http:\/\/grupsderecerca.uab.cat\/rogerbacon\/sites\/grupsderecerca.uab.cat.rogerbacon\/files\/images\/france_0.png\" alt=\"\" width=\"42\" height=\"28\" title=\"\"\/><\/a><\/figure>\n<\/div>\n<\/div>\n\n\n\n<p>DB &#8211; Roger Bacon OFM, (Rogerius Baco, Somerset \u2013Ilchester\u2013 <em>vel<\/em> Bilsey \u2013Gloucester\u2013, c. 1214\/1220 &#8211; Oxford, post. 1292), <em>doctor mirabilis<\/em>.<\/p>\n\n\n\n<p>Aquesta p\u00e0gina est\u00e0 dedicada al francisc\u00e0 fil\u00f2sof i cient\u00edfic Roger Bacon. L&#8217;objectiu principal \u00e9s construir i oferir una Base de Dades (DB) que sistematitzi la informaci\u00f3 sobre les seves obres, siguin aut\u00e8ntiques o atribu\u00efdes, i que n&#8217;indiqui l&#8217;estadi de publicaci\u00f3, recollint not\u00edcies sobre les edicions disponibles i els manuscrits existents. A partir d&#8217;aqu\u00ed, es podran confirmar i obtenir-ne dades sobre la seva biografia.<br>Aquest objectiu ens sembla fonamental i previ per encetar el treball d&#8217;edici\u00f3 cr\u00edtica de les seves obres.La majoria de les obres considerades aut\u00e8ntiques van ser publicades en 16 fascicles per Robert Steele i Ferdinand M. Delorme als <em>Opera hactenus inedita Rogerii Baconis<\/em> [OHI] entre 1905-1941. Unes altres poques edicions han aparegut despr\u00e9s i a l&#8217;actualitat existeixen cient\u00edfics que s&#8217;hi estan dedicant. Tamb\u00e9 s&#8217;ha de recon\u00e8ixer que la bibliografia sobre Roger Bacon ha arribat a ser voluminosa, incloent-hi diversos exercicis de catalogaci\u00f3 de les seves obres.<br>Malgrat tot, per\u00f2, seguim sense poder afirmar amb claretat quin \u00e9s el cat\u00e0leg de les obres de Bacon i, per tant, quines s\u00f3n edicions o els manuscrits als quals cal acudir. Les descripcions dels manuscrits dels diversos cat\u00e0legs disponibles discrepen a l&#8217;hora de localitzar les obres com a aut\u00e8ntiques o atribu\u00efdes, i tamb\u00e9 de destriar si es tracta de parts d&#8217;obres o de monografies redactades independentment d&#8217;altres obres majors. A m\u00e9s, tot i ser precioses les edicions dels OHI, en general val ser elaborades amb l&#8217;elecci\u00f3 de nom\u00e9s un manuscrit (cosa que afecta tan sols a alguns t\u00edtols) i \u00e9s evident que hi manca un aparat de fonts, realment anecd\u00f2tic en aquest cas. Sense aquest tipus d&#8217;informaci\u00f3, no pot avan\u00e7ar-se amb efic\u00e0cia en el coneixement de la cultura de l&#8217;autor.<br>Efectivament existeixen edicions d&#8217;algunes obres de Bacon (de vegades, atribu\u00efdes) d&#8217;\u00e8poca human\u00edstica. Tanmateix, la tradici\u00f3 dels estudis sobre l&#8217;obra de Bacon va despertar precisament a principis del s. xx, tot incloent-hi l&#8217;edici\u00f3 de l&#8217;<em>Opus maius<\/em> per John Henry Bridges a Oxford, 1897 (tot i que aquesta obra ja s&#8217;havia publicat per primera vegada al 1733). Malgrat els antecedents, es podria afirmar que la feli\u00e7 celebraci\u00f3 en 1914 dels dcc anys del seu naixement va donar lloc tamb\u00e9 al naixement dels estudis sistem\u00e0tics sobre Bacon, especialment el volum commemoratiu d&#8217;Andrew George Little (ed.) (1914), <em>Roger Bacon essays contributed by various authors on the occasion of the commemoration of the seventh centenary of his birth<\/em>, Oxford; comparable al que novament va fer Jeremiah M.G. Hackett (ed.) (1997), <em>Roger Bacon and the Sciences. Commemorative Essays<\/em>, Leiden-New York-Cologne, tamb\u00e9 amb voluntat commemorativa.<br>El buit de dedicaci\u00f3 als estudis sobre Bacon fins a les dates indicades es pot relacionar amb el que va esdevenir el 29 de novembre de 1268, quan traspassa el Papa Climent IV, amic de Bacon, despr\u00e9s del qual veurem aprovades succesives prohibicions i decisions contra l&#8217;Aristotelisme llat\u00ed (com ara la Condemna de Par\u00eds de 1277), les quals van afectar profundament l&#8217;inter\u00e8s per l&#8217;obra de Bacon, que va quedar de seguida relegada pr\u00e0cticament a la m\u00e0gia, l&#8217;astrologia i l&#8217;alqu\u00edmia, ci\u00e8ncies que van ser vistes tradicionalment com un cientifisme reprobable.<br>Per tant, la manca d&#8217;una tradici\u00f3 m\u00e9s llarga i s\u00f2lida d&#8217;estudis sobre Roger Bacon ens ha portat fins a l&#8217;actualitat, quan poden llegir-se impreses la majoria de les seves obres (aut\u00e8ntiques), per\u00f2 sobre la lectura de les quals continua sent necessari encara aplicar un esfor\u00e7 d&#8217;edici\u00f3, comentari, sistematizaci\u00f3 i an\u00e0lisi.<br>En poc temps, la informaci\u00f3 que estem elaborant per a aquesta DB &#8211; Roger Bacon estar\u00e0 oberta al p\u00fablic. Aquest projecte ha merescut l&#8217;atenci\u00f3 i el suport de diversos cient\u00edfics de reconegut prestigi pels seus estudis sobre Roger Bacon, entre els quals vull esmentar Agostino Paravicini, Michela Pereira, Cecilia Panti y Nicola Polloni, a m\u00e9s dels recursos bibliogr\u00e0fics oferts per la SISMEL i Francesco Santi. Estic segur que aquesta n\u00f2mina es veur\u00e0 ampliada molt aviat.<\/p>\n\n\n\n<p>&nbsp;<\/p>\n\n\n\n<p>\u00d3scar de la Cruz (abril de 2016).<\/p>\n","protected":false},"excerpt":{"rendered":"<p>DB &#8211; Roger Bacon OFM, (Rogerius Baco, Somerset \u2013Ilchester\u2013 vel Bilsey \u2013Gloucester\u2013, c. 1214\/1220 &#8211; Oxford, post. 1292), doctor mirabilis. Aquesta p\u00e0gina est\u00e0 dedicada al francisc\u00e0 fil\u00f2sof i cient\u00edfic Roger Bacon. L&#8217;objectiu principal \u00e9s construir i oferir una Base de Dades (DB) que sistematitzi la informaci\u00f3 sobre les seves obres, siguin aut\u00e8ntiques o atribu\u00efdes, i [&hellip;]<\/p>\n","protected":false},"author":20,"featured_media":0,"parent":0,"menu_order":0,"comment_status":"closed","ping_status":"closed","template":"","meta":{"footnotes":""},"class_list":["post-56","page","type-page","status-publish","hentry"],"_links":{"self":[{"href":"https:\/\/webs.uab.cat\/rogerbacon\/wp-json\/wp\/v2\/pages\/56","targetHints":{"allow":["GET"]}}],"collection":[{"href":"https:\/\/webs.uab.cat\/rogerbacon\/wp-json\/wp\/v2\/pages"}],"about":[{"href":"https:\/\/webs.uab.cat\/rogerbacon\/wp-json\/wp\/v2\/types\/page"}],"author":[{"embeddable":true,"href":"https:\/\/webs.uab.cat\/rogerbacon\/wp-json\/wp\/v2\/users\/20"}],"replies":[{"embeddable":true,"href":"https:\/\/webs.uab.cat\/rogerbacon\/wp-json\/wp\/v2\/comments?post=56"}],"version-history":[{"count":3,"href":"https:\/\/webs.uab.cat\/rogerbacon\/wp-json\/wp\/v2\/pages\/56\/revisions"}],"predecessor-version":[{"id":195,"href":"https:\/\/webs.uab.cat\/rogerbacon\/wp-json\/wp\/v2\/pages\/56\/revisions\/195"}],"wp:attachment":[{"href":"https:\/\/webs.uab.cat\/rogerbacon\/wp-json\/wp\/v2\/media?parent=56"}],"curies":[{"name":"wp","href":"https:\/\/api.w.org\/{rel}","templated":true}]}}