{"id":57,"date":"2016-04-25T12:15:05","date_gmt":"2016-04-25T12:15:05","guid":{"rendered":"https:\/\/webs.uab.cat\/rogerbacon\/inicio\/"},"modified":"2016-04-25T12:15:05","modified_gmt":"2016-04-25T12:15:05","slug":"inicio","status":"publish","type":"page","link":"https:\/\/webs.uab.cat\/rogerbacon\/inicio\/","title":{"rendered":"Inicio"},"content":{"rendered":"<table border=\"0\">\n<tbody>\n<tr>\n<td><a href=\"http:\/\/grupsderecerca.uab.cat\/rogerbacon\/\"><img loading=\"lazy\" decoding=\"async\" alt=\"\" height=\"17\" src=\"http:\/\/grupsderecerca.uab.cat\/rogerbacon\/sites\/grupsderecerca.uab.cat.rogerbacon\/files\/images\/senyera1.fw_.png\" style=\"float:left\" title=\"\" width=\"25\" \/><\/a><\/td>\n<td><a href=\"http:\/\/grupsderecerca.uab.cat\/rogerbacon\/content\/inizio\" title=\"Inizio\"><img loading=\"lazy\" decoding=\"async\" alt=\"\" height=\"17\" src=\"http:\/\/grupsderecerca.uab.cat\/rogerbacon\/sites\/grupsderecerca.uab.cat.rogerbacon\/files\/images\/italy.png\" style=\"float:left\" title=\"\" width=\"25\" \/><\/a><\/td>\n<td><a href=\"http:\/\/grupsderecerca.uab.cat\/rogerbacon\/content\/vorstellung\" title=\"Vorstellung\"><img loading=\"lazy\" decoding=\"async\" alt=\"\" height=\"15\" src=\"http:\/\/grupsderecerca.uab.cat\/rogerbacon\/sites\/grupsderecerca.uab.cat.rogerbacon\/files\/images\/alemanya_0.png\" style=\"float:left\" title=\"\" width=\"25\" \/><\/a><\/td>\n<td>&nbsp;<a href=\"http:\/\/grupsderecerca.uab.cat\/rogerbacon\/content\/introduction\" title=\"Introduction\"><img loading=\"lazy\" decoding=\"async\" alt=\"\" height=\"17\" src=\"http:\/\/grupsderecerca.uab.cat\/rogerbacon\/sites\/grupsderecerca.uab.cat.rogerbacon\/files\/images\/english_1.gif\" style=\"float:left\" title=\"\" width=\"25\" \/><\/a><\/td>\n<td>&nbsp;<a href=\"http:\/\/grupsderecerca.uab.cat\/rogerbacon\/content\/introduction-0\"><img loading=\"lazy\" decoding=\"async\" alt=\"\" height=\"17\" src=\"http:\/\/grupsderecerca.uab.cat\/rogerbacon\/sites\/grupsderecerca.uab.cat.rogerbacon\/files\/images\/france_0.png\" style=\"float:left\" title=\"\" width=\"25\" \/><\/a><\/td>\n<\/tr>\n<\/tbody>\n<\/table>\n<p>&nbsp;<\/p>\n<p>DB &#8211; Roger Bacon OFM, (Rogerius Baco, Somerset \u2013Ilchester\u2013 <em>vel<\/em> Bilsey \u2013Gloucester\u2013, c. 1214\/1220 &#8211; Oxford, post. 1292), <em>doctor mirabilis<\/em>.<\/p>\n<p class=\"rtejustify\">Esta p\u00e1gina est\u00e1 dedicada al franciscano fil\u00f3sofo y cient\u00edfico Roger Bacon. El objetivo principal es construir y ofrecer una Base de Datos (DB) que sistematice la informaci\u00f3n sobre sus obras, sean aut\u00e9nticas o atribuidas, y que indique el estadio de publicaci\u00f3n de las mismas, recogiendo noticias sobre las ediciones disponibles y los manuscritos existentes. De aqu\u00ed, se podr\u00e1n corroborar o desprender datos sobre su biograf\u00eda.<br \/>\nEste objetivo nos parece fundamental y previo para emprender la edici\u00f3n cr\u00edtica de sus obras.<br \/>\nLa mayor\u00eda de las obras consideradas aut\u00e9nticas fueron publicadas en 16 fasc\u00edculos por Robert Steele y Ferdinand M. Delorme en los <em>Opera hactenus inedita Rogerii Baconis <\/em>[OHI] entre 1905-1941. Otras pocas han aparecido despu\u00e9s y en la actualidad existen cient\u00edficos que se est\u00e1n dedicando a la publicaci\u00f3n de las mismas. Tambi\u00e9n hay que reconocer que la bibliograf\u00eda sobre Roger Bacon ha llegado a ser voluminosa, incluidos varios ejercicios de catalogaci\u00f3n de sus obras.<br \/>\nPero a pesar de ello, seguimos sin poder afirmar con claridad cu\u00e1l es el cat\u00e1logo de las obras de Bacon y, por lo tanto, cu\u00e1les las ediciones o los manuscritos a las que hay que acudir. Las propias descripciones de los manuscritos de varios cat\u00e1logos disponibles discrepan a la hora de localizar las obras como aut\u00e9nticas o atribuidas, e incluso de distinguir si se trata de partes de obras o de monograf\u00edas redactadas independientemente respecto de obras mayores. Adem\u00e1s, aun siendo preciosas las ediciones de los OHI, en general fueron elaboradas con la elecci\u00f3n de un solo manuscrito (cosa que afecta s\u00f3lo a algunos t\u00edtulos) y es evidente que les falta un aparato de fuentes, realmente anecd\u00f3tico en este caso. Sin este tipo de informaci\u00f3n, no puede avanzarse con eficacia en el conocimiento de la cultura del autor.<br \/>\nEfectivamente existen ediciones de algunas obras de Bacon (a veces, atribuidas) de \u00e9poca human\u00edstica. Sin embargo, la tradici\u00f3n de los estudios sobre la obra de Bacon despert\u00f3 precisamente a principios del s. xx, incluyendo la edici\u00f3n del <em>Opus maius <\/em>por John Henry Bridges aparecida en Oxford en 1897 (aunque esta obra se hab\u00eda publicado por primera vez en 1733). A pesar de los antecedentes, se podr\u00eda afirmar que la feliz celebraci\u00f3n en 1914 de los dcc a\u00f1os de su nacimiento dio lugar tambi\u00e9n al nacimiento de los estudios sistem\u00e1ticos sobre Bacon, especialmente el volumen conmemorativo de Andrew George Little (ed.) (1914), <em>Roger Bacon essays contributed by various authors on the occasion of the commemoration of the seventh centenary of his birth<\/em>, Oxford; comparable al que nuevamente hiciera Jeremiah M.G. Hackett (ed.) (1997), <em>Roger Bacon and the Sciences. Commemorative Essays<\/em>, Leiden-New York-Cologne, tambi\u00e9n con voluntad conmemorativa.<br \/>\n&nbsp;&nbsp; &nbsp;El vac\u00edo de dedicaci\u00f3n a los estudios sobre Bacon hasta las fechas indicadas puede ponerse en relaci\u00f3n con lo ocurrido el 29 de noviembre de 1268, cuando fallece el Papa Clemente IV, amigo de Bacon, y tras el que ocurren sucesivas prohibiciones y decisiones contra el Aristotelismo latino (como la Condena de Par\u00eds de 1277) que afectaron profundamente al inter\u00e9s por la obra de Bacon, inmediatamente relegada pr\u00e1cticamente a la magia, la astrolog\u00eda y la alquimia, ciencias que fueron vistas tradicionalmente como un cientifismo detestable.<br \/>\nPor lo tanto, la falta de una tradici\u00f3n m\u00e1s larga y s\u00f3lida de estudios sobre Roger Bacon nos ha tra\u00eddo hasta la actualidad, en donde pueden leerse impresas la mayor\u00eda de sus obras (aut\u00e9nticas), pero sobre cuya lectura debe aplicarse todav\u00eda un esfuerzo de edici\u00f3n, comentario, sistematizaci\u00f3n y an\u00e1lisis.<br \/>\n&nbsp;&nbsp; &nbsp;En breve, la informaci\u00f3n que estamos elaborando para esta DB &#8211; Roger Bacon estar\u00e1 disponible al p\u00fablico. Este proyecto ha merecido la atenci\u00f3n y el apoyo de varios cient\u00edficos de reconocido prestigio por sus estudios sobre Roger Bacon, entre los que quiero mencionar a Agostino Paravicini, Michela Pereira, Cecilia Panti y Nicola Polloni, adem\u00e1s de los recursos bibliogr\u00e1ficos ofrecidos por la SISMEL y Francesco Santi. Estoy seguro de que esta lista se ver\u00e1 ampliada muy pronto.<\/p>\n<p>\u00d3scar de la Cruz (abril de 2016).<br \/>\n&nbsp;&nbsp; &nbsp;<br \/>\n&nbsp;<\/p>\n","protected":false},"excerpt":{"rendered":"<p>&nbsp; &nbsp; &nbsp; DB &#8211; Roger Bacon OFM, (Rogerius Baco, Somerset \u2013Ilchester\u2013 vel Bilsey \u2013Gloucester\u2013, c. 1214\/1220 &#8211; Oxford, post. 1292), doctor mirabilis. Esta p\u00e1gina est\u00e1 dedicada al franciscano fil\u00f3sofo y cient\u00edfico Roger Bacon. El objetivo principal es construir y ofrecer una Base de Datos (DB) que sistematice la informaci\u00f3n sobre sus obras, sean aut\u00e9nticas [&hellip;]<\/p>\n","protected":false},"author":20,"featured_media":0,"parent":0,"menu_order":0,"comment_status":"closed","ping_status":"closed","template":"","meta":{"footnotes":""},"class_list":["post-57","page","type-page","status-publish","hentry"],"_links":{"self":[{"href":"https:\/\/webs.uab.cat\/rogerbacon\/wp-json\/wp\/v2\/pages\/57","targetHints":{"allow":["GET"]}}],"collection":[{"href":"https:\/\/webs.uab.cat\/rogerbacon\/wp-json\/wp\/v2\/pages"}],"about":[{"href":"https:\/\/webs.uab.cat\/rogerbacon\/wp-json\/wp\/v2\/types\/page"}],"author":[{"embeddable":true,"href":"https:\/\/webs.uab.cat\/rogerbacon\/wp-json\/wp\/v2\/users\/20"}],"replies":[{"embeddable":true,"href":"https:\/\/webs.uab.cat\/rogerbacon\/wp-json\/wp\/v2\/comments?post=57"}],"version-history":[{"count":0,"href":"https:\/\/webs.uab.cat\/rogerbacon\/wp-json\/wp\/v2\/pages\/57\/revisions"}],"wp:attachment":[{"href":"https:\/\/webs.uab.cat\/rogerbacon\/wp-json\/wp\/v2\/media?parent=57"}],"curies":[{"name":"wp","href":"https:\/\/api.w.org\/{rel}","templated":true}]}}