{"id":104,"date":"2010-06-22T16:20:27","date_gmt":"2010-06-22T14:20:27","guid":{"rendered":"https:\/\/webs.uab.cat\/saa\/analisis-arqueobotanicos\/"},"modified":"2010-07-06T11:55:47","modified_gmt":"2010-07-06T09:55:47","slug":"analisis-arqueobotanicos","status":"publish","type":"page","link":"https:\/\/webs.uab.cat\/saa\/es\/analisis-arqueobotanicos\/","title":{"rendered":"An\u00e1lisis Arqueobot\u00e1nicos"},"content":{"rendered":"<p style=\"text-align: justify;\"><img loading=\"lazy\" decoding=\"async\" src=\"http:\/\/sct.uab.cat\/saa\/sites\/sct.uab.cat.saa\/files\/f_carbo.gif\" alt=\"\" height=\"299\" width=\"442\"><\/p>\n<p style=\"text-align: justify;\">Las maderas carbonizadas son uno de los pocos restos vegetales que se recuperan en los yacimientos arqueol\u00f3gicos de las zonas templadas. Los restos vegetales, por su naturaleza org\u00e1nica, no sobreviven al ataque de los descomponedores (bacterias, hongos, etc,,,), s\u00f3lo cuando se carbonizan, de forma intencionada o accidental, tienen probabilidades de conservar se y ser recuperadas durante la excavaci\u00f3n arqueol\u00f3gica. Dado que la madera se utiliza como combustible desde el Pleistoceno, lo carbones a menudo son los restos vegetales m\u00e1s representados en los yacimientos arqueol\u00f3gicos.<\/p>\n<p style=\"text-align: justify;\">La identificaci\u00f3n taxon\u00f3mica de los carbones es posible porque la carbonizaci\u00f3n no destruye la micro estructura anat\u00f3mica. La observaci\u00f3n al microscopio de la anatom\u00eda de los carbones arqueol\u00f3gicos y la comparaci\u00f3n con la estructura anat\u00f3mica de las maderas actuales carbonizadas permite identificar la familia, el g\u00e9nero y , a veces, la especie arb\u00f3rea o arbustiva a la que pertenec\u00eda el carb\u00f3n. La identificaci\u00f3n taxon\u00f3mica proporciona datos sobre los componentes arb\u00f3reos y arbustibos del paisaje. Tambi\u00e9n permite establecer los patrones de procedencia de los combustibles.<\/p>\n<p style=\"text-align: justify;\">En condiciones excepcionales la madera puede sobrevivir al efecto de la descomposici\u00f3n. La inmersi\u00f3n en medios anaer\u00f3bicos acu\u00e1ticos, condiciones de extrema sequedad o otros factores, impiden la propagaci\u00f3n de las bacterias causantes de la descomposici\u00f3n. Por este motivo tambi\u00e9n se pueden recuperar en yacimientos arqueol\u00f3gicos maderas no carbonizadas.<\/p>\n<p style=\"text-align: justify;\">Las maderas tambi\u00e9n pueden ser determinadas a nivel de g\u00e9nero y especie mediante el estudio comparativo de la estructura micro anat\u00f3mica. En algunos casos el an\u00e1lisis de las maderas se realiza a partir de la extracci\u00f3n de l\u00e1minas delgadas siguiendo los planos anat\u00f3micos de las maderas, en otros casos, se puede efectuara mediante la observaci\u00f3n directa de la madera al microscopio binocular. las maderas recuperadas en yacimientos arqueol\u00f3gicos son a menudo restos de materiales utilizados en la construcci\u00f3n (vigas, palos), para la realizaci\u00f3n de instrumentos (mangos, bastones, cu\u00f1as, &#8230;) o otros objetos. La identificaci\u00f3n de la materia prima con la que ha estado construidas viviendas u objetos manufacturados y instrumentos permite obtener informaci\u00f3n sobre el aprovechamiento de las materias primas vegetales as\u00ed como la tecnolog\u00eda utilizada en la talla de la madera.<\/p>\n<p style=\"text-align: justify;\"><strong>Servicios Ofrecidos&nbsp;<\/strong><\/p>\n<blockquote>\n<ol>\n<li>I<strong>dentificacin\u00f3 taxon\u00f3mica de maderas carbonizadas a partir del estudio comparativo de la micro estructura de las maderas carbonizadas con colecciones de referencia<\/strong><\/li>\n<li><strong>Identificacin\u00f3 taxon\u00f3mica de maderas carbonizadas. Esta se puede aplicar tanto a maderas arqueol\u00f3gicas como a obras de arte de periodo hist\u00f3rico (tallas, muebles, etc&#8230;)<\/strong><\/li>\n<li><strong>Interpretaci\u00f3n de los datos desde una perspectiva paleoambiental. Reconstrucci\u00f3n de los paisages contempor\u00e1neos a lo smomentos de ocupaci\u00f3n d elos yacimientos arqueol\u00f3gicos.<\/strong><\/li>\n<li><strong>Din\u00e1mica evolutiva de los paisages y an\u00e1lisis de las posibles cuasas. Interpretaci\u00f3n de los datos desde una perspectiva paleoecon\u00f3mica y paleotecnol\u00f3gica<\/strong><\/li>\n<li><strong>Patrones de procedencia y uso de los combustibles. Patrones de selecci\u00f3n de las maderas para la producci\u00f3n de bienes. Estudio de los procesos de manufactura de instrumentos de madera.<\/strong><\/li>\n<\/ol>\n<\/blockquote>\n<p style=\"text-align: justify;\"><strong>Responsable<\/strong><\/p>\n<blockquote>\n<p>Raquel Piqu\u00e8<a href=\"mailto:Raquel.Pique@uab.cat\"> (<\/a><a href=\"mailto:Raquel.Pique@uab.cat\">Raquel.Pique@uab.cat<\/a><\/p>\n<p><strong>Infraestructura<\/strong><\/p>\n<\/blockquote>\n<ul style=\"text-align: justify;\">\n<li>Microscopia \u00f3ptica de luz reflejada e incidente<\/li>\n<li>Lupas binoculares<\/li>\n<li>Completa colecci\u00f3n de referencia de maderas carbonizadas y no carbonizadas compuesta por taxonesmediterr\u00e1neoss, sud-americanos, tropicales ycanarios<\/li>\n<li>\u00c1mplia biblioteca especializada sobre anatomia de las maderas<\/li>\n<\/ul>\n<p style=\"text-align: justify;\"><strong>Experiencia y Proyectos Desarrollados<\/strong><\/p>\n<blockquote>\n<p style=\"text-align: justify;\">En los \u00faltimos a\u00f1os el Laboratorio de An\u00e1lisis de Carbones Vegetales y maderas ha realizado los an\u00e1lisis de materiales Antracol\u00f3gicos procedentes de numerosos yacimientos de la Pen\u00ednsula Ib\u00e9rica y de cronolog\u00eda muy diversa (tanto prehist\u00f3ricos como hist\u00f3ricos): Can Piteu, La Vinya del Regalat, Can Roqueta, Es C\u00e0rritx, La Draga, La Prunera,&#8230;<\/p>\n<\/blockquote>\n","protected":false},"excerpt":{"rendered":"<p>Las maderas carbonizadas son uno de los pocos restos vegetales que se recuperan en los yacimientos arqueol\u00f3gicos de las zonas templadas. Los restos vegetales, por su naturaleza org\u00e1nica, no sobreviven al ataque de los descomponedores (bacterias, hongos, etc,,,), s\u00f3lo cuando se carbonizan, de forma intencionada o accidental, tienen probabilidades de conservar se y ser recuperadas [&hellip;]<\/p>\n","protected":false},"author":20,"featured_media":105,"parent":0,"menu_order":0,"comment_status":"closed","ping_status":"closed","template":"","meta":{"footnotes":""},"class_list":["post-104","page","type-page","status-publish","has-post-thumbnail","hentry"],"_links":{"self":[{"href":"https:\/\/webs.uab.cat\/saa\/es\/wp-json\/wp\/v2\/pages\/104","targetHints":{"allow":["GET"]}}],"collection":[{"href":"https:\/\/webs.uab.cat\/saa\/es\/wp-json\/wp\/v2\/pages"}],"about":[{"href":"https:\/\/webs.uab.cat\/saa\/es\/wp-json\/wp\/v2\/types\/page"}],"author":[{"embeddable":true,"href":"https:\/\/webs.uab.cat\/saa\/es\/wp-json\/wp\/v2\/users\/20"}],"replies":[{"embeddable":true,"href":"https:\/\/webs.uab.cat\/saa\/es\/wp-json\/wp\/v2\/comments?post=104"}],"version-history":[{"count":0,"href":"https:\/\/webs.uab.cat\/saa\/es\/wp-json\/wp\/v2\/pages\/104\/revisions"}],"wp:featuredmedia":[{"embeddable":true,"href":"https:\/\/webs.uab.cat\/saa\/es\/wp-json\/wp\/v2\/media\/105"}],"wp:attachment":[{"href":"https:\/\/webs.uab.cat\/saa\/es\/wp-json\/wp\/v2\/media?parent=104"}],"curies":[{"name":"wp","href":"https:\/\/api.w.org\/{rel}","templated":true}]}}