{"id":83,"date":"2010-06-22T15:30:20","date_gmt":"2010-06-22T13:30:20","guid":{"rendered":"https:\/\/webs.uab.cat\/saa\/presentacion\/"},"modified":"2010-07-01T09:46:47","modified_gmt":"2010-07-01T07:46:47","slug":"presentacion","status":"publish","type":"page","link":"https:\/\/webs.uab.cat\/saa\/es\/","title":{"rendered":"Presentaci\u00f3n"},"content":{"rendered":"<p style=\"text-align: justify;\"><span style=\"font-family: Arial,Helvetica,sans-serif; font-size: x-small;\"><img loading=\"lazy\" decoding=\"async\" alt=\"\" height=\"601\" src=\"http:\/\/sct.uab.cat\/saa\/sites\/sct.uab.cat.saa\/files\/images\/logo%20SAA2.jpg\" width=\"1181\" \/>Bienvenid@s a la p\u00e1gina de Internet del<strong> Servei d&#8217;An\u00e0lisis Arqueol\u00f2giques de la UAB<\/strong>. Esta p\u00e1gina nace con la intenci\u00f3n de poner a disposici\u00f3n de la sociedad la informaci\u00f3n generada desde este de una forma \u00e1mplia i r\u00e1pida.<\/span><\/p>\n<p style=\"text-align: justify;\"><span style=\"font-family: Arial,Helvetica,sans-serif; font-size: x-small;\">Esta web se estructura en cuatro apartados: presentaci\u00f3n, servicios, proyectos y personal. En el primero se encuentran los objetivos y la normativa del Servei, as\u00ed como noticias relevantes de este. En el apartado Servicios se exponen las diferentes anal\u00edticas que se ofrecen. En proyectos estan los diferentes trabajos realizados en los \u00faltimos a\u00f1os, en algunos casos, la informaci\u00f3n sobre el proyecto est\u00e1 disponible. En personal se encuentra la informaci\u00f3n sobre las personas que integra el Servei d&#8217;An\u00e0lisis Arqueol\u00f2giques.<\/span><\/p>\n<p style=\"text-align: justify;\"><span style=\"font-family: Arial,Helvetica,sans-serif; font-size: x-small;\">Para contactar con nosotros podeis escribir a <strong>analisis.arqueologiques@uab<\/strong>.es o llamar al telefono 93 691 83 11.<\/span><\/p>\n<p style=\"text-align: justify;\"><strong><span style=\"font-family: Arial,Helvetica,sans-serif; font-size: x-small;\"><a href=\"http:\/\/sct.uab.cat\/saa\/sites\/sct.uab.cat.saa\/files\/planol.gif\" target=\"_blank\" rel=\"noopener\">Planol situaci\u00f3n<\/a><\/span><\/strong><\/p>\n<p style=\"text-align: justify;\"><span style=\"font-family: Arial,Helvetica,sans-serif; font-size: x-small;\">La creciente importancia en la sociedad actual de las actividades relacionadas con el patrimonio cultural, los restos art\u00edsticos y arqueol\u00f3gicos, en sus vertientes de protecci\u00f3n, conservaci\u00f3n y estudio, ha motivado a la Divisi\u00f3 de Prehist\u00f2ria del Departament d&#8217;Antropologia Social i Prehistoria de la Facultad de Letras a constituir el Servei d&#8217;An\u00e0lisis Arqueol\u00f2giques de la UAB con la finalidad de contribuir a la salvaguarda, conocimiento y difusi\u00f3n del Patrimonio Hist\u00f3rico y Arqueol\u00f3gico desde su vertiente anal\u00edtica y cient\u00edfica.<\/span><\/p>\n<p style=\"text-align: justify;\"><span style=\"font-family: Arial,Helvetica,sans-serif; font-size: x-small;\">El <strong>Servei d&#8217;An\u00e0lisis Arqueol\u00f2giques de la UAB <\/strong>tiene como finalidad contribuir al desarrollo de la arqueolog\u00eda cient\u00edfica, dando asesor\u00eda y soporte anal\u00edtico a la comunidad universitaria y a a la sociedad en general. El objetivo es hacerse cargo de los convenios y encargos que cualquier entidad p\u00fablica o privada pueda hacer para la realizaci\u00f3n de trabajos vinculados a materias arqueol\u00f3gicas.<\/span><\/p>\n<p style=\"text-align: justify;\"><span style=\"font-family: Arial,Helvetica,sans-serif; font-size: x-small;\">Los objectivos del <strong>Servei d&#8217;An\u00e0lisis Arqueol\u00f2giques de la UAB son<\/strong>:<\/span><\/p>\n<p style=\"text-align: justify;\"><span style=\"font-family: Arial,Helvetica,sans-serif; font-size: x-small;\">Proporcionar asesoramiento y an\u00e1lisis arqueol\u00f3gicas en los diferentes campos de actuacion de la arqueologia tanto a investigador@s y grupos de investigaci\u00f3n de la UAB como a investigador@s, profesionales, empresas e instituciones externas.<br \/>\nDinamizar, optimizar y potenciar los recursos materiales de la UAB en el \u00e1mbito de la investigaci\u00f3n arqueol\u00f3gica. <\/span><\/p>\n<p style=\"text-align: justify;\"><strong><span style=\"font-family: Arial,Helvetica,sans-serif; font-size: x-small;\"><a href=\"http:\/\/sct.uab.cat\/saa\/sites\/sct.uab.cat.saa\/files\/reglament_servei_analisi.pdf\" target=\"_blank\" rel=\"noopener\">Normativa General del Servei d&#8217;An\u00e0lisis Arqueol\u00f2giques<\/a><\/span><\/strong><\/p>\n","protected":false},"excerpt":{"rendered":"<p>Bienvenid@s a la p\u00e1gina de Internet del Servei d&#8217;An\u00e0lisis Arqueol\u00f2giques de la UAB. Esta p\u00e1gina nace con la intenci\u00f3n de poner a disposici\u00f3n de la sociedad la informaci\u00f3n generada desde este de una forma \u00e1mplia i r\u00e1pida. Esta web se estructura en cuatro apartados: presentaci\u00f3n, servicios, proyectos y personal. En el primero se encuentran los [&hellip;]<\/p>\n","protected":false},"author":20,"featured_media":50,"parent":0,"menu_order":0,"comment_status":"closed","ping_status":"closed","template":"","meta":{"footnotes":""},"class_list":["post-83","page","type-page","status-publish","has-post-thumbnail","hentry"],"_links":{"self":[{"href":"https:\/\/webs.uab.cat\/saa\/es\/wp-json\/wp\/v2\/pages\/83","targetHints":{"allow":["GET"]}}],"collection":[{"href":"https:\/\/webs.uab.cat\/saa\/es\/wp-json\/wp\/v2\/pages"}],"about":[{"href":"https:\/\/webs.uab.cat\/saa\/es\/wp-json\/wp\/v2\/types\/page"}],"author":[{"embeddable":true,"href":"https:\/\/webs.uab.cat\/saa\/es\/wp-json\/wp\/v2\/users\/20"}],"replies":[{"embeddable":true,"href":"https:\/\/webs.uab.cat\/saa\/es\/wp-json\/wp\/v2\/comments?post=83"}],"version-history":[{"count":1,"href":"https:\/\/webs.uab.cat\/saa\/es\/wp-json\/wp\/v2\/pages\/83\/revisions"}],"predecessor-version":[{"id":600,"href":"https:\/\/webs.uab.cat\/saa\/es\/wp-json\/wp\/v2\/pages\/83\/revisions\/600"}],"wp:featuredmedia":[{"embeddable":true,"href":"https:\/\/webs.uab.cat\/saa\/es\/wp-json\/wp\/v2\/media\/50"}],"wp:attachment":[{"href":"https:\/\/webs.uab.cat\/saa\/es\/wp-json\/wp\/v2\/media?parent=83"}],"curies":[{"name":"wp","href":"https:\/\/api.w.org\/{rel}","templated":true}]}}