{"id":93,"date":"2010-06-22T16:18:56","date_gmt":"2010-06-22T14:18:56","guid":{"rendered":"https:\/\/webs.uab.cat\/saa\/analisis-de-artefactos-arqueologicos\/"},"modified":"2010-07-06T11:51:45","modified_gmt":"2010-07-06T09:51:45","slug":"analisis-de-artefactos-arqueologicos","status":"publish","type":"page","link":"https:\/\/webs.uab.cat\/saa\/es\/analisis-de-artefactos-arqueologicos\/","title":{"rendered":"An\u00e1lisis de Artefactos Arqueol\u00f3gicos"},"content":{"rendered":"<p><strong>&nbsp;<\/strong><\/p>\n<p><strong>El an\u00e1lisis de artefactos<\/strong> es uno de los objectos de estudio principales de la investigaci\u00f3n arqueol\u00f3gica. Los instrumentos de Trabajo, armas y ornamentos participaron en diversas esferas de la vida cotidiana de las comunidades prehist\u00f3ricas, de las cuales <a href=\"http:\/\/prehistoria.uab.cat\/SAA\/pedra.htm\"><span style=\"text-decoration: underline;\">piedra<\/span>, &nbsp;<\/a><a href=\"http:\/\/prehistoria.uab.cat\/SAA\/ceramica.htm\"><span style=\"text-decoration: underline;\">cer\u00e1mica<\/span><\/a> y&nbsp; <a href=\"http:\/\/prehistoria.uab.cat\/SAA\/metall.htm\"><span style=\"text-decoration: underline;\">metal<\/span> <\/a>fueron los materiales que con m\u00e1s ferscuencia aparecen en el dep\u00f3sito arqueol\u00f3gico.<\/p>\n<p style=\"text-align: justify;\">El mayor inter\u00e9s de stos conjuntos materiales reside en que pueden ser estudiados en calidad de mat\u00e9rias primas, objectOs de trabajo y medios de producci\u00f3n. De esta manera, su valoraci\u00f3n ofrece rspuestas a questiones cruciales como la lapropiaci\u00f3n de los recursos naturales, la distribuci\u00f3n y el intercanbio de mat\u00e9rias primas, la articulaci\u00f3n de los processos de trabajo y la organitzaci\u00f3n social inherente a estas. Los artefactos arqueol\u00f3gicos representan, por tantot, una fuente de conocimiento crucial de cara a la caracterizaci\u00f3n de las estructuras econ\u00f3mico-sociales pasadas. Las directrices fundamentales que caracterizan su estudio son la determinaci\u00f3n y valoraci\u00f3n de las mat\u00e9rias primas, el an\u00e1lisis morfom\u00e9trico y la caracterizaci\u00f3n funcional donde en los \u00faltimos a\u00f1os ha cobrado especial&nbsp; inter\u00e9s el an\u00e1lisis de res\u00edduos.<\/p>\n<p><strong>Servicios que se ofgrece<strong>n<\/strong><\/strong><\/p>\n<ul>\n<li><a href=\"http:\/\/prehistoria.uab.cat\/SAA\/ANACAR.htm\"><strong>An\u00e1lisi sde caracteritzaci\u00f3s de mat\u00e9rias&nbsp; primas:<\/strong><\/a>&nbsp;<\/li>\n<ol>\n<li><a href=\"http:\/\/prehistoria.uab.cat\/SAA\/petro.htm\">Petrograf\u00e9a por l\u00e1mina fina<\/a>.<\/li>\n<li><a href=\"http:\/\/prehistoria.uab.cat\/SAA\/XRD.htm\">Espectroscop\u00eda por difracci\u00f3n de rayos X (XRD)<\/a>.<\/li>\n<li><a href=\"http:\/\/prehistoria.uab.cat\/SAA\/XRF.htm\">Fluorescencia de rayos X (XRF)<\/a>.<\/li>\n<li><a href=\"http:\/\/prehistoria.uab.cat\/SAA\/ICP.htm\">Espectrometr\u00eda de Emissi\u00f3n At\u00f3mica y Plasma de Acoplamiento Inductivo (ICP-AES).<\/a><\/li>\n<li><a href=\"http:\/\/prehistoria.uab.cat\/SAA\/PIXE.htm\">Emisi\u00f3n inducida de part\u00edculas por Rayos X (PIXE)<\/a>.<\/li>\n<li><a href=\"http:\/\/prehistoria.uab.cat\/SAA\/NAA.htm\">An\u00e1lisis de activaci\u00f3n neutr\u00f3nica (NAA)<\/a>.<\/li>\n<li><a href=\"http:\/\/prehistoria.uab.cat\/SAA\/ICP_MS.htm\">Espectrometr\u00eda de Masas con Plasma de Acoplamiento Inductivo (ICP-MS)<\/a>.<\/li>\n<li><a href=\"http:\/\/prehistoria.uab.cat\/SAA\/TIMS.htm\">Espectrometr\u00eda de masas por ionizaci\u00f3n t\u00e9rmica (TIMS).<\/a><\/li>\n<\/ol>\n<\/ul>\n<ul>\n<li><strong>Interpretaci\u00f3n an\u00e1lisis Arqueometal\u00fargicas<\/strong><\/li>\n<ol>\n<li><strong>Muestreo metales. <\/strong><\/li>\n<li><strong>An\u00e1lisis morfom\u00e9trica metales. <\/strong><\/li>\n<li><strong>Estudios de Minas.<\/strong><\/li>\n<\/ol>\n<\/ul>\n<ul>\n<li><strong><a href=\"http:\/\/prehistoria.uab.cat\/SAA\/ANAMEC.htm\">An\u00e1lisis mec\u00e1nic as<\/a>.<a href=\"http:\/\/prehistoria.uab.cat\/SAA\/ANAMOR.htm\"> An\u00e1lisis morfom\u00e9tricas<\/a>.<\/strong><\/li>\n<li><strong><a href=\"http:\/\/prehistoria.uab.cat\/SAA\/ANAFUN.htm\">An\u00e1lisis funcionales<\/a>.<\/strong><\/li>\n<li><strong><a href=\"http:\/\/prehistoria.uab.cat\/SAA\/ANARES.htm\">An\u00e1lisis de residupos org\u00e1nicos y&nbsp; inorg\u00e1nicos:<\/a><\/strong><\/li>\n<ol>\n<li><strong><a href=\"http:\/\/prehistoria.uab.cat\/SAA\/MIC.htm\">Microscop\u00eda Electr\u00f3nica de Rastreo<\/a>.<\/strong><\/li>\n<li><strong><a href=\"http:\/\/prehistoria.uab.cat\/SAA\/CROMA2.htm\">Cromatogra\u00edia de gases (GC)<\/a>.<\/strong><\/li>\n<li><strong><strong><a href=\"http:\/\/prehistoria.uab.cat\/SAA\/CROMA.htm\">Cromatograf\u00eda de Gases con Detector de Espectrometr\u00eda de Masas <\/a><strong><a href=\"http:\/\/prehistoria.uab.cat\/SAA\/CROMA.htm\">(GS-MS).<\/a><\/strong><\/strong><\/strong><strong><a href=\"http:\/\/prehistoria.uab.cat\/SAA\/macrotopo.htm\"><\/a><\/strong><\/li>\n<\/ol>\n<\/ul>\n<ul>\n<li><strong><a href=\"http:\/\/prehistoria.uab.cat\/SAA\/macrotopo.htm\">Macro i Microtopografia.<\/a><\/strong><\/li>\n<\/ul>\n<div>\n<p align=\"left\"><strong>Responsables<\/strong>&nbsp;<span style=\"font-family: Arial, Helvetica, sans-serif; font-size: x-small;\"><strong><br \/><\/strong><\/span><\/p>\n<ul style=\"text-align: justify;\">\n<li>Roberto Risch (<a href=\"mailto:obert.risch@uab.cat\">robert.risch@uab.cat)<\/a><\/li>\n<li>Xavier Clop<a href=\"mailto:xavier.clop@uab.cat\"> (<\/a><a href=\"mailto:xavier.clop@uab.cat\">xavier.clop@uab.cat<\/a>)<\/li>\n<li>Selina Delgado <a href=\"mailto:selina.delgado@e-campus.uab.cat\">(<\/a><a href=\"mailto:selina.delgado@e-campus.uab.cat\">selina.delgado@e-campus.uab.cat<\/a>)<\/li>\n<\/ul>\n<\/div>\n<p style=\"text-align: justify;\"><strong>Personal t\u00e9cnico especializado<\/strong><\/p>\n<ul style=\"text-align: justify;\">\n<li>Conjuntos cer\u00e1micos y res\u00edduos org\u00e1nicos: Elena Molina Mu\u00f1oz<\/li>\n<li>Conjuntos met\u00e0l\u00b7lics y an\u00e1lisis geomineros: Nicolau Escanilla i Ignacio Soriano.<\/li>\n<li>Conjuntos l\u00edticos, residuos inorg\u00e1nicos y an\u00e1lisis mec\u00e1nicos: Mireia Ache y Selina Delgado<\/li>\n<li>Interpretaci\u00f3n an\u00e1lisis Arqueometal\u00fargicos:&nbsp;Nicolau Escanilla<\/li>\n<\/ul>\n<p style=\"text-align: justify;\"><strong>Convenios de col\u00b7laboraci\u00f3n con:<\/strong><\/p>\n<ul style=\"text-align: justify;\">\n<li>Departament de Geologia de la UAB: An\u00e0lisis petrogr\u00e0fiques i mineral\u00f2giques<\/li>\n<li>Departament de Qu\u00edmica de la UAB: An\u00e0lisi de residus met\u00e0l\u00b7lics.&nbsp;&nbsp;&nbsp; &nbsp;&nbsp;<\/li>\n<li>Instituci\u00f3 Mil\u00e0 i Fontanals \u2013 Departament de Prehist\u00f2ria (CSIC): Traceologia i an\u00e0lisi de residus vegetals.<\/li>\n<li>Martin-Luther-Universit\u00e4t Halle-Wittenberg (Alemanya): An\u00e0lisi de residus met\u00e0l\u00b7lics.<\/li>\n<li>Curt-Engelhorn-Zentrum Arch\u00e4ometrie (Alemanya): An\u00e0lisis qu\u00edmiques i isot\u00f2piques.<\/li>\n<li>Universitat de Innsbr\u00fcck (\u00c0ustria): Estudis geominers.<\/li>\n<li>Centre de Recherche et Restauration des Mus\u00e9es de France (Fran\u00e7a): An\u00e0lisis arqueometal\u00b7l\u00fargiques.<\/li>\n<\/ul>\n<p style=\"text-align: justify;\"><span style=\"font-family: Arial, Helvetica, sans-serif; font-size: x-small;\"><span style=\"font-family: Arial, Helvetica, sans-serif; font-size: x-small;\"><span style=\"font-family: Arial, Helvetica, sans-serif; font-size: x-small;\"><strong>Infraestructura<br \/><\/strong><\/span><\/span><\/span><\/p>\n<ul style=\"text-align: justify;\">\n<li>Esc\u00e1ner 3D <a href=\"http:\/\/prehistoria.uab.cat\/SAA\/macrotopo.htm\"><em><span style=\"text-decoration: underline;\">Faro Laser Scann<\/span><\/em><\/a> (precisi\u00f3n de captaci\u00f3n de imagen \u00b10,1 mm).<\/li>\n<li>Lupas estereosc\u00f2piques binoculars y trioculares.<\/li>\n<li>Microscopia \u00f3ptica de luz&nbsp; transmitida e incidente. <\/li>\n<li>Equipo de fotograf\u00eda macro y microsc\u00f3pica.<\/li>\n<li>Equipo de rugosimetr\u00eds&nbsp; t\u00e0ctil.<\/li>\n<li>Colecci\u00f3n de refer\u00e9ncia de roqcas (litoteca).<\/li>\n<li>Colecci\u00f3n de refer\u00e9ncia experimental.<\/li>\n<li>Biblioteca especializada en conjuntos arqueol\u00f3gicos l\u00edticos, cer\u00famicos u met\u00e1licos<\/li>\n<\/ul>\n<p style=\"text-align: justify;\"><span style=\"font-family: Arial, Helvetica, sans-serif; font-size: x-small;\"><span style=\"font-family: Arial, Helvetica, sans-serif; font-size: x-small;\"><span style=\"font-family: Arial, Helvetica, sans-serif; font-size: x-small;\"><strong>Experiencia y&nbsp; Projectos llevados a cabo<br \/><\/strong><\/span><\/span><\/span><\/p>\n<ul>\n<li style=\"text-align: justify;\">&nbsp;Inventari del conjunt macrol\u00edtic procedent del context geominer de la Solana del Bepo (Ulldemolins). Estudi en curs.<\/li>\n<li style=\"text-align: justify;\">Estudi dels conjunts l\u00edtic, cer\u00e0mic i met\u00e0l\u00b7lic del jaciment arg\u00e0ric de La Bastida (Totana). Estudi en curs.<\/li>\n<li style=\"text-align: justify;\">Estudi dels conjunts l\u00edtic, cer\u00e0mic i met\u00e0l\u00b7lic del jaciment arg\u00e0ric de La Tira del Lienzo (Totana). Estudi en curs.<\/li>\n<li style=\"text-align: justify;\">Estudi petrol\u00f2gic, morfot\u00e8cnic i funcional de l&#8217;inventari macrol\u00edtic procedent del jaciment neol\u00edtic La Prunera (La Garrotxa).<\/li>\n<li style=\"text-align: justify;\">Estudi petrol\u00f2gic i morfot\u00e8cnic de l&#8217;inventari macrol\u00edtic procedent del jaciment neol\u00edtic i mesol\u00edtic La Bauma del Serrat del Pont (La Garrotxa).<\/li>\n<li style=\"text-align: justify;\">Estudi del conjunt l\u00edtic dels nivells neol\u00edtics de la Cova de Can Sadurn\u00ed (Begues,&nbsp;Barcelona). Estudi en curs.<\/li>\n<li style=\"text-align: justify;\">Estudi del conjunt l\u00edtic del jaciment arg\u00e0ric del Puntarr\u00f3n Chico (Beniaj\u00e1n, Murcia). Estudi en curs.<\/li>\n<li style=\"text-align: justify;\">Estudi del conjunt l\u00edtic del jaciment del primer ferro de Sant Jaume Mas de&#8217;n Serra (Alcanar, Tarragona). Estudi en curs.<\/li>\n<li style=\"text-align: justify;\">Estudi petrol\u00f2gic, morfot\u00e8cnic i espacial de l&#8217;inventari macrol\u00edtic del Cerro de la Virgen (Orce, Granada).<\/li>\n<li style=\"text-align: justify;\">Estudi de materials l\u00edtics i cer\u00e0mics del jaciment arqueol\u00f2gic de Son Forn\u00e9s (Montu\u00efri, Mallorca).<\/li>\n<li style=\"text-align: justify;\">An\u00e0lisi morfom\u00e8trica i funcional dels artefactes l\u00edtics de Son Ferragut (Sineu, Mallorca).<\/li>\n<li style=\"text-align: justify;\">An\u00e0lisi funcional del material l\u00edtic de la Cova des Moro (Manacor, Mallorca).<\/li>\n<li style=\"text-align: justify;\">Estudi dels materials l\u00edtics procedents de diferents excavacions realitzades al casc urb\u00e0 de Lorca (M\u00farcia).<\/li>\n<li style=\"text-align: justify;\">Estudi dels materials l\u00edtics d&#8217;Almizaraque (Cuevas del Almanzora, Almeria).<\/li>\n<li style=\"text-align: justify;\">Estudi dels materials l\u00edtics, cer\u00e0mics i met\u00e0l\u00b7lics procedents del jaciment prehist\u00f2ric d&#8217;El Argar (Antas, Almeria).<\/li>\n<li style=\"text-align: justify;\">Estudi dels materials l\u00edtics, cer\u00e0mics i met\u00e0l\u00b7lics procedents del jaciment prehist\u00f2ric de Gatas (Turre, Almeria).<\/li>\n<li style=\"text-align: justify;\">Estudi dels materials l\u00edtics, cer\u00e0mics i met\u00e0l\u00b7lics procedents del jaciment prehist\u00f2ric de Fuente \u00c1lamo (Cuevas del Almanzora, Almeria).<\/li>\n<li style=\"text-align: justify;\">Estudi dels materials l\u00edtics, cer\u00e0mics i met\u00e0l\u00b7lics procedents del jaciment prehist\u00f2ric de Cabezo Negro (Lorca, M\u00farcia).<\/li>\n<\/ul>\n<p>&nbsp;<\/p>\n","protected":false},"excerpt":{"rendered":"<p>&nbsp; El an\u00e1lisis de artefactos es uno de los objectos de estudio principales de la investigaci\u00f3n arqueol\u00f3gica. Los instrumentos de Trabajo, armas y ornamentos participaron en diversas esferas de la vida cotidiana de las comunidades prehist\u00f3ricas, de las cuales piedra, &nbsp;cer\u00e1mica y&nbsp; metal fueron los materiales que con m\u00e1s ferscuencia aparecen en el dep\u00f3sito arqueol\u00f3gico. [&hellip;]<\/p>\n","protected":false},"author":20,"featured_media":0,"parent":0,"menu_order":0,"comment_status":"closed","ping_status":"closed","template":"","meta":{"footnotes":""},"class_list":["post-93","page","type-page","status-publish","hentry"],"_links":{"self":[{"href":"https:\/\/webs.uab.cat\/saa\/es\/wp-json\/wp\/v2\/pages\/93","targetHints":{"allow":["GET"]}}],"collection":[{"href":"https:\/\/webs.uab.cat\/saa\/es\/wp-json\/wp\/v2\/pages"}],"about":[{"href":"https:\/\/webs.uab.cat\/saa\/es\/wp-json\/wp\/v2\/types\/page"}],"author":[{"embeddable":true,"href":"https:\/\/webs.uab.cat\/saa\/es\/wp-json\/wp\/v2\/users\/20"}],"replies":[{"embeddable":true,"href":"https:\/\/webs.uab.cat\/saa\/es\/wp-json\/wp\/v2\/comments?post=93"}],"version-history":[{"count":0,"href":"https:\/\/webs.uab.cat\/saa\/es\/wp-json\/wp\/v2\/pages\/93\/revisions"}],"wp:attachment":[{"href":"https:\/\/webs.uab.cat\/saa\/es\/wp-json\/wp\/v2\/media?parent=93"}],"curies":[{"name":"wp","href":"https:\/\/api.w.org\/{rel}","templated":true}]}}