{"id":94,"date":"2010-06-22T16:19:20","date_gmt":"2010-06-22T14:19:20","guid":{"rendered":"https:\/\/webs.uab.cat\/saa\/analisis-arqueozoologicos\/"},"modified":"2010-07-06T11:52:52","modified_gmt":"2010-07-06T09:52:52","slug":"analisis-arqueozoologicos","status":"publish","type":"page","link":"https:\/\/webs.uab.cat\/saa\/es\/analisis-arqueozoologicos\/","title":{"rendered":"An\u00e1lisis Arqueozool\u00f3gicos"},"content":{"rendered":"<p><img loading=\"lazy\" decoding=\"async\" src=\"http:\/\/sct.uab.cat\/saa\/sites\/sct.uab.cat.saa\/files\/fAUNA%201_1.jpg\" alt=\"\" height=\"361\" width=\"482\"><\/p>\n<p>Los estudios arqueozool\u00f3gicos son una parte muy importante para la comprensi\u00f3n y estudio de la economia de las sociedades del pasado. El estudio nos permite saber como se gestionaban los recursos animales, a trav\u00e9s de los restos \u00f3seos.<\/p>\n<p><strong>Servicios que se ofrecen<\/strong>&nbsp;<\/p>\n<blockquote>\n<ul>\n<li><strong>An\u00e1lisis de restos oseos de macromam\u00edferos.<\/strong><\/li>\n<li><strong>An\u00e1lisis de restos oseos de micromam\u00edferos.<\/strong><\/li>\n<li><strong>An\u00e1lisis de restos oseos arqueoictiol\u00f3gicas.<\/strong><\/li>\n<li><strong>An\u00e1lisis malacol\u00f3gicas. <\/strong><\/li>\n<li><strong>An\u00e1lisis de grasas animales.<\/strong><\/li>\n<\/ul>\n<p><strong>Responsable<\/strong>&nbsp;<\/p>\n<ul>\n<li>Jordi Estevez&nbsp;<a href=\"mailto:Jordi.Estevez@uab.cat\"> (<\/a><a href=\"mailto:Jordi.Estevez@uab.cat\">Jordi.Estevez@uab.cat<\/a>)<\/li>\n<li>Maria Sa\u00f1a<a href=\"mailto:Maria.Sana@uab.cat\"> (<\/a><a href=\"mailto:Maria.Sana@uab.cat\">Maria.Sana@uab.cat<\/a>)<\/li>\n<\/ul>\n<p><strong>Personal t\u00e9cnico especializado <\/strong><\/p><\/blockquote>\n<blockquote>\n<ul>\n<li>Nuria Juan-Muns<\/li>\n<li>Carmen Formig\u00f3<\/li>\n<li>Joan Miquel Lozano<\/li>\n<li>Mabel Montero<\/li>\n<\/ul>\n<p><strong>Infraestructura <\/strong><\/p>\n<ul>\n<li>Microscopia \u00f3ptica de luz reflectida e incidente <br \/> Lupas binoculares<\/li>\n<li>Completa colecci\u00f3n de refer\u00e9ncia faun\u00edstica compuesta por taxones mediterranios, americanos y tropicales<\/li>\n<li>Amplia biblioteca especializada sobre anatomia faun\u00edstica<\/li>\n<\/ul>\n<p><strong>Experiencia y Proyectos Desarrollados<br \/><\/strong><\/p>\n<blockquote>\n<p><a href=\"http:\/\/arqueozoologia.uab.cat\/Inici.html\">El laboratori d&#8217;Arqueozoologia<\/a> ofrece una amplia experiencia investigadora y professional en el campo de los estudios faun\u00edsticos tal y como queda avalado por los trabajos (tesinas y tesis), art\u00edculos publicados, informes t\u00e9cnicos realizados y seminarios y conferencias inpartidas por las personas que integran el equipo. Asi mismo se cuenta con la realizaci\u00f3n de numerosos informes t\u00e9cnicos tanto del \u00e1mbito catalan, peninsular como internacional. El laboratorio ofrece adem\u00e1s una coherencia en su linea de investigaci\u00f3n que garantice la posibilidad de efectuar an\u00e1lisis integradas.<\/p>\n<\/blockquote>\n<\/blockquote>\n","protected":false},"excerpt":{"rendered":"<p>Los estudios arqueozool\u00f3gicos son una parte muy importante para la comprensi\u00f3n y estudio de la economia de las sociedades del pasado. El estudio nos permite saber como se gestionaban los recursos animales, a trav\u00e9s de los restos \u00f3seos. Servicios que se ofrecen&nbsp; An\u00e1lisis de restos oseos de macromam\u00edferos. An\u00e1lisis de restos oseos de micromam\u00edferos. An\u00e1lisis [&hellip;]<\/p>\n","protected":false},"author":20,"featured_media":95,"parent":0,"menu_order":0,"comment_status":"closed","ping_status":"closed","template":"","meta":{"footnotes":""},"class_list":["post-94","page","type-page","status-publish","has-post-thumbnail","hentry"],"_links":{"self":[{"href":"https:\/\/webs.uab.cat\/saa\/es\/wp-json\/wp\/v2\/pages\/94","targetHints":{"allow":["GET"]}}],"collection":[{"href":"https:\/\/webs.uab.cat\/saa\/es\/wp-json\/wp\/v2\/pages"}],"about":[{"href":"https:\/\/webs.uab.cat\/saa\/es\/wp-json\/wp\/v2\/types\/page"}],"author":[{"embeddable":true,"href":"https:\/\/webs.uab.cat\/saa\/es\/wp-json\/wp\/v2\/users\/20"}],"replies":[{"embeddable":true,"href":"https:\/\/webs.uab.cat\/saa\/es\/wp-json\/wp\/v2\/comments?post=94"}],"version-history":[{"count":0,"href":"https:\/\/webs.uab.cat\/saa\/es\/wp-json\/wp\/v2\/pages\/94\/revisions"}],"wp:featuredmedia":[{"embeddable":true,"href":"https:\/\/webs.uab.cat\/saa\/es\/wp-json\/wp\/v2\/media\/95"}],"wp:attachment":[{"href":"https:\/\/webs.uab.cat\/saa\/es\/wp-json\/wp\/v2\/media?parent=94"}],"curies":[{"name":"wp","href":"https:\/\/api.w.org\/{rel}","templated":true}]}}