{"id":159,"date":"2022-06-17T12:23:43","date_gmt":"2022-06-17T10:23:43","guid":{"rendered":"https:\/\/webs.uab.cat\/saa\/arqueobotanica\/"},"modified":"2022-06-17T12:23:43","modified_gmt":"2022-06-17T10:23:43","slug":"arqueobotanica","status":"publish","type":"page","link":"https:\/\/webs.uab.cat\/saa\/arqueobotanica\/","title":{"rendered":"Arqueobot\u00e0nica"},"content":{"rendered":"<p>Les restes arqueobot\u00e0niques que es recuperen en els contextos arqueol\u00f2gics son una font d\u2019informaci\u00f3 cabdal per l\u2019estudi de les relacions entre els grups humans i el seu entorn. Les restes vegetals, per la seva naturalesa org\u00e0nica, generalment no sobreviuen a l&#8217;atac dels descomponedors (bacteris, fongs, etc.). Nom\u00e9s es conserven quan es donen condicions ambientals excepcionals (deshidrataci\u00f3, congelaci\u00f3, inclusi\u00f3 en medis anaerobis aqu\u00e0tics&#8230;). Aquestes condicions excepcionals no s\u00f3n freq\u00fcents i per tant en la majoria de jaciments arqueol\u00f2gics nom\u00e9s es conserven aquelles restes que s\u00f3n resistents a la descomposici\u00f3 degut a la seva composici\u00f3 o quan se\u2019n produeix la carbonitzaci\u00f3, intencional o accidental.<\/p>\n<p>Entre les categories de restes vegetals que es poden recuperar en contextos arqueol\u00f2gics en trobem de microsc\u00f2piques (pol\u00b7len, fit\u00f2lits, midons) i macrosc\u00f2piques (carbons, fruits, llavors, tubercles, fusta, fulles, fibres vegetals i tota mena d\u2019artefactes fets amb mat\u00e8ries vegetals).<\/p>\n<p>L\u2019estudi de les restes vegetals aporta dades sobre diversos aspectes de les societats i el seu entorn:<\/p>\n<ul>\n<li>Identificaci\u00f3 de les esp\u00e8cies utilitzades.<\/li>\n<li>Gesti\u00f3 dels recursos vegetals.<\/li>\n<li>La tecnologia relacionada amb la manufactura d\u2019objectes de fusta o fibres vegetals.<\/li>\n<li>Reconstrucci\u00f3 del paisatge vegetal i el medi ambient.<\/li>\n<li>Definici\u00f3 d\u2019aspectes relacionats amb l\u2019alimentaci\u00f3, la salut, les activitats i la tecnologia.<\/li>\n<\/ul>\n<p>&nbsp;<\/p>\n<p><strong>SERVEIS QUE S&#8217;OFEREIXEN<\/strong><\/p>\n<ul>\n<li>Identificaci\u00f3 taxon\u00f2mica i estudi dendroantracol\u00f2gic de carbons.<\/li>\n<li>Identificaci\u00f3 taxon\u00f2mica de fusta o fibres vegetals no carbonitzades i an\u00e0lisi dels processos de producci\u00f3. Aquesta identificaci\u00f3 es pot aplicar tant a objectes arqueol\u00f2gics com a obres d&#8217;art que formen part de per\u00edodes hist\u00f2rics (talles, mobles, etc).<\/li>\n<li>Identificaci\u00f3 de restes palinol\u00f2giques.<\/li>\n<li>Identificaci\u00f3 de fit\u00f2lits.<\/li>\n<li>Identificaci\u00f3 de macrorestes vegetals (llavors, fruits, fulles, etc).<\/li>\n<li>Processat de sediment (flotaci\u00f3 i washover) per a la recuperaci\u00f3 de restes bot\u00e0niques.<\/li>\n<li>An\u00e0lisi morfol\u00f2gica de micro-restes de c\u00e0lculs dentals i residus d\u2019artefactes arqueol\u00f2gics<\/li>\n<li>An\u00e0lisi i determinaci\u00f3 de fit\u00f2lits<\/li>\n<li>An\u00e0lisi i determinaci\u00f3 de midons<\/li>\n<li>An\u00e0lisi i determinaci\u00f3 de fibres<\/li>\n<li>An\u00e0lisi i determinaci\u00f3 d\u2019espores<\/li>\n<li>An\u00e0lisi i determinaci\u00f3 de pol\u00b7len<\/li>\n<li>An\u00e0lisi d\u2019ADN (mitjan\u00e7ant laboratori extern; preu i viabilitat a discutir projecte per projecte)<\/li>\n<\/ul>\n<p>&nbsp;<\/p>\n<p><strong>PERSONAL<\/strong><\/p>\n<p><strong>Responsables <\/strong><strong>laboratori<\/strong>:<\/p>\n<p>Raquel Piqu\u00e9<a href=\"mailto:\u00a0(Raquel.Pique@uab.cat)\">&nbsp;(Raquel.Pique@uab.cat)<\/a>:&nbsp;dendroantracologia, macrorestes vegetals i an\u00e0lisi de fibres.<br \/>\n&nbsp;<\/p>\n<p><strong>Personal t\u00e8cnic especialista:<\/strong><\/p>\n<table border=\"0\" cellpadding=\"0\" cellspacing=\"0\" style=\"width:100%;\">\n<tbody>\n<tr>\n<td style=\"width: 215px;\">Marta Alcolea<\/td>\n<td style=\"width: 442px;\">Dendroantracologia<\/td>\n<\/tr>\n<tr>\n<td style=\"width: 215px;\">Anna Berrocal<\/td>\n<td style=\"width: 442px;\">Processat de sediments i carpologia<\/td>\n<\/tr>\n<tr>\n<td style=\"width: 215px;\">Maria Herrero<\/td>\n<td style=\"width: 442px;\">Identificaci\u00f3 de fibres vegetals<\/td>\n<\/tr>\n<tr>\n<td style=\"width: 215px;\">Oriol L\u00f3pez Bult\u00f3<\/td>\n<td style=\"width: 442px;\">Dendroantracologia, dendrocronologia i estudi processos producci\u00f3 objectes de fusta<\/td>\n<\/tr>\n<tr>\n<td style=\"width: 215px;\">Laura Obea<\/td>\n<td style=\"width: 442px;\">Dendroantracologia<\/td>\n<\/tr>\n<tr>\n<td style=\"width: 215px;\">David Rodr\u00edguez Anton<\/td>\n<td style=\"width: 442px;\">Fit\u00f2lits<\/td>\n<\/tr>\n<tr>\n<td style=\"width: 215px;\">Susagna Romero<\/td>\n<td style=\"width: 442px;\">Estudi processos producci\u00f3 objectes de fibres vegetals (cistelleria i cordes)<\/td>\n<\/tr>\n<\/tbody>\n<\/table>\n<p style=\"margin-left:156.5pt;\">&nbsp;<\/p>\n<p><strong>EQUIPAMENT <\/strong><\/p>\n<ul>\n<li>Microscopia \u00f2ptica de llum reflectida i incident.<\/li>\n<li>Lupes binoculars.<\/li>\n<li>Col\u00b7lecci\u00f3 de refer\u00e8ncia de fustes carbonitzades i no carbonitzades, composta per t\u00e0xons mediterranis, sud-americans, tropicals i canaris.<\/li>\n<li>\u00c0mplia biblioteca especialitzada en anatomia de les fustes i carpologia.<\/li>\n<li>M\u00e0quina flotaci\u00f3<\/li>\n<\/ul>\n<p>&nbsp;<\/p>\n","protected":false},"excerpt":{"rendered":"<p>Les restes arqueobot\u00e0niques que es recuperen en els contextos arqueol\u00f2gics son una font d\u2019informaci\u00f3 cabdal per l\u2019estudi de les relacions entre els grups humans i el seu entorn. Les restes vegetals, per la seva naturalesa org\u00e0nica, generalment no sobreviuen a l&#8217;atac dels descomponedors (bacteris, fongs, etc.). Nom\u00e9s es conserven quan es donen condicions ambientals excepcionals [&hellip;]<\/p>\n","protected":false},"author":20,"featured_media":0,"parent":0,"menu_order":0,"comment_status":"closed","ping_status":"closed","template":"","meta":{"footnotes":""},"class_list":["post-159","page","type-page","status-publish","hentry"],"_links":{"self":[{"href":"https:\/\/webs.uab.cat\/saa\/wp-json\/wp\/v2\/pages\/159","targetHints":{"allow":["GET"]}}],"collection":[{"href":"https:\/\/webs.uab.cat\/saa\/wp-json\/wp\/v2\/pages"}],"about":[{"href":"https:\/\/webs.uab.cat\/saa\/wp-json\/wp\/v2\/types\/page"}],"author":[{"embeddable":true,"href":"https:\/\/webs.uab.cat\/saa\/wp-json\/wp\/v2\/users\/20"}],"replies":[{"embeddable":true,"href":"https:\/\/webs.uab.cat\/saa\/wp-json\/wp\/v2\/comments?post=159"}],"version-history":[{"count":0,"href":"https:\/\/webs.uab.cat\/saa\/wp-json\/wp\/v2\/pages\/159\/revisions"}],"wp:attachment":[{"href":"https:\/\/webs.uab.cat\/saa\/wp-json\/wp\/v2\/media?parent=159"}],"curies":[{"name":"wp","href":"https:\/\/api.w.org\/{rel}","templated":true}]}}