{"id":160,"date":"2022-06-17T12:33:16","date_gmt":"2022-06-17T10:33:16","guid":{"rendered":"https:\/\/webs.uab.cat\/saa\/arqueozoologia\/"},"modified":"2022-06-17T12:33:16","modified_gmt":"2022-06-17T10:33:16","slug":"arqueozoologia","status":"publish","type":"page","link":"https:\/\/webs.uab.cat\/saa\/arqueozoologia\/","title":{"rendered":"Arqueozoologia"},"content":{"rendered":"<p>El Laboratori d\u2019Arquezoologia ofereix un servei d\u2019an\u00e0lisi de restes de fauna recuperades en jaciments arqueol\u00f2gics que ajuda a cobrir una demanda creixent en la realitzaci\u00f3 d\u2019an\u00e0lisis arqueozool\u00f2giques de qualitat. En el marc del Laboratori es desenvolupen diversos projectes de recerca en arqueologia i arqueozoologia amb l\u2019objectiu de contribuir al desenvolupament te\u00f2ric, metodol\u00f2gic i t\u00e8cnic en Arqueologia. El laboratori s\u2019ha caracteritzat en els darrers anys per desenvolupar t\u00e8cniques punteres i noves metodologies per a la investigaci\u00f3 arqueozool\u00f2gica, incloent l\u2019\u00fas d\u2019an\u00e0lisi d\u2019is\u00f2tops estables, ZooMS i altres t\u00e8cniques d\u2019espectrometria, biomec\u00e0nica i microstructura \u00f2ssia, esdevenint un dels principals referents en la Pen\u00ednsula Ib\u00e8rica i Sud d\u2019Europa en general. El laboratori reuneix actualment un equip cient\u00edfic que compta amb una amplia experi\u00e8ncia, incloent-hi directors d\u2019investigaci\u00f3, investigadors postdoctorals, t\u00e8cnics de laboratori, estudiants de postgrau i grau i un bon nombre de col\u00b7laboradors habituals amb formaci\u00f3 cient\u00edfica diversa especialitzada en diferents cronologies i t\u00e8cniques d&#8217;an\u00e0lisi, totes girant al voltant de l\u2019estudi de restes animals. El laboratori forma part de les principals xarxes i grups internacionals de recerca a nivell Europeu i en el seu \u00e0mbit d\u2019actuaci\u00f3.<\/p>\n<p><strong>SERVEIS QUE S\u2019OFEREIXEN<\/strong><\/p>\n<ul>\n<li>Classificaci\u00f3 anat\u00f2mica i taxon\u00f2mica de restes de mam\u00edfers<\/li>\n<li>Classificaci\u00f3 anat\u00f2mica i taxon\u00f2mica de restes de peixos<\/li>\n<li>Classificaci\u00f3 anat\u00f2mica i taxon\u00f2mica de restes de mol\u00b7luscs<\/li>\n<li>An\u00e0lisi tafon\u00f2mica de conjunts de restes de fauna<\/li>\n<li>An\u00e0lisi biom\u00e8trica de restes de restes de fauna arqueol\u00f2giques<\/li>\n<li>An\u00e0lisi de morfometria geom\u00e8trica<\/li>\n<li>Estudis biomec\u00e0nics i de paleopatologies \u00f2ssies<\/li>\n<li>An\u00e0lisi de microestructura \u00f2ssia<\/li>\n<li>An\u00e0lisi de microdesgast dentari<\/li>\n<li>Estudi d\u2019artefactes sobre suport animal<\/li>\n<li>Processament quantitatiu i estad\u00edstic de les dades arqueozol\u00f2giques<\/li>\n<li>Interpretaci\u00f3 de dades arqueozool\u00f2giques<\/li>\n<li>An\u00e0lisis comparatives i de contextualitzaci\u00f3 de dades arqueozol\u00f2giques<\/li>\n<li>Elaboraci\u00f3 d\u2019informes i mem\u00f2ries t\u00e8cniques<\/li>\n<\/ul>\n<p>&nbsp;<\/p>\n<p><strong>PERSONAL<\/strong><\/p>\n<p><strong>Responsables laboratori:<\/strong><br \/>\nMaria Sa\u00f1a (<a href=\"mailto:Maria.Sana@uab.cat\">Maria.Sana@uab.cat<\/a>)<br \/>\nCarlos Tornero (<a href=\"mailto:Carlos.Tornero@uab.cat\">Carlos.Tornero@uab.cat<\/a>)<br \/>\nAndr\u00e9 Colonese (<a href=\"mailto:AndreCarlo.Colonese@uab.cat\">AndreCarlo.Colonese@uab.cat<\/a>)<br \/>\n&nbsp;<\/p>\n<p><strong>Personal t\u00e8cnic especialista:<\/strong><br \/>\nKrista McGrath, Roger Alcantara, Alejandro Sierra, Joaquim Ripoll, Arnau Brosa, Amaia Aguirre, Kaveh Yousef Pouran, Alba Ruiz, Ester Verdun, Marc Larumbe.<\/p>\n<p>&nbsp;<\/p>\n<p><strong>Col\u00b7laboracions:<\/strong><br \/>\nEl Laboratori d\u2019Arqueozoologia col\u00b7labora amb diferents institucions i equips de recerca tant d\u2019\u00e0mbit nacional com internacional i disposa de diversos convenis de col\u00b7laboraci\u00f3 amb institucions relacionades amb la recerca, preservaci\u00f3 i difusi\u00f3 del patrimoni arqueol\u00f2gic i natural.<\/p>\n<p>&nbsp;<\/p>\n<p><strong>EQUIPAMENT<\/strong><br \/>\nEl Laboratori d\u2019Arqueozoologia de la UAB disposa d\u2019una de les col\u00b7leccions de refer\u00e8ncia m\u00e9s importants de la Pen\u00ednsula Ib\u00e8rica. Consta d\u2019una \u00e0mplia mostra d\u2019esquelets animals procedents de diverses zones geogr\u00e0fiques (Am\u00e8rica del Sud, al Mediterrani Occidental, Llevant Oriental) i de diverses categories d\u2019animals: mam\u00edfers, micromam\u00edfers, aus, peixos, r\u00e8ptils i mol\u00b7luscs. A m\u00e9s de la col\u00b7lecci\u00f3 de refer\u00e8ncia, el Laboratori d\u2019Arqueozoologia disposa dels manuals i guies d\u2019identificaci\u00f3 m\u00e9s significatius i rellevants que permeten una classificaci\u00f3 tant anat\u00f2mica com taxon\u00f2mica el m\u00e9s acurada possible. El Laboratori compta amb infraestructura cientificotecnol\u00f2gica necess\u00e0ria per a l\u2019estudi directe de es restes de fauna: microsc\u00f2pia \u00f2ptica de llum reflectida i incident, lupes binoculars, lupes digitals, instrumental micro-dremmel i microburils, morters d\u2019\u00e0gata, balances de precisi\u00f3 Toledo\/Kern i peus de reis digitals. El Laboratori d\u2019Arqueozoologia col\u00b7labora amb el laboratori d\u2019Arqueologia bimolecular (ICTA), actualment gestionat pel projecte TRADITION (ERC-CoG), especialitzat en l\u2019extracci\u00f3 de prote\u00efnes i l\u00edpids per a l\u2019estudi de la dieta, mobilitat i identificaci\u00f3 taxon\u00f2mica (ZooMS).<\/p>\n","protected":false},"excerpt":{"rendered":"<p>El Laboratori d\u2019Arquezoologia ofereix un servei d\u2019an\u00e0lisi de restes de fauna recuperades en jaciments arqueol\u00f2gics que ajuda a cobrir una demanda creixent en la realitzaci\u00f3 d\u2019an\u00e0lisis arqueozool\u00f2giques de qualitat. En el marc del Laboratori es desenvolupen diversos projectes de recerca en arqueologia i arqueozoologia amb l\u2019objectiu de contribuir al desenvolupament te\u00f2ric, metodol\u00f2gic i t\u00e8cnic en [&hellip;]<\/p>\n","protected":false},"author":20,"featured_media":0,"parent":0,"menu_order":0,"comment_status":"closed","ping_status":"closed","template":"","meta":{"footnotes":""},"class_list":["post-160","page","type-page","status-publish","hentry"],"_links":{"self":[{"href":"https:\/\/webs.uab.cat\/saa\/wp-json\/wp\/v2\/pages\/160","targetHints":{"allow":["GET"]}}],"collection":[{"href":"https:\/\/webs.uab.cat\/saa\/wp-json\/wp\/v2\/pages"}],"about":[{"href":"https:\/\/webs.uab.cat\/saa\/wp-json\/wp\/v2\/types\/page"}],"author":[{"embeddable":true,"href":"https:\/\/webs.uab.cat\/saa\/wp-json\/wp\/v2\/users\/20"}],"replies":[{"embeddable":true,"href":"https:\/\/webs.uab.cat\/saa\/wp-json\/wp\/v2\/comments?post=160"}],"version-history":[{"count":0,"href":"https:\/\/webs.uab.cat\/saa\/wp-json\/wp\/v2\/pages\/160\/revisions"}],"wp:attachment":[{"href":"https:\/\/webs.uab.cat\/saa\/wp-json\/wp\/v2\/media?parent=160"}],"curies":[{"name":"wp","href":"https:\/\/api.w.org\/{rel}","templated":true}]}}