{"id":165,"date":"2022-06-20T11:40:08","date_gmt":"2022-06-20T09:40:08","guid":{"rendered":"https:\/\/webs.uab.cat\/saa\/arqueologia-quantitativa-i-aplicacions-informatiques-2\/"},"modified":"2023-03-07T12:15:56","modified_gmt":"2023-03-07T10:15:56","slug":"arqueologia-quantitativa-i-aplicacions-informatiques-2","status":"publish","type":"page","link":"https:\/\/webs.uab.cat\/saa\/arqueologia-quantitativa-i-aplicacions-informatiques-2\/","title":{"rendered":"Arqueologia Quantitativa i Aplicacions inform\u00e0tiques"},"content":{"rendered":"<p>Els ordinadors han esdevingut una eina imprescindible per a la investigaci\u00f3 i la difusi\u00f3 arqueol\u00f2giques. No obstant aix\u00f2, la quantitat d&#8217;instruments i de t\u00e8cniques que es poden aplicar mitjan\u00e7ant els ordinadors \u00e9s tan gran que requereix t\u00e8cnics especialitzats i una infraestructura de dif\u00edcil acc\u00e9s i de vegades gens simple. El prop\u00f2sit d&#8217;aquest laboratori \u00e9s elaborar tot un conjunt de t\u00e8cniques anal\u00edtiques, especialment estad\u00edstiques i de tractament d&#8217;imatge, que requereixen una infraestructura molt especialitzada i oferir una l\u00ednia de difusi\u00f3 a trav\u00e9s d\u2019Internet.<\/p>\n<p><strong>SERVEIS QUE S\u2019OFEREIXEN:<\/strong><\/p>\n<ul>\n<li>Desenvolupament de projectes multim\u00e8dia y de realitat augmentada<\/li>\n<li>Processament primari d&#8217;imatges: digitalitzaci\u00f3 d&#8217;imatges, bases d&#8217;imatges<\/li>\n<li>Processament avan\u00e7at i an\u00e0lisi d&#8217;imatges de microsc\u00f2pia o teledetecci\u00f3<\/li>\n<li>Digitalitzaci\u00f3, impressi\u00f3 i escanejat en 3D<\/li>\n<li>Projectes de Realitat virtual aplicats a patrimoni<\/li>\n<li>Processament primari de dades: creaci\u00f3 i gesti\u00f3 de bases de dades i sistemes de informaci\u00f3<\/li>\n<li>Sistemes d\u2019 informaci\u00f3 geogr\u00e0fica<\/li>\n<li>An\u00e0lisi de dades: estad\u00edstica descriptiva, estad\u00edstica inferencial<\/li>\n<li>An\u00e0lisis estad\u00edstiques multidimensionals<\/li>\n<li>Intel\u00b7lig\u00e8ncia artificial: inducci\u00f3 autom\u00e0tica, xarxes neuronals, sistemes experts<\/li>\n<li>Modelitzaci\u00f3<\/li>\n<li>Simulaci\u00f3 computacional, enginyeria inversa i AGM<\/li>\n<li>Calibratge de dades radiocarb\u00f2niques i estudi de la seva significaci\u00f3 estad\u00edstica<\/li>\n<li>Geoestad\u00edstica i cronoestad\u00edstica.<\/li>\n<\/ul>\n<p><strong>PERSONAL<\/strong><\/p>\n<p><strong>Responsables laboratori:<\/strong><\/p>\n<p>Joan Anton Barcel\u00f3 (<a href=\"mailto:JuanAntonio.Barcelo@uab.cat\">JuanAntonio.Barcelo@uab.cat<\/a>)<br \/>\nErmengol Gassiot (<a href=\"mailto:Ermengol.Gassiot@uab.cat\">Ermengol.Gassiot@uab.cat<\/a>)<\/p>\n<p><strong>Personal t\u00e8cnic especialista:<\/strong><\/p>\n<p>Olga Palacios, Vasiliki Andreaki, Eudoxia Tzerpou, Igor Bogdanovic, Laura Obea G\u00f3mez, Oscar Aug\u00e9 Mart\u00ednez, Tona Maj\u00f3 Ort\u00edn, Guillem Salvador Baiges, Marcos Barba P\u00e9rez<\/p>\n<p><strong>Personal t\u00e8cnic en col\u00b7laboraci\u00f3 externa: <\/strong><br \/>\nMiquel Abella, David Alonso, Mahdi Gheitasi, Deniz Kayikci, Daniel Carvalho, Hamed Niroumand<\/p>\n<p><strong>Col\u00b7laboracions:<\/strong><\/p>\n<p>El Laboratori d\u2019Arqueologia Quantitativa col\u00b7labora estretament amb els UAB OpenLabs (\/Digital\u00a0 lab \/ Disseny Lab i pertany a la xarxa en Humanitats Digitals de la UAB. Addicionalment, es disposa de convenis de col\u00b7laboraci\u00f3 amb l&#8217;Institut de Investigaci\u00f3 en\u00a0 Intel\u00b7lig\u00e8ncia Artificial (CSIC), Departament de matem\u00e0tiques (UAB), el Grup de Recerca Interacci\u00f3 Persona-Ordinador (Universitat Pompeu Fabra), el Centre de Visi\u00f3 per Computador\u00a0 (UAB), l&#8217;\u00e0rea d&#8217;Arqueologia de l&#8217;Institut Mil\u00e0 i Fontanals (CSIC), Grup de Recerca en Sistemes\u00a0 Complexes (Universitat de Girona).<\/p>\n<p><strong>EQUIPAMENT <\/strong><\/p>\n<ul>\n<li>Equipament i software espec\u00edfic del Laboratori d&#8217;Arqueologia Quantitativa del departament de Prehist\u00f2ria<\/li>\n<li>Ordinadors PC i Macintosh<\/li>\n<li>Equip complet de digitalitzaci\u00f3 d&#8217;imatges (esc\u00e0ners d&#8217;opacs i diapositives, c\u00e0meres digitals, c\u00e0meres de microsc\u00f2pia)<\/li>\n<li>Biblioteca completa de programari especialitzat<\/li>\n<li>Estaci\u00f3 total<\/li>\n<\/ul>\n","protected":false},"excerpt":{"rendered":"<p>Els ordinadors han esdevingut una eina imprescindible per a la investigaci\u00f3 i la difusi\u00f3 arqueol\u00f2giques. No obstant aix\u00f2, la quantitat d&#8217;instruments i de t\u00e8cniques que es poden aplicar mitjan\u00e7ant els ordinadors \u00e9s tan gran que requereix t\u00e8cnics especialitzats i una infraestructura de dif\u00edcil acc\u00e9s i de vegades gens simple. El prop\u00f2sit d&#8217;aquest laboratori \u00e9s elaborar [&hellip;]<\/p>\n","protected":false},"author":20,"featured_media":0,"parent":0,"menu_order":0,"comment_status":"closed","ping_status":"closed","template":"","meta":{"footnotes":""},"class_list":["post-165","page","type-page","status-publish","hentry"],"_links":{"self":[{"href":"https:\/\/webs.uab.cat\/saa\/wp-json\/wp\/v2\/pages\/165","targetHints":{"allow":["GET"]}}],"collection":[{"href":"https:\/\/webs.uab.cat\/saa\/wp-json\/wp\/v2\/pages"}],"about":[{"href":"https:\/\/webs.uab.cat\/saa\/wp-json\/wp\/v2\/types\/page"}],"author":[{"embeddable":true,"href":"https:\/\/webs.uab.cat\/saa\/wp-json\/wp\/v2\/users\/20"}],"replies":[{"embeddable":true,"href":"https:\/\/webs.uab.cat\/saa\/wp-json\/wp\/v2\/comments?post=165"}],"version-history":[{"count":2,"href":"https:\/\/webs.uab.cat\/saa\/wp-json\/wp\/v2\/pages\/165\/revisions"}],"predecessor-version":[{"id":595,"href":"https:\/\/webs.uab.cat\/saa\/wp-json\/wp\/v2\/pages\/165\/revisions\/595"}],"wp:attachment":[{"href":"https:\/\/webs.uab.cat\/saa\/wp-json\/wp\/v2\/media?parent=165"}],"curies":[{"name":"wp","href":"https:\/\/api.w.org\/{rel}","templated":true}]}}