{"id":166,"date":"2022-06-20T11:40:57","date_gmt":"2022-06-20T09:40:57","guid":{"rendered":"https:\/\/webs.uab.cat\/saa\/patrimoni\/"},"modified":"2022-06-20T11:40:57","modified_gmt":"2022-06-20T09:40:57","slug":"patrimoni","status":"publish","type":"page","link":"https:\/\/webs.uab.cat\/saa\/patrimoni\/","title":{"rendered":"Patrimoni Arqueol\u00f2gic"},"content":{"rendered":"<p>Actualment, la valoritzaci\u00f3 social del patrimoni arqueol\u00f2gic i l\u2019acc\u00e9s p\u00fablic als resultats de la recerca, formen part consubstancial del proc\u00e9s de recerca. Els \u00e0mbits d\u2019actuaci\u00f3 que impliquen s\u00f3n m\u00faltiples i requereixen d\u2019un estudi i unes metodologies espec\u00edfiques que abracen des de les exig\u00e8ncies i condicionats de preservaci\u00f3 d\u2019estructures i materials arqueol\u00f2gics fins &nbsp;als diferents mecanismes de comunicaci\u00f3 p\u00fablica (adequaci\u00f3 de jaciments per a visites p\u00fabliques, propostes expositives permanents o temporals, accions educatives i divulgatives, ofertes de turisme cultural), passant per la planificaci\u00f3 a mig i llarg termini de la sostenibilitat i impacte econ\u00f2mic i cultural dels conjunts patrimonials en el territori.<\/p>\n<p>&nbsp;<\/p>\n<p><strong>SERVEIS QUE S\u2019OFEREIXEN:<\/strong><\/p>\n<ul>\n<li>Plans de valoritzaci\u00f3 de conjunts arqueol\u00f2gics i patrimonials<\/li>\n<li>Plans d\u2019accessibilitat a conjunts arqueol\u00f2gics i patrimonials<\/li>\n<li>Plans museol\u00f2gics<\/li>\n<li>Disseny i avaluacions museogr\u00e0fiques<\/li>\n<li>Estudis de p\u00fablic de museus i conjunts arqueol\u00f2gics i patrimonials<\/li>\n<li>Disseny de programes educatius, divulgatius i de participaci\u00f3 comunit\u00e0ria en l\u2019\u00e0mbit de l\u2019arqueologia<\/li>\n<\/ul>\n<p>&nbsp;<\/p>\n<p><strong>PERSONAL<\/strong><\/p>\n<p><strong>Responsable <\/strong><strong>laboratori<\/strong>:<br \/>\nPaloma Gonz\u00e1lez Marc\u00e9n (<a href=\"mailto:Paloma.Gonzalez@uab.cat\">Paloma.Gonzalez@uab.cat<\/a>)<\/p>\n<p><strong>Personal t\u00e8cnic especialitzat:<\/strong><br \/>\nClara Masriera<\/p>\n<p><strong>Personal t\u00e8cnic en col\u00b7laboraci\u00f3 externa: <\/strong><br \/>\nLaura Pinto, Ana Pastor<\/p>\n","protected":false},"excerpt":{"rendered":"<p>Actualment, la valoritzaci\u00f3 social del patrimoni arqueol\u00f2gic i l\u2019acc\u00e9s p\u00fablic als resultats de la recerca, formen part consubstancial del proc\u00e9s de recerca. Els \u00e0mbits d\u2019actuaci\u00f3 que impliquen s\u00f3n m\u00faltiples i requereixen d\u2019un estudi i unes metodologies espec\u00edfiques que abracen des de les exig\u00e8ncies i condicionats de preservaci\u00f3 d\u2019estructures i materials arqueol\u00f2gics fins &nbsp;als diferents mecanismes [&hellip;]<\/p>\n","protected":false},"author":20,"featured_media":0,"parent":0,"menu_order":0,"comment_status":"closed","ping_status":"closed","template":"","meta":{"footnotes":""},"class_list":["post-166","page","type-page","status-publish","hentry"],"_links":{"self":[{"href":"https:\/\/webs.uab.cat\/saa\/wp-json\/wp\/v2\/pages\/166","targetHints":{"allow":["GET"]}}],"collection":[{"href":"https:\/\/webs.uab.cat\/saa\/wp-json\/wp\/v2\/pages"}],"about":[{"href":"https:\/\/webs.uab.cat\/saa\/wp-json\/wp\/v2\/types\/page"}],"author":[{"embeddable":true,"href":"https:\/\/webs.uab.cat\/saa\/wp-json\/wp\/v2\/users\/20"}],"replies":[{"embeddable":true,"href":"https:\/\/webs.uab.cat\/saa\/wp-json\/wp\/v2\/comments?post=166"}],"version-history":[{"count":0,"href":"https:\/\/webs.uab.cat\/saa\/wp-json\/wp\/v2\/pages\/166\/revisions"}],"wp:attachment":[{"href":"https:\/\/webs.uab.cat\/saa\/wp-json\/wp\/v2\/media?parent=166"}],"curies":[{"name":"wp","href":"https:\/\/api.w.org\/{rel}","templated":true}]}}