{"id":168,"date":"2022-06-20T11:44:07","date_gmt":"2022-06-20T09:44:07","guid":{"rendered":"https:\/\/webs.uab.cat\/saa\/analisis-dartefactes\/"},"modified":"2023-03-07T12:19:58","modified_gmt":"2023-03-07T10:19:58","slug":"analisis-artefactes-treballs","status":"publish","type":"page","link":"https:\/\/webs.uab.cat\/saa\/analisis-artefactes-treballs\/","title":{"rendered":"An\u00e0lisis d&#8217;Artefactes"},"content":{"rendered":"<ul>\n<li>An\u00e0lisi tecnol\u00f2gica i composicional de conjunts cer\u00e0mics de tipus Vatin (enlla\u00e7 G\u00f3mez-Gras, D., Risch, R., Mitrovi\u0107, J. &amp; \u0110or\u0111evi\u0107, V., Vu\u010dkovi\u0107, V. 2021, Vatin pottery: a petrographical approach, in Vu\u010dkovi\u0107, V. et al. (eds), Crafting pottery in Bronze Age Europe: the archaeological background of the CRAFTER Project. Regional museum of Para\u0107in (Serbia), 71-99 (ISBN 978-86-920553-2-4).<\/li>\n<li>An\u00e0lisi tecnol\u00f2gica, funcional i composicional de conjunts cer\u00e0mics arg\u00e0rics (enlla\u00e7 Garrido Garc\u00eda, C.; Molina Mu\u00f1oz, E., Velasco Felipe, C., &#8230;, Risch, R. 2021. El Argar ceramics: preliminary results of an interdisciplinary approach, in Vu\u010dkovi\u0107, V. et al. (eds), Crafting pottery in Bronze Age Europe: the archaeological background of the CRAFTER project. Regional Museum of Para\u0107in (Para\u0107in), 9 &#8211; 31 (ISBN 978-86-920553-2-4).<\/li>\n<li>Estudi i definici\u00f3 d\u2019un tipus d\u2019artefacte utilitzat en el treball de cera d\u2019abella (enlla\u00e7 Mireia Ache, Selina Delgado-Raack, Elena Molina, Roberto Risch, Antoni Rosell-Mel\u00e9, 2017, Dataset on the evidence of bee products processing: A functional definition of a specialized type of macro-lithic tool, Journal of Archaeological Science Reports).<\/li>\n<li>Estudi funcional i de residus del conjunt d\u2019artefactes metal\u00b7l\u00fargics del taller de forja de Tira del Lienzo (enlla\u00e7 Delgado-Raack, S., Lull, V., Martin, K., Mic\u00f3, R., Rihuete Herrada, C., Risch, R. 2015, The silversmith\u2019s workshop of Tira del Lienzo (Totana, Murcia) in the contexto f Iberian Bronze Age metallurgy, Archaeometry, doi: 10.1111\/arcm.12198).<\/li>\n<li>Inventario del conjunto macrol\u00edtico procedente del contexto geominero de la Solana del Bepo (Ulldemolins).<\/li>\n<li>Estudio de los conjuntos l\u00edtico, cer\u00e1mico y met\u00e1lico del yacimiento arg\u00e1rico de La Bastida (Totana).<\/li>\n<li>Estudio de los conjuntos l\u00edtico, cer\u00e1mico y met\u00e1lico del yacimiento arg\u00e1rico de la Tira del Lienzo (Totana).<\/li>\n<li>Estudio petrol\u00f3gico, morfot\u00e9cnico y funcional del inventario macrol\u00edtico procedente del yacimiento neol\u00edtico La Prunera (La Garrotxa).<\/li>\n<li>Estudio petrol\u00f3gico y morfot\u00e9cnico del inventario macrol\u00edtico procedente del yacimiento neol\u00edtico La Bauma del Serrat del Pont (La Garrotxa).<\/li>\n<li>Estudio petrol\u00f3gico, morfot\u00e9cnico y espacial del inventario macrol\u00edtico del Cerro de la Virgen (Orce, Granada).<\/li>\n<li>Estudio de materiales l\u00edticos y cer\u00e1micos del yacimiento arqueol\u00f3gico de Son Forn\u00e9s (Mallorca)<\/li>\n<li>An\u00e1lisis morfom\u00e9trico y funcional de los artefactos l\u00edticos de Son Ferragut (Mallorca).<\/li>\n<li>An\u00e1lisis funcional del material l\u00edtico de la Cova des Moro (Manacor).<\/li>\n<li>Estudio de los materiales l\u00edticos procedentes de diferentes excavaciones realizadas en el casco urbano de Lorca (Murcia).<\/li>\n<li>Estudio de los materiales l\u00edticos, cer\u00e1micos y met\u00e1licos procedentes del yacimiento prehist\u00f3rico de El Argar (Antas, Almer\u00eda).<\/li>\n<li>Estudio de los materiales l\u00edticos, cer\u00e1micos y met\u00e1licos procedentes del yacimiento prehist\u00f3rico de Gatas (Turre, Almer\u00eda).<\/li>\n<li>Estudio de los materiales l\u00edticos, cer\u00e1micos y met\u00e1licos procedentes del yacimiento prehist\u00f3rico de Fuente \u00c1lamo (Cuevas del Almanzora, Almer\u00eda).<\/li>\n<li>Estudio de los materiales l\u00edticos, cer\u00e1micos y met\u00e1licos procedentes del yacimiento prehist\u00f3rico de Cabezo Negro (Lorca, Murcia).<\/li>\n<\/ul>\n<p>&nbsp;<\/p>\n","protected":false},"excerpt":{"rendered":"<p>An\u00e0lisi tecnol\u00f2gica i composicional de conjunts cer\u00e0mics de tipus Vatin (enlla\u00e7 G\u00f3mez-Gras, D., Risch, R., Mitrovi\u0107, J. &amp; \u0110or\u0111evi\u0107, V., Vu\u010dkovi\u0107, V. 2021, Vatin pottery: a petrographical approach, in Vu\u010dkovi\u0107, V. et al. (eds), Crafting pottery in Bronze Age Europe: the archaeological background of the CRAFTER Project. Regional museum of Para\u0107in (Serbia), 71-99 (ISBN 978-86-920553-2-4). [&hellip;]<\/p>\n","protected":false},"author":2559,"featured_media":0,"parent":0,"menu_order":0,"comment_status":"closed","ping_status":"closed","template":"","meta":{"footnotes":""},"class_list":["post-168","page","type-page","status-publish","hentry"],"_links":{"self":[{"href":"https:\/\/webs.uab.cat\/saa\/wp-json\/wp\/v2\/pages\/168","targetHints":{"allow":["GET"]}}],"collection":[{"href":"https:\/\/webs.uab.cat\/saa\/wp-json\/wp\/v2\/pages"}],"about":[{"href":"https:\/\/webs.uab.cat\/saa\/wp-json\/wp\/v2\/types\/page"}],"author":[{"embeddable":true,"href":"https:\/\/webs.uab.cat\/saa\/wp-json\/wp\/v2\/users\/2559"}],"replies":[{"embeddable":true,"href":"https:\/\/webs.uab.cat\/saa\/wp-json\/wp\/v2\/comments?post=168"}],"version-history":[{"count":2,"href":"https:\/\/webs.uab.cat\/saa\/wp-json\/wp\/v2\/pages\/168\/revisions"}],"predecessor-version":[{"id":597,"href":"https:\/\/webs.uab.cat\/saa\/wp-json\/wp\/v2\/pages\/168\/revisions\/597"}],"wp:attachment":[{"href":"https:\/\/webs.uab.cat\/saa\/wp-json\/wp\/v2\/media?parent=168"}],"curies":[{"name":"wp","href":"https:\/\/api.w.org\/{rel}","templated":true}]}}