{"id":171,"date":"2022-06-23T12:40:51","date_gmt":"2022-06-23T10:40:51","guid":{"rendered":"https:\/\/webs.uab.cat\/saa\/paleoantropologia-3\/"},"modified":"2023-03-07T12:55:35","modified_gmt":"2023-03-07T10:55:35","slug":"paleoantropologia-3","status":"publish","type":"page","link":"https:\/\/webs.uab.cat\/saa\/paleoantropologia-3\/","title":{"rendered":"Paleoantropologia"},"content":{"rendered":"<p>L\u2019intens desenvolupament cient\u00edfic que s\u2019ha produ\u00eft amb l\u2019estudi de les col\u00b7leccions osteol\u00f2giques prehist\u00f2riques i forenses al llarg del segle XX i inicis del XXI, aix\u00ed com els aven\u00e7os en altres disciplines, ha perm\u00e8s la configuraci\u00f3 de l\u00ednies de recerca espec\u00edfiques que possibiliten l\u2019apropament a les organitzacions socials del passat a partir de l\u2019estudi de les restes \u00f2ssies i dentals humanes.<\/p>\n<p>En l\u2019esquelet hum\u00e0 no tan sols s\u2019hi reflecteix el sexe i l\u2019edat osteol\u00f2gica, sin\u00f3 tamb\u00e9 malalties i activitats que realitzaren en vida. D\u2019aquesta manera, amb la configuraci\u00f3 biol\u00f2gica i les condicions de vida i treball en interrelaci\u00f3 amb els contextos arqueol\u00f2gics ens \u00e9s possible apropar-nos a les pr\u00e0ctiques socials de comunitats humanes passades.<\/p>\n<p><strong>SERVEIS QUE S\u2019OFEREIXEN<\/strong><\/p>\n<ul>\n<li>Perfil biol\u00f2gic: determinaci\u00f3 de sexe i edat i caracteritzaci\u00f3 m\u00e8trica.<\/li>\n<li>Condicions de vida i treball: estudi paleopatol\u00f2gic i indicadors d\u2019activitat.<\/li>\n<li>Dist\u00e0ncia biol\u00f2gica intraespec\u00edfica.<\/li>\n<li>An\u00e0lisi sobre patrons d&#8217;alimentaci\u00f3.<\/li>\n<li>Estudi de les pr\u00e0ctiques funer\u00e0ries<\/li>\n<li>An\u00e0lisi de microestriaci\u00f3 dent\u00e0ria<\/li>\n<\/ul>\n<p><strong>PERSONAL<\/strong><\/p>\n<p><strong>Responsables laboratori: <\/strong><\/p>\n<p>Cristina Rihuete (<a href=\"mailto:Cristina.Rihuete@uab.cat\">Cristina.Rihuete@uab.cat<\/a>; <a href=\"mailto:bioarqueologia@gmail.com\">bioarqueologia@gmail.com<\/a>)<br \/>\nAnna Bach (<a href=\"mailto:Anna.Bach@uab.cat\">Anna.Bach@uab.cat<\/a>): an\u00e0lisis de microestriaci\u00f3 dent\u00e0ria<br \/>\nMiquel Molist (<a href=\"mailto:Miquel.Molist@uab.cat\">Miquel.Molist@uab.cat<\/a>): an\u00e0lisis de microestriaci\u00f3 dent\u00e0ria<\/p>\n<p><strong>Personal t\u00e8cnic especialista:<\/strong><br \/>\nTona Maj\u00f3<br \/>\nCamila Oliart<br \/>\nAlicia Dom\u00ednguez \u00a0\u00a0\u00a0\u00a0\u00a0\u00a0\u00a0\u00a0\u00a0\u00a0\u00a0 microestriaci\u00f3 dent\u00e0ria<br \/>\nPaz Balaguer<br \/>\nElena Sintes<\/p>\n<p><strong>EQUIPAMENT <\/strong><\/p>\n<ul>\n<li>Material osteom\u00e8tric: calibre de corbes, calibre digital i taula osteom\u00e8trica<\/li>\n<li>Microscopia \u00f2ptica de llum reflectida i incident<\/li>\n<li>Lupes binoculars<\/li>\n<li>Equip de fotografia macro i microsc\u00f2pica<\/li>\n<li>Col\u00b7lecci\u00f3 de refer\u00e8ncia d\u2019anatomia esquel\u00e8tica humana<\/li>\n<li>Biblioteca especialitzada en antropologia f\u00edsica i paleopatologia<\/li>\n<\/ul>\n","protected":false},"excerpt":{"rendered":"<p>L\u2019intens desenvolupament cient\u00edfic que s\u2019ha produ\u00eft amb l\u2019estudi de les col\u00b7leccions osteol\u00f2giques prehist\u00f2riques i forenses al llarg del segle XX i inicis del XXI, aix\u00ed com els aven\u00e7os en altres disciplines, ha perm\u00e8s la configuraci\u00f3 de l\u00ednies de recerca espec\u00edfiques que possibiliten l\u2019apropament a les organitzacions socials del passat a partir de l\u2019estudi de les [&hellip;]<\/p>\n","protected":false},"author":20,"featured_media":0,"parent":0,"menu_order":0,"comment_status":"closed","ping_status":"closed","template":"","meta":{"footnotes":""},"class_list":["post-171","page","type-page","status-publish","hentry"],"_links":{"self":[{"href":"https:\/\/webs.uab.cat\/saa\/wp-json\/wp\/v2\/pages\/171","targetHints":{"allow":["GET"]}}],"collection":[{"href":"https:\/\/webs.uab.cat\/saa\/wp-json\/wp\/v2\/pages"}],"about":[{"href":"https:\/\/webs.uab.cat\/saa\/wp-json\/wp\/v2\/types\/page"}],"author":[{"embeddable":true,"href":"https:\/\/webs.uab.cat\/saa\/wp-json\/wp\/v2\/users\/20"}],"replies":[{"embeddable":true,"href":"https:\/\/webs.uab.cat\/saa\/wp-json\/wp\/v2\/comments?post=171"}],"version-history":[{"count":1,"href":"https:\/\/webs.uab.cat\/saa\/wp-json\/wp\/v2\/pages\/171\/revisions"}],"predecessor-version":[{"id":602,"href":"https:\/\/webs.uab.cat\/saa\/wp-json\/wp\/v2\/pages\/171\/revisions\/602"}],"wp:attachment":[{"href":"https:\/\/webs.uab.cat\/saa\/wp-json\/wp\/v2\/media?parent=171"}],"curies":[{"name":"wp","href":"https:\/\/api.w.org\/{rel}","templated":true}]}}