{"id":172,"date":"2022-06-23T12:42:47","date_gmt":"2022-06-23T10:42:47","guid":{"rendered":"https:\/\/webs.uab.cat\/saa\/analisi\/"},"modified":"2023-02-28T11:21:36","modified_gmt":"2023-02-28T09:21:36","slug":"analisi","status":"publish","type":"page","link":"https:\/\/webs.uab.cat\/saa\/analisi\/","title":{"rendered":"An\u00e0lisi d&#8217;artefactes"},"content":{"rendered":"<p>L&#8217;an\u00e0lisi d&#8217;artefactes \u00e9s un dels objectes d&#8217;estudi principals de la investigaci\u00f3 arqueol\u00f2gica. Les eines de treball, armes i ornaments varen participar en diverses esferes de la vida quotidiana de les comunitats prehist\u00f2riques, de les quals <a href=\"https:\/\/webs.uab.cat\/saa\/pedra\/\">pedra<\/a>, <a href=\"https:\/\/webs.uab.cat\/saa\/ceramiques\/\">cer\u00e0mica<\/a> i <a href=\"https:\/\/webs.uab.cat\/saa\/metall\/\">metall<\/a> esdevenen els materials que m\u00e9s habitualment apareixen en el dip\u00f2sit arqueol\u00f2gic.<\/p>\n<p>El major inter\u00e8s d&#8217;aquests conjunts materials resideix en que poden ser estudiats en qualitat de mat\u00e8ries primeres, objectes de treball i mitjans de producci\u00f3. D&#8217;aquesta manera, la seva valoraci\u00f3 ofereix respostes a q\u00fcestions crucials com l&#8217;apropiaci\u00f3 dels recursos naturals, la distribuci\u00f3 i l&#8217;intercanvi de mat\u00e8ries primeres, l&#8217;articulaci\u00f3 dels processos de treball i l&#8217;organitzaci\u00f3 social inherent a aquests. Els artefactes arqueol\u00f2gics representen, per tant, una font de coneixement crucial de cara a la caracteritzaci\u00f3 de les estructures econ\u00f2mico-socials passades. Les directrius fonamentals que caracteritzen el seu estudi s\u00f3n la determinaci\u00f3 i valoraci\u00f3 de les mat\u00e8ries primeres, l&#8217;an\u00e0lisi morfom\u00e8trica i la caracteritzaci\u00f3 funcional on en els \u00faltims anys ha cobrat especial inter\u00e8s l&#8217;an\u00e0lisi de residus.<\/p>\n<p><strong>SERVEIS QUE S\u2019OFEREIXEN<a id=\"serveis\" href=\"#\">.<\/a><\/strong><\/p>\n<ul>\n<li><u><a id=\"Estudi integral\" href=\"https:\/\/webs.uab.cat\/saa\/estudi\/\">Estudi integral de conjunts cer\u00e0mics prehist\u00f2rics<\/a><\/u><\/li>\n<li>An\u00e0lisis de caracteritzaci\u00f3 de mat\u00e8ries primeres mitjan\u00e7ant petrografia, mineralogia, an\u00e0lisi de is\u00f2tops i prospeccions: <a href=\"https:\/\/webs.uab.cat\/saa\/pretrografia_lamina\/\">Petrografia per l\u00e0mina prima<\/a>.; <a href=\"https:\/\/webs.uab.cat\/saa\/espectroscopia\/\">Espectroscopia per difracci\u00f3 de raigs X (XRD)<\/a><\/li>\n<li><a href=\"https:\/\/webs.uab.cat\/saa\/analisis-mecaniques\/\">An\u00e0lisis mec\u00e0niques<\/a> orientades a determinar las propietats f\u00edsiques de les mat\u00e8ries primeres a trav\u00e9s d\u2019assajos mec\u00e0nics realitzats en m\u00e0quines industrials<\/li>\n<li><a href=\"https:\/\/webs.uab.cat\/saa\/analisis-morfometriques\/\">An\u00e0lisis morfom\u00e8triques<\/a> per a la caracteritzaci\u00f3 tipol\u00f2gica de conjunts artefactuals<\/li>\n<li><a href=\"https:\/\/webs.uab.cat\/saa\/analisis-funcionals\/\">An\u00e0lisis funcionals<\/a> basades en la traceologia i l\u2019experimentaci\u00f3<\/li>\n<li><a href=\"https:\/\/webs.uab.cat\/saa\/analisis-de-residus-organics\/\">An\u00e0lisis de residus<\/a> org\u00e0nics i inorg\u00e0nics: <a href=\"https:\/\/webs.uab.cat\/saa\/microscopia\/\">Microsc\u00f2pia Electr\u00f2nica de Rastreig<\/a>; <a href=\"https:\/\/webs.uab.cat\/saa\/cromatografia-de-gasos\/\">Cromatografia de gasos (GC) i Cromatografia de Gasos amb Detector d\u2019Espectrometria de Masses (GS-MS)<\/a><\/li>\n<\/ul>\n<p><strong>PERSONAL<\/strong><\/p>\n<p><strong>Responsables laboratori:<\/strong><\/p>\n<p>Anna Bach (<a href=\"mailto:Anna.Bach@uab.cat\">Anna.Bach@uab.cat<\/a>)<br \/>\nXavier Clop (<a href=\"mailto:Xavier.Clop@uab.cat\">Xavier.Clop@uab.cat<\/a>)<br \/>\nMiquel Molist (<a href=\"mailto:Miquel.Molist@uab.cat\">Miquel.Molist@uab.cat<\/a>)<br \/>\nRoberto Risch (<a href=\"mailto:Roberto.Risch@uab.cat\">Roberto.Risch@uab.cat<\/a>)<\/p>\n<p><strong>Personal t\u00e8cnic especialista:<\/strong><\/p>\n<p>Adri\u00e0 Breu\u00a0\u00a0\u00a0\u00a0\u00a0\u00a0\u00a0\u00a0\u00a0\u00a0\u00a0\u00a0\u00a0\u00a0\u00a0\u00a0\u00a0\u00a0\u00a0\u00a0\u00a0\u00a0\u00a0\u00a0\u00a0 Residus org\u00e0nics en conjunts arqueol\u00f2gics (cer\u00e0mica, artefactes l\u00edtics, met\u00e0l\u00b7lics o altres \u00edtems)<\/p>\n<p>Eni Soriano\u00a0\u00a0\u00a0\u00a0\u00a0\u00a0\u00a0\u00a0\u00a0\u00a0\u00a0\u00a0\u00a0\u00a0\u00a0\u00a0\u00a0\u00a0\u00a0\u00a0\u00a0\u00a0\u00a0\u00a0 Conjunts met\u00e0l\u00b7lics i an\u00e0lisis geominers<\/p>\n<p>Selina Delgado Raack\u00a0\u00a0\u00a0\u00a0 Conjunts l\u00edtics, residus inorg\u00e0nics i an\u00e0lisis mec\u00e0nics<\/p>\n<p><strong>Personal t\u00e8cnic en col\u00b7laboraci\u00f3 externa: <\/strong><\/p>\n<p>Nicolau Escanilla \u00a0\u00a0\u00a0\u00a0\u00a0\u00a0\u00a0\u00a0\u00a0\u00a0\u00a0\u00a0 Conjunts met\u00e0l\u00b7lics i an\u00e0lisis geominers<\/p>\n<p><strong>Col\u00b7laboracions:<\/strong><\/p>\n<ul>\n<li>Departament de Geologia i Laboratori de Preparaci\u00f3 de L\u00e0mines Primes de la UAB<\/li>\n<li>Institut Catal\u00e0 de Nanoci\u00e8ncia i Nanotecnologia \u2013 ICN2<\/li>\n<li>Institut de Ci\u00e8ncia i Tecnologia Ambientals \u2013 ICTA-UAB<\/li>\n<li>Servei de Microscopia de la UAB<\/li>\n<\/ul>\n<p><strong>EQUIPAMENT <\/strong><\/p>\n<ul>\n<li>Esc\u00e0ner 3D Faro Laser Scann<\/li>\n<li>Lupes estereosc\u00f2piques binoculars i trioculars<\/li>\n<li>Microscopia \u00f2ptica de llum transmesa i incident<\/li>\n<li>Equip de fotografia macro i microsc\u00f2pica<\/li>\n<li>Equip de rugosimetria t\u00e0ctil<\/li>\n<li>Col\u00b7lecci\u00f3 de refer\u00e8ncia de roques (litoteca)<\/li>\n<li>Col\u00b7lecci\u00f3 de refer\u00e8ncia experimental<\/li>\n<li>Biblioteca especialitzada en conjunts arqueol\u00f2gics l\u00edtics, cer\u00e0mics i met\u00e0l\u00b7lics<\/li>\n<\/ul>\n<p><strong>Equip:<\/strong><\/p>\n<p>Responsables:<\/p>\n<ul>\n<li>Roberto Risch<\/li>\n<li>Xavi Clop<\/li>\n<li>Anna G\u00f3mez<\/li>\n<li>Miquel Molist.<\/li>\n<\/ul>\n<p>Personal t\u00e8cnic especialitzat:<\/p>\n<ul>\n<li>Adri\u00e0 Breu: Residus org\u00e0nics en conjunts arqueol\u00f2gics (cer\u00e0mica, artefactes l\u00edtics, met\u00e0l\u00b7lics o altres \u00edtems)<\/li>\n<li>Eni Soriano: Conjunts met\u00e0l\u00b7lics i an\u00e0lisis geominers<\/li>\n<li>Selina Delgado Raack: Conjunts l\u00edtics, residus inorg\u00e0nics y an\u00e0lisis mec\u00e0nics<\/li>\n<\/ul>\n<p>Personal t\u00e8cnic en col\u00b7laboraci\u00f3 externa:<\/p>\n<ul>\n<li>Nicolau Escanilla: Conjunts met\u00e0l\u00b7lics i an\u00e0lisis geominers<\/li>\n<\/ul>\n<p><strong>Altres laboratoris que col\u00b7laboren:<\/strong><\/p>\n<ul>\n<li>Departament de Geologia de la UAB i Laboratori de Preparaci\u00f3 de L\u00e0mines Primes<\/li>\n<li>Institut Catal\u00e0 de Nanoci\u00e8ncia i Nanotecnologia \u2013 ICN2<\/li>\n<li>Institut de Ci\u00e8ncia i Tecnologia Ambientals \u2013 ICTA-UAB<\/li>\n<li>Servei de Microscopia de la UAB.<\/li>\n<\/ul>\n<p><strong>Experi\u00e8ncia i projectes duts a terme: <\/strong><\/p>\n<p class=\"rteindent1\">&#8211; An\u00e0lisi tecnol\u00f2gica i composicional de conjunts cer\u00e0mics de tipus Vatin\u00a0 (G\u00f3mez-Gras, D., Risch, R., Mitrovi\u0107, J. &amp; \u0110or\u0111evi\u0107, V., Vu\u010dkovi\u0107, V. 2021, Vatin pottery: a petrographical approach, in Vu\u010dkovi\u0107, V. et al. (eds), Crafting pottery in Bronze Age Europe: the archaeological background of the CRAFTER Project. Regional museum of Para\u0107in (Serbia), 71-99 (ISBN 978-86-920553-2-4).<\/p>\n<p class=\"rteindent1\">&#8211; An\u00e0lisi tecnol\u00f2gica, funcional i composicional de conjunts cer\u00e0mics arg\u00e0rics (Garrido Garc\u00eda, C.; Molina Mu\u00f1oz, E., Velasco Felipe, C., &#8230;, Risch, R. 2021. El Argar ceramics: preliminary results of an interdisciplinary approach, in Vu\u010dkovi\u0107, V. et al. (eds), Crafting pottery in Bronze Age Europe: the archaeological background of the CRAFTER project. Regional Museum of Para\u0107in (Para\u0107in), 9 &#8211; 31 (ISBN 978-86-920553-2-4).<\/p>\n<p class=\"rteindent1\">&#8211; Estudi i definici\u00f3 d\u2019un tipus d\u2019artefacte utilitzat en el treball de cera d\u2019abella (Mireia Ache, Selina Delgado-Raack, Elena Molina, Roberto Risch, Antoni Rosell-Mel\u00e9, 2017, Dataset on the evidence of bee products processing: A functional definition of a specialized type of macro-lithic tool, Journal of Archaeological Science Reports).<\/p>\n<p class=\"rteindent1\">&#8211; Estudi funcional i de residus del conjunt d\u2019artefactes metal\u00b7l\u00fargics del taller de forja de Tira del Lienzo (Delgado-Raack, S., Lull, V., Martin, K., Mic\u00f3, R., Rihuete Herrada, C., Risch, R. 2015, The silversmith\u2019s workshop of Tira del Lienzo (Totana, Murcia) in the contexto f Iberian Bronze Age metallurgy, Archaeometry, doi: 10.1111\/arcm.12198).<\/p>\n<p class=\"rteindent1\">&#8211; Inventario del conjunto macrol\u00edtico procedente del contexto geominero de la Solana del Bepo (Ulldemolins).<\/p>\n<p class=\"rteindent1\">&#8211;\u00a0 Estudio de los conjuntos l\u00edtico, cer\u00e1mico y met\u00e1lico del yacimiento arg\u00e1rico de La Bastida (Totana).<\/p>\n<p class=\"rteindent1\">&#8211;\u00a0 Estudio de los conjuntos l\u00edtico, cer\u00e1mico y met\u00e1lico del yacimiento arg\u00e1rico de la Tira del Lienzo (Totana).<\/p>\n<p class=\"rteindent1\">&#8211;\u00a0 Estudio petrol\u00f3gico, morfot\u00e9cnico y funcional del inventario macrol\u00edtico procedente del yacimiento neol\u00edtico La Prunera (La Garrotxa).<\/p>\n<p class=\"rteindent1\">&#8211;\u00a0 Estudio petrol\u00f3gico y morfot\u00e9cnico del inventario macrol\u00edtico procedente del yacimiento neol\u00edtico La Bauma del Serrat del Pont (La Garrotxa).<\/p>\n<p class=\"rteindent1\">&#8211;\u00a0 Estudio petrol\u00f3gico, morfot\u00e9cnico y espacial del inventario macrol\u00edtico del Cerro de la Virgen (Orce, Granada).<\/p>\n<p class=\"rteindent1\">&#8211;\u00a0 Estudio de materiales l\u00edticos y cer\u00e1micos del yacimiento arqueol\u00f3gico de Son Forn\u00e9s (Mallorca)<\/p>\n<p class=\"rteindent1\">&#8211;\u00a0 An\u00e1lisis morfom\u00e9trico y funcional de los artefactos l\u00edticos de Son Ferragut (Mallorca).<\/p>\n<p class=\"rteindent1\">&#8211;\u00a0 An\u00e1lisis funcional del material l\u00edtico de la Cova des Moro (Manacor).<\/p>\n<p class=\"rteindent1\">&#8211;\u00a0 Estudio de los materiales l\u00edticos procedentes de diferentes excavaciones realizadas en el casco urbano de Lorca (Murcia).<\/p>\n<p class=\"rteindent1\">&#8211;\u00a0 Estudio de los materiales l\u00edticos, cer\u00e1micos y met\u00e1licos procedentes del yacimiento prehist\u00f3rico de El Argar (Antas, Almer\u00eda).<\/p>\n<p class=\"rteindent1\">&#8211;\u00a0 Estudio de los materiales l\u00edticos, cer\u00e1micos y met\u00e1licos procedentes del yacimiento prehist\u00f3rico de Gatas (Turre, Almer\u00eda).<\/p>\n<p class=\"rteindent1\">&#8211;\u00a0 Estudio de los materiales l\u00edticos, cer\u00e1micos y met\u00e1licos procedentes del yacimiento prehist\u00f3rico de Fuente \u00c1lamo (Cuevas del Almanzora, Almer\u00eda).<\/p>\n<p class=\"rteindent1\">&#8211;\u00a0 Estudio de los materiales l\u00edticos, cer\u00e1micos y met\u00e1licos procedentes del yacimiento prehist\u00f3rico de Cabezo Negro (Lorca, Murcia).<\/p>\n","protected":false},"excerpt":{"rendered":"<p>L&#8217;an\u00e0lisi d&#8217;artefactes \u00e9s un dels objectes d&#8217;estudi principals de la investigaci\u00f3 arqueol\u00f2gica. Les eines de treball, armes i ornaments varen participar en diverses esferes de la vida quotidiana de les comunitats prehist\u00f2riques, de les quals pedra, cer\u00e0mica i metall esdevenen els materials que m\u00e9s habitualment apareixen en el dip\u00f2sit arqueol\u00f2gic. El major inter\u00e8s d&#8217;aquests conjunts [&hellip;]<\/p>\n","protected":false},"author":20,"featured_media":0,"parent":0,"menu_order":0,"comment_status":"closed","ping_status":"closed","template":"","meta":{"footnotes":""},"class_list":["post-172","page","type-page","status-publish","hentry"],"_links":{"self":[{"href":"https:\/\/webs.uab.cat\/saa\/wp-json\/wp\/v2\/pages\/172","targetHints":{"allow":["GET"]}}],"collection":[{"href":"https:\/\/webs.uab.cat\/saa\/wp-json\/wp\/v2\/pages"}],"about":[{"href":"https:\/\/webs.uab.cat\/saa\/wp-json\/wp\/v2\/types\/page"}],"author":[{"embeddable":true,"href":"https:\/\/webs.uab.cat\/saa\/wp-json\/wp\/v2\/users\/20"}],"replies":[{"embeddable":true,"href":"https:\/\/webs.uab.cat\/saa\/wp-json\/wp\/v2\/comments?post=172"}],"version-history":[{"count":3,"href":"https:\/\/webs.uab.cat\/saa\/wp-json\/wp\/v2\/pages\/172\/revisions"}],"predecessor-version":[{"id":522,"href":"https:\/\/webs.uab.cat\/saa\/wp-json\/wp\/v2\/pages\/172\/revisions\/522"}],"wp:attachment":[{"href":"https:\/\/webs.uab.cat\/saa\/wp-json\/wp\/v2\/media?parent=172"}],"curies":[{"name":"wp","href":"https:\/\/api.w.org\/{rel}","templated":true}]}}