{"id":181,"date":"2022-06-28T13:24:02","date_gmt":"2022-06-28T11:24:02","guid":{"rendered":"https:\/\/webs.uab.cat\/saa\/pedra\/"},"modified":"2023-03-02T08:54:52","modified_gmt":"2023-03-02T06:54:52","slug":"pedra","status":"publish","type":"page","link":"https:\/\/webs.uab.cat\/saa\/pedra\/","title":{"rendered":"Pedra"},"content":{"rendered":"\n<p>Un dels aspectes del registre arqueol\u00f2gic que resulta obviat o marginat amb m\u00e9s freq\u00fc\u00e8ncia en la investigaci\u00f3 \u00e9s el dels artefactes macrol\u00edtics. Aix\u00f2 contrasta, no nom\u00e9s amb les bones possibilitats de conservaci\u00f3 d&#8217;aquest tipus de material i la seva abund\u00e0ncia a la majoria dels jaciments arqueol\u00f2gics, sin\u00f3 tamb\u00e9 amb el paper decisiu que van exercir els instruments de treball macrol\u00edtics en la realitzaci\u00f3 de m\u00faltiples activitats. El processament de cereal o altres recursos vegetals, el treball de la pell i la fusta, la terrisseria, la mineria o la metal\u00b7l\u00fargia s\u00f3n alguns dels processos de producci\u00f3 que van dependre en m\u00e9s o menys mesura de l&#8217;\u00fas d&#8217;eines de pedra. En moltes d&#8217;aquestes activitats, aquests artefactes constitueixen els \u00fanics indicadors que permeten testificar un determinat tipus de producci\u00f3 en un assentament, aix\u00ed com avaluar-ne el volum.<\/p>\n\n\n<div class=\"wp-block-image\">\n<figure class=\"aligncenter size-full is-resized\"><a href=\"https:\/\/webs.uab.cat\/analisi\"><img loading=\"lazy\" decoding=\"async\" src=\"https:\/\/webs.uab.cat\/saa\/wp-content\/uploads\/sites\/347\/2023\/03\/93634.png\" alt=\"\" class=\"wp-image-531\" width=\"57\" height=\"57\" srcset=\"https:\/\/webs.uab.cat\/saa\/wp-content\/uploads\/sites\/347\/2023\/03\/93634.png 512w, https:\/\/webs.uab.cat\/saa\/wp-content\/uploads\/sites\/347\/2023\/03\/93634-300x300.png 300w, https:\/\/webs.uab.cat\/saa\/wp-content\/uploads\/sites\/347\/2023\/03\/93634-150x150.png 150w\" sizes=\"auto, (max-width: 57px) 100vw, 57px\" \/><\/a><\/figure>\n<\/div>\n\n\n<p class=\"has-text-align-center\"><\/p>\n","protected":false},"excerpt":{"rendered":"<p>Un dels aspectes del registre arqueol\u00f2gic que resulta obviat o marginat amb m\u00e9s freq\u00fc\u00e8ncia en la investigaci\u00f3 \u00e9s el dels artefactes macrol\u00edtics. Aix\u00f2 contrasta, no nom\u00e9s amb les bones possibilitats de conservaci\u00f3 d&#8217;aquest tipus de material i la seva abund\u00e0ncia a la majoria dels jaciments arqueol\u00f2gics, sin\u00f3 tamb\u00e9 amb el paper decisiu que van exercir [&hellip;]<\/p>\n","protected":false},"author":20,"featured_media":179,"parent":0,"menu_order":0,"comment_status":"closed","ping_status":"closed","template":"","meta":{"footnotes":""},"class_list":["post-181","page","type-page","status-publish","has-post-thumbnail","hentry"],"_links":{"self":[{"href":"https:\/\/webs.uab.cat\/saa\/wp-json\/wp\/v2\/pages\/181","targetHints":{"allow":["GET"]}}],"collection":[{"href":"https:\/\/webs.uab.cat\/saa\/wp-json\/wp\/v2\/pages"}],"about":[{"href":"https:\/\/webs.uab.cat\/saa\/wp-json\/wp\/v2\/types\/page"}],"author":[{"embeddable":true,"href":"https:\/\/webs.uab.cat\/saa\/wp-json\/wp\/v2\/users\/20"}],"replies":[{"embeddable":true,"href":"https:\/\/webs.uab.cat\/saa\/wp-json\/wp\/v2\/comments?post=181"}],"version-history":[{"count":1,"href":"https:\/\/webs.uab.cat\/saa\/wp-json\/wp\/v2\/pages\/181\/revisions"}],"predecessor-version":[{"id":537,"href":"https:\/\/webs.uab.cat\/saa\/wp-json\/wp\/v2\/pages\/181\/revisions\/537"}],"wp:featuredmedia":[{"embeddable":true,"href":"https:\/\/webs.uab.cat\/saa\/wp-json\/wp\/v2\/media\/179"}],"wp:attachment":[{"href":"https:\/\/webs.uab.cat\/saa\/wp-json\/wp\/v2\/media?parent=181"}],"curies":[{"name":"wp","href":"https:\/\/api.w.org\/{rel}","templated":true}]}}